{"id":10568,"date":"2021-07-13T18:56:35","date_gmt":"2021-07-13T23:56:35","guid":{"rendered":"https:\/\/www.webcotecnova.site\/index.php\/contaduria-publica-copy\/"},"modified":"2026-01-08T15:17:34","modified_gmt":"2026-01-08T20:17:34","slug":"administracion-agropecuaria","status":"publish","type":"page","link":"https:\/\/cotecnova.edu.co\/index.php\/administracion-agropecuaria\/","title":{"rendered":"Administraci\u00f3n Agropecuaria"},"content":{"rendered":"\n<style type=\"text\/css\" data-created_by=\"avia_inline_auto\" id=\"style-css-av-2w4xuw-9cbfb4fc48efd1800798bcd1ece7f9ac\">\n.flex_column.av-2w4xuw-9cbfb4fc48efd1800798bcd1ece7f9ac{\nborder-radius:0px 0px 0px 0px;\npadding:0px 0px 0px 0px;\n}\n<\/style>\n<div  class='flex_column av-2w4xuw-9cbfb4fc48efd1800798bcd1ece7f9ac av_one_full  avia-builder-el-0  el_before_av_one_full  avia-builder-el-first  first flex_column_div av-zero-column-padding  '     ><style type=\"text\/css\" data-created_by=\"avia_inline_auto\" id=\"style-css-av-mbawue2a-79b1adb03cf6ef33be2952202c8aa7c8\">\n.avia-image-container.av-mbawue2a-79b1adb03cf6ef33be2952202c8aa7c8 img.avia_image{\nbox-shadow:none;\n}\n.avia-image-container.av-mbawue2a-79b1adb03cf6ef33be2952202c8aa7c8 .av-image-caption-overlay-center{\ncolor:#ffffff;\n}\n<\/style>\n<div  class='avia-image-container av-mbawue2a-79b1adb03cf6ef33be2952202c8aa7c8 av-styling- avia-align-center  avia-builder-el-1  avia-builder-el-no-sibling '   itemprop=\"image\" itemscope=\"itemscope\" itemtype=\"https:\/\/schema.org\/ImageObject\" ><div class=\"avia-image-container-inner\"><div class=\"avia-image-overlay-wrap\"><img fetchpriority=\"high\" class='wp-image-15378 avia-img-lazy-loading-not-15378 avia_image ' src='https:\/\/cotecnova.edu.co\/wp-content\/uploads\/2025\/05\/Administracion-Agropecuaria_Banner.jpg' alt='' title='Administraci\u00f3n Agropecuaria_Banner'  height=\"470\" width=\"1663\"  itemprop=\"thumbnailUrl\"  \/><\/div><\/div><\/div><\/div>\n<div  class='flex_column av-1hcdb59-d084db51c76583b6a39ae19a1981e08a av_one_full  avia-builder-el-2  el_after_av_one_full  avia-builder-el-last  first flex_column_div  column-top-margin'     ><div  class='tabcontainer av-1flki99-9709b716edbc02162346662a4a10178e sidebar_tab sidebar_tab_left  avia-builder-el-3  avia-builder-el-no-sibling  border_tabs'>\n<section class='av_tab_section av_tab_section av-putbbc-84b3163824c2962969bf4510d415ee0c'  itemscope=\"itemscope\" itemtype=\"https:\/\/schema.org\/CreativeWork\" ><div id='tab-id-1-tab' class='tab active_tab' role='tab' aria-selected=\"true\" tabindex=\"0\" data-fake-id='#tab-id-1' aria-controls='tab-id-1-content'  itemprop=\"headline\" ><span class='tab_icon avia-iconfont avia-font-entypo-fontello' data-av_icon='\ue81f' data-av_iconfont='entypo-fontello' ><\/span>Presentaci\u00f3n<\/div><div id='tab-id-1-content' class='tab_content active_tab_content' role='tabpanel' aria-labelledby='tab-id-1-tab' aria-hidden=\"false\"><div class='tab_inner_content invers-color'  itemprop=\"text\" ><h3 style=\"text-align: center;\"><span style=\"color: #008000;\">Nuestro Programa<\/span><\/h3>\n<p><strong>Administraci\u00f3n\u00a0 Agropecuaria<\/strong>, es un programa a nivel de la formaci\u00f3n profesional que se fundamenta y apropia de los conocimientos cient\u00edficos y la comprensi\u00f3n te\u00f3rica para la construcci\u00f3n de un pensamiento innovador e inteligente, con capacidad de dise\u00f1ar, construir, ejecutar, controlar, transformar y operar los medios y procesos que han de favorecer la acci\u00f3n del hombre en el desarrollo de alternativas sostenibles de producci\u00f3n agr\u00edcola y pecuaria, que contribuyan a la soluci\u00f3n de problemas que demandan los sectores productivos y de servicios del pa\u00eds y del mundo, en el \u00e1rea de la Administraci\u00f3n agropecuaria del orden nacional e internacional.<\/p>\n<p>El programa de Administraci\u00f3n\u00a0 Agropecuaria est\u00e1 orientado a la formaci\u00f3n profesional, comprendiendo el desarrollo de responsabilidades de concepci\u00f3n, direcci\u00f3n y gesti\u00f3n de conformidad con la especificidad de las ciencias administrativas, el enfoque en la pr\u00e1ctica y la fundamentaci\u00f3n en los principios cient\u00edficos que la sustenta, de igual forma a la actividad investigativa que orienta a la creaci\u00f3n y adaptaci\u00f3n de nuevas estrategias administrativas con criterios de sostenibilidad, proyecci\u00f3n social y sentido de liderazgo, aplicables a las unidades productivas del sector agrario de Colombia y el mundo.<\/p>\n<hr \/>\n<p style=\"text-align: left;\"><strong>T\u00edtulo que Otorga:<\/strong> Administrador Agropecuario<\/p>\n<p><strong>Nivel Acad\u00e9mico:\u00a0<\/strong>Pregrado<\/p>\n<p><strong>Nivel de Formaci\u00f3n:<\/strong> Profesional Universitario<\/p>\n<p style=\"text-align: left;\"><strong>Registro:<\/strong> Resoluci\u00f3n No. 12180 del 7\u00a0 de Julio de 2021<\/p>\n<p style=\"text-align: left;\"><strong>C\u00f3digo SNIES:<\/strong> 110578 (<a href=\"https:\/\/cotecnova.edu.co\/wp-content\/uploads\/2025\/05\/SNIES-Administracion-Agropecuaria-2021.pdf\" target=\"_blank\" rel=\"noopener\">Consultar<\/a>)<\/p>\n<p style=\"text-align: left;\"><strong>Duraci\u00f3n:<\/strong> 9 Semestres<\/p>\n<p style=\"text-align: left;\"><strong>Modalidad:<\/strong>\u00a0Presencial<\/p>\n<p style=\"text-align: left;\"><strong>Jornada:<\/strong>\u00a0Diurna \u2013 Sabatina Concentrada<\/p>\n<p style=\"text-align: left;\"><strong>Cr\u00e9ditos acad\u00e9micos:<\/strong> 161 cr\u00e9ditos<\/p>\n<p style=\"text-align: left;\"><strong>Inscripci\u00f3n:<\/strong> $145.912<\/p>\n<p style=\"text-align: left;\"><strong>Matr\u00edcula:<\/strong> $2.919.576<\/p>\n<hr \/>\n<h3 style=\"text-align: center;\"><span style=\"color: #008000;\">Inscripciones<\/span><\/h3>\n<p>La Corporaci\u00f3n de Estudios Tecnol\u00f3gicos del Norte del Valle informa a la comunidad que se encuentra en periodo de inscripciones, el horario de atenci\u00f3n al p\u00fablico ser\u00e1 el siguiente:<\/p>\n<p><strong>Lunes a Viernes:\u00a0<\/strong>8:00 am. a 12:00 pm. y 2:00 pm. a 7:00 pm.<\/p>\n<p><strong>S\u00e1bados:\u00a0<\/strong>8:00 am. a 12:00 m.<\/p>\n<p><strong>Direcci\u00f3n:<\/strong>\u00a0CL 10 No. 3-95 Cartago, Valle<\/p>\n<p><strong>Tel\u00e9fonos:<\/strong>\u00a0(602) 213 4421 Ext. 101 (Informaci\u00f3n) \/ Ext. 104 (Financiera)<\/p>\n<p><strong>WhatsApp:<\/strong>\u00a0(57) 315 433 8604 (Informaci\u00f3n) \/ (57) 318 707 6901 (Financiera)<\/p>\n<h5><strong>Documentos exigidos para la inscripci\u00f3n (Programas Propios):<\/strong><\/h5>\n<ul>\n<li>Formulario de inscripci\u00f3n diligenciado. (<a href=\"https:\/\/cotecnova.edu.co\/wp-content\/uploads\/2025\/11\/FORMULARIO_DE__INSCRIPCION_V7_.docx\" target=\"_blank\" rel=\"noopener\">Descargar<\/a>)<\/li>\n<li>Examen de Estado para el ingreso a la Educaci\u00f3n Superior nacionales o ex\u00e1menes similares homologables en el pa\u00eds seg\u00fan la normatividad vigente.<\/li>\n<li>Para programas de formaci\u00f3n t\u00e9cnica profesional, se podr\u00e1 presentar certificado de educaci\u00f3n b\u00e1sica secundaria.<\/li>\n<li>Para nivel tecnol\u00f3gico o profesional universitario, original o copia de Acta de Grado de bachiller otorgados por instituciones p\u00fablicas o privadas, debidamente reconocidas por el gobierno nacional.<\/li>\n<li>Copia del documento de identidad (c\u00e9dula, tarjeta de identidad, o c\u00e9dula de extranjer\u00eda).<\/li>\n<li>Dos (2) fotograf\u00edas recientes tama\u00f1o documento 3 x 4cm.<\/li>\n<li>Recibo de pago Inscripci\u00f3n. (<a href=\"http:\/\/www.recibo.appcotecnova.es\/\" target=\"_blank\" rel=\"noopener\">Descargar<\/a>)\n<ul>\n<li>Programas por ciclos proped\u00e9uticos: $145.912<\/li>\n<li>Programas terminales: $91.787<\/li>\n<\/ul>\n<\/li>\n<li>Sobre de Manila tama\u00f1o oficio.<\/li>\n<\/ul>\n<h5><strong>Documentos exigidos para la inscripci\u00f3n (Programas en Convenio):<\/strong><\/h5>\n<ul>\n<li>Examen de Estado para el ingreso a la Educaci\u00f3n Superior.<\/li>\n<li>Fotocopia del diploma y acta de grado de bachiller.<\/li>\n<li>Fotocopia Ampliada al 150 del Documento de Identidad.<\/li>\n<li>3 Fotos tama\u00f1o documento fondo blanco.<\/li>\n<li>Sobre de Manila tama\u00f1o oficio.<\/li>\n<li>Recibo de pago de inscripci\u00f3n.<\/li>\n<\/ul>\n<h5><strong>Documentos exigidos para la inscripci\u00f3n (Programas Posgrado):<\/strong><\/h5>\n<ul>\n<li>Formulario de inscripci\u00f3n diligenciado. (<a href=\"https:\/\/cotecnova.edu.co\/wp-content\/uploads\/2025\/11\/FORMULARIO_DE__INSCRIPCION_V2.docx\" target=\"_blank\" rel=\"noopener\">Descargar<\/a>)<\/li>\n<li>Original o copia del acta de pregrado profesional universitario.<\/li>\n<li>Copia del documento de identidad (c\u00e9dula, tarjeta de identidad, o c\u00e9dula de extranjer\u00eda).<\/li>\n<li>Dos (2) fotograf\u00edas recientes tama\u00f1o documento 3 x 4cm.<\/li>\n<li>Recibo de pago Inscripci\u00f3n. (<a href=\"http:\/\/www.recibo.appcotecnova.es\/\" target=\"_blank\" rel=\"noopener\">Descargar<\/a>)\n<ul>\n<li>Programas posgrado: $145.912<\/li>\n<\/ul>\n<\/li>\n<li>Sobre de Manila tama\u00f1o oficio.<\/li>\n<\/ul>\n<hr \/>\n<h3 style=\"text-align: center;\"><span style=\"color: #008000;\"><strong>Documentos Adicionales<\/strong><\/span><\/h3>\n<p><b><strong>Ciclos Profesionales:<\/strong><\/b><\/p>\n<ul>\n<li>Certificado de Notas.<\/li>\n<li>Fotocopia\u00a0 de Acta y Diploma de Tecn\u00f3logo.<\/li>\n<\/ul>\n<h3 style=\"text-align: center;\"><span style=\"color: #008000;\"><strong>Homologaciones y Transferencias<\/strong><\/span><\/h3>\n<p>Documentos exigidos para homologar otros programas:<\/p>\n<ul>\n<li>Recibo de pago homologaci\u00f3n. (<a href=\"http:\/\/www.recibo.appcotecnova.es\/\" target=\"_blank\" rel=\"noopener\">Descargar<\/a>)\n<ul>\n<li>Estudio de homologaci\u00f3n: $12.628<\/li>\n<\/ul>\n<\/li>\n<li>Certificado de Notas y contenidos.<\/li>\n<li>Paz y Salvo de Instituci\u00f3n Educativa de donde proviene.<\/li>\n<\/ul>\n<hr \/>\n<p style=\"text-align: center;\"><em>Instituci\u00f3n de Educaci\u00f3n Superior sujeta a Inspecci\u00f3n y Vigilancia por el Ministerio de Educaci\u00f3n Nacional<\/em><\/p>\n<\/div><\/div><\/section>\n<section class='av_tab_section av_tab_section av-o0hmiw-a7b094f20262d273f9763510d1136f11'  itemscope=\"itemscope\" itemtype=\"https:\/\/schema.org\/CreativeWork\" ><div id='tab-id-2-tab' class='tab' role='tab' aria-selected=\"false\" tabindex=\"0\" data-fake-id='#tab-id-2' aria-controls='tab-id-2-content'  itemprop=\"headline\" ><span class='tab_icon avia-iconfont avia-font-entypo-fontello' data-av_icon='\ue84d' data-av_iconfont='entypo-fontello' ><\/span>Perfil de Egreso<\/div><div id='tab-id-2-content' class='tab_content' role='tabpanel' aria-labelledby='tab-id-2-tab' aria-hidden=\"true\"><div class='tab_inner_content invers-color'  itemprop=\"text\" ><h3 style=\"text-align: center;\"><span style=\"color: #008000;\">Perfil Profesional<\/span><\/h3>\n<p>El <strong>Administrador Agropecuario<\/strong>, egresado de la Corporaci\u00f3n de Estudios Tecnol\u00f3gicos del Norte del Valle, posee una formaci\u00f3n integral que incluye el aspecto human\u00edstico y el cient\u00edfico, que lo faculta para gestionar con visi\u00f3n hol\u00edstica los procesos de desarrollo agropecuario a nivel regional y nacional. Su formaci\u00f3n investigativa le permite plantearse nuevos interrogantes, imaginar nuevos escenarios y reformular paradigmas en el campo administrativo para el sector agropecuario, de manera que \u00e9ste se mantenga en un nivel econ\u00f3micamente competitivo y ambientalmente sostenible.<\/p>\n<hr \/>\n<h3 style=\"text-align: center;\"><span style=\"color: #008000;\">Perfil Ocupacional<\/span><\/h3>\n<p>La formaci\u00f3n profesional del <strong>Administrador Agropecuario<\/strong> egresado de COTECNOVA, le confiere idoneidad para desempe\u00f1arse en las siguientes \u00e1reas:<\/p>\n<ul>\n<li>Ejercer funciones de direcci\u00f3n en empresas agropecuarias y agroindustriales, con \u00e9nfasis en los principios del desarrollo sostenible.<\/li>\n<li>Crear y dirigir su propia empresa agropecuaria o agroindustrial.<\/li>\n<li>Generar, acompa\u00f1ar y asesorar proyectos de investigaci\u00f3n sectorial.<\/li>\n<li>Asesorar, coordinar y evaluar proyectos de producci\u00f3n, transformaci\u00f3n y comercializaci\u00f3n en el campo agropecuario.<\/li>\n<li>Evaluar econ\u00f3mica y financieramente los planes, programas y proyectos dise\u00f1ados para el sector agropecuario.<\/li>\n<li>Ejercer la docencia en instituciones educativas del sector agropecuario.<\/li>\n<li>Promover, asesorar y dirigir procesos de organizaci\u00f3n comunitaria.<\/li>\n<\/ul>\n<p>El Administrador Agropecuario de la Corporaci\u00f3n de Estudios Tecnol\u00f3gicos del Norte del Valle, se formar\u00e1 con criterios human\u00edsticos y tecnol\u00f3gicos fundamentado en la preparaci\u00f3n te\u00f3rica, pr\u00e1ctica, investigativa y metodol\u00f3gica requeridas para su ejercicio profesional.<\/p>\n<\/div><\/div><\/section>\n<section class='av_tab_section av_tab_section av-w16prc-de6845d52e7ed757e7a6329352dcfaac'  itemscope=\"itemscope\" itemtype=\"https:\/\/schema.org\/CreativeWork\" ><div id='tab-id-3-tab' class='tab' role='tab' aria-selected=\"false\" tabindex=\"0\" data-fake-id='#tab-id-3' aria-controls='tab-id-3-content'  itemprop=\"headline\" ><span class='tab_icon avia-iconfont avia-font-entypo-fontello' data-av_icon='\ue8d8' data-av_iconfont='entypo-fontello' ><\/span>Plan de Estudios<\/div><div id='tab-id-3-content' class='tab_content' role='tabpanel' aria-labelledby='tab-id-3-tab' aria-hidden=\"true\"><div class='tab_inner_content invers-color'  itemprop=\"text\" ><table border=\"1\">\n<tbody>\n<tr>\n<td style=\"text-align: center;\">\n<h4><span style=\"color: #008000;\">\u00a0Nivel Tecnol\u00f3gico<\/span><\/h4>\n<\/td>\n<td style=\"text-align: center;\">\n<h4><span style=\"color: #008000;\">Nivel Profesional<\/span><\/h4>\n<\/td>\n<\/tr>\n<tr>\n<td><strong>Formaci\u00f3n B\u00e1sica<\/strong><\/p>\n<p>Matem\u00e1ticas B\u00e1sicas<\/p>\n<p>Estad\u00edstica Descriptiva<\/p>\n<p>Constituci\u00f3n pol\u00edtica y \u00c9tica<\/p>\n<p>Algebra lineal<\/p>\n<p>Sistemas agr\u00edcolas I<\/p>\n<p><strong>Formaci\u00f3n Profesional<\/strong><\/p>\n<p>Fundamentos de Administraci\u00f3n<\/p>\n<p>Qu\u00edmica<\/p>\n<p>Agroecolog\u00eda &#8211; Agro climatolog\u00eda<\/p>\n<p>Bioqu\u00edmica<\/p>\n<p>Fundamentos de Econom\u00eda<\/p>\n<p>Fundamentos de contabilidad<\/p>\n<p>Fisiolog\u00eda vegetal<\/p>\n<p>Suelos y Nutrici\u00f3n vegetal<\/p>\n<p>Biogen\u00e9tica<\/p>\n<p>Fisiolog\u00eda y Nutrici\u00f3n animal<\/p>\n<p>Maquinaria y equipos<\/p>\n<p>Especies menores y Acuacultura<\/p>\n<p>Planificaci\u00f3n y programaci\u00f3n de fincas<\/p>\n<p>Costos y Presupuestos agropecuarios<\/p>\n<p>Riegos y drenajes<\/p>\n<p>Macroeconom\u00eda (proped\u00e9utica)<\/p>\n<p>Sistemas agr\u00edcolas II<\/p>\n<p>TIC y Herramientas Inform\u00e1ticas<\/p>\n<p>Mercadeo agropecuario<\/p>\n<p>Planeaci\u00f3n estrat\u00e9gica (Proped\u00e9utica)<\/p>\n<p>Liderazgo (Proped\u00e9utica)<\/p>\n<p>Especies mayores<\/p>\n<p>Iniciativa empresarial<\/p>\n<p>Agromatica<\/p>\n<p><strong>Formaci\u00f3n Sociohuman\u00edstica<\/strong><\/p>\n<p>M\u00e9todos de Estudio y Comunicaci\u00f3n<\/p>\n<p>C\u00e1tedra Institucional<\/p>\n<p>C\u00e1tedra Cultural<\/p>\n<p>Introducci\u00f3n a la Investigaci\u00f3n<\/p>\n<p>Desarrollo y Extensi\u00f3n rural<\/p>\n<p><strong>Formaci\u00f3n Flexible<\/strong><\/p>\n<p>Electiva Tecnol\u00f3gica I (Buenas Practicas Agropecuarias)<\/td>\n<td><strong>Formaci\u00f3n B\u00e1sica<\/strong><\/p>\n<p>Estad\u00edstica inferencial<\/p>\n<p>Legislaci\u00f3n Empresarial<\/p>\n<p>Legislaci\u00f3n Agropecuaria<\/p>\n<p><strong>Formaci\u00f3n Profesional<\/strong><\/p>\n<p>Investigaci\u00f3n de Mercados<\/p>\n<p>Organizaci\u00f3n comunitaria<\/p>\n<p>Agroindustria<\/p>\n<p>Manejo de agroecosistemas<\/p>\n<p>Bioeconom\u00eda<\/p>\n<p>Gesti\u00f3n de riesgos y control interno<\/p>\n<p>Formulaci\u00f3n y evaluaci\u00f3n de proyectos<\/p>\n<p>Gerencia financiera<\/p>\n<p>Gerencia del Talento Humano<\/p>\n<p>Organizaci\u00f3n y m\u00e9todos<\/p>\n<p>Log\u00edstica integral<\/p>\n<p>Procesos y Manejo poscosecha<\/p>\n<p>Gesti\u00f3n ambiental<\/p>\n<p>Gerencia de ventas<\/p>\n<p>Investigaci\u00f3n de operaciones<\/p>\n<p>Agrocadenas productivas<\/p>\n<p>Gesti\u00f3n de la calidad<\/p>\n<p>Administraci\u00f3n estrat\u00e9gica<\/p>\n<p>Comercio exterior<\/p>\n<p>Gerencia de proyectos agropecuarios<\/p>\n<p><strong>Formaci\u00f3n Sociohuman\u00edstica<\/strong><\/p>\n<p>Innovaci\u00f3n agropecuaria<\/p>\n<p>Responsabilidad social empresarial<\/p>\n<p>Proyecto de grado<\/p>\n<p>Sociolog\u00eda rural<\/p>\n<p><strong>Formaci\u00f3n Flexible<\/strong><\/p>\n<p>Electiva Tecnol\u00f3gica II (Tecnolog\u00eda Apropiadas)<\/p>\n<p>Electiva Profundizaci\u00f3n I (Agricultura Protegida- Precisi\u00f3n)<\/p>\n<p>Electiva Profundizaci\u00f3n II (Modelos gerenciales)<\/p>\n<p>Electiva Profundizaci\u00f3n. III (Mercados virtuales)<\/td>\n<\/tr>\n<\/tbody>\n<\/table>\n<p><!-- DivTable.com --><\/p>\n<\/div><\/div><\/section>\n<section class='av_tab_section av_tab_section av-og9m20-a43e7720fe6643a47c3b03d59fd3ed1a'  itemscope=\"itemscope\" itemtype=\"https:\/\/schema.org\/CreativeWork\" ><div id='tab-id-4-tab' class='tab' role='tab' aria-selected=\"false\" tabindex=\"0\" data-fake-id='#tab-id-4' aria-controls='tab-id-4-content'  itemprop=\"headline\" ><span class='tab_icon avia-iconfont avia-font-entypo-fontello' data-av_icon='\ue854' data-av_iconfont='entypo-fontello' ><\/span>M\u00e1s Informaci\u00f3n<\/div><div id='tab-id-4-content' class='tab_content' role='tabpanel' aria-labelledby='tab-id-4-tab' aria-hidden=\"true\"><div class='tab_inner_content invers-color'  itemprop=\"text\" ><h3 style=\"text-align: center;\"><span style=\"color: #008000;\">M\u00e1s Informaci\u00f3n<\/span><\/h3>\n<p><strong>Tel\u00e9fono:<\/strong> (602) 213 4421 Ext. 101<\/p>\n<p><strong>Celular:<\/strong> <a href=\"https:\/\/wa.me\/573154338604\" target=\"_blank\" rel=\"noopener\">(+57) 315 433 8604<\/a><\/p>\n<p><strong>Correo:<\/strong> <a href=\"mailto:info@cotecnova.edu.co\">info@cotecnova.edu.co<\/a><\/p>\n<p>Calle 10 # 3-95 Cartago, Valle<\/p>\n<h5>Unidad de Agronom\u00eda, Veterinaria y afines<\/h5>\n<p><strong>Correo:<\/strong> <a href=\"mailto:agropecuaria@cotecnova.edu.co\">agropecuaria@cotecnova.edu.co<\/a><\/p>\n<\/div><\/div><\/section>\n<\/div><\/div>\n","protected":false},"excerpt":{"rendered":"","protected":false},"author":2,"featured_media":0,"parent":0,"menu_order":0,"comment_status":"closed","ping_status":"closed","template":"","meta":{"_joinchat":[],"footnotes":""},"class_list":["post-10568","page","type-page","status-publish","hentry"],"nelio_popups_active_popup":"","_links":{"self":[{"href":"https:\/\/cotecnova.edu.co\/index.php\/wp-json\/wp\/v2\/pages\/10568","targetHints":{"allow":["GET"]}}],"collection":[{"href":"https:\/\/cotecnova.edu.co\/index.php\/wp-json\/wp\/v2\/pages"}],"about":[{"href":"https:\/\/cotecnova.edu.co\/index.php\/wp-json\/wp\/v2\/types\/page"}],"author":[{"embeddable":true,"href":"https:\/\/cotecnova.edu.co\/index.php\/wp-json\/wp\/v2\/users\/2"}],"replies":[{"embeddable":true,"href":"https:\/\/cotecnova.edu.co\/index.php\/wp-json\/wp\/v2\/comments?post=10568"}],"version-history":[{"count":54,"href":"https:\/\/cotecnova.edu.co\/index.php\/wp-json\/wp\/v2\/pages\/10568\/revisions"}],"predecessor-version":[{"id":15721,"href":"https:\/\/cotecnova.edu.co\/index.php\/wp-json\/wp\/v2\/pages\/10568\/revisions\/15721"}],"wp:attachment":[{"href":"https:\/\/cotecnova.edu.co\/index.php\/wp-json\/wp\/v2\/media?parent=10568"}],"curies":[{"name":"wp","href":"https:\/\/api.w.org\/{rel}","templated":true}]}}