{"id":10603,"date":"2021-07-15T09:01:34","date_gmt":"2021-07-15T14:01:34","guid":{"rendered":"https:\/\/www.webcotecnova.site\/index.php\/gestion_contable-copy\/"},"modified":"2026-01-08T14:47:18","modified_gmt":"2026-01-08T19:47:18","slug":"agropecuaria","status":"publish","type":"page","link":"https:\/\/cotecnova.edu.co\/index.php\/agropecuaria\/","title":{"rendered":"Agropecuaria"},"content":{"rendered":"\n<style type=\"text\/css\" data-created_by=\"avia_inline_auto\" id=\"style-css-av-9plcb-5f2136b0e3f380a4b5c7782b07bd01a2\">\n.flex_column.av-9plcb-5f2136b0e3f380a4b5c7782b07bd01a2{\nborder-radius:0px 0px 0px 0px;\npadding:0px 0px 0px 0px;\n}\n<\/style>\n<div  class='flex_column av-9plcb-5f2136b0e3f380a4b5c7782b07bd01a2 av_one_full  avia-builder-el-0  el_before_av_one_full  avia-builder-el-first  first flex_column_div av-zero-column-padding  '     ><style type=\"text\/css\" data-created_by=\"avia_inline_auto\" id=\"style-css-av-mbawu18y-8273f61efdc862421c9544b521a37479\">\n.avia-image-container.av-mbawu18y-8273f61efdc862421c9544b521a37479 img.avia_image{\nbox-shadow:none;\n}\n.avia-image-container.av-mbawu18y-8273f61efdc862421c9544b521a37479 .av-image-caption-overlay-center{\ncolor:#ffffff;\n}\n<\/style>\n<div  class='avia-image-container av-mbawu18y-8273f61efdc862421c9544b521a37479 av-styling- avia-align-center  avia-builder-el-1  avia-builder-el-no-sibling '   itemprop=\"image\" itemscope=\"itemscope\" itemtype=\"https:\/\/schema.org\/ImageObject\" ><div class=\"avia-image-container-inner\"><div class=\"avia-image-overlay-wrap\"><img fetchpriority=\"high\" class='wp-image-15379 avia-img-lazy-loading-not-15379 avia_image ' src='https:\/\/cotecnova.edu.co\/wp-content\/uploads\/2025\/05\/Tecnologia-Agropecuaria_Banner.jpg' alt='' title='Tecnolog\u00eda Agropecuaria_Banner'  height=\"470\" width=\"1663\"  itemprop=\"thumbnailUrl\"  \/><\/div><\/div><\/div><\/div>\n<div  class='flex_column av-1dibqqe-4e04e84ac6f8e7a3f6369d24a60314c4 av_one_full  avia-builder-el-2  el_after_av_one_full  avia-builder-el-last  first flex_column_div  column-top-margin'     ><div  class='tabcontainer av-1flki99-9709b716edbc02162346662a4a10178e sidebar_tab sidebar_tab_left  avia-builder-el-3  avia-builder-el-no-sibling  border_tabs'>\n<section class='av_tab_section av_tab_section av-25ecvaj-d6a719a2f04a492cf96a003ab9fdff9b'  itemscope=\"itemscope\" itemtype=\"https:\/\/schema.org\/CreativeWork\" ><div id='tab-id-1-tab' class='tab active_tab' role='tab' aria-selected=\"true\" tabindex=\"0\" data-fake-id='#tab-id-1' aria-controls='tab-id-1-content'  itemprop=\"headline\" ><span class='tab_icon avia-iconfont avia-font-entypo-fontello' data-av_icon='\ue81f' data-av_iconfont='entypo-fontello' ><\/span>Presentaci\u00f3n<\/div><div id='tab-id-1-content' class='tab_content active_tab_content' role='tabpanel' aria-labelledby='tab-id-1-tab' aria-hidden=\"false\"><div class='tab_inner_content invers-color'  itemprop=\"text\" ><h3 style=\"text-align: center;\"><span style=\"color: #008000;\">Nuestro Programa<\/span><\/h3>\n<p>La\u00a0<strong>Tecnolog\u00eda Agropecuaria<\/strong>\u00a0es un programa a nivel de la formaci\u00f3n tecnol\u00f3gica, que se fundamenta y apropia de los conocimientos cient\u00edficos y la comprensi\u00f3n te\u00f3rica para la construcci\u00f3n de un pensamiento innovador e inteligente, con capacidad de dise\u00f1ar, construir, ejecutar, controlar, transformar y operar los medios y procesos que han de favorecer la acci\u00f3n del hombre en el desarrollo de alternativas sostenibles de producci\u00f3n agr\u00edcola y pecuaria, que contribuyan a la soluci\u00f3n de problemas que demandan los sectores productivos y de servicios del pa\u00eds y del mundo, en el \u00e1rea agropecuaria del orden nacional e internacional.<\/p>\n<p>El programa de Tecnolog\u00eda Agropecuaria de la Corporaci\u00f3n de Estudios Tecnol\u00f3gicos del Norte del Valle, impulsa la observancia y cumplimiento de los principios b\u00e1sicos de la \u00e9tica profesional que las ciencias agropecuarias exigen, como son: integridad, objetividad, honestidad, independencia, responsabilidad, confidencialidad y el respeto al medio ambiente.<\/p>\n<hr \/>\n<p><strong>T\u00edtulo que Otorga:<\/strong> Tecn\u00f3logo Agropecuario<\/p>\n<p><strong>Nivel Acad\u00e9mico:\u00a0<\/strong>Pregrado<\/p>\n<p><strong>Nivel de Formaci\u00f3n:<\/strong> Tecnol\u00f3gico<\/p>\n<p><strong>Registro:<\/strong> Resoluci\u00f3n No. 14199 del 5\u00a0 de Agosto de 2021<\/p>\n<p><strong>C\u00f3digo SNIES:<\/strong> 110577 (<a href=\"https:\/\/cotecnova.edu.co\/wp-content\/uploads\/2025\/05\/SNIES-Tecnologia-Agropecuaria-2021.pdf\" target=\"_blank\" rel=\"noopener\">Consultar<\/a>)<\/p>\n<p><strong>Duraci\u00f3n:<\/strong> 5 Semestres<\/p>\n<p><strong>Modalidad:<\/strong>\u00a0Presencial<\/p>\n<p><strong>Jornada:<\/strong>\u00a0Diurna \u2013 Sabatina Concentrada<\/p>\n<p><strong>Cr\u00e9ditos acad\u00e9micos:<\/strong>\u00a090 cr\u00e9ditos<\/p>\n<p><strong>Inscripci\u00f3n:<\/strong> $145.912<\/p>\n<p><strong>Matr\u00edcula:<\/strong> $2.386.553<\/p>\n<hr \/>\n<h3 style=\"text-align: center;\"><span style=\"color: #008000;\">Inscripciones<\/span><\/h3>\n<p>La Corporaci\u00f3n de Estudios Tecnol\u00f3gicos del Norte del Valle informa a la comunidad que se encuentra en periodo de inscripciones, el horario de atenci\u00f3n al p\u00fablico ser\u00e1 el siguiente:<\/p>\n<p><strong>Lunes a Viernes:\u00a0<\/strong>8:00 am. a 12:00 pm. y 2:00 pm. a 7:00 pm.<\/p>\n<p><strong>S\u00e1bados:\u00a0<\/strong>8:00 am. a 12:00 m.<\/p>\n<p><strong>Direcci\u00f3n:<\/strong>\u00a0CL 10 No. 3-95 Cartago, Valle<\/p>\n<p><strong>Tel\u00e9fonos:<\/strong>\u00a0(602) 213 4421 Ext. 101 (Informaci\u00f3n) \/ Ext. 104 (Financiera)<\/p>\n<p><strong>WhatsApp:<\/strong>\u00a0(57) 315 433 8604 (Informaci\u00f3n) \/ (57) 318 707 6901 (Financiera)<\/p>\n<h5><strong>Documentos exigidos para la inscripci\u00f3n (Programas Propios):<\/strong><\/h5>\n<ul>\n<li>Formulario de inscripci\u00f3n diligenciado. (<a href=\"https:\/\/cotecnova.edu.co\/wp-content\/uploads\/2025\/11\/FORMULARIO_DE__INSCRIPCION_V7_.docx\" target=\"_blank\" rel=\"noopener\">Descargar<\/a>)<\/li>\n<li>Examen de Estado para el ingreso a la Educaci\u00f3n Superior nacionales o ex\u00e1menes similares homologables en el pa\u00eds seg\u00fan la normatividad vigente.<\/li>\n<li>Para programas de formaci\u00f3n t\u00e9cnica profesional, se podr\u00e1 presentar certificado de educaci\u00f3n b\u00e1sica secundaria.<\/li>\n<li>Para nivel tecnol\u00f3gico o profesional universitario, original o copia de Acta de Grado de bachiller otorgados por instituciones p\u00fablicas o privadas, debidamente reconocidas por el gobierno nacional.<\/li>\n<li>Copia del documento de identidad (c\u00e9dula, tarjeta de identidad, o c\u00e9dula de extranjer\u00eda).<\/li>\n<li>Dos (2) fotograf\u00edas recientes tama\u00f1o documento 3 x 4cm.<\/li>\n<li>Recibo de pago Inscripci\u00f3n. (<a href=\"http:\/\/www.recibo.appcotecnova.es\/\" target=\"_blank\" rel=\"noopener\">Descargar<\/a>)\n<ul>\n<li>Programas por ciclos proped\u00e9uticos: $145.912<\/li>\n<li>Programas terminales: $91.787<\/li>\n<\/ul>\n<\/li>\n<li>Sobre de Manila tama\u00f1o oficio.<\/li>\n<\/ul>\n<h5><strong>Documentos exigidos para la inscripci\u00f3n (Programas en Convenio):<\/strong><\/h5>\n<ul>\n<li>Examen de Estado para el ingreso a la Educaci\u00f3n Superior.<\/li>\n<li>Fotocopia del diploma y acta de grado de bachiller.<\/li>\n<li>Fotocopia Ampliada al 150 del Documento de Identidad.<\/li>\n<li>3 Fotos tama\u00f1o documento fondo blanco.<\/li>\n<li>Sobre de Manila tama\u00f1o oficio.<\/li>\n<li>Recibo de pago de inscripci\u00f3n.<\/li>\n<\/ul>\n<h5><strong>Documentos exigidos para la inscripci\u00f3n (Programas Posgrado):<\/strong><\/h5>\n<ul>\n<li>Formulario de inscripci\u00f3n diligenciado. (<a href=\"https:\/\/cotecnova.edu.co\/wp-content\/uploads\/2025\/11\/FORMULARIO_DE__INSCRIPCION_V2.docx\" target=\"_blank\" rel=\"noopener\">Descargar<\/a>)<\/li>\n<li>Original o copia del acta de pregrado profesional universitario.<\/li>\n<li>Copia del documento de identidad (c\u00e9dula, tarjeta de identidad, o c\u00e9dula de extranjer\u00eda).<\/li>\n<li>Dos (2) fotograf\u00edas recientes tama\u00f1o documento 3 x 4cm.<\/li>\n<li>Recibo de pago Inscripci\u00f3n. (<a href=\"http:\/\/www.recibo.appcotecnova.es\/\" target=\"_blank\" rel=\"noopener\">Descargar<\/a>)\n<ul>\n<li>Programas posgrado: $145.912<\/li>\n<\/ul>\n<\/li>\n<li>Sobre de Manila tama\u00f1o oficio.<\/li>\n<\/ul>\n<hr \/>\n<h3 style=\"text-align: center;\"><span style=\"color: #008000;\"><strong>Documentos Adicionales<\/strong><\/span><\/h3>\n<p><b><strong>Ciclos Profesionales:<\/strong><\/b><\/p>\n<ul>\n<li>Certificado de Notas.<\/li>\n<li>Fotocopia\u00a0 de Acta y Diploma de Tecn\u00f3logo.<\/li>\n<\/ul>\n<h3 style=\"text-align: center;\"><span style=\"color: #008000;\"><strong>Homologaciones y Transferencias<\/strong><\/span><\/h3>\n<p>Documentos exigidos para homologar otros programas:<\/p>\n<ul>\n<li>Recibo de pago homologaci\u00f3n. (<a href=\"http:\/\/www.recibo.appcotecnova.es\/\" target=\"_blank\" rel=\"noopener\">Descargar<\/a>)\n<ul>\n<li>Estudio de homologaci\u00f3n: $12.628<\/li>\n<\/ul>\n<\/li>\n<li>Certificado de Notas y contenidos.<\/li>\n<li>Paz y Salvo de Instituci\u00f3n Educativa de donde proviene.<\/li>\n<\/ul>\n<hr \/>\n<p style=\"text-align: center;\"><em>Instituci\u00f3n de Educaci\u00f3n Superior sujeta a Inspecci\u00f3n y Vigilancia por el Ministerio de Educaci\u00f3n Nacional<\/em><\/p>\n<\/div><\/div><\/section>\n<section class='av_tab_section av_tab_section av-1h54ebv-d73502d93119bbfea941c6cc4a977566'  itemscope=\"itemscope\" itemtype=\"https:\/\/schema.org\/CreativeWork\" ><div id='tab-id-2-tab' class='tab' role='tab' aria-selected=\"false\" tabindex=\"0\" data-fake-id='#tab-id-2' aria-controls='tab-id-2-content'  itemprop=\"headline\" ><span class='tab_icon avia-iconfont avia-font-entypo-fontello' data-av_icon='\ue84d' data-av_iconfont='entypo-fontello' ><\/span>Perfil de Egreso<\/div><div id='tab-id-2-content' class='tab_content' role='tabpanel' aria-labelledby='tab-id-2-tab' aria-hidden=\"true\"><div class='tab_inner_content invers-color'  itemprop=\"text\" ><h4 style=\"text-align: center;\"><span style=\"color: #008000;\">Perfil Profesional<\/span><\/h4>\n<p>El <strong>Tecn\u00f3logo Agropecuario<\/strong> egresado de COTECNOVA, posee una formaci\u00f3n integral con competencias para:<\/p>\n<ul>\n<li>Elaborar y ejecutar proyectos propios del sector agropecuario.<\/li>\n<li>Interactuar con los profesionales del sector, en el dise\u00f1o y ejecuci\u00f3n de propuestas sectoriales.<\/li>\n<li>Comprender la estructura del mercadeo agropecuario y tomar decisiones al respecto.<\/li>\n<li>Colaborar en la planificaci\u00f3n y ejecuci\u00f3n de proyectos de investigaci\u00f3n sectoriales.<\/li>\n<li>Interpretar y aplicar nuevas tecnolog\u00edas conducentes al mejoramiento de los procesos de producci\u00f3n agropecuaria.<\/li>\n<li>Aplicar los conceptos de desarrollo sostenible en el aprovechamiento de la oferta ambiental.<\/li>\n<\/ul>\n<hr \/>\n<h4 style=\"text-align: center;\"><span style=\"color: #008000;\">Perfil Ocupacional<\/span><\/h4>\n<p>El <strong>Tecn\u00f3logo Agropecuario<\/strong> egresado de COTECNOVA tiene el siguiente perfil ocupacional:<\/p>\n<ul>\n<li>Intervenir en la planificaci\u00f3n y ejecuci\u00f3n de proyectos agropecuarios.<\/li>\n<li>Liderar procesos de organizaci\u00f3n comunitaria.<\/li>\n<li>Coordinar el mercadeo de bienes y servicios del sector agropecuario.<\/li>\n<li>Ejercer como auxiliar de investigaci\u00f3n en el \u00e1rea agropecuaria.<\/li>\n<li>Supervisar procesos de manejo de productos agropecuarios en las fases de cosecha y pos cosecha.<\/li>\n<li>Coordinar, asesorar y supervisar el uso sostenible de los agro ecosistemas.<\/li>\n<li>Coordinar actividades de programaci\u00f3n y utilizaci\u00f3n de maquinaria agr\u00edcola.<\/li>\n<\/ul>\n<\/div><\/div><\/section>\n<section class='av_tab_section av_tab_section av-119i4ff-a0ea00e7acb008bd257be6efaf3eb0bc'  itemscope=\"itemscope\" itemtype=\"https:\/\/schema.org\/CreativeWork\" ><div id='tab-id-3-tab' class='tab' role='tab' aria-selected=\"false\" tabindex=\"0\" data-fake-id='#tab-id-3' aria-controls='tab-id-3-content'  itemprop=\"headline\" ><span class='tab_icon avia-iconfont avia-font-entypo-fontello' data-av_icon='\ue8d8' data-av_iconfont='entypo-fontello' ><\/span>Plan de Estudios<\/div><div id='tab-id-3-content' class='tab_content' role='tabpanel' aria-labelledby='tab-id-3-tab' aria-hidden=\"true\"><div class='tab_inner_content invers-color'  itemprop=\"text\" ><table border=\"1\">\n<tbody>\n<tr>\n<td style=\"text-align: center;\">\n<h4><span style=\"color: #008000;\"><strong>Nivel Tecnol\u00f3gico<\/strong><\/span><\/h4>\n<\/td>\n<td style=\"text-align: center;\">\n<h4><span style=\"color: #008000;\"><strong>Nivel Profesinal<\/strong><\/span><\/h4>\n<\/td>\n<\/tr>\n<tr>\n<td><strong>Formaci\u00f3n B\u00e1sica<\/strong><\/p>\n<p>Matem\u00e1ticas B\u00e1sicas<\/p>\n<p>Estad\u00edstica Descriptiva<\/p>\n<p>Constituci\u00f3n pol\u00edtica y \u00c9tica<\/p>\n<p>Algebra lineal<\/p>\n<p>Sistemas agr\u00edcolas I<\/p>\n<p><strong>Formaci\u00f3n Profesional<\/strong><\/p>\n<p>Fundamentos de Administraci\u00f3n<\/p>\n<p>Qu\u00edmica<\/p>\n<p>Agroecolog\u00eda &#8211; Agro climatolog\u00eda<\/p>\n<p>Bioqu\u00edmica<\/p>\n<p>Fundamentos de Econom\u00eda<\/p>\n<p>Fundamentos de contabilidad<\/p>\n<p>Fisiolog\u00eda vegetal<\/p>\n<p>Suelos y Nutrici\u00f3n vegetal<\/p>\n<p>Biogen\u00e9tica<\/p>\n<p>Fisiolog\u00eda y Nutrici\u00f3n animal<\/p>\n<p>Maquinaria y equipos<\/p>\n<p>Especies menores y Acuacultura<\/p>\n<p>Planificaci\u00f3n y programaci\u00f3n de fincas<\/p>\n<p>Costos y Presupuestos agropecuarios<\/p>\n<p>Riegos y drenajes<\/p>\n<p>Macroeconom\u00eda (proped\u00e9utica)<\/p>\n<p>Sistemas agr\u00edcolas II<\/p>\n<p>TIC y Herramientas Inform\u00e1ticas<\/p>\n<p>Mercadeo agropecuario<\/p>\n<p>Planeaci\u00f3n estrat\u00e9gica (Proped\u00e9utica)<\/p>\n<p>Liderazgo (Proped\u00e9utica)<\/p>\n<p>Especies mayores<\/p>\n<p>Iniciativa empresarial<\/p>\n<p>Agromatica<\/p>\n<p><strong>Formaci\u00f3n Sociohuman\u00edstica<\/strong><\/p>\n<p>M\u00e9todos de Estudio y Comunicaci\u00f3n<\/p>\n<p>C\u00e1tedra Institucional<\/p>\n<p>C\u00e1tedra Cultural<\/p>\n<p>Introducci\u00f3n a la Investigaci\u00f3n<\/p>\n<p>Desarrollo y Extensi\u00f3n rural<\/p>\n<p><strong>Formaci\u00f3n Flexible<\/strong><\/p>\n<p>Electiva Tecnol\u00f3gica I (Buenas Practicas Agropecuarias)<\/td>\n<td><strong>Formaci\u00f3n B\u00e1sica<\/strong><\/p>\n<p>Estad\u00edstica inferencial<\/p>\n<p>Legislaci\u00f3n Empresarial<\/p>\n<p>Legislaci\u00f3n Agropecuaria<\/p>\n<p><strong>Formaci\u00f3n Profesional<\/strong><\/p>\n<p>Investigaci\u00f3n de Mercados<\/p>\n<p>Organizaci\u00f3n comunitaria<\/p>\n<p>Agroindustria<\/p>\n<p>Manejo de agroecosistemas<\/p>\n<p>Bioeconom\u00eda<\/p>\n<p>Gesti\u00f3n de riesgos y control interno<\/p>\n<p>Formulaci\u00f3n y evaluaci\u00f3n de proyectos<\/p>\n<p>Gerencia financiera<\/p>\n<p>Gerencia del Talento Humano<\/p>\n<p>Organizaci\u00f3n y m\u00e9todos<\/p>\n<p>Log\u00edstica integral<\/p>\n<p>Procesos y Manejo poscosecha<\/p>\n<p>Gesti\u00f3n ambiental<\/p>\n<p>Gerencia de ventas<\/p>\n<p>Investigaci\u00f3n de operaciones<\/p>\n<p>Agrocadenas productivas<\/p>\n<p>Gesti\u00f3n de la calidad<\/p>\n<p>Administraci\u00f3n estrat\u00e9gica<\/p>\n<p>Comercio exterior<\/p>\n<p>Gerencia de proyectos agropecuarios<\/p>\n<p><strong>Formaci\u00f3n Sociohuman\u00edstica<\/strong><\/p>\n<p>Innovaci\u00f3n agropecuaria<\/p>\n<p>Responsabilidad social empresarial<\/p>\n<p>Proyecto de grado<\/p>\n<p>Sociolog\u00eda rural<\/p>\n<p><strong>Formaci\u00f3n Flexible<\/strong><\/p>\n<p>Electiva Tecnol\u00f3gica II (Tecnolog\u00eda Apropiadas)<\/p>\n<p>Electiva Profundizaci\u00f3n I (Agricultura Protegida- Precisi\u00f3n)<\/p>\n<p>Electiva Profundizaci\u00f3n II (Modelos gerenciales)<\/p>\n<p>Electiva Profundizaci\u00f3n. III (Mercados virtuales)<\/td>\n<\/tr>\n<\/tbody>\n<\/table>\n<p><!-- DivTable.com --><\/p>\n<\/div><\/div><\/section>\n<section class='av_tab_section av_tab_section av-o44dcb-6384fdf760543bb20cf888c27162e7f7'  itemscope=\"itemscope\" itemtype=\"https:\/\/schema.org\/CreativeWork\" ><div id='tab-id-4-tab' class='tab' role='tab' aria-selected=\"false\" tabindex=\"0\" data-fake-id='#tab-id-4' aria-controls='tab-id-4-content'  itemprop=\"headline\" ><span class='tab_icon avia-iconfont avia-font-entypo-fontello' data-av_icon='\ue854' data-av_iconfont='entypo-fontello' ><\/span>M\u00e1s Informaci\u00f3n<\/div><div id='tab-id-4-content' class='tab_content' role='tabpanel' aria-labelledby='tab-id-4-tab' aria-hidden=\"true\"><div class='tab_inner_content invers-color'  itemprop=\"text\" ><h3 style=\"text-align: center;\"><span style=\"color: #008000;\">M\u00e1s Informaci\u00f3n<\/span><\/h3>\n<p><strong>Tel\u00e9fono:<\/strong> (602) 213 4421 Ext. 101<\/p>\n<p><strong>Celular:<\/strong> <a href=\"https:\/\/wa.me\/573154338604\" target=\"_blank\" rel=\"noopener\">(+57) 315 433 8604<\/a><\/p>\n<p><strong>Correo:<\/strong> <a href=\"mailto:info@cotecnova.edu.co\">info@cotecnova.edu.co<\/a><\/p>\n<p>Calle 10 # 3-95 Cartago, Valle<\/p>\n<h5>Unidad de Agronom\u00eda, Veterinaria y afines<\/h5>\n<p><strong>Correo:<\/strong> <a href=\"mailto:agropecuaria@cotecnova.edu.co\">agropecuaria@cotecnova.edu.co<\/a><\/p>\n<\/div><\/div><\/section>\n<\/div><\/div>\n","protected":false},"excerpt":{"rendered":"","protected":false},"author":2,"featured_media":0,"parent":0,"menu_order":0,"comment_status":"closed","ping_status":"closed","template":"","meta":{"_joinchat":[],"footnotes":""},"class_list":["post-10603","page","type-page","status-publish","hentry"],"nelio_popups_active_popup":"","_links":{"self":[{"href":"https:\/\/cotecnova.edu.co\/index.php\/wp-json\/wp\/v2\/pages\/10603","targetHints":{"allow":["GET"]}}],"collection":[{"href":"https:\/\/cotecnova.edu.co\/index.php\/wp-json\/wp\/v2\/pages"}],"about":[{"href":"https:\/\/cotecnova.edu.co\/index.php\/wp-json\/wp\/v2\/types\/page"}],"author":[{"embeddable":true,"href":"https:\/\/cotecnova.edu.co\/index.php\/wp-json\/wp\/v2\/users\/2"}],"replies":[{"embeddable":true,"href":"https:\/\/cotecnova.edu.co\/index.php\/wp-json\/wp\/v2\/comments?post=10603"}],"version-history":[{"count":28,"href":"https:\/\/cotecnova.edu.co\/index.php\/wp-json\/wp\/v2\/pages\/10603\/revisions"}],"predecessor-version":[{"id":15714,"href":"https:\/\/cotecnova.edu.co\/index.php\/wp-json\/wp\/v2\/pages\/10603\/revisions\/15714"}],"wp:attachment":[{"href":"https:\/\/cotecnova.edu.co\/index.php\/wp-json\/wp\/v2\/media?parent=10603"}],"curies":[{"name":"wp","href":"https:\/\/api.w.org\/{rel}","templated":true}]}}