{"id":11436,"date":"2022-02-05T08:43:31","date_gmt":"2022-02-05T13:43:31","guid":{"rendered":"https:\/\/www.webcotecnova.site\/index.php\/esp-ii-educativa-copy\/"},"modified":"2022-02-05T08:43:31","modified_gmt":"2022-02-05T13:43:31","slug":"esp-ii-educativa-copy","status":"publish","type":"page","link":"https:\/\/cotecnova.edu.co\/index.php\/esp-ii-educativa-copy\/","title":{"rendered":"Especializaci\u00f3n en Investigaci\u00f3n e Innovaci\u00f3n Educativa  Copia"},"content":{"rendered":"\n<style type=\"text\/css\" data-created_by=\"avia_inline_auto\" id=\"style-css-av-19oarc-9afb1e89ce39ff948a3e780ad9dfb95a\">\n.avia-image-container.av-19oarc-9afb1e89ce39ff948a3e780ad9dfb95a img.avia_image{\nbox-shadow:none;\n}\n.avia-image-container.av-19oarc-9afb1e89ce39ff948a3e780ad9dfb95a .av-image-caption-overlay-center{\ncolor:#ffffff;\n}\n<\/style>\n<div  class='avia-image-container av-19oarc-9afb1e89ce39ff948a3e780ad9dfb95a av-styling- avia-align-center  avia-builder-el-0  el_before_av_tab_container  avia-builder-el-first '   itemprop=\"image\" itemscope=\"itemscope\" itemtype=\"https:\/\/schema.org\/ImageObject\" ><div class=\"avia-image-container-inner\"><div class=\"avia-image-overlay-wrap\"><img fetchpriority=\"high\" class='wp-image-6420 avia-img-lazy-loading-not-6420 avia_image ' src='https:\/\/cotecnova.edu.co\/wp-content\/uploads\/2018\/04\/Esp.-Inv.-Innov.-Educativa-1549x596.jpg' alt='' title='Esp. Inv. Innov. Educativa 1549x596'  height=\"596\" width=\"1549\"  itemprop=\"thumbnailUrl\"  \/><\/div><\/div><\/div>\n<div  class='tabcontainer av-bah72g-0ee6efac599dafe83aeb27b827338dff top_tab  avia-builder-el-1  el_after_av_image  avia-builder-el-last '>\n<section class='av_tab_section av_tab_section av-9napjc-de5c064507276f94fc4ded9859cce187'  itemscope=\"itemscope\" itemtype=\"https:\/\/schema.org\/CreativeWork\" ><div id='tab-id-1-tab' class='tab active_tab' role='tab' aria-selected=\"true\" tabindex=\"0\" data-fake-id='#tab-id-1' aria-controls='tab-id-1-content'  itemprop=\"headline\" ><span class='tab_icon avia-iconfont avia-font-entypo-fontello' data-av_icon='\ue849' data-av_iconfont='entypo-fontello' ><\/span>Presentaci\u00f3n<\/div><div id='tab-id-1-content' class='tab_content active_tab_content' role='tabpanel' aria-labelledby='tab-id-1-tab' aria-hidden=\"false\"><div class='tab_inner_content invers-color'  itemprop=\"text\" ><h3>PRESENTACI\u00d3N<\/h3>\n<p>La Corporaci\u00f3n de Estudios Tecnol\u00f3gicos del Norte del Valle en convenio con la Corporaci\u00f3n Universitaria del Caribe CECAR presenta la Especializaci\u00f3n en Investigaci\u00f3n e Innovaci\u00f3n Educativa con el prop\u00f3sito de cualificar a los profesionales de todas las \u00e1reas que se desempe\u00f1an o deciden desempe\u00f1arse en el \u00e1mbito educativo para que fundamenten su hacer profesional en la reflexi\u00f3n de sus pr\u00e1cticas de aula y gestiones administrativas, comunitarias y acad\u00e9micas, apoyados en la investigaci\u00f3n como elemento transformador e innovador de los contextos educativos.<\/p>\n<p>En consecuencia COTECNOVA, mediante esta oferta formar\u00e1 en el escenario global, docentes con competencias generales y espec\u00edficas para el desarrollo de su profesi\u00f3n asumiendo un compromiso \u00e9tico, institucional y con responsabilidad social acorde a las pol\u00edticas de calidad de formaci\u00f3n de maestros a nivel internacional, nacional, regional y local y a las necesidades del entorno social y regional.<\/p>\n<p><strong>(Programa en convenio con la Corporaci\u00f3n Universitaria del Caribe \u2013 CECAR)<\/strong><\/p>\n<p><strong><u>T\u00edtulo que otorga<\/u><\/strong>: Especialista en Innovaci\u00f3n e Investigaci\u00f3n Educativa<\/p>\n<p><strong><u>Registro No<\/u><\/strong><strong>: 1299<\/strong>\u00a0del 28 de enero de 2016.\u00a0<strong>C\u00f3digo SNIES:<\/strong>\u00a0105204<\/p>\n<p><strong>Encuentros presenciales\u00a0<\/strong>\u00a0<strong>cada 15 d\u00edas<\/strong><\/p>\n<p><strong><u>Horario:<\/u><\/strong>\u00a0S\u00e1bados 8:00 am \u2013 1: 00 pm<\/p>\n<p><strong><u>Duraci\u00f3n:<\/u><\/strong>\u00a02 semestres<\/p>\n<p><strong><u>Inscripci\u00f3n<\/u><\/strong>: $114.900<\/p>\n<p><strong><u>Matr\u00edcula<\/u><\/strong>\u00a0: $2.744.500<\/p>\n<p><strong><u>Cursos de Ingl\u00e9s<\/u><\/strong>: $ 350.000<\/p>\n<p><strong>* Estudiantes que deseen validar el curso de ingl\u00e9s pueden hacerlo mediante una prueba.<\/strong><\/p>\n<p><strong>Validaci\u00f3n curso de ingl\u00e9s: $46.500<\/strong><\/p>\n<p><strong><u>REQUISITOS:<\/u><\/strong><\/p>\n<ul>\n<li>Diligenciar Formulario de Inscripci\u00f3n<\/li>\n<li>Copia del Acta de Grado del Titulo Profesional<\/li>\n<li>Fotocopia del Documento de Identidad Ampliado<\/li>\n<li>Dos (2) fotograf\u00edas 4\u00d75 fondo blanco<\/li>\n<li>Presentar entrevista<\/li>\n<li>Recibo de pago de inscripci\u00f3n (Descargue <a href=\"http:\/\/www.recibo.webcotecnova.site\/\">aqu\u00ed<\/a>)<\/li>\n<\/ul>\n<\/div><\/div><\/section>\n<section class='av_tab_section av_tab_section av-7pfhp4-c1d1e13781283ee77e75def1e3b51ca0'  itemscope=\"itemscope\" itemtype=\"https:\/\/schema.org\/CreativeWork\" ><div id='tab-id-2-tab' class='tab' role='tab' aria-selected=\"false\" tabindex=\"0\" data-fake-id='#tab-id-2' aria-controls='tab-id-2-content'  itemprop=\"headline\" ><span class='tab_icon avia-iconfont avia-font-entypo-fontello' data-av_icon='\ue80b' data-av_iconfont='entypo-fontello' ><\/span>Perfiles<\/div><div id='tab-id-2-content' class='tab_content' role='tabpanel' aria-labelledby='tab-id-2-tab' aria-hidden=\"true\"><div class='tab_inner_content invers-color'  itemprop=\"text\" ><div class=\"uk-width-medium-5-10\">\n<h3>Perfil Profesional<\/h3>\n<p>Dominio conceptual, procedimental y actitudinal sobre dise\u00f1os, m\u00e9todos y t\u00e9cnicas de investigaci\u00f3n educativa.<\/p>\n<p>Habilidad para explorar de manera sistem\u00e1tica y cr\u00edtica la realidad evidenciada en el aula como espacio complejo de interacci\u00f3n social, acad\u00e9mica, negociaci\u00f3n y construcci\u00f3n de significados.<\/p>\n<p>Desarrolla acciones y estrategias que transformen las formas actuales de relaci\u00f3n e interacci\u00f3n en el contexto educativo, a partir de la reorganizaci\u00f3n intencionada y expl\u00edcita de contenidos disciplinares y socioculturales.<\/p>\n<p>Habilidad para gestionar y liderar la formulaci\u00f3n y desarrollo de proyectos y programas de innovaci\u00f3n educativa y emprendimiento social en y desde la escuela.<\/p>\n<\/div>\n<div class=\"uk-width-medium-5-10\">\n<h3>Perfil Ocupacional<\/h3>\n<p>Miembro de equipos l\u00edderes de proyectos de investigaci\u00f3n e innovaci\u00f3n educativa en y desde el aula.<\/p>\n<p>Gestor, promotor o coordinador de procesos metodol\u00f3gicos y did\u00e1cticos para la transformaci\u00f3n de la pr\u00e1ctica educativa.<\/p>\n<p>Coordinador o integrante de proyectos de investigaci\u00f3n y extensi\u00f3n que contribuya a la generaci\u00f3n de conocimiento en el campo educativo.<\/p>\n<p>Generador de procesos de emprendimiento e innovaci\u00f3n educativa en el \u00e1rea de la gesti\u00f3n acad\u00e9mica, pedag\u00f3gica, comunitaria y administrativa.<\/p>\n<p>Dise\u00f1ador de procesos investigativos para autoevaluar los procesos inherentes al mejoramiento cont\u00ednuo de las instituciones educativas.<\/p>\n<\/div>\n<\/div><\/div><\/section>\n<section class='av_tab_section av_tab_section av-av_tab-e4bf39b30b62f06045032a0f2ba3a450'  itemscope=\"itemscope\" itemtype=\"https:\/\/schema.org\/CreativeWork\" ><div id='tab-id-3-tab' class='tab' role='tab' aria-selected=\"false\" tabindex=\"0\" data-fake-id='#tab-id-3' aria-controls='tab-id-3-content'  itemprop=\"headline\" ><span class='tab_icon avia-iconfont avia-font-entypo-fontello' data-av_icon='\ue84e' data-av_iconfont='entypo-fontello' ><\/span>Plan de Estudios<\/div><div id='tab-id-3-content' class='tab_content' role='tabpanel' aria-labelledby='tab-id-3-tab' aria-hidden=\"true\"><div class='tab_inner_content invers-color'  itemprop=\"text\" ><table>\n<tbody>\n<tr>\n<th colspan=\"2\">PRIMER SEMESTRE<\/th>\n<\/tr>\n<tr>\n<td>Asignatura<\/td>\n<td>Cr\u00e9ditos<\/td>\n<\/tr>\n<tr>\n<td>Contextos educativos<\/td>\n<td>1<\/td>\n<\/tr>\n<tr>\n<td>Contextos educativos<\/td>\n<td>2<\/td>\n<\/tr>\n<tr>\n<td>Ambientes virtuales de aprendizaje<\/td>\n<td>2<\/td>\n<\/tr>\n<tr>\n<td>Fundamentos de investigaci\u00f3n e innovaci\u00f3n educativa<\/td>\n<td>2<\/td>\n<\/tr>\n<tr>\n<td>Seminario de Investigaci\u00f3n<\/td>\n<td>1<\/td>\n<\/tr>\n<tr>\n<td>Marco l\u00f3gico como herramienta de diagn\u00f3stico y planeaci\u00f3n de cambio en el aula<\/td>\n<td>2<\/td>\n<\/tr>\n<tr>\n<td>Instrumentos y t\u00e9cnicas de investigaci\u00f3n educativa I<\/td>\n<td>1<\/td>\n<\/tr>\n<tr>\n<td>Seminario de Investigaci\u00f3n II<\/td>\n<td>1<\/td>\n<\/tr>\n<tr>\n<td>Emprendimiento socio-educativo<\/td>\n<td>1<\/td>\n<\/tr>\n<tr>\n<td>Electiva I<\/td>\n<td>1<\/td>\n<\/tr>\n<tr>\n<td>Total cr\u00e9ditos<\/td>\n<td>14<\/td>\n<\/tr>\n<\/tbody>\n<\/table>\n<table>\n<tbody>\n<tr>\n<th colspan=\"2\">SEGUNDO SEMESTRE<\/th>\n<\/tr>\n<tr>\n<td>Asignatura<\/td>\n<td>Cr\u00e9ditos<\/td>\n<\/tr>\n<tr>\n<td>Proyectos de aula<\/td>\n<td>1<\/td>\n<\/tr>\n<tr>\n<td>Estrategias de gesti\u00f3n e innovaci\u00f3n en el aula<\/td>\n<td>2<\/td>\n<\/tr>\n<tr>\n<td>Enfoques contempor\u00e1neos de investigaci\u00f3n educativa<\/td>\n<td>2<\/td>\n<\/tr>\n<tr>\n<td>Seminario de investigaci\u00f3n III<\/td>\n<td>1<\/td>\n<\/tr>\n<tr>\n<td>Electiva II<\/td>\n<td>1<\/td>\n<\/tr>\n<tr>\n<td>Fundamentos de estad\u00edstica<\/td>\n<td>2<\/td>\n<\/tr>\n<tr>\n<td>Seminario de investigaci\u00f3n IV<\/td>\n<td>1<\/td>\n<\/tr>\n<tr>\n<td>Producci\u00f3n de textos cient\u00edficos<\/td>\n<td>2<\/td>\n<\/tr>\n<tr>\n<td>Total cr\u00e9ditos<\/td>\n<td>12<\/td>\n<\/tr>\n<\/tbody>\n<\/table>\n<\/div><\/div><\/section>\n<section class='av_tab_section av_tab_section av-av_tab-23b4413b2ffca7c316cf25d4a0bfe545'  itemscope=\"itemscope\" itemtype=\"https:\/\/schema.org\/CreativeWork\" ><div id='tab-id-4-tab' class='tab' role='tab' aria-selected=\"false\" tabindex=\"0\" data-fake-id='#tab-id-4' aria-controls='tab-id-4-content'  itemprop=\"headline\" ><span class='tab_icon avia-iconfont avia-font-entypo-fontello' data-av_icon='\ue81f' data-av_iconfont='entypo-fontello' ><\/span>Mayores Informes<\/div><div id='tab-id-4-content' class='tab_content' role='tabpanel' aria-labelledby='tab-id-4-tab' aria-hidden=\"true\"><div class='tab_inner_content invers-color'  itemprop=\"text\" ><p><strong>Mayores informes<\/strong><\/p>\n<p>Tel\u00e9fonos:<\/p>\n<p>(2) 211 1804\u00a0\u2013 2112545 \u2013 315 433 8604<\/p>\n<p>Email:\u00a0info@webcotecnova.site<\/p>\n<p><strong>Centro de Educaci\u00f3n a Distancia<br \/>\n<\/strong><br \/>\n<strong>Directora:<\/strong><\/p>\n<p>Dra. Claudia Patricia Fernand\u00e9z Soto<br \/>\nclaudiapfernandez@webcotecnova.site<\/p>\n<\/div><\/div><\/section>\n<section class='av_tab_section av_tab_section av-3b09c8-0d88d718acfa182ce4a2ac96f433e639'  itemscope=\"itemscope\" itemtype=\"https:\/\/schema.org\/CreativeWork\" ><div id='tab-id-5-tab' class='tab' role='tab' aria-selected=\"false\" tabindex=\"0\" data-fake-id='#tab-id-5' aria-controls='tab-id-5-content'  itemprop=\"headline\" >Preinscripc\u00f3n<\/div><div id='tab-id-5-content' class='tab_content' role='tabpanel' aria-labelledby='tab-id-5-tab' aria-hidden=\"true\"><div class='tab_inner_content invers-color'  itemprop=\"text\" ><p><iframe loading=\"lazy\" src=\"https:\/\/cotecnova.us9.list-manage.com\/subscribe?u=6b1cfb43987f56cc2da1b3b91&amp;id=5c0bf24359\" width=\"100%\" height=\"1200\" scrolling=\"no\"><\/iframe><\/p>\n<\/div><\/div><\/section>\n<\/div>\n","protected":false},"excerpt":{"rendered":"","protected":false},"author":2,"featured_media":0,"parent":0,"menu_order":0,"comment_status":"closed","ping_status":"closed","template":"","meta":{"_joinchat":[],"footnotes":""},"class_list":["post-11436","page","type-page","status-publish","hentry"],"nelio_popups_active_popup":"","_links":{"self":[{"href":"https:\/\/cotecnova.edu.co\/index.php\/wp-json\/wp\/v2\/pages\/11436","targetHints":{"allow":["GET"]}}],"collection":[{"href":"https:\/\/cotecnova.edu.co\/index.php\/wp-json\/wp\/v2\/pages"}],"about":[{"href":"https:\/\/cotecnova.edu.co\/index.php\/wp-json\/wp\/v2\/types\/page"}],"author":[{"embeddable":true,"href":"https:\/\/cotecnova.edu.co\/index.php\/wp-json\/wp\/v2\/users\/2"}],"replies":[{"embeddable":true,"href":"https:\/\/cotecnova.edu.co\/index.php\/wp-json\/wp\/v2\/comments?post=11436"}],"version-history":[{"count":0,"href":"https:\/\/cotecnova.edu.co\/index.php\/wp-json\/wp\/v2\/pages\/11436\/revisions"}],"wp:attachment":[{"href":"https:\/\/cotecnova.edu.co\/index.php\/wp-json\/wp\/v2\/media?parent=11436"}],"curies":[{"name":"wp","href":"https:\/\/api.w.org\/{rel}","templated":true}]}}