{"id":11873,"date":"2022-07-07T18:37:48","date_gmt":"2022-07-07T23:37:48","guid":{"rendered":"https:\/\/www.webcotecnova.site\/index.php\/gestion-empresarial-copy\/"},"modified":"2026-01-08T14:34:13","modified_gmt":"2026-01-08T19:34:13","slug":"gestion-empresarial-nuevo","status":"publish","type":"page","link":"https:\/\/cotecnova.edu.co\/index.php\/gestion-empresarial-nuevo\/","title":{"rendered":"Tecnolog\u00eda en Gesti\u00f3n Empresarial"},"content":{"rendered":"\n<style type=\"text\/css\" data-created_by=\"avia_inline_auto\" id=\"style-css-av-32uuy81-d97146c18436c77a0c43d4dfae72b8d1\">\n.flex_column.av-32uuy81-d97146c18436c77a0c43d4dfae72b8d1{\nborder-radius:0px 0px 0px 0px;\npadding:0px 0px 0px 0px;\n}\n<\/style>\n<div  class='flex_column av-32uuy81-d97146c18436c77a0c43d4dfae72b8d1 av_one_full  avia-builder-el-0  el_before_av_one_full  avia-builder-el-first  first flex_column_div av-zero-column-padding  '     ><style type=\"text\/css\" data-created_by=\"avia_inline_auto\" id=\"style-css-av-mbce6t32-cb6774b2664a6220eb26b0face618f30\">\n.avia-image-container.av-mbce6t32-cb6774b2664a6220eb26b0face618f30 img.avia_image{\nbox-shadow:none;\n}\n.avia-image-container.av-mbce6t32-cb6774b2664a6220eb26b0face618f30 .av-image-caption-overlay-center{\ncolor:#ffffff;\n}\n<\/style>\n<div  class='avia-image-container av-mbce6t32-cb6774b2664a6220eb26b0face618f30 av-styling- avia-align-center  avia-builder-el-1  avia-builder-el-no-sibling '   itemprop=\"image\" itemscope=\"itemscope\" itemtype=\"https:\/\/schema.org\/ImageObject\" ><div class=\"avia-image-container-inner\"><div class=\"avia-image-overlay-wrap\"><img fetchpriority=\"high\" class='wp-image-15386 avia-img-lazy-loading-not-15386 avia_image ' src='https:\/\/cotecnova.edu.co\/wp-content\/uploads\/2025\/05\/Tecnologia-en-Gestion-Empresarial_Banner.jpg' alt='' title='Tecnolog\u00eda en Gesti\u00f3n Empresarial_Banner'  height=\"470\" width=\"1663\"  itemprop=\"thumbnailUrl\"  \/><\/div><\/div><\/div><\/div>\n\n<style type=\"text\/css\" data-created_by=\"avia_inline_auto\" id=\"style-css-av-2n7r69t-b2ad7bddb781fbff5189806873d6a163\">\n.flex_column.av-2n7r69t-b2ad7bddb781fbff5189806873d6a163{\nborder-radius:0px 0px 0px 0px;\npadding:0px 0px 0px 0px;\n}\n<\/style>\n<div  class='flex_column av-2n7r69t-b2ad7bddb781fbff5189806873d6a163 av_one_full  avia-builder-el-2  el_after_av_one_full  avia-builder-el-last  first flex_column_div av-zero-column-padding  column-top-margin'     ><div  class='tabcontainer av-1flki99-9709b716edbc02162346662a4a10178e sidebar_tab sidebar_tab_left  avia-builder-el-3  avia-builder-el-no-sibling  border_tabs'>\n<section class='av_tab_section av_tab_section av-1zz2pup-fd424ce543c476ac63f602157857458a'  itemscope=\"itemscope\" itemtype=\"https:\/\/schema.org\/CreativeWork\" ><div id='tab-id-1-tab' class='tab active_tab' role='tab' aria-selected=\"true\" tabindex=\"0\" data-fake-id='#tab-id-1' aria-controls='tab-id-1-content'  itemprop=\"headline\" ><span class='tab_icon avia-iconfont avia-font-entypo-fontello' data-av_icon='\ue81f' data-av_iconfont='entypo-fontello' ><\/span>Presentaci\u00f3n<\/div><div id='tab-id-1-content' class='tab_content active_tab_content' role='tabpanel' aria-labelledby='tab-id-1-tab' aria-hidden=\"false\"><div class='tab_inner_content invers-color'  itemprop=\"text\" ><h3 style=\"text-align: center;\"><span style=\"color: #008000;\">Nuestro Programa<\/span><\/h3>\n<p>El prop\u00f3sito del programa de <strong>Tecnolog\u00eda en Gesti\u00f3n Empresarial<\/strong> es formar tecn\u00f3logos integrales, competentes, emprendedores con pensamiento estrat\u00e9gico que puedan comprender y desarrollar su gesti\u00f3n en las organizaciones p\u00fablicas y privadas, realizando propuestas de mejoramiento, con pertinencia y responsabilidad social en un contexto globalizado.<\/p>\n<h5><strong>Objetivo del programa<\/strong><\/h5>\n<p>Gestionar, t\u00e1ctica y operativamente, los diferentes procesos empresariales, fundamentados en valores morales y \u00e9ticos, con actitud emprendedora, con responsabilidad social y ambiental, con pensamiento prospectivo, mediante una formaci\u00f3n pr\u00e1ctica que contribuya a la sostenibilidad y al desarrollo de la organizaci\u00f3n<\/p>\n<hr \/>\n<p style=\"text-align: left;\"><strong>T\u00edtulo que Otorga:<\/strong> Tecn\u00f3logo en Gesti\u00f3n Empresarial<\/p>\n<p><strong>Nivel Acad\u00e9mico:\u00a0<\/strong>Pregrado<\/p>\n<p><strong>Nivel de Formaci\u00f3n:<\/strong> Tecnol\u00f3gico<\/p>\n<p style=\"text-align: left;\"><strong>Registro:<\/strong> Resoluci\u00f3n No. 16638 del 25 de Agosto de 2024<\/p>\n<p style=\"text-align: left;\"><strong>C\u00f3digo SNIES:<\/strong> 117358 (<a href=\"https:\/\/cotecnova.edu.co\/wp-content\/uploads\/2025\/05\/SNIES-Tecnologia-en-Gestion-Empresarial-2024.pdf\" target=\"_blank\" rel=\"noopener\">Consultar<\/a>)<\/p>\n<p style=\"text-align: left;\"><strong>Duraci\u00f3n:<\/strong> 5 Semestres<\/p>\n<p style=\"text-align: left;\"><strong>Modalidad:<\/strong>\u00a0Presencial<\/p>\n<p style=\"text-align: left;\"><strong>Jornada:<\/strong> Diurna \u2013 Nocturna<\/p>\n<p style=\"text-align: left;\"><strong>Cr\u00e9ditos acad\u00e9micos:<\/strong> 81 cr\u00e9ditos<\/p>\n<p style=\"text-align: left;\"><strong>Inscripci\u00f3n:<\/strong> $145.912<\/p>\n<p style=\"text-align: left;\"><strong>Matr\u00edcula:<\/strong> $2.386.553<\/p>\n<hr \/>\n<h3 style=\"text-align: center;\"><span style=\"color: #008000;\">Inscripciones<\/span><\/h3>\n<p>La Corporaci\u00f3n de Estudios Tecnol\u00f3gicos del Norte del Valle informa a la comunidad que se encuentra en periodo de inscripciones, el horario de atenci\u00f3n al p\u00fablico ser\u00e1 el siguiente:<\/p>\n<p><strong>Lunes a Viernes:\u00a0<\/strong>8:00 am. a 12:00 pm. y 2:00 pm. a 7:00 pm.<\/p>\n<p><strong>S\u00e1bados:\u00a0<\/strong>8:00 am. a 12:00 m.<\/p>\n<p><strong>Direcci\u00f3n:<\/strong>\u00a0CL 10 No. 3-95 Cartago, Valle<\/p>\n<p><strong>Tel\u00e9fonos:<\/strong>\u00a0(602) 213 4421 Ext. 101 (Informaci\u00f3n) \/ Ext. 104 (Financiera)<\/p>\n<p><strong>WhatsApp:<\/strong>\u00a0(57) 315 433 8604 (Informaci\u00f3n) \/ (57) 318 707 6901 (Financiera)<\/p>\n<h5><strong>Documentos exigidos para la inscripci\u00f3n (Programas Propios):<\/strong><\/h5>\n<ul>\n<li>Formulario de inscripci\u00f3n diligenciado. (<a href=\"https:\/\/cotecnova.edu.co\/wp-content\/uploads\/2025\/11\/FORMULARIO_DE__INSCRIPCION_V7_.docx\" target=\"_blank\" rel=\"noopener\">Descargar<\/a>)<\/li>\n<li>Examen de Estado para el ingreso a la Educaci\u00f3n Superior nacionales o ex\u00e1menes similares homologables en el pa\u00eds seg\u00fan la normatividad vigente.<\/li>\n<li>Para programas de formaci\u00f3n t\u00e9cnica profesional, se podr\u00e1 presentar certificado de educaci\u00f3n b\u00e1sica secundaria.<\/li>\n<li>Para nivel tecnol\u00f3gico o profesional universitario, original o copia de Acta de Grado de bachiller otorgados por instituciones p\u00fablicas o privadas, debidamente reconocidas por el gobierno nacional.<\/li>\n<li>Copia del documento de identidad (c\u00e9dula, tarjeta de identidad, o c\u00e9dula de extranjer\u00eda).<\/li>\n<li>Dos (2) fotograf\u00edas recientes tama\u00f1o documento 3 x 4cm.<\/li>\n<li>Recibo de pago Inscripci\u00f3n. (<a href=\"http:\/\/www.recibo.appcotecnova.es\/\" target=\"_blank\" rel=\"noopener\">Descargar<\/a>)\n<ul>\n<li>Programas por ciclos proped\u00e9uticos: $145.912<\/li>\n<li>Programas terminales: $91.787<\/li>\n<\/ul>\n<\/li>\n<li>Sobre de Manila tama\u00f1o oficio.<\/li>\n<\/ul>\n<h5><strong>Documentos exigidos para la inscripci\u00f3n (Programas en Convenio):<\/strong><\/h5>\n<ul>\n<li>Examen de Estado para el ingreso a la Educaci\u00f3n Superior.<\/li>\n<li>Fotocopia del diploma y acta de grado de bachiller.<\/li>\n<li>Fotocopia Ampliada al 150 del Documento de Identidad.<\/li>\n<li>3 Fotos tama\u00f1o documento fondo blanco.<\/li>\n<li>Sobre de Manila tama\u00f1o oficio.<\/li>\n<li>Recibo de pago de inscripci\u00f3n.<\/li>\n<\/ul>\n<h5><strong>Documentos exigidos para la inscripci\u00f3n (Programas Posgrado):<\/strong><\/h5>\n<ul>\n<li>Formulario de inscripci\u00f3n diligenciado. (<a href=\"https:\/\/cotecnova.edu.co\/wp-content\/uploads\/2025\/11\/FORMULARIO_DE__INSCRIPCION_V2.docx\" target=\"_blank\" rel=\"noopener\">Descargar<\/a>)<\/li>\n<li>Original o copia del acta de pregrado profesional universitario.<\/li>\n<li>Copia del documento de identidad (c\u00e9dula, tarjeta de identidad, o c\u00e9dula de extranjer\u00eda).<\/li>\n<li>Dos (2) fotograf\u00edas recientes tama\u00f1o documento 3 x 4cm.<\/li>\n<li>Recibo de pago Inscripci\u00f3n. (<a href=\"http:\/\/www.recibo.appcotecnova.es\/\" target=\"_blank\" rel=\"noopener\">Descargar<\/a>)\n<ul>\n<li>Programas posgrado: $145.912<\/li>\n<\/ul>\n<\/li>\n<li>Sobre de Manila tama\u00f1o oficio.<\/li>\n<\/ul>\n<hr \/>\n<h3 style=\"text-align: center;\"><span style=\"color: #008000;\"><strong>Documentos Adicionales<\/strong><\/span><\/h3>\n<p><b><strong>Ciclos Profesionales:<\/strong><\/b><\/p>\n<ul>\n<li>Certificado de Notas.<\/li>\n<li>Fotocopia\u00a0 de Acta y Diploma de Tecn\u00f3logo.<\/li>\n<\/ul>\n<h3 style=\"text-align: center;\"><span style=\"color: #008000;\"><strong>Homologaciones y Transferencias<\/strong><\/span><\/h3>\n<p>Documentos exigidos para homologar otros programas:<\/p>\n<ul>\n<li>Recibo de pago homologaci\u00f3n. (<a href=\"http:\/\/www.recibo.appcotecnova.es\/\" target=\"_blank\" rel=\"noopener\">Descargar<\/a>)\n<ul>\n<li>Estudio de homologaci\u00f3n: $12.628<\/li>\n<\/ul>\n<\/li>\n<li>Certificado de Notas y contenidos.<\/li>\n<li>Paz y Salvo de Instituci\u00f3n Educativa de donde proviene.<\/li>\n<\/ul>\n<hr \/>\n<p style=\"text-align: center;\"><em>Instituci\u00f3n de Educaci\u00f3n Superior sujeta a Inspecci\u00f3n y Vigilancia por el Ministerio de Educaci\u00f3n Nacional<\/em><\/p>\n<\/div><\/div><\/section>\n<section class='av_tab_section av_tab_section av-6gfvq9-7eebcec8fed127174edb9976439bb22b'  itemscope=\"itemscope\" itemtype=\"https:\/\/schema.org\/CreativeWork\" ><div id='tab-id-2-tab' class='tab' role='tab' aria-selected=\"false\" tabindex=\"0\" data-fake-id='#tab-id-2' aria-controls='tab-id-2-content'  itemprop=\"headline\" ><span class='tab_icon avia-iconfont avia-font-entypo-fontello' data-av_icon='\ue84d' data-av_iconfont='entypo-fontello' ><\/span>Perfil de Egreso<\/div><div id='tab-id-2-content' class='tab_content' role='tabpanel' aria-labelledby='tab-id-2-tab' aria-hidden=\"true\"><div class='tab_inner_content invers-color'  itemprop=\"text\" ><h3 style=\"text-align: center;\"><span style=\"color: #008000;\">Perfil Profesional<\/span><\/h3>\n<p>El <strong>Tecn\u00f3logo en Gesti\u00f3n Empresarial<\/strong> de la Corporaci\u00f3n de Estudios Tecnol\u00f3gicos del Norte del Valle, tendr\u00e1 una s\u00f3lida formaci\u00f3n human\u00edstica y tecnol\u00f3gica que le permitir\u00e1 el manejo eficiente e integral en sus funciones seg\u00fan los fundamentos conceptuales y \u00e9ticos de la disciplina de estudio, en concordancia con las exigencias propias del ejercicio profesional en las \u00e1reas organizacionales. Adem\u00e1s de estas caracter\u00edsticas los siguientes aspectos definen el perfil profesional:<\/p>\n<ul>\n<li>Una adecuada formaci\u00f3n tecnol\u00f3gica y profesional que abarque fundamentalmente el conocimiento de las teor\u00edas de la administraci\u00f3n, enfoques y avances logrados con su implementaci\u00f3n.<\/li>\n<li>Una formaci\u00f3n acad\u00e9mica que le facilite el desarrollo de su capacidad investigativa, para analizar y proponer actividades que contribuyan a la soluci\u00f3n de la problem\u00e1tica socio-econ\u00f3mica del entorno, mejoramiento en la generaci\u00f3n de empleo y nivel de vida de la comunidad.<\/li>\n<li>Aptitudes y actitudes que le permitan resolver los problemas propios de su profesi\u00f3n con \u00e1nimo abierto y cr\u00edtico.<\/li>\n<li>Formaci\u00f3n de una mentalidad creativa e innovadora mediante el conocimiento y diagn\u00f3stico de los problemas empresariales que afectan su entorno.<\/li>\n<li>Desarrollar su capacidad de adaptaci\u00f3n a diferentes situaciones y aportar desde su rol para el crecimiento y desarrollo de las organizaciones.<\/li>\n<li>Formaci\u00f3n integral fundamentada en los aspectos \u00e9ticos y morales para que pueda asumir con plena responsabilidad el ejercicio de su profesi\u00f3n.<\/li>\n<\/ul>\n<hr \/>\n<h3 style=\"text-align: center;\"><span style=\"color: #008000;\">Perfil Ocupacional<\/span><\/h3>\n<p>El <strong>Tecn\u00f3logo en Gesti\u00f3n Empresarial<\/strong> de la Corporaci\u00f3n de Estudios Tecnol\u00f3gicos del Norte del Valle, estar\u00e1 en capacidad de desempe\u00f1arse en organizaciones p\u00fablicas y privadas en las \u00e1reas empresariales como:<\/p>\n<ul>\n<li>Asistente Administrativo.<\/li>\n<li>Asistente de talento humano.<\/li>\n<li>Creador de su propia empresa.<\/li>\n<li>Asistente administrativo en el \u00e1rea funcional de mercadeo.<\/li>\n<li>Asistente en proyectos de desarrollo empresarial.<\/li>\n<li>L\u00edder o parte del equipo para la generaci\u00f3n de empresa.<\/li>\n<li>Coordinador de procesos administrativos en empresas comerciales y de servicio.<\/li>\n<li>Supervisor Administrativo.<\/li>\n<\/ul>\n<\/div><\/div><\/section>\n<section class='av_tab_section av_tab_section av-10raaap-c7af5a9c68b5546663eab61c043f04ae'  itemscope=\"itemscope\" itemtype=\"https:\/\/schema.org\/CreativeWork\" ><div id='tab-id-3-tab' class='tab' role='tab' aria-selected=\"false\" tabindex=\"0\" data-fake-id='#tab-id-3' aria-controls='tab-id-3-content'  itemprop=\"headline\" ><span class='tab_icon avia-iconfont avia-font-entypo-fontello' data-av_icon='\ue8d8' data-av_iconfont='entypo-fontello' ><\/span>Plan de Estudios<\/div><div id='tab-id-3-content' class='tab_content' role='tabpanel' aria-labelledby='tab-id-3-tab' aria-hidden=\"true\"><div class='tab_inner_content invers-color'  itemprop=\"text\" ><p><strong><em>Cursos del Componente de Formaci\u00f3n B\u00e1sica<\/em><\/strong><\/p>\n<p>Matem\u00e1ticas B\u00e1sicas<\/p>\n<p>Estad\u00edstica b\u00e1sica<\/p>\n<p>Algebra Lineal<\/p>\n<p>Constituci\u00f3n Pol\u00edtica<\/p>\n<p>Legislaci\u00f3n Empresarial<\/p>\n<p><strong><em>Cursos del componente Administraci\u00f3n y organizaciones<\/em><\/strong><\/p>\n<p>Principios de Administraci\u00f3n<\/p>\n<p>Procesos y procedimientos administrativos<\/p>\n<p>Gesti\u00f3n Ambiental<\/p>\n<p>Planeaci\u00f3n y organizaci\u00f3n<\/p>\n<p>Responsabilidad Social Empresarial<\/p>\n<p><strong><em>Cursos del componente Econom\u00eda y Finanzas<\/em><\/strong><\/p>\n<p>Ciclo Contable Empresarial<\/p>\n<p>Econom\u00eda General<\/p>\n<p>Finanzas<\/p>\n<p>Macroeconom\u00eda<\/p>\n<p>Costos y Presupuestos<\/p>\n<p><strong><em>\u00a0<\/em><\/strong><\/p>\n<p><strong><em>Cursos del componente Producci\u00f3n y operaciones<\/em><\/strong><\/p>\n<p>Organizaci\u00f3n y M\u00e9todos<\/p>\n<p>Gesti\u00f3n de la producci\u00f3n<\/p>\n<p><strong><em>Cursos del componente Emprendimiento<\/em><\/strong><\/p>\n<p>Creatividad<\/p>\n<p>Iniciativa Empresarial<\/p>\n<p><strong><em>Cursos del componente Mercadeo<\/em><\/strong><\/p>\n<p>Fundamentos de Mercadeo<\/p>\n<p>Ventas<\/p>\n<p>Investigaci\u00f3n de Mercados<\/p>\n<p>Comercio Exterior<\/p>\n<p><strong><em>Cursos del componente Gerencia del Personal<\/em><\/strong><\/p>\n<p>Procesos de Gesti\u00f3n Humana<\/p>\n<p>Seguridad y Salud en el trabajo<\/p>\n<p><strong><em>Cursos del componente Tecnolog\u00edas de la informaci\u00f3n<\/em><\/strong><\/p>\n<p>Tic y herramientas inform\u00e1ticas<\/p>\n<p><strong><em>Cursos del componente de formaci\u00f3n investigativa<\/em><\/strong><\/p>\n<p>M\u00e9todos de estudio<\/p>\n<p>Introducci\u00f3n a la Investigaci\u00f3n<\/p>\n<p>Metodolog\u00eda de la Investigaci\u00f3n<\/p>\n<p><strong><em>Curso del componente human\u00edstico<\/em><\/strong><\/p>\n<p>C\u00e1tedra Institucional<\/p>\n<p>C\u00e1tedra Cultural<\/p>\n<p>Comunicaci\u00f3n oral y Escrita<\/p>\n<p><strong><em>Componente de Formaci\u00f3n Flexible<\/em><\/strong><\/p>\n<p>Electiva Tecnol\u00f3gica I<\/p>\n<p>Electiva Tecnol\u00f3gica II<\/p>\n<p><strong><em>\u00a0<\/em><\/strong><\/p>\n<p><strong><em>Formaci\u00f3n en Idioma Extranjero<\/em><\/strong><\/p>\n<p>Idioma Extranjero A1 y A2<\/p>\n<\/div><\/div><\/section>\n<section class='av_tab_section av_tab_section av-ie6k69-efb1b15023704b29c69c472a52ec40bf'  itemscope=\"itemscope\" itemtype=\"https:\/\/schema.org\/CreativeWork\" ><div id='tab-id-4-tab' class='tab' role='tab' aria-selected=\"false\" tabindex=\"0\" data-fake-id='#tab-id-4' aria-controls='tab-id-4-content'  itemprop=\"headline\" ><span class='tab_icon avia-iconfont avia-font-entypo-fontello' data-av_icon='\ue854' data-av_iconfont='entypo-fontello' ><\/span>M\u00e1s Informaci\u00f3n<\/div><div id='tab-id-4-content' class='tab_content' role='tabpanel' aria-labelledby='tab-id-4-tab' aria-hidden=\"true\"><div class='tab_inner_content invers-color'  itemprop=\"text\" ><h3 style=\"text-align: center;\"><span style=\"color: #008000;\">M\u00e1s Informaci\u00f3n<\/span><\/h3>\n<p><strong>Tel\u00e9fono:<\/strong> (602) 213 4421 Ext. 101<\/p>\n<p><strong>Celular:<\/strong> <a href=\"https:\/\/wa.me\/573154338604\" target=\"_blank\" rel=\"noopener\">(+57) 315 433 8604<\/a><\/p>\n<p><strong>Correo:<\/strong> <a href=\"mailto:info@cotecnova.edu.co\">info@cotecnova.edu.co<\/a><\/p>\n<p>Calle 10 # 3-95 Cartago, Valle<\/p>\n<h5>Unidad de Ciencias Econ\u00f3micas, Administrativas y Contables<\/h5>\n<p>Correo:\u00a0<a href=\"mailto:cadministrativa@cotecnova.edu.co\">cadministrativa@cotecnova.edu.co<\/a><\/p>\n<\/div><\/div><\/section>\n<\/div><\/div>\n","protected":false},"excerpt":{"rendered":"","protected":false},"author":2,"featured_media":0,"parent":0,"menu_order":0,"comment_status":"closed","ping_status":"closed","template":"","meta":{"_joinchat":[],"footnotes":""},"class_list":["post-11873","page","type-page","status-publish","hentry"],"nelio_popups_active_popup":"","_links":{"self":[{"href":"https:\/\/cotecnova.edu.co\/index.php\/wp-json\/wp\/v2\/pages\/11873","targetHints":{"allow":["GET"]}}],"collection":[{"href":"https:\/\/cotecnova.edu.co\/index.php\/wp-json\/wp\/v2\/pages"}],"about":[{"href":"https:\/\/cotecnova.edu.co\/index.php\/wp-json\/wp\/v2\/types\/page"}],"author":[{"embeddable":true,"href":"https:\/\/cotecnova.edu.co\/index.php\/wp-json\/wp\/v2\/users\/2"}],"replies":[{"embeddable":true,"href":"https:\/\/cotecnova.edu.co\/index.php\/wp-json\/wp\/v2\/comments?post=11873"}],"version-history":[{"count":24,"href":"https:\/\/cotecnova.edu.co\/index.php\/wp-json\/wp\/v2\/pages\/11873\/revisions"}],"predecessor-version":[{"id":15712,"href":"https:\/\/cotecnova.edu.co\/index.php\/wp-json\/wp\/v2\/pages\/11873\/revisions\/15712"}],"wp:attachment":[{"href":"https:\/\/cotecnova.edu.co\/index.php\/wp-json\/wp\/v2\/media?parent=11873"}],"curies":[{"name":"wp","href":"https:\/\/api.w.org\/{rel}","templated":true}]}}