{"id":14072,"date":"2024-02-16T17:34:09","date_gmt":"2024-02-16T22:34:09","guid":{"rendered":"https:\/\/cotecnova.edu.co\/?page_id=14072"},"modified":"2026-01-10T10:07:58","modified_gmt":"2026-01-10T15:07:58","slug":"tecnologia-en-gestion-de-empresas-de-salud","status":"publish","type":"page","link":"https:\/\/cotecnova.edu.co\/index.php\/tecnologia-en-gestion-de-empresas-de-salud\/","title":{"rendered":"Tecnolog\u00eda en Gesti\u00f3n de Empresas de Salud"},"content":{"rendered":"\n<style type=\"text\/css\" data-created_by=\"avia_inline_auto\" id=\"style-css-av-8cmf7mg-09bb0800dd8f0fe8b534531438802638\">\n.flex_column.av-8cmf7mg-09bb0800dd8f0fe8b534531438802638{\nborder-radius:0px 0px 0px 0px;\npadding:0px 0px 0px 0px;\n}\n<\/style>\n<div  class='flex_column av-8cmf7mg-09bb0800dd8f0fe8b534531438802638 av_one_full  avia-builder-el-0  el_before_av_one_full  avia-builder-el-first  first flex_column_div av-zero-column-padding  '     ><style type=\"text\/css\" data-created_by=\"avia_inline_auto\" id=\"style-css-av-lsp5uavf-a503d5bce4bba42a0ea2131a0333c10d\">\n.avia-image-container.av-lsp5uavf-a503d5bce4bba42a0ea2131a0333c10d img.avia_image{\nbox-shadow:none;\n}\n.avia-image-container.av-lsp5uavf-a503d5bce4bba42a0ea2131a0333c10d .av-image-caption-overlay-center{\ncolor:#ffffff;\n}\n<\/style>\n<div  class='avia-image-container av-lsp5uavf-a503d5bce4bba42a0ea2131a0333c10d av-styling- avia-align-center  avia-builder-el-1  avia-builder-el-no-sibling '   itemprop=\"image\" itemscope=\"itemscope\" itemtype=\"https:\/\/schema.org\/ImageObject\" ><div class=\"avia-image-container-inner\"><div class=\"avia-image-overlay-wrap\"><img fetchpriority=\"high\" class='wp-image-15441 avia-img-lazy-loading-not-15441 avia_image ' src='https:\/\/cotecnova.edu.co\/wp-content\/uploads\/2025\/06\/TcnlgGestEmpSalud_Banner.jpg' alt='' title='TcnlgGestEmpSalud_Banner'  height=\"470\" width=\"1663\"  itemprop=\"thumbnailUrl\"  \/><\/div><\/div><\/div><\/div>\n\n<style type=\"text\/css\" data-created_by=\"avia_inline_auto\" id=\"style-css-av-2hajw8o-2f195b94f7e01e3c741763ebc4cfba40\">\n.flex_column.av-2hajw8o-2f195b94f7e01e3c741763ebc4cfba40{\nborder-radius:0px 0px 0px 0px;\npadding:0px 0px 0px 0px;\n}\n<\/style>\n<div  class='flex_column av-2hajw8o-2f195b94f7e01e3c741763ebc4cfba40 av_one_full  avia-builder-el-2  el_after_av_one_full  avia-builder-el-last  first flex_column_div av-zero-column-padding  column-top-margin'     ><div  class='tabcontainer av-1flki99-9709b716edbc02162346662a4a10178e sidebar_tab sidebar_tab_left  avia-builder-el-3  avia-builder-el-no-sibling  border_tabs'>\n<section class='av_tab_section av_tab_section av-221ft08-c2bbaa85ddd75d5fc1ddd7ae435208ac'  itemscope=\"itemscope\" itemtype=\"https:\/\/schema.org\/CreativeWork\" ><div id='tab-id-1-tab' class='tab active_tab' role='tab' aria-selected=\"true\" tabindex=\"0\" data-fake-id='#tab-id-1' aria-controls='tab-id-1-content'  itemprop=\"headline\" ><span class='tab_icon avia-iconfont avia-font-entypo-fontello' data-av_icon='\ue81f' data-av_iconfont='entypo-fontello' ><\/span>Presentaci\u00f3n<\/div><div id='tab-id-1-content' class='tab_content active_tab_content' role='tabpanel' aria-labelledby='tab-id-1-tab' aria-hidden=\"false\"><div class='tab_inner_content invers-color'  itemprop=\"text\" ><h3 style=\"text-align: center;\"><span style=\"color: #008000;\">Nuestro Programa<\/span><\/h3>\n<p>El Tecn\u00f3logo en Gesti\u00f3n de empresas de Salud puede planear, organizar, auditar, direccionar, ejecutar y controlar a nivel operativo los procesos administrativos de las organizaciones promotoras y prestadoras de servicios de salud de origen p\u00fablico y privado, en concordancia permanente con la legislaci\u00f3n vigente. Aprender\u00e1s respecto a la legislaci\u00f3n y el sistema de seguridad social colombiano, lo que te permitir\u00e1 coordinar y asesorar procesos de mejora en cualquier entidad del sector salud.<\/p>\n<hr \/>\n<p style=\"text-align: left;\"><strong>T\u00edtulo que Otorga:<\/strong> Tecn\u00f3logo en Gesti\u00f3n de Empresas de Salud<\/p>\n<p><strong>Nivel Acad\u00e9mico:\u00a0<\/strong>Pregrado<\/p>\n<p><strong>Nivel de Formaci\u00f3n:<\/strong> Tecnol\u00f3gico<\/p>\n<p style=\"text-align: left;\"><strong>Registro:<\/strong> Resoluci\u00f3n No. 12180 del 14\u00a0 de Mayo de 2024<\/p>\n<p style=\"text-align: left;\"><strong>C\u00f3digo SNIES:<\/strong> 115933 (<a href=\"https:\/\/cotecnova.edu.co\/wp-content\/uploads\/2025\/06\/SNIES-TcnlgGestionEmpresasSalud-2024.pdf\" target=\"_blank\" rel=\"noopener\">Consultar<\/a>)<\/p>\n<p style=\"text-align: left;\"><strong>Duraci\u00f3n:<\/strong> 6 Semestres<\/p>\n<p style=\"text-align: left;\"><strong>Modalidad: <\/strong>Presencial (Autorizado para desarrollo con uso de TIC)<\/p>\n<p style=\"text-align: left;\"><strong>Tutor\u00edas:<\/strong> Sabatina Concentrada<\/p>\n<p style=\"text-align: left;\"><strong>Cr\u00e9ditos acad\u00e9micos:<\/strong> 96 cr\u00e9ditos<\/p>\n<p style=\"text-align: left;\"><strong>Inscripci\u00f3n:<\/strong> $145.912<\/p>\n<p style=\"text-align: left;\"><strong>Matr\u00edcula:<\/strong> $2.583.653<\/p>\n<hr \/>\n<h3 style=\"text-align: center;\"><span style=\"color: #008000;\">Inscripciones<\/span><\/h3>\n<p>La Corporaci\u00f3n de Estudios Tecnol\u00f3gicos del Norte del Valle informa a la comunidad que se encuentra en periodo de inscripciones, el horario de atenci\u00f3n al p\u00fablico ser\u00e1 el siguiente:<\/p>\n<p><strong>Lunes a Viernes:\u00a0<\/strong>8:00 am. a 12:00 pm. y 2:00 pm. a 7:00 pm.<\/p>\n<p><strong>S\u00e1bados:\u00a0<\/strong>8:00 am. a 12:00 m.<\/p>\n<p><strong>Direcci\u00f3n:<\/strong>\u00a0CL 10 No. 3-95 Cartago, Valle<\/p>\n<p><strong>Tel\u00e9fonos:<\/strong>\u00a0(602) 213 4421 Ext. 101 (Informaci\u00f3n) \/ Ext. 104 (Financiera)<\/p>\n<p><strong>WhatsApp:<\/strong>\u00a0(57) 315 433 8604 (Informaci\u00f3n) \/ (57) 318 707 6901 (Financiera)<\/p>\n<h5><strong>Documentos exigidos para la inscripci\u00f3n (Programas Propios):<\/strong><\/h5>\n<ul>\n<li>Formulario de inscripci\u00f3n diligenciado. (<a href=\"https:\/\/cotecnova.edu.co\/wp-content\/uploads\/2025\/11\/FORMULARIO_DE__INSCRIPCION_V7_.docx\" target=\"_blank\" rel=\"noopener\">Descargar<\/a>)<\/li>\n<li>Examen de Estado para el ingreso a la Educaci\u00f3n Superior nacionales o ex\u00e1menes similares homologables en el pa\u00eds seg\u00fan la normatividad vigente.<\/li>\n<li>Para programas de formaci\u00f3n t\u00e9cnica profesional, se podr\u00e1 presentar certificado de educaci\u00f3n b\u00e1sica secundaria.<\/li>\n<li>Para nivel tecnol\u00f3gico o profesional universitario, original o copia de Acta de Grado de bachiller otorgados por instituciones p\u00fablicas o privadas, debidamente reconocidas por el gobierno nacional.<\/li>\n<li>Copia del documento de identidad (c\u00e9dula, tarjeta de identidad, o c\u00e9dula de extranjer\u00eda).<\/li>\n<li>Dos (2) fotograf\u00edas recientes tama\u00f1o documento 3 x 4cm.<\/li>\n<li>Recibo de pago Inscripci\u00f3n. (<a href=\"http:\/\/www.recibo.appcotecnova.es\/\" target=\"_blank\" rel=\"noopener\">Descargar<\/a>)\n<ul>\n<li>Programas por ciclos proped\u00e9uticos: $145.912<\/li>\n<li>Programas terminales: $91.787<\/li>\n<\/ul>\n<\/li>\n<li>Sobre de Manila tama\u00f1o oficio.<\/li>\n<\/ul>\n<h5><strong>Documentos exigidos para la inscripci\u00f3n (Programas en Convenio):<\/strong><\/h5>\n<ul>\n<li>Examen de Estado para el ingreso a la Educaci\u00f3n Superior.<\/li>\n<li>Fotocopia del diploma y acta de grado de bachiller.<\/li>\n<li>Fotocopia Ampliada al 150 del Documento de Identidad.<\/li>\n<li>3 Fotos tama\u00f1o documento fondo blanco.<\/li>\n<li>Sobre de Manila tama\u00f1o oficio.<\/li>\n<li>Recibo de pago de inscripci\u00f3n.<\/li>\n<\/ul>\n<h5><strong>Documentos exigidos para la inscripci\u00f3n (Programas Posgrado):<\/strong><\/h5>\n<ul>\n<li>Formulario de inscripci\u00f3n diligenciado. (<a href=\"https:\/\/cotecnova.edu.co\/wp-content\/uploads\/2025\/11\/FORMULARIO_DE__INSCRIPCION_V2.docx\" target=\"_blank\" rel=\"noopener\">Descargar<\/a>)<\/li>\n<li>Original o copia del acta de pregrado profesional universitario.<\/li>\n<li>Copia del documento de identidad (c\u00e9dula, tarjeta de identidad, o c\u00e9dula de extranjer\u00eda).<\/li>\n<li>Dos (2) fotograf\u00edas recientes tama\u00f1o documento 3 x 4cm.<\/li>\n<li>Recibo de pago Inscripci\u00f3n. (<a href=\"http:\/\/www.recibo.appcotecnova.es\/\" target=\"_blank\" rel=\"noopener\">Descargar<\/a>)\n<ul>\n<li>Programas posgrado: $145.912<\/li>\n<\/ul>\n<\/li>\n<li>Sobre de Manila tama\u00f1o oficio.<\/li>\n<\/ul>\n<hr \/>\n<h3 style=\"text-align: center;\"><span style=\"color: #008000;\"><strong>Documentos Adicionales<\/strong><\/span><\/h3>\n<p><b><strong>Ciclos Profesionales:<\/strong><\/b><\/p>\n<ul>\n<li>Certificado de Notas.<\/li>\n<li>Fotocopia\u00a0 de Acta y Diploma de Tecn\u00f3logo.<\/li>\n<\/ul>\n<h3 style=\"text-align: center;\"><span style=\"color: #008000;\"><strong>Homologaciones y Transferencias<\/strong><\/span><\/h3>\n<p>Documentos exigidos para homologar otros programas:<\/p>\n<ul>\n<li>Recibo de pago homologaci\u00f3n. (<a href=\"http:\/\/www.recibo.appcotecnova.es\/\" target=\"_blank\" rel=\"noopener\">Descargar<\/a>)\n<ul>\n<li>Estudio de homologaci\u00f3n: $12.628<\/li>\n<\/ul>\n<\/li>\n<li>Certificado de Notas y contenidos.<\/li>\n<li>Paz y Salvo de Instituci\u00f3n Educativa de donde proviene.<\/li>\n<\/ul>\n<hr \/>\n<p style=\"text-align: center;\"><em>Instituci\u00f3n de Educaci\u00f3n Superior sujeta a Inspecci\u00f3n y Vigilancia por el Ministerio de Educaci\u00f3n Nacional<\/em><\/p>\n<\/div><\/div><\/section>\n<section class='av_tab_section av_tab_section av-1tx89aw-505ada3d477b4ff894c57d05c6dbe651'  itemscope=\"itemscope\" itemtype=\"https:\/\/schema.org\/CreativeWork\" ><div id='tab-id-2-tab' class='tab' role='tab' aria-selected=\"false\" tabindex=\"0\" data-fake-id='#tab-id-2' aria-controls='tab-id-2-content'  itemprop=\"headline\" ><span class='tab_icon avia-iconfont avia-font-entypo-fontello' data-av_icon='\ue84d' data-av_iconfont='entypo-fontello' ><\/span>Perfil de Egreso<\/div><div id='tab-id-2-content' class='tab_content' role='tabpanel' aria-labelledby='tab-id-2-tab' aria-hidden=\"true\"><div class='tab_inner_content invers-color'  itemprop=\"text\" ><h3 style=\"text-align: center;\"><span style=\"color: #008000;\">Perfil Ocupacional<\/span><\/h3>\n<p>El <strong>Tecn\u00f3logo en Gesti\u00f3n de Empresas de Salud<\/strong> puede desempe\u00f1arse como jefe de servicios hospitalarios de primer nivel de atenci\u00f3n, asistente administrativo, jefe de las \u00e1reas de suministros, personal o facturaci\u00f3n, asistente de presupuestos, asistente de auditor\u00eda en salud o asesor de atenci\u00f3n al usuario, en las diferentes organizaciones pertenecientes al sector de la salud.<\/p>\n<\/div><\/div><\/section>\n<section class='av_tab_section av_tab_section av-z1yooo-eaf628392c1c9d9706acd2e1efc1886b'  itemscope=\"itemscope\" itemtype=\"https:\/\/schema.org\/CreativeWork\" ><div id='tab-id-3-tab' class='tab' role='tab' aria-selected=\"false\" tabindex=\"0\" data-fake-id='#tab-id-3' aria-controls='tab-id-3-content'  itemprop=\"headline\" ><span class='tab_icon avia-iconfont avia-font-entypo-fontello' data-av_icon='\ue8d8' data-av_iconfont='entypo-fontello' ><\/span>Plan de Estudios<\/div><div id='tab-id-3-content' class='tab_content' role='tabpanel' aria-labelledby='tab-id-3-tab' aria-hidden=\"true\"><div class='tab_inner_content invers-color'  itemprop=\"text\" ><h4><span style=\"color: #008000;\">Primer Semestre<\/span><\/h4>\n<table width=\"390\">\n<tbody>\n<tr>\n<td width=\"310\">\n<p style=\"text-align: center;\"><strong>Asignatura<\/strong><\/p>\n<\/td>\n<td style=\"font-style: inherit; font-weight: inherit; text-align: center;\" width=\"80\"><strong>Cr\u00e9ditos<\/strong><\/td>\n<\/tr>\n<tr>\n<td style=\"font-style: inherit; font-weight: inherit;\">C\u00e1tedra Escolme<\/td>\n<td style=\"font-style: inherit; font-weight: inherit;\">\u00a01<\/td>\n<\/tr>\n<tr>\n<td style=\"font-style: inherit; font-weight: inherit;\">Etimolog\u00eda M\u00e9dica<\/td>\n<td style=\"font-style: inherit; font-weight: inherit;\">\u00a02<\/td>\n<\/tr>\n<tr>\n<td style=\"font-style: inherit; font-weight: inherit;\">Fundamentos de Administraci\u00f3n<\/td>\n<td style=\"font-style: inherit; font-weight: inherit;\">\u00a03<\/td>\n<\/tr>\n<tr>\n<td style=\"font-style: inherit; font-weight: inherit;\">Fundamentos de Mercadeo<\/td>\n<td style=\"font-style: inherit; font-weight: inherit;\">\u00a03<\/td>\n<\/tr>\n<tr>\n<td style=\"font-style: inherit; font-weight: inherit;\">Fundamentos de Salud P\u00fablica<\/td>\n<td style=\"font-style: inherit; font-weight: inherit;\">\u00a02<\/td>\n<\/tr>\n<tr>\n<td style=\"font-style: inherit; font-weight: inherit;\">Lectura Cr\u00edtica<\/td>\n<td style=\"font-style: inherit; font-weight: inherit;\">\u00a01<\/td>\n<\/tr>\n<tr>\n<td style=\"font-style: inherit; font-weight: inherit;\">Matem\u00e1ticas Operativas<\/td>\n<td style=\"font-style: inherit; font-weight: inherit;\">\u00a01<\/td>\n<\/tr>\n<tr>\n<td style=\"font-style: inherit; font-weight: inherit;\">Pensamiento Matem\u00e1tico<\/td>\n<td style=\"font-style: inherit; font-weight: inherit;\">\u00a01<\/td>\n<\/tr>\n<tr>\n<td style=\"font-style: inherit; font-weight: inherit;\">Teor\u00eda Contable<\/td>\n<td style=\"font-style: inherit; font-weight: inherit;\">\u00a02<\/td>\n<\/tr>\n<\/tbody>\n<\/table>\n<h4><span style=\"color: #008000;\">Segundo Semestre<\/span><\/h4>\n<table width=\"390\">\n<tbody>\n<tr>\n<td style=\"font-style: inherit; font-weight: inherit; text-align: center;\" width=\"310\"><strong>Asignatura<\/strong><\/td>\n<td style=\"font-style: inherit; font-weight: inherit; text-align: center;\" width=\"80\"><strong>Cr\u00e9ditos<\/strong><\/td>\n<\/tr>\n<tr>\n<td style=\"font-style: inherit; font-weight: inherit;\">Contabilidad General<\/td>\n<td style=\"font-style: inherit; font-weight: inherit;\">2<\/td>\n<\/tr>\n<tr>\n<td style=\"font-style: inherit; font-weight: inherit;\">Escritura<\/td>\n<td style=\"font-style: inherit; font-weight: inherit;\">2<\/td>\n<\/tr>\n<tr>\n<td style=\"font-style: inherit; font-weight: inherit;\">Fundamentos de Econom\u00eda<\/td>\n<td style=\"font-style: inherit; font-weight: inherit;\">2<\/td>\n<\/tr>\n<tr>\n<td style=\"font-style: inherit; font-weight: inherit;\">Gesti\u00f3n y Servicio al Usuario<\/td>\n<td style=\"font-style: inherit; font-weight: inherit;\">2<\/td>\n<\/tr>\n<tr>\n<td style=\"font-style: inherit; font-weight: inherit;\">Identificaci\u00f3n y Registro<\/td>\n<td style=\"font-style: inherit; font-weight: inherit;\">2<\/td>\n<\/tr>\n<tr>\n<td style=\"font-style: inherit; font-weight: inherit;\">Ret\u00f3rica<\/td>\n<td style=\"font-style: inherit; font-weight: inherit;\">2<\/td>\n<\/tr>\n<tr>\n<td style=\"font-style: inherit; font-weight: inherit;\">Sistema General de Seguridad Social<\/td>\n<td style=\"font-style: inherit; font-weight: inherit;\">2<\/td>\n<\/tr>\n<tr>\n<td style=\"font-style: inherit; font-weight: inherit;\">Sistemas de Informaci\u00f3n en Salud<\/td>\n<td style=\"font-style: inherit; font-weight: inherit;\">2<\/td>\n<\/tr>\n<\/tbody>\n<\/table>\n<h4><span style=\"color: #008000;\">Tercer Semestre<\/span><\/h4>\n<table width=\"390\">\n<tbody>\n<tr>\n<td style=\"font-style: inherit; font-weight: inherit; text-align: center;\" width=\"310\"><strong>Asignatura<\/strong><\/td>\n<td style=\"font-style: inherit; font-weight: inherit; text-align: center;\" width=\"80\"><strong>Cr\u00e9ditos<\/strong><\/td>\n<\/tr>\n<tr>\n<td style=\"font-style: inherit; font-weight: inherit;\">Constituci\u00f3n Pol\u00edtica<\/td>\n<td style=\"font-style: inherit; font-weight: inherit;\">1<\/td>\n<\/tr>\n<tr>\n<td style=\"font-style: inherit; font-weight: inherit;\">Costos<\/td>\n<td style=\"font-style: inherit; font-weight: inherit;\">2<\/td>\n<\/tr>\n<tr>\n<td style=\"font-style: inherit; font-weight: inherit;\">Estad\u00edstica Descriptiva<\/td>\n<td style=\"font-style: inherit; font-weight: inherit;\">2<\/td>\n<\/tr>\n<tr>\n<td style=\"font-style: inherit; font-weight: inherit;\">Facturaci\u00f3n y Manuales Tarifarios<\/td>\n<td style=\"font-style: inherit; font-weight: inherit;\">2<\/td>\n<\/tr>\n<tr>\n<td style=\"font-style: inherit; font-weight: inherit;\">Gesti\u00f3n de Suministros y Equipos Biom\u00e9dicos<\/td>\n<td style=\"font-style: inherit; font-weight: inherit;\">2<\/td>\n<\/tr>\n<tr>\n<td style=\"font-style: inherit; font-weight: inherit;\">Introducci\u00f3n al C\u00e1lculo<\/td>\n<td style=\"font-style: inherit; font-weight: inherit;\">3<\/td>\n<\/tr>\n<tr>\n<td style=\"font-style: inherit; font-weight: inherit;\">Legislaci\u00f3n Laboral<\/td>\n<td style=\"font-style: inherit; font-weight: inherit;\">2<\/td>\n<\/tr>\n<tr>\n<td style=\"font-style: inherit; font-weight: inherit;\">Lengua Extranjera I<\/td>\n<td style=\"font-style: inherit; font-weight: inherit;\">2<\/td>\n<\/tr>\n<\/tbody>\n<\/table>\n<h4><span style=\"color: #008000;\">Cuarto Semestre<\/span><\/h4>\n<table width=\"390\">\n<tbody>\n<tr>\n<td style=\"font-style: inherit; font-weight: inherit;\" width=\"310\">\n<p style=\"text-align: center;\"><strong>Asignatura<\/strong><\/p>\n<\/td>\n<td style=\"font-style: inherit; font-weight: inherit; text-align: center;\" width=\"80\"><strong>Cr\u00e9ditos<\/strong><\/td>\n<\/tr>\n<tr>\n<td style=\"font-style: inherit; font-weight: inherit;\">Administraci\u00f3n por Procesos<\/td>\n<td style=\"font-style: inherit; font-weight: inherit;\">3<\/td>\n<\/tr>\n<tr>\n<td style=\"font-style: inherit; font-weight: inherit;\">Auditor\u00eda de Cuentas M\u00e9dicas I<\/td>\n<td style=\"font-style: inherit; font-weight: inherit;\">2<\/td>\n<\/tr>\n<tr>\n<td style=\"font-style: inherit; font-weight: inherit;\">Gesti\u00f3n Integral de\u00a0Servicios Hospitalarios<\/td>\n<td style=\"font-style: inherit; font-weight: inherit;\">2<\/td>\n<\/tr>\n<tr>\n<td style=\"font-style: inherit; font-weight: inherit;\">Intra Emprendimiento<\/td>\n<td style=\"font-style: inherit; font-weight: inherit;\">1<\/td>\n<\/tr>\n<tr>\n<td style=\"font-style: inherit; font-weight: inherit;\">Lengua Extranjera II<\/td>\n<td style=\"font-style: inherit; font-weight: inherit;\">2<\/td>\n<\/tr>\n<tr>\n<td>Optativa I<\/td>\n<td style=\"font-style: inherit; font-weight: inherit;\">3<\/td>\n<\/tr>\n<tr>\n<td>Promoci\u00f3n y Publicidad<\/td>\n<td style=\"font-style: inherit; font-weight: inherit;\">3<\/td>\n<\/tr>\n<\/tbody>\n<\/table>\n<h4><span style=\"color: #008000;\">Quinto Semestre<\/span><\/h4>\n<table width=\"390\">\n<tbody>\n<tr>\n<td width=\"310\">\n<p style=\"text-align: center;\"><strong>Asignatura<\/strong><\/p>\n<\/td>\n<td style=\"font-style: inherit; font-weight: inherit; text-align: center;\" width=\"80\"><strong>Cr\u00e9ditos<\/strong><\/td>\n<\/tr>\n<tr>\n<td>Administraci\u00f3n de Salarios y Seguridad Social<\/td>\n<td style=\"font-style: inherit; font-weight: inherit;\">3<\/td>\n<\/tr>\n<tr>\n<td>Auditor\u00eda de Cuentas M\u00e9dicas II<\/td>\n<td style=\"font-style: inherit; font-weight: inherit;\">2<\/td>\n<\/tr>\n<tr>\n<td>Gesti\u00f3n de Cartera en Salud<\/td>\n<td style=\"font-style: inherit; font-weight: inherit;\">3<\/td>\n<\/tr>\n<tr>\n<td>Lengua Extranjera III<\/td>\n<td style=\"font-style: inherit; font-weight: inherit;\">2<\/td>\n<\/tr>\n<tr>\n<td>Presupuestos<\/td>\n<td style=\"font-style: inherit; font-weight: inherit;\">2<\/td>\n<\/tr>\n<tr>\n<td>Profundizaci\u00f3n I<\/td>\n<td style=\"font-style: inherit; font-weight: inherit;\">3<\/td>\n<\/tr>\n<tr>\n<td>Sistema de Gesti\u00f3n de Calidad I<\/td>\n<td style=\"font-style: inherit; font-weight: inherit;\">2<\/td>\n<\/tr>\n<\/tbody>\n<\/table>\n<h4><span style=\"color: #008000;\">Sexto Semestre<\/span><\/h4>\n<table width=\"390\">\n<tbody>\n<tr>\n<td width=\"310\">\n<p style=\"text-align: center;\"><strong>Asignatura<\/strong><\/p>\n<\/td>\n<td style=\"font-style: inherit; font-weight: inherit; text-align: center;\" width=\"80\"><strong>Cr\u00e9ditos<\/strong><\/td>\n<\/tr>\n<tr>\n<td>Electiva I<\/td>\n<td style=\"font-style: inherit; font-weight: inherit;\">2<\/td>\n<\/tr>\n<tr>\n<td>\u00c9tica y Responsabilidad Social Empresarial<\/td>\n<td style=\"font-style: inherit; font-weight: inherit;\">2<\/td>\n<\/tr>\n<tr>\n<td>Lengua Extranjera IV<\/td>\n<td style=\"font-style: inherit; font-weight: inherit;\">2<\/td>\n<\/tr>\n<tr>\n<td>Modalidad de Grado<\/td>\n<td style=\"font-style: inherit; font-weight: inherit;\">6<\/td>\n<\/tr>\n<tr>\n<td>Profundizaci\u00f3n II<\/td>\n<td style=\"font-style: inherit; font-weight: inherit;\">2<\/td>\n<\/tr>\n<tr>\n<td>Sistema de Gesti\u00f3n de Calidad II<\/td>\n<td style=\"font-style: inherit; font-weight: inherit;\">2<\/td>\n<\/tr>\n<\/tbody>\n<\/table>\n<\/div><\/div><\/section>\n<section class='av_tab_section av_tab_section av-mwpy0o-0684076d2e302a41d34506f97bbeec47'  itemscope=\"itemscope\" itemtype=\"https:\/\/schema.org\/CreativeWork\" ><div id='tab-id-4-tab' class='tab' role='tab' aria-selected=\"false\" tabindex=\"0\" data-fake-id='#tab-id-4' aria-controls='tab-id-4-content'  itemprop=\"headline\" ><span class='tab_icon avia-iconfont avia-font-entypo-fontello' data-av_icon='\ue854' data-av_iconfont='entypo-fontello' ><\/span>M\u00e1s Informaci\u00f3n<\/div><div id='tab-id-4-content' class='tab_content' role='tabpanel' aria-labelledby='tab-id-4-tab' aria-hidden=\"true\"><div class='tab_inner_content invers-color'  itemprop=\"text\" ><h3 style=\"text-align: center;\"><span style=\"color: #008000;\">M\u00e1s Informaci\u00f3n<\/span><\/h3>\n<p><strong>Tel\u00e9fono:<\/strong> (602) 213 4421 Ext. 101<\/p>\n<p><strong>Celular:<\/strong> <a href=\"https:\/\/wa.me\/573154338604\" target=\"_blank\" rel=\"noopener\">(+57) 315 433 8604<\/a><\/p>\n<p><strong>Correo:<\/strong> <a href=\"mailto:info@cotecnova.edu.co\">info@cotecnova.edu.co<\/a><\/p>\n<p>Calle 10 # 3-95 Cartago, Valle<\/p>\n<h5>Centro de Educaci\u00f3n a Distancia \u2013 CEAD<\/h5>\n<p><strong>Correo:<\/strong>\u00a0<a href=\"mailto:cead@cotecnova.edu.co\">cead@cotecnova.edu.co<\/a><\/p>\n<\/div><\/div><\/section>\n<\/div><\/div>\n","protected":false},"excerpt":{"rendered":"","protected":false},"author":2,"featured_media":0,"parent":0,"menu_order":0,"comment_status":"closed","ping_status":"closed","template":"","meta":{"_joinchat":[],"footnotes":""},"class_list":["post-14072","page","type-page","status-publish","hentry"],"nelio_popups_active_popup":"","_links":{"self":[{"href":"https:\/\/cotecnova.edu.co\/index.php\/wp-json\/wp\/v2\/pages\/14072","targetHints":{"allow":["GET"]}}],"collection":[{"href":"https:\/\/cotecnova.edu.co\/index.php\/wp-json\/wp\/v2\/pages"}],"about":[{"href":"https:\/\/cotecnova.edu.co\/index.php\/wp-json\/wp\/v2\/types\/page"}],"author":[{"embeddable":true,"href":"https:\/\/cotecnova.edu.co\/index.php\/wp-json\/wp\/v2\/users\/2"}],"replies":[{"embeddable":true,"href":"https:\/\/cotecnova.edu.co\/index.php\/wp-json\/wp\/v2\/comments?post=14072"}],"version-history":[{"count":18,"href":"https:\/\/cotecnova.edu.co\/index.php\/wp-json\/wp\/v2\/pages\/14072\/revisions"}],"predecessor-version":[{"id":15722,"href":"https:\/\/cotecnova.edu.co\/index.php\/wp-json\/wp\/v2\/pages\/14072\/revisions\/15722"}],"wp:attachment":[{"href":"https:\/\/cotecnova.edu.co\/index.php\/wp-json\/wp\/v2\/media?parent=14072"}],"curies":[{"name":"wp","href":"https:\/\/api.w.org\/{rel}","templated":true}]}}