{"id":15139,"date":"2025-01-31T17:58:13","date_gmt":"2025-01-31T22:58:13","guid":{"rendered":"https:\/\/cotecnova.edu.co\/?page_id=15139"},"modified":"2025-07-18T08:17:34","modified_gmt":"2025-07-18T13:17:34","slug":"convenio_unade","status":"publish","type":"page","link":"https:\/\/cotecnova.edu.co\/index.php\/convenio_unade\/","title":{"rendered":"Convenio UNADE"},"content":{"rendered":"\n<style type=\"text\/css\" data-created_by=\"avia_inline_auto\" id=\"style-css-av-8gf9ab-4071d423f147b2fa3ed1eb24076c02ec\">\n.flex_column.av-8gf9ab-4071d423f147b2fa3ed1eb24076c02ec{\nborder-radius:0px 0px 0px 0px;\npadding:0px 0px 0px 0px;\n}\n<\/style>\n<div  class='flex_column av-8gf9ab-4071d423f147b2fa3ed1eb24076c02ec av_one_full  avia-builder-el-0  el_before_av_one_full  avia-builder-el-first  first flex_column_div av-zero-column-padding  '     ><style type=\"text\/css\" data-created_by=\"avia_inline_auto\" id=\"style-css-av-m6ld55ua-1986d7ac6fc570a69cb5cb6ae9906cb8\">\n.avia-image-container.av-m6ld55ua-1986d7ac6fc570a69cb5cb6ae9906cb8 img.avia_image{\nbox-shadow:none;\n}\n.avia-image-container.av-m6ld55ua-1986d7ac6fc570a69cb5cb6ae9906cb8 .av-image-caption-overlay-center{\ncolor:#ffffff;\n}\n<\/style>\n<div  class='avia-image-container av-m6ld55ua-1986d7ac6fc570a69cb5cb6ae9906cb8 av-styling- avia-align-center  avia-builder-el-1  avia-builder-el-no-sibling '   itemprop=\"image\" itemscope=\"itemscope\" itemtype=\"https:\/\/schema.org\/ImageObject\" ><div class=\"avia-image-container-inner\"><div class=\"avia-image-overlay-wrap\"><img fetchpriority=\"high\" class='wp-image-15476 avia-img-lazy-loading-not-15476 avia_image ' src='https:\/\/cotecnova.edu.co\/wp-content\/uploads\/2025\/07\/Posgrados-UNADE_Banner.png' alt='' title='Posgrados UNADE_Banner'  height=\"980\" width=\"3465\"  itemprop=\"thumbnailUrl\"  \/><\/div><\/div><\/div><\/div>\n\n<style type=\"text\/css\" data-created_by=\"avia_inline_auto\" id=\"style-css-av-1yb4fr7-2f4f4b7b294ab1e727772abdb0a80a93\">\n.flex_column.av-1yb4fr7-2f4f4b7b294ab1e727772abdb0a80a93{\nborder-radius:0px 0px 0px 0px;\npadding:0px 0px 0px 0px;\n}\n<\/style>\n<div  class='flex_column av-1yb4fr7-2f4f4b7b294ab1e727772abdb0a80a93 av_one_full  avia-builder-el-2  el_after_av_one_full  avia-builder-el-last  first flex_column_div av-zero-column-padding  column-top-margin'     ><div  class='tabcontainer av-1flki99-9709b716edbc02162346662a4a10178e sidebar_tab sidebar_tab_left  avia-builder-el-3  avia-builder-el-no-sibling  border_tabs'>\n<section class='av_tab_section av_tab_section av-putbbc-84b3163824c2962969bf4510d415ee0c'  itemscope=\"itemscope\" itemtype=\"https:\/\/schema.org\/CreativeWork\" ><div id='tab-id-1-tab' class='tab active_tab' role='tab' aria-selected=\"true\" tabindex=\"0\" data-fake-id='#tab-id-1' aria-controls='tab-id-1-content'  itemprop=\"headline\" ><span class='tab_icon avia-iconfont avia-font-entypo-fontello' data-av_icon='\ue81f' data-av_iconfont='entypo-fontello' ><\/span>Presentaci\u00f3n<\/div><div id='tab-id-1-content' class='tab_content active_tab_content' role='tabpanel' aria-labelledby='tab-id-1-tab' aria-hidden=\"false\"><div class='tab_inner_content invers-color'  itemprop=\"text\" ><h3 style=\"text-align: center;\"><span style=\"color: #008000;\">Convenivo UNADE<\/span><\/h3>\n<p data-start=\"377\" data-end=\"747\">La <strong>Corporaci\u00f3n de Estudios Tecnol\u00f3gicos del Norte del Valle \u2013 COTECNOVA<\/strong>, en su firme compromiso por fortalecer la formaci\u00f3n integral, innovadora e inclusiva de su comunidad acad\u00e9mica, ha suscrito un convenio general de colaboraci\u00f3n con la <span style=\"color: #339966;\"><strong><a style=\"color: #339966;\" href=\"https:\/\/unade.edu.mx\/\" target=\"_blank\" rel=\"noopener\">Universidad Americana de Europa \u2013 UNADE<\/a><\/strong><\/span>, una reconocida instituci\u00f3n de educaci\u00f3n superior con proyecci\u00f3n internacional.<\/p>\n<p data-start=\"377\" data-end=\"747\">Este convenio establece una alianza estrat\u00e9gica de cooperaci\u00f3n acad\u00e9mica, cient\u00edfica, tecnol\u00f3gica y social, orientada al desarrollo de proyectos conjuntos que potencien el conocimiento, la movilidad acad\u00e9mica y el crecimiento profesional de nuestros estudiantes, docentes e investigadores.<\/p>\n<p data-start=\"1072\" data-end=\"1310\">El acuerdo busca fomentar la colaboraci\u00f3n mutua y el intercambio de saberes, promoviendo iniciativas que aporten al desarrollo educativo y al fortalecimiento institucional de ambas partes. Entre sus principales prop\u00f3sitos se destacan:<\/p>\n<ul>\n<li data-start=\"1314\" data-end=\"1380\">Dise\u00f1o y ejecuci\u00f3n de cursos conjuntos y programas acad\u00e9micos.<\/li>\n<li data-start=\"1314\" data-end=\"1380\">Movilidad e intercambio de estudiantes y profesores entre ambas instituciones.<\/li>\n<li data-start=\"1468\" data-end=\"1553\">Desarrollo de proyectos de investigaci\u00f3n, publicaciones acad\u00e9micas y cient\u00edficas.<\/li>\n<li data-start=\"1556\" data-end=\"1613\">Promoci\u00f3n de pr\u00e1cticas profesionales internacionales.<\/li>\n<li data-start=\"1616\" data-end=\"1691\">Realizaci\u00f3n de eventos acad\u00e9micos, conferencias, congresos y simposios.<\/li>\n<li data-start=\"1694\" data-end=\"1750\">Intercambio de informaci\u00f3n cient\u00edfica y tecnol\u00f3gica.<\/li>\n<\/ul>\n<p>Este convenio tiene vigencia indefinida, lo que permitir\u00e1 consolidar una colaboraci\u00f3n sostenida en el tiempo, respetando siempre la autonom\u00eda institucional de cada parte y estableciendo mecanismos de di\u00e1logo y resoluci\u00f3n de conflictos para el cumplimiento efectivo de los objetivos planteados.<\/p>\n<hr \/>\n<p><span style=\"color: #339966;\"><strong><a style=\"color: #339966;\" href=\"https:\/\/cotecnova.edu.co\/wp-content\/uploads\/2025\/07\/CONVENIO-MARCO-UNADE-COTECNOVA-FIRMADO.pdf\" target=\"_blank\" rel=\"noopener\">Convenio General de Colaboraci\u00f3n COTECNOVA &#8211; UNADE<\/a><\/strong><\/span><\/p>\n<\/div><\/div><\/section>\n<section class='av_tab_section av_tab_section av-o0hmiw-1a42eb8d35be6a8f349b391b4b18e7a9'  itemscope=\"itemscope\" itemtype=\"https:\/\/schema.org\/CreativeWork\" ><div id='tab-id-2-tab' class='tab' role='tab' aria-selected=\"false\" tabindex=\"0\" data-fake-id='#tab-id-2' aria-controls='tab-id-2-content'  itemprop=\"headline\" ><span class='tab_icon avia-iconfont avia-font-entypo-fontello' data-av_icon='\ue84d' data-av_iconfont='entypo-fontello' ><\/span>Informaci\u00f3n<\/div><div id='tab-id-2-content' class='tab_content' role='tabpanel' aria-labelledby='tab-id-2-tab' aria-hidden=\"true\"><div class='tab_inner_content invers-color'  itemprop=\"text\" ><h3 style=\"text-align: center;\"><span style=\"color: #008000;\">Inscripciones<\/span><\/h3>\n<p>La Corporaci\u00f3n de Estudios Tecnol\u00f3gicos del Norte del Valle informa a la comunidad que se encuentra en periodo de inscripciones, el horario de atenci\u00f3n al p\u00fablico ser\u00e1 el siguiente:<\/p>\n<p><strong>Lunes a Viernes:\u00a0<\/strong>8:00 am. a 12:00 pm. y 2:00 pm. a 7:00 pm.<\/p>\n<p><strong>S\u00e1bados:\u00a0<\/strong>8:00 am. a 12:00 m.<\/p>\n<p><strong>Direcci\u00f3n:<\/strong>\u00a0CL 10 No. 3-95 Cartago, Valle<\/p>\n<p><strong>Tel\u00e9fonos:<\/strong>\u00a0(602) 213 4421 Ext. 101 (Informaci\u00f3n) \/ Ext. 104 (Financiera)<\/p>\n<p><strong>WhatsApp:<\/strong>\u00a0(57) 315 433 8604 (Informaci\u00f3n) \/ (57) 318 707 6901 (Financiera)<\/p>\n<hr \/>\n<h3 style=\"text-align: center;\"><span style=\"color: #008000;\">Requisitos<\/span><\/h3>\n<p data-start=\"374\" data-end=\"584\">Para acceder a los programas de maestr\u00eda o doctorado ofrecidos a trav\u00e9s del convenio entre <strong data-start=\"465\" data-end=\"523\">COTECNOVA <\/strong>y<strong data-start=\"465\" data-end=\"523\"> La Universidad Americana de Europa \u2013 UNADE<\/strong>, es necesario cumplir con los siguientes requisitos b\u00e1sicos:<\/p>\n<ul data-start=\"586\" data-end=\"1067\">\n<li>Fotocopia del documento identificativo (RUT, C.C, Pasaporte, .\u2026)<\/li>\n<li>Carta de solicitud de matr\u00edcula al programa acad\u00e9mico deseado<\/li>\n<li>Fotocopias\u00a0de\u00a0t\u00edtulos habilitantes al programa a estudiar\n<ul>\n<li><b><span style=\"color: #000000;\">Para maestr\u00eda:<\/span> <\/b>Acta y diploma\u00a0de\u00a0grado\u00a0de\u00a0pregrado<\/li>\n<li><span style=\"color: #000000;\"><strong>Para doctorado<span style=\"color: #000000;\">: <\/span><\/strong><\/span>Acta y diploma\u00a0de\u00a0grado\u00a0de\u00a0maestr\u00eda<\/li>\n<\/ul>\n<\/li>\n<li>Hoja de vida actualizada.<\/li>\n<li>Compromiso entrega de documentaci\u00f3n (CED) firmado.\u00a0 (<a href=\"https:\/\/cotecnova.edu.co\/wp-content\/uploads\/2025\/01\/CED-UNADE-EXTRANJEROS.docx\">Descargar<\/a>)<\/li>\n<\/ul>\n<p><strong>Nota<\/strong><strong>:\u00a0<\/strong>Una vez se entreguen los documentos estos seran revisados para su aprobaci\u00f3n de ingreso y as\u00ed generar el plan de pagos del programa seleccionado e informar inicio del mismo. Los documentos deben ser entregados en el \u00e1rea de Registro y control de <b><span style=\"color: #000000;\">COTECNOVA<\/span> <\/b>para su revisi\u00f3n y posterior env\u00edo a la universidad <strong>UNADE<\/strong>.<\/p>\n<hr \/>\n<h3 style=\"text-align: center;\"><span style=\"color: #008000;\">Precios<\/span><\/h3>\n<p>Gracias al convenio con <strong>UNADE<\/strong>, desde <strong>COTECNOVA<\/strong> podr\u00e1n acceder a beneficios econ\u00f3micos especiales y sistemas de financiaci\u00f3n flexibles, seg\u00fan el programa elegido:<\/p>\n<h5>Maestr\u00edas<\/h5>\n<ul>\n<li>Valor oficial del programa:<br \/>\n14.336 \u20ac (euros)<br \/>\n$60.106.081 COP aprox.<\/li>\n<li>Valor con convenio (76,5% de descuento):<br \/>\n3.369 \u20ac(euros)<br \/>\n$14.125.096 COP aprox.<\/li>\n<li>Financiando a 18 cuotas (mensuales):<br \/>\n176.06 \u20ac(euros)<br \/>\n$738.161 COP aprox.<\/li>\n<\/ul>\n<h5>Doctorados<\/h5>\n<ul>\n<li>Valor oficial del programa:<br \/>\n25.072 \u20ac (euros)<br \/>\n$105.118.560 COP aprox.<\/li>\n<li>Valor con convenio (73% de descuento):<br \/>\n6.769 \u20ac(euros)<br \/>\n$28.380.166 COP aprox.<\/li>\n<li>Financiando a 32 cuotas (mensuales):<br \/>\n205.28 \u20ac(euros)<br \/>\n$860.670 COP aprox.<\/li>\n<\/ul>\n<p><strong>Nota:\u00a0<\/strong>La tasa final ser\u00e1 determinada al momento del pago seg\u00fan la cotizaci\u00f3n vigente del euro.<\/p>\n<\/div><\/div><\/section>\n<section class='av_tab_section av_tab_section av-w16prc-f7b5335f2b98bf49d2b096414bd4bdb2'  itemscope=\"itemscope\" itemtype=\"https:\/\/schema.org\/CreativeWork\" ><div id='tab-id-3-tab' class='tab' role='tab' aria-selected=\"false\" tabindex=\"0\" data-fake-id='#tab-id-3' aria-controls='tab-id-3-content'  itemprop=\"headline\" ><span class='tab_icon avia-iconfont avia-font-entypo-fontello' data-av_icon='\ue8db' data-av_iconfont='entypo-fontello' ><\/span>Maestr\u00edas<\/div><div id='tab-id-3-content' class='tab_content' role='tabpanel' aria-labelledby='tab-id-3-tab' aria-hidden=\"true\"><div class='tab_inner_content invers-color'  itemprop=\"text\" ><h3 style=\"text-align: center;\"><span style=\"color: #008000;\">Maestr\u00edas Disponibles<\/span><\/h3>\n<p><iframe loading=\"lazy\" src=\"https:\/\/unade.edu.mx\/maestrias-en-linea\/\" width=\"1200\" height=\"1000\"><\/iframe><\/p>\n<\/div><\/div><\/section>\n<section class='av_tab_section av_tab_section av-md52g9vi-e84411b8b8f97981dc09022fd1dd7d03'  itemscope=\"itemscope\" itemtype=\"https:\/\/schema.org\/CreativeWork\" ><div id='tab-id-4-tab' class='tab' role='tab' aria-selected=\"false\" tabindex=\"0\" data-fake-id='#tab-id-4' aria-controls='tab-id-4-content'  itemprop=\"headline\" ><span class='tab_icon avia-iconfont avia-font-entypo-fontello' data-av_icon='\ue8dc' data-av_iconfont='entypo-fontello' ><\/span>Doctorados<\/div><div id='tab-id-4-content' class='tab_content' role='tabpanel' aria-labelledby='tab-id-4-tab' aria-hidden=\"true\"><div class='tab_inner_content invers-color'  itemprop=\"text\" ><h3 style=\"text-align: center;\"><span style=\"color: #008000;\">Doctorados Disponibles<\/span><\/h3>\n<p><iframe loading=\"lazy\" src=\"https:\/\/unade.edu.mx\/doctorados-en-linea\/\" width=\"1200\" height=\"1000\"><\/iframe><\/p>\n<\/div><\/div><\/section>\n<section class='av_tab_section av_tab_section av-og9m20-620e8d4353ca2115c207908639c430be'  itemscope=\"itemscope\" itemtype=\"https:\/\/schema.org\/CreativeWork\" ><div id='tab-id-5-tab' class='tab' role='tab' aria-selected=\"false\" tabindex=\"0\" data-fake-id='#tab-id-5' aria-controls='tab-id-5-content'  itemprop=\"headline\" ><span class='tab_icon avia-iconfont avia-font-entypo-fontello' data-av_icon='\ue854' data-av_iconfont='entypo-fontello' ><\/span>M\u00e1s Informaci\u00f3n<\/div><div id='tab-id-5-content' class='tab_content' role='tabpanel' aria-labelledby='tab-id-5-tab' aria-hidden=\"true\"><div class='tab_inner_content invers-color'  itemprop=\"text\" ><h3 style=\"text-align: center;\"><span style=\"color: #008000;\">M\u00e1s Informaci\u00f3n<\/span><\/h3>\n<p><strong>Tel\u00e9fono:<\/strong> (602) 213 4421 Ext. 101<\/p>\n<p><strong>Celular:<\/strong> <a href=\"https:\/\/wa.me\/573154338604\" target=\"_blank\" rel=\"noopener\">(+57) 315 433 8604<\/a><\/p>\n<p><strong>Correo:<\/strong> <a href=\"mailto:info@cotecnova.edu.co\">info@cotecnova.edu.co<\/a><\/p>\n<p>Calle 10 # 3-95 Cartago, Valle<\/p>\n<h5>Unidad de Agronom\u00eda, Veterinaria y afines<\/h5>\n<p><strong>Correo:\u00a0<\/strong><a href=\"mailto:cead@cotecnova.edu.co\">cead@cotecnova.edu.co<\/a><\/p>\n<\/div><\/div><\/section>\n<\/div><\/div>\n","protected":false},"excerpt":{"rendered":"","protected":false},"author":2,"featured_media":0,"parent":0,"menu_order":0,"comment_status":"closed","ping_status":"closed","template":"","meta":{"_joinchat":[],"footnotes":""},"class_list":["post-15139","page","type-page","status-publish","hentry"],"nelio_popups_active_popup":"","_links":{"self":[{"href":"https:\/\/cotecnova.edu.co\/index.php\/wp-json\/wp\/v2\/pages\/15139","targetHints":{"allow":["GET"]}}],"collection":[{"href":"https:\/\/cotecnova.edu.co\/index.php\/wp-json\/wp\/v2\/pages"}],"about":[{"href":"https:\/\/cotecnova.edu.co\/index.php\/wp-json\/wp\/v2\/types\/page"}],"author":[{"embeddable":true,"href":"https:\/\/cotecnova.edu.co\/index.php\/wp-json\/wp\/v2\/users\/2"}],"replies":[{"embeddable":true,"href":"https:\/\/cotecnova.edu.co\/index.php\/wp-json\/wp\/v2\/comments?post=15139"}],"version-history":[{"count":9,"href":"https:\/\/cotecnova.edu.co\/index.php\/wp-json\/wp\/v2\/pages\/15139\/revisions"}],"predecessor-version":[{"id":15145,"href":"https:\/\/cotecnova.edu.co\/index.php\/wp-json\/wp\/v2\/pages\/15139\/revisions\/15145"}],"wp:attachment":[{"href":"https:\/\/cotecnova.edu.co\/index.php\/wp-json\/wp\/v2\/media?parent=15139"}],"curies":[{"name":"wp","href":"https:\/\/api.w.org\/{rel}","templated":true}]}}