{"id":15178,"date":"2025-02-25T11:26:33","date_gmt":"2025-02-25T16:26:33","guid":{"rendered":"https:\/\/cotecnova.edu.co\/?page_id=15178"},"modified":"2026-01-08T14:53:19","modified_gmt":"2026-01-08T19:53:19","slug":"tecnologia-en-produccion-de-contenidos-digitales","status":"publish","type":"page","link":"https:\/\/cotecnova.edu.co\/index.php\/tecnologia-en-produccion-de-contenidos-digitales\/","title":{"rendered":"Tecnolog\u00eda en Producci\u00f3n de Contenidos Digitales"},"content":{"rendered":"\n<style type=\"text\/css\" data-created_by=\"avia_inline_auto\" id=\"style-css-av-3k033m2-ed813a72c8b841348b399f938388b0e1\">\n.flex_column.av-3k033m2-ed813a72c8b841348b399f938388b0e1{\nborder-radius:0px 0px 0px 0px;\npadding:0px 0px 0px 0px;\n}\n<\/style>\n<div  class='flex_column av-3k033m2-ed813a72c8b841348b399f938388b0e1 av_one_full  avia-builder-el-0  el_before_av_one_full  avia-builder-el-first  first flex_column_div av-zero-column-padding  '     ><style type=\"text\/css\" data-created_by=\"avia_inline_auto\" id=\"style-css-av-mbh0misf-046ef39b570185d58d25bc54ac1cd589\">\n.avia-image-container.av-mbh0misf-046ef39b570185d58d25bc54ac1cd589 img.avia_image{\nbox-shadow:none;\n}\n.avia-image-container.av-mbh0misf-046ef39b570185d58d25bc54ac1cd589 .av-image-caption-overlay-center{\ncolor:#ffffff;\n}\n<\/style>\n<div  class='avia-image-container av-mbh0misf-046ef39b570185d58d25bc54ac1cd589 av-styling- avia-align-center  avia-builder-el-1  avia-builder-el-no-sibling '   itemprop=\"image\" itemscope=\"itemscope\" itemtype=\"https:\/\/schema.org\/ImageObject\" ><div class=\"avia-image-container-inner\"><div class=\"avia-image-overlay-wrap\"><img fetchpriority=\"high\" class='wp-image-15398 avia-img-lazy-loading-not-15398 avia_image ' src='https:\/\/cotecnova.edu.co\/wp-content\/uploads\/2025\/06\/Tcnlg.Pro_.Cont_.Digitales_Banner.jpg' alt='' title='Tcnlg.Pro.Cont.Digitales_Banner'  height=\"470\" width=\"1663\"  itemprop=\"thumbnailUrl\"  \/><\/div><\/div><\/div><\/div>\n\n<style type=\"text\/css\" data-created_by=\"avia_inline_auto\" id=\"style-css-av-2r72a4q-e6fd08d8e3b6d1e8a12f88ddbb2c26c3\">\n.flex_column.av-2r72a4q-e6fd08d8e3b6d1e8a12f88ddbb2c26c3{\nborder-radius:0px 0px 0px 0px;\npadding:0px 0px 0px 0px;\n}\n<\/style>\n<div  class='flex_column av-2r72a4q-e6fd08d8e3b6d1e8a12f88ddbb2c26c3 av_one_full  avia-builder-el-2  el_after_av_one_full  avia-builder-el-last  first flex_column_div av-zero-column-padding  column-top-margin'     ><div  class='tabcontainer av-1flki99-9709b716edbc02162346662a4a10178e sidebar_tab sidebar_tab_left  avia-builder-el-3  avia-builder-el-no-sibling  border_tabs'>\n<section class='av_tab_section av_tab_section av-25ny1nu-2b9af6b0534a2aab8a7735a4dec60cd1'  itemscope=\"itemscope\" itemtype=\"https:\/\/schema.org\/CreativeWork\" ><div id='tab-id-1-tab' class='tab active_tab' role='tab' aria-selected=\"true\" tabindex=\"0\" data-fake-id='#tab-id-1' aria-controls='tab-id-1-content'  itemprop=\"headline\" ><span class='tab_icon avia-iconfont avia-font-entypo-fontello' data-av_icon='\ue81f' data-av_iconfont='entypo-fontello' ><\/span>Presentaci\u00f3n<\/div><div id='tab-id-1-content' class='tab_content active_tab_content' role='tabpanel' aria-labelledby='tab-id-1-tab' aria-hidden=\"false\"><div class='tab_inner_content invers-color'  itemprop=\"text\" ><h3 style=\"text-align: center;\"><span style=\"color: #008000;\">Nuestro Programa<\/span><\/h3>\n<p>La\u00a0<strong>Tecnolog\u00eda en Producci\u00f3n de Contenidos Digitales<\/strong>\u00a0es un programa dise\u00f1ado bajo el\u00a0<strong><a href=\"https:\/\/especiales.colombiaaprende.edu.co\/mnc\/index.html\" target=\"_blank\" rel=\"noopener\">Marco Nacional de Cualificaciones<\/a><\/strong>\u00a0enmarcada en el \u00e1rea de cualificaci\u00f3n \u00abInform\u00e1tica y Comunicaciones \u2013 INCO\u00bb. Busca preparar egresados capaces de desarrollar productos multimedia interactivos, colaborando con la formulaci\u00f3n de planes de contenidos digitales, investigaci\u00f3n, desarrollo, su organizaci\u00f3n y actualizaci\u00f3n de modelos de producci\u00f3n. As\u00ed como la posproducci\u00f3n, integraci\u00f3n, aplicaciones m\u00f3viles y gesti\u00f3n de la calidad multimedia, para responder a la din\u00e1mica del sector productivo, los requerimientos del mercado laboral y las tendencias tecnol\u00f3gicas.<\/p>\n<hr \/>\n<p style=\"text-align: left;\"><strong>T\u00edtulo que Otorga:<\/strong> Tecn\u00f3logo en Producci\u00f3n de Contenidos Digitales<\/p>\n<p><strong>Nivel Acad\u00e9mico:\u00a0<\/strong>Pregrado<\/p>\n<p><strong>Nivel de Formaci\u00f3n:<\/strong> Tecnol\u00f3gico<\/p>\n<p style=\"text-align: left;\"><strong>Registro:<\/strong> Resoluci\u00f3n No. 2430 del 13\u00a0 de Febrero de 2025<\/p>\n<p style=\"text-align: left;\"><strong>C\u00f3digo SNIES:<\/strong> 117831 (<a href=\"https:\/\/cotecnova.edu.co\/wp-content\/uploads\/2025\/06\/SNIES-Tecnlg.-Prod.-Cont.-Dig.-2025.pdf\" target=\"_blank\" rel=\"noopener\">Consultar<\/a>)<\/p>\n<p style=\"text-align: left;\"><strong>Duraci\u00f3n:<\/strong> 6 Semestres<\/p>\n<p style=\"text-align: left;\"><strong>Modalidad:<\/strong>\u00a0Presencial<\/p>\n<p style=\"text-align: left;\"><strong>Jornada:<\/strong> Diurna \u2013 Nocturna<\/p>\n<p style=\"text-align: left;\"><strong>Cr\u00e9ditos acad\u00e9micos:<\/strong> 95 cr\u00e9ditos<\/p>\n<p style=\"text-align: left;\"><strong>Inscripci\u00f3n:<\/strong> $91.787<\/p>\n<p style=\"text-align: left;\"><strong>Matr\u00edcula:<\/strong> $2.700.000<\/p>\n<hr \/>\n<h3 style=\"text-align: center;\"><span style=\"color: #008000;\">Inscripciones<\/span><\/h3>\n<p>La Corporaci\u00f3n de Estudios Tecnol\u00f3gicos del Norte del Valle informa a la comunidad que se encuentra en periodo de inscripciones, el horario de atenci\u00f3n al p\u00fablico ser\u00e1 el siguiente:<\/p>\n<p><strong>Lunes a Viernes:\u00a0<\/strong>8:00 am. a 12:00 pm. y 2:00 pm. a 7:00 pm.<\/p>\n<p><strong>S\u00e1bados:\u00a0<\/strong>8:00 am. a 12:00 m.<\/p>\n<p><strong>Direcci\u00f3n:<\/strong>\u00a0CL 10 No. 3-95 Cartago, Valle<\/p>\n<p><strong>Tel\u00e9fonos:<\/strong>\u00a0(602) 213 4421 Ext. 101 (Informaci\u00f3n) \/ Ext. 104 (Financiera)<\/p>\n<p><strong>WhatsApp:<\/strong>\u00a0(57) 315 433 8604 (Informaci\u00f3n) \/ (57) 318 707 6901 (Financiera)<\/p>\n<h5><strong>Documentos exigidos para la inscripci\u00f3n (Programas Propios):<\/strong><\/h5>\n<ul>\n<li>Formulario de inscripci\u00f3n diligenciado. (<a href=\"https:\/\/cotecnova.edu.co\/wp-content\/uploads\/2025\/11\/FORMULARIO_DE__INSCRIPCION_V7_.docx\" target=\"_blank\" rel=\"noopener\">Descargar<\/a>)<\/li>\n<li>Examen de Estado para el ingreso a la Educaci\u00f3n Superior nacionales o ex\u00e1menes similares homologables en el pa\u00eds seg\u00fan la normatividad vigente.<\/li>\n<li>Para programas de formaci\u00f3n t\u00e9cnica profesional, se podr\u00e1 presentar certificado de educaci\u00f3n b\u00e1sica secundaria.<\/li>\n<li>Para nivel tecnol\u00f3gico o profesional universitario, original o copia de Acta de Grado de bachiller otorgados por instituciones p\u00fablicas o privadas, debidamente reconocidas por el gobierno nacional.<\/li>\n<li>Copia del documento de identidad (c\u00e9dula, tarjeta de identidad, o c\u00e9dula de extranjer\u00eda).<\/li>\n<li>Dos (2) fotograf\u00edas recientes tama\u00f1o documento 3 x 4cm.<\/li>\n<li>Recibo de pago Inscripci\u00f3n. (<a href=\"http:\/\/www.recibo.appcotecnova.es\/\" target=\"_blank\" rel=\"noopener\">Descargar<\/a>)\n<ul>\n<li>Programas por ciclos proped\u00e9uticos: $145.912<\/li>\n<li>Programas terminales: $91.787<\/li>\n<\/ul>\n<\/li>\n<li>Sobre de Manila tama\u00f1o oficio.<\/li>\n<\/ul>\n<h5><strong>Documentos exigidos para la inscripci\u00f3n (Programas en Convenio):<\/strong><\/h5>\n<ul>\n<li>Examen de Estado para el ingreso a la Educaci\u00f3n Superior.<\/li>\n<li>Fotocopia del diploma y acta de grado de bachiller.<\/li>\n<li>Fotocopia Ampliada al 150 del Documento de Identidad.<\/li>\n<li>3 Fotos tama\u00f1o documento fondo blanco.<\/li>\n<li>Sobre de Manila tama\u00f1o oficio.<\/li>\n<li>Recibo de pago de inscripci\u00f3n.<\/li>\n<\/ul>\n<h5><strong>Documentos exigidos para la inscripci\u00f3n (Programas Posgrado):<\/strong><\/h5>\n<ul>\n<li>Formulario de inscripci\u00f3n diligenciado. (<a href=\"https:\/\/cotecnova.edu.co\/wp-content\/uploads\/2025\/11\/FORMULARIO_DE__INSCRIPCION_V2.docx\" target=\"_blank\" rel=\"noopener\">Descargar<\/a>)<\/li>\n<li>Original o copia del acta de pregrado profesional universitario.<\/li>\n<li>Copia del documento de identidad (c\u00e9dula, tarjeta de identidad, o c\u00e9dula de extranjer\u00eda).<\/li>\n<li>Dos (2) fotograf\u00edas recientes tama\u00f1o documento 3 x 4cm.<\/li>\n<li>Recibo de pago Inscripci\u00f3n. (<a href=\"http:\/\/www.recibo.appcotecnova.es\/\" target=\"_blank\" rel=\"noopener\">Descargar<\/a>)\n<ul>\n<li>Programas posgrado: $145.912<\/li>\n<\/ul>\n<\/li>\n<li>Sobre de Manila tama\u00f1o oficio.<\/li>\n<\/ul>\n<hr \/>\n<h3 style=\"text-align: center;\"><span style=\"color: #008000;\"><strong>Documentos Adicionales<\/strong><\/span><\/h3>\n<p><b><strong>Ciclos Profesionales:<\/strong><\/b><\/p>\n<ul>\n<li>Certificado de Notas.<\/li>\n<li>Fotocopia\u00a0 de Acta y Diploma de Tecn\u00f3logo.<\/li>\n<\/ul>\n<h3 style=\"text-align: center;\"><span style=\"color: #008000;\"><strong>Homologaciones y Transferencias<\/strong><\/span><\/h3>\n<p>Documentos exigidos para homologar otros programas:<\/p>\n<ul>\n<li>Recibo de pago homologaci\u00f3n. (<a href=\"http:\/\/www.recibo.appcotecnova.es\/\" target=\"_blank\" rel=\"noopener\">Descargar<\/a>)\n<ul>\n<li>Estudio de homologaci\u00f3n: $12.628<\/li>\n<\/ul>\n<\/li>\n<li>Certificado de Notas y contenidos.<\/li>\n<li>Paz y Salvo de Instituci\u00f3n Educativa de donde proviene.<\/li>\n<\/ul>\n<hr \/>\n<p style=\"text-align: center;\"><em>Instituci\u00f3n de Educaci\u00f3n Superior sujeta a Inspecci\u00f3n y Vigilancia por el Ministerio de Educaci\u00f3n Nacional<\/em><\/p>\n<\/div><\/div><\/section>\n<section class='av_tab_section av_tab_section av-1fobci2-3bdc70e9c64b6e30f0f74060b9a97cfe'  itemscope=\"itemscope\" itemtype=\"https:\/\/schema.org\/CreativeWork\" ><div id='tab-id-2-tab' class='tab' role='tab' aria-selected=\"false\" tabindex=\"0\" data-fake-id='#tab-id-2' aria-controls='tab-id-2-content'  itemprop=\"headline\" ><span class='tab_icon avia-iconfont avia-font-entypo-fontello' data-av_icon='\ue84d' data-av_iconfont='entypo-fontello' ><\/span>Perfil de Egreso<\/div><div id='tab-id-2-content' class='tab_content' role='tabpanel' aria-labelledby='tab-id-2-tab' aria-hidden=\"true\"><div class='tab_inner_content invers-color'  itemprop=\"text\" ><h3 style=\"text-align: center;\"><span style=\"color: #008000;\">Perfil Profesional<\/span><\/h3>\n<p>El\u00a0<strong>Tecn\u00f3logo en Producci\u00f3n de Contenidos Digitales<\/strong>\u00a0 de la Corporaci\u00f3n de Estudios Tecnol\u00f3gicos del Norte del Valle es un profesional integral con una formaci\u00f3n human\u00edstica, ambiental y social, con capacidad de trabajo en equipo, actitud innovadora y esp\u00edritu investigativo; un sentido \u00e9tico que deriva sus saberes a un crecimiento personal mejorando su calidad de vida, que puede aportar soluciones en diferentes contextos y dirigirlas hacia el beneficio y desarrollo de la regi\u00f3n y por ende del pa\u00eds.<\/p>\n<hr \/>\n<h3 style=\"text-align: center;\"><span style=\"color: #008000;\">Perfil Ocupacional<\/span><\/h3>\n<p>El <strong>Tecn\u00f3logo en Producci\u00f3n de Contenidos Digitales <\/strong>estar\u00e1 en capacidad de Desarrollar productos multimedia interactivos, colaborando con la formulaci\u00f3n de planes de contenidos digitales, investigaci\u00f3n, desarrollo, su organizaci\u00f3n y actualizaci\u00f3n de modelos de producci\u00f3n. As\u00ed como la posproducci\u00f3n, integraci\u00f3n, aplicaciones m\u00f3viles y gesti\u00f3n de la calidad multimedia, para responder a la din\u00e1mica del sector productivo, los requerimientos del mercado laboral y las tendencias tecnol\u00f3gicas.<\/p>\n<p>El Tecn\u00f3logo\u00a0fundamenta su formaci\u00f3n en producci\u00f3n de contenidos digitales multiplataforma, combinando los conocimientos adquiridos tanto te\u00f3ricos como pr\u00e1cticos para:<\/p>\n<ul>\n<li>Formular planes de producci\u00f3n de contenidos multimedia de acuerdo con criterio t\u00e9cnico y objetivos de la comunicaci\u00f3n.<\/li>\n<li>Construir estructuras de producci\u00f3n de contenidos multimedia interactivos de acuerdo con criterio t\u00e9cnico y objetivos de la comunicaci\u00f3n.<\/li>\n<li>Producir componentes para contenidos multimedia interactivos teniendo en cuenta criterio t\u00e9cnico y guion.<\/li>\n<li>Elaborar la posproducci\u00f3n de contenidos multimedia interactivos de acuerdo con criterio t\u00e9cnico y guion.<\/li>\n<li>Integrar componentes multimedia en la producci\u00f3n de contenidos digitales multiplataforma seg\u00fan criterio t\u00e9cnico y objetivos de la comunicaci\u00f3n.<\/li>\n<li>Desarrollar aplicaciones de contenidos digitales multiplataforma seg\u00fan criterio t\u00e9cnico multimedial y objetivo de la comunicaci\u00f3n.<\/li>\n<li>Controlar la calidad de contenidos multimedia interactivos seg\u00fan criterio t\u00e9cnico.<\/li>\n<li>Actualizar los contenidos digitales multiplataforma de acuerdo con criterio t\u00e9cnico y objetivo de la comunicaci\u00f3n.<\/li>\n<\/ul>\n<\/div><\/div><\/section>\n<section class='av_tab_section av_tab_section av-10kog16-4480e057af031a5fd9ae9ca76c74fd4d'  itemscope=\"itemscope\" itemtype=\"https:\/\/schema.org\/CreativeWork\" ><div id='tab-id-3-tab' class='tab' role='tab' aria-selected=\"false\" tabindex=\"0\" data-fake-id='#tab-id-3' aria-controls='tab-id-3-content'  itemprop=\"headline\" ><span class='tab_icon avia-iconfont avia-font-entypo-fontello' data-av_icon='\ue8d8' data-av_iconfont='entypo-fontello' ><\/span>Plan de Estudios<\/div><div id='tab-id-3-content' class='tab_content' role='tabpanel' aria-labelledby='tab-id-3-tab' aria-hidden=\"true\"><div class='tab_inner_content invers-color'  itemprop=\"text\" ><table width=\"469\">\n<tbody>\n<tr>\n<td width=\"131\">\n<h4 style=\"text-align: center;\"><span style=\"color: #008000;\"><strong>Componente<\/strong><\/span><\/h4>\n<\/td>\n<td style=\"text-align: center;\" width=\"149\">\n<h4><span style=\"color: #008000;\"><strong>Cursos<\/strong><\/span><\/h4>\n<\/td>\n<td style=\"text-align: center;\" width=\"109\">\n<h4><span style=\"color: #008000;\"><strong>Tipo de Curso<\/strong><\/span><\/h4>\n<\/td>\n<td width=\"80\">\n<h4 style=\"text-align: center;\"><span style=\"color: #008000;\"><strong>Cr\u00e9ditos<\/strong><\/span><\/h4>\n<\/td>\n<\/tr>\n<tr>\n<td width=\"131\">Componente B\u00e1sico<\/td>\n<td width=\"149\">Matem\u00e1ticas B\u00e1sica<\/td>\n<td width=\"109\">Te\u00f3rico \u2013 Pr\u00e1ctico<\/td>\n<td>3<\/td>\n<\/tr>\n<tr>\n<td width=\"131\">Componente Teor\u00eda e Historia del Dise\u00f1o<\/td>\n<td width=\"149\">Introducci\u00f3n a la Multimedia<\/td>\n<td width=\"109\">Te\u00f3rico \u2013 Pr\u00e1ctico<\/td>\n<td>2<\/td>\n<\/tr>\n<tr>\n<td rowspan=\"8\" width=\"131\">Componente Proyectual<\/td>\n<td width=\"149\">Administraci\u00f3n de Proyectos Multimedia<\/td>\n<td width=\"109\">Te\u00f3rico \u2013 Pr\u00e1ctico<\/td>\n<td>2<\/td>\n<\/tr>\n<tr>\n<td width=\"149\">Estudio de Recepci\u00f3n y Audiencias<\/td>\n<td width=\"109\">Te\u00f3rico \u2013 Pr\u00e1ctico<\/td>\n<td>2<\/td>\n<\/tr>\n<tr>\n<td width=\"149\">Producci\u00f3n Multimedia<\/td>\n<td width=\"109\">Te\u00f3rico \u2013 Pr\u00e1ctico<\/td>\n<td>3<\/td>\n<\/tr>\n<tr>\n<td width=\"149\">Dise\u00f1o Multimedia<\/td>\n<td width=\"109\">Te\u00f3rico \u2013 Pr\u00e1ctico<\/td>\n<td>3<\/td>\n<\/tr>\n<tr>\n<td width=\"149\">Evaluaci\u00f3n de Contenidos Multimedia<\/td>\n<td width=\"109\">Te\u00f3rico \u2013 Pr\u00e1ctico<\/td>\n<td>2<\/td>\n<\/tr>\n<tr>\n<td width=\"149\">Proyecto Integrador Contenidos Multimedia Interactivos<\/td>\n<td width=\"109\">Pr\u00e1ctico<\/td>\n<td>3<\/td>\n<\/tr>\n<tr>\n<td width=\"149\">Posproducci\u00f3n Aplicada<\/td>\n<td width=\"109\">Te\u00f3rico \u2013 Pr\u00e1ctico<\/td>\n<td>3<\/td>\n<\/tr>\n<tr>\n<td width=\"149\">Taller Experimental (Laboratorio Multimedia)<\/td>\n<td width=\"109\">Te\u00f3rico \u2013 Pr\u00e1ctico<\/td>\n<td>2<\/td>\n<\/tr>\n<tr>\n<td rowspan=\"5\" width=\"131\">Componente Expresi\u00f3n y Comunicaci\u00f3n<\/td>\n<td width=\"149\">Comunicaci\u00f3n Oral y Escrita<\/td>\n<td width=\"109\">Te\u00f3rico \u2013 Pr\u00e1ctico<\/td>\n<td>2<\/td>\n<\/tr>\n<tr>\n<td width=\"149\">Taller de Redacci\u00f3n, Gui\u00f3n Documental y Argumental<\/td>\n<td width=\"109\">Te\u00f3rico \u2013 Pr\u00e1ctico<\/td>\n<td>2<\/td>\n<\/tr>\n<tr>\n<td width=\"149\">Introducci\u00f3n a la Investigaci\u00f3n<\/td>\n<td width=\"109\">Te\u00f3rico \u2013 Pr\u00e1ctico<\/td>\n<td>2<\/td>\n<\/tr>\n<tr>\n<td width=\"149\">Guionismo Aplicado<\/td>\n<td width=\"109\">Te\u00f3rico \u2013 Pr\u00e1ctico<\/td>\n<td>2<\/td>\n<\/tr>\n<tr>\n<td width=\"149\">Ingles A2<\/td>\n<td width=\"109\">Te\u00f3rico<\/td>\n<td>3<\/td>\n<\/tr>\n<tr>\n<td rowspan=\"9\" width=\"131\">Componente Tecnol\u00f3gico<\/td>\n<td width=\"149\">Herramientas Inform\u00e1ticas<\/td>\n<td width=\"109\">Pr\u00e1ctico<\/td>\n<td>2<\/td>\n<\/tr>\n<tr>\n<td width=\"149\">Modelado Multimedia<\/td>\n<td width=\"109\">Te\u00f3rico \u2013 Pr\u00e1ctico<\/td>\n<td>2<\/td>\n<\/tr>\n<tr>\n<td width=\"149\">Programaci\u00f3n Multimedia<\/td>\n<td width=\"109\">Te\u00f3rico \u2013 Pr\u00e1ctico<\/td>\n<td>4<\/td>\n<\/tr>\n<tr>\n<td width=\"149\">Producci\u00f3n Digital Multiplataforma<\/td>\n<td width=\"109\">Te\u00f3rico \u2013 Pr\u00e1ctico<\/td>\n<td>2<\/td>\n<\/tr>\n<tr>\n<td width=\"149\">Laboratorio de Producci\u00f3n Digital<\/td>\n<td width=\"109\">Pr\u00e1ctico<\/td>\n<td>1<\/td>\n<\/tr>\n<tr>\n<td width=\"149\">Animaci\u00f3n Digital<\/td>\n<td width=\"109\">Pr\u00e1ctico<\/td>\n<td>2<\/td>\n<\/tr>\n<tr>\n<td width=\"149\">Modelamiento en 2D y 3D<\/td>\n<td width=\"109\">Pr\u00e1ctico<\/td>\n<td>2<\/td>\n<\/tr>\n<tr>\n<td width=\"149\">Contenidos Multimedia Web<\/td>\n<td width=\"109\">Pr\u00e1ctico<\/td>\n<td>2<\/td>\n<\/tr>\n<tr>\n<td width=\"149\">Montaje de Posproducci\u00f3n Digital<\/td>\n<td width=\"109\">Pr\u00e1ctico<\/td>\n<td>3<\/td>\n<\/tr>\n<tr>\n<td rowspan=\"8\" width=\"131\">Componente Funcional \u2013 Operativo<\/td>\n<td width=\"149\">An\u00e1lisis Multimedia<\/td>\n<td width=\"109\">Te\u00f3rico \u2013 Pr\u00e1ctico<\/td>\n<td>2<\/td>\n<\/tr>\n<tr>\n<td width=\"149\">An\u00e1lisis e Interpretaci\u00f3n de Datos Estad\u00edsticos<\/td>\n<td width=\"109\">Te\u00f3rico \u2013 Pr\u00e1ctico<\/td>\n<td>3<\/td>\n<\/tr>\n<tr>\n<td width=\"149\">An\u00e1lisis de Posproducci\u00f3n Digital<\/td>\n<td width=\"109\">Te\u00f3rico \u2013 Pr\u00e1ctico<\/td>\n<td>2<\/td>\n<\/tr>\n<tr>\n<td width=\"149\">T\u00e9cnicas de Investigaci\u00f3n para el Desarrollo de Contenidos<\/td>\n<td width=\"109\">Te\u00f3rico \u2013 Pr\u00e1ctico<\/td>\n<td>2<\/td>\n<\/tr>\n<tr>\n<td width=\"149\">Electiva de Profundizaci\u00f3n I<\/td>\n<td width=\"109\">Te\u00f3rico \u2013 Pr\u00e1ctico<\/td>\n<td>3<\/td>\n<\/tr>\n<tr>\n<td width=\"149\">Investigaci\u00f3n Aplicada a Contenidos Multimedia Interactivos<\/td>\n<td width=\"109\">Te\u00f3rico \u2013 Pr\u00e1ctico<\/td>\n<td>2<\/td>\n<\/tr>\n<tr>\n<td width=\"149\">Electiva de Profundizaci\u00f3n II<\/td>\n<td width=\"109\">Te\u00f3rico \u2013 Pr\u00e1ctico<\/td>\n<td>3<\/td>\n<\/tr>\n<tr>\n<td width=\"149\">Electiva de Profundizaci\u00f3n III<\/td>\n<td width=\"109\">Te\u00f3rico \u2013 Pr\u00e1ctico<\/td>\n<td>3<\/td>\n<\/tr>\n<tr>\n<td rowspan=\"7\" width=\"131\">Componente Gesti\u00f3n<\/td>\n<td width=\"149\">Principios de Administraci\u00f3n<\/td>\n<td width=\"109\">Te\u00f3rico \u2013 Pr\u00e1ctico<\/td>\n<td>2<\/td>\n<\/tr>\n<tr>\n<td width=\"149\">Gesti\u00f3n Ambiental<\/td>\n<td width=\"109\">Te\u00f3rico<\/td>\n<td>2<\/td>\n<\/tr>\n<tr>\n<td width=\"149\">Creaci\u00f3n Empresarial<\/td>\n<td width=\"109\">Te\u00f3rico \u2013 Pr\u00e1ctico<\/td>\n<td>3<\/td>\n<\/tr>\n<tr>\n<td width=\"149\">Plan de Negocios Multimedia<\/td>\n<td width=\"109\">Te\u00f3rico \u2013 Pr\u00e1ctico<\/td>\n<td>2<\/td>\n<\/tr>\n<tr>\n<td width=\"149\">Gesti\u00f3n de Proyectos Multimedia<\/td>\n<td width=\"109\">Te\u00f3rico \u2013 Pr\u00e1ctico<\/td>\n<td>3<\/td>\n<\/tr>\n<tr>\n<td width=\"149\">Direcci\u00f3n Estrat\u00e9gica y Presupuestos<\/td>\n<td width=\"109\">Te\u00f3rico \u2013 Pr\u00e1ctico<\/td>\n<td>3<\/td>\n<\/tr>\n<tr>\n<td width=\"149\">Gesti\u00f3n de M\u00e9tricas<\/td>\n<td width=\"109\">Te\u00f3rico \u2013 Pr\u00e1ctico<\/td>\n<td>2<\/td>\n<\/tr>\n<\/tbody>\n<\/table>\n<\/div><\/div><\/section>\n<section class='av_tab_section av_tab_section av-u6x9oq-341d0502f3c8db5e4457501f3e2a9958'  itemscope=\"itemscope\" itemtype=\"https:\/\/schema.org\/CreativeWork\" ><div id='tab-id-4-tab' class='tab' role='tab' aria-selected=\"false\" tabindex=\"0\" data-fake-id='#tab-id-4' aria-controls='tab-id-4-content'  itemprop=\"headline\" ><span class='tab_icon avia-iconfont avia-font-entypo-fontello' data-av_icon='\ue854' data-av_iconfont='entypo-fontello' ><\/span>M\u00e1s Informaci\u00f3n<\/div><div id='tab-id-4-content' class='tab_content' role='tabpanel' aria-labelledby='tab-id-4-tab' aria-hidden=\"true\"><div class='tab_inner_content invers-color'  itemprop=\"text\" ><h3 style=\"text-align: center;\"><span style=\"color: #008000;\">M\u00e1s Informaci\u00f3n<\/span><\/h3>\n<p><strong>Tel\u00e9fono:<\/strong> (602) 213 4421 Ext. 101<\/p>\n<p><strong>Celular:<\/strong> <a href=\"https:\/\/wa.me\/573154338604\" target=\"_blank\" rel=\"noopener\">(+57) 315 433 8604<\/a><\/p>\n<p><strong>Correo:<\/strong> <a href=\"mailto:info@cotecnova.edu.co\">info@cotecnova.edu.co<\/a><\/p>\n<p>Calle 10 # 3-95 Cartago, Valle<\/p>\n<h5>Unidad de Ingenier\u00eda, Arquitectura, Urbanismo y afines<\/h5>\n<p>Correo:\u00a0<a href=\"mailto:ingsistemas@cotecnova.edu.co\">ingsistemas@cotecnova.edu.co<\/a><\/p>\n<\/div><\/div><\/section>\n<\/div><\/div>\n","protected":false},"excerpt":{"rendered":"","protected":false},"author":2,"featured_media":0,"parent":0,"menu_order":0,"comment_status":"closed","ping_status":"closed","template":"","meta":{"_joinchat":[],"footnotes":""},"class_list":["post-15178","page","type-page","status-publish","hentry"],"nelio_popups_active_popup":"","_links":{"self":[{"href":"https:\/\/cotecnova.edu.co\/index.php\/wp-json\/wp\/v2\/pages\/15178","targetHints":{"allow":["GET"]}}],"collection":[{"href":"https:\/\/cotecnova.edu.co\/index.php\/wp-json\/wp\/v2\/pages"}],"about":[{"href":"https:\/\/cotecnova.edu.co\/index.php\/wp-json\/wp\/v2\/types\/page"}],"author":[{"embeddable":true,"href":"https:\/\/cotecnova.edu.co\/index.php\/wp-json\/wp\/v2\/users\/2"}],"replies":[{"embeddable":true,"href":"https:\/\/cotecnova.edu.co\/index.php\/wp-json\/wp\/v2\/comments?post=15178"}],"version-history":[{"count":13,"href":"https:\/\/cotecnova.edu.co\/index.php\/wp-json\/wp\/v2\/pages\/15178\/revisions"}],"predecessor-version":[{"id":15715,"href":"https:\/\/cotecnova.edu.co\/index.php\/wp-json\/wp\/v2\/pages\/15178\/revisions\/15715"}],"wp:attachment":[{"href":"https:\/\/cotecnova.edu.co\/index.php\/wp-json\/wp\/v2\/media?parent=15178"}],"curies":[{"name":"wp","href":"https:\/\/api.w.org\/{rel}","templated":true}]}}