{"id":15240,"date":"2025-04-02T10:47:07","date_gmt":"2025-04-02T15:47:07","guid":{"rendered":"https:\/\/cotecnova.edu.co\/?page_id=15240"},"modified":"2026-01-08T11:59:34","modified_gmt":"2026-01-08T16:59:34","slug":"especializacion-en-seguridad-de-la-informacion","status":"publish","type":"page","link":"https:\/\/cotecnova.edu.co\/index.php\/especializacion-en-seguridad-de-la-informacion\/","title":{"rendered":"Especializaci\u00f3n en Seguridad de la Informaci\u00f3n"},"content":{"rendered":"\n<style type=\"text\/css\" data-created_by=\"avia_inline_auto\" id=\"style-css-av-34jpiug-74f97af4a5c52cd34cc1fba263ab3f1d\">\n.flex_column.av-34jpiug-74f97af4a5c52cd34cc1fba263ab3f1d{\nborder-radius:0px 0px 0px 0px;\npadding:0px 0px 0px 0px;\n}\n<\/style>\n<div  class='flex_column av-34jpiug-74f97af4a5c52cd34cc1fba263ab3f1d av_one_full  avia-builder-el-0  el_before_av_one_full  avia-builder-el-first  first flex_column_div av-zero-column-padding  '     ><style type=\"text\/css\" data-created_by=\"avia_inline_auto\" id=\"style-css-av-m903q5c6-4ca1a8d404637cc092488e06c95eed21\">\n.avia-image-container.av-m903q5c6-4ca1a8d404637cc092488e06c95eed21 img.avia_image{\nbox-shadow:none;\n}\n.avia-image-container.av-m903q5c6-4ca1a8d404637cc092488e06c95eed21 .av-image-caption-overlay-center{\ncolor:#ffffff;\n}\n<\/style>\n<div  class='avia-image-container av-m903q5c6-4ca1a8d404637cc092488e06c95eed21 av-styling- avia-align-center  avia-builder-el-1  avia-builder-el-no-sibling '   itemprop=\"image\" itemscope=\"itemscope\" itemtype=\"https:\/\/schema.org\/ImageObject\" ><div class=\"avia-image-container-inner\"><div class=\"avia-image-overlay-wrap\"><img fetchpriority=\"high\" class='wp-image-15400 avia-img-lazy-loading-not-15400 avia_image ' src='https:\/\/cotecnova.edu.co\/wp-content\/uploads\/2025\/06\/Esp.-en-Seguridad-de-la-Informacion_Banner.jpg' alt='' title='Esp. en Seguridad de la Informaci\u00f3n_Banner'  height=\"470\" width=\"1663\"  itemprop=\"thumbnailUrl\"  \/><\/div><\/div><\/div><\/div>\n\n<style type=\"text\/css\" data-created_by=\"avia_inline_auto\" id=\"style-css-av-2kd69c8-28535aa07d62746f5f8e339e16724857\">\n.flex_column.av-2kd69c8-28535aa07d62746f5f8e339e16724857{\nborder-radius:0px 0px 0px 0px;\npadding:0px 0px 0px 0px;\n}\n<\/style>\n<div  class='flex_column av-2kd69c8-28535aa07d62746f5f8e339e16724857 av_one_full  avia-builder-el-2  el_after_av_one_full  avia-builder-el-last  first flex_column_div av-zero-column-padding  column-top-margin'     ><div  class='tabcontainer av-1flki99-9709b716edbc02162346662a4a10178e sidebar_tab sidebar_tab_left  avia-builder-el-3  avia-builder-el-no-sibling  border_tabs'>\n<section class='av_tab_section av_tab_section av-1z52jk8-6233cddd273ed7cd3f986d700506ae64'  itemscope=\"itemscope\" itemtype=\"https:\/\/schema.org\/CreativeWork\" ><div id='tab-id-1-tab' class='tab active_tab' role='tab' aria-selected=\"true\" tabindex=\"0\" data-fake-id='#tab-id-1' aria-controls='tab-id-1-content'  itemprop=\"headline\" ><span class='tab_icon avia-iconfont avia-font-entypo-fontello' data-av_icon='\ue81f' data-av_iconfont='entypo-fontello' ><\/span>Presentaci\u00f3n<\/div><div id='tab-id-1-content' class='tab_content active_tab_content' role='tabpanel' aria-labelledby='tab-id-1-tab' aria-hidden=\"false\"><div class='tab_inner_content invers-color'  itemprop=\"text\" ><h3 style=\"text-align: center;\"><span style=\"color: #008000;\">Nuestro Programa<\/span><\/h3>\n<p>El Posgrado en <strong>Especializaci\u00f3n en Seguridad de la Informaci\u00f3n<\/strong> est\u00e1 dise\u00f1ada bajo el Marco Nacional de Cualificaciones en el \u00e1rea de \u00abInform\u00e1tica y Comunicaciones \u2013 INCO\u00bb. Este programa busca formar profesionales altamente capacitados para\u00a0<strong>planificar, dise\u00f1ar, implementar, mantener y administrar<\/strong>\u00a0sistemas de gesti\u00f3n de la seguridad de la informaci\u00f3n.<\/p>\n<p>Convi\u00e9rtete en un experto en salvaguardar la\u00a0<strong>integridad, confidencialidad y disponibilidad<\/strong>\u00a0de la informaci\u00f3n, asegurando el cumplimiento de los objetivos organizacionales y la continuidad del negocio. Aprender\u00e1s a aplicar metodolog\u00edas y normativas t\u00e9cnicas y jur\u00eddicas en el \u00e1mbito de la seguridad de la informaci\u00f3n.<\/p>\n<hr \/>\n<p style=\"text-align: left;\"><strong>T\u00edtulo que Otorga:<\/strong> Especialista en Seguridad de la Informaci\u00f3n<\/p>\n<p><strong>Nivel Acad\u00e9mico:\u00a0<\/strong>Posgrado<\/p>\n<p><strong>Nivel de Formaci\u00f3n:<\/strong> Especializaci\u00f3n Universitaria<\/p>\n<p style=\"text-align: left;\"><strong>Registro:<\/strong> Resoluci\u00f3n No. 3362 del 28 de Febrero de 2025<\/p>\n<p style=\"text-align: left;\"><strong>C\u00f3digo SNIES:<\/strong> 117861 (<a href=\"https:\/\/cotecnova.edu.co\/wp-content\/uploads\/2025\/06\/SNIES-Esp.Seguridad.Informacion-2025.pdf\" target=\"_blank\" rel=\"noopener\">Consultar<\/a>)<\/p>\n<p style=\"text-align: left;\"><strong>Duraci\u00f3n:<\/strong> 2 Semestres<\/p>\n<p style=\"text-align: left;\"><strong>Modalidad:<\/strong> Virtual<\/p>\n<p style=\"text-align: left;\"><strong>Cr\u00e9ditos acad\u00e9micos:<\/strong> 25 cr\u00e9ditos<\/p>\n<p style=\"text-align: left;\"><strong>Inscripci\u00f3n:<\/strong> $145.912<\/p>\n<p style=\"text-align: left;\"><strong>Matr\u00edcula:<\/strong> $4.505.805<\/p>\n<hr \/>\n<h3 style=\"text-align: center;\"><span style=\"color: #008000;\">Inscripciones<\/span><\/h3>\n<p>La Corporaci\u00f3n de Estudios Tecnol\u00f3gicos del Norte del Valle informa a la comunidad que se encuentra en periodo de inscripciones, el horario de atenci\u00f3n al p\u00fablico ser\u00e1 el siguiente:<\/p>\n<p><strong>Lunes a Viernes:\u00a0<\/strong>8:00 am. a 12:00 pm. y 2:00 pm. a 7:00 pm.<\/p>\n<p><strong>S\u00e1bados:\u00a0<\/strong>8:00 am. a 12:00 m.<\/p>\n<p><strong>Direcci\u00f3n:<\/strong>\u00a0CL 10 No. 3-95 Cartago, Valle<\/p>\n<p><strong>Tel\u00e9fonos:<\/strong>\u00a0(602) 213 4421 Ext. 101 (Informaci\u00f3n) \/ Ext. 104 (Financiera)<\/p>\n<p><strong>WhatsApp:<\/strong>\u00a0(57) 315 433 8604 (Informaci\u00f3n) \/ (57) 318 707 6901 (Financiera)<\/p>\n<h5><strong>Documentos exigidos para la inscripci\u00f3n (Programas Propios):<\/strong><\/h5>\n<ul>\n<li>Formulario de inscripci\u00f3n diligenciado. (<a href=\"https:\/\/cotecnova.edu.co\/wp-content\/uploads\/2025\/11\/FORMULARIO_DE__INSCRIPCION_V7_.docx\" target=\"_blank\" rel=\"noopener\">Descargar<\/a>)<\/li>\n<li>Examen de Estado para el ingreso a la Educaci\u00f3n Superior nacionales o ex\u00e1menes similares homologables en el pa\u00eds seg\u00fan la normatividad vigente.<\/li>\n<li>Para programas de formaci\u00f3n t\u00e9cnica profesional, se podr\u00e1 presentar certificado de educaci\u00f3n b\u00e1sica secundaria.<\/li>\n<li>Para nivel tecnol\u00f3gico o profesional universitario, original o copia de Acta de Grado de bachiller otorgados por instituciones p\u00fablicas o privadas, debidamente reconocidas por el gobierno nacional.<\/li>\n<li>Copia del documento de identidad (c\u00e9dula, tarjeta de identidad, o c\u00e9dula de extranjer\u00eda).<\/li>\n<li>Dos (2) fotograf\u00edas recientes tama\u00f1o documento 3 x 4cm.<\/li>\n<li>Recibo de pago Inscripci\u00f3n. (<a href=\"http:\/\/www.recibo.appcotecnova.es\/\" target=\"_blank\" rel=\"noopener\">Descargar<\/a>)\n<ul>\n<li>Programas por ciclos proped\u00e9uticos: $145.912<\/li>\n<li>Programas terminales: $91.787<\/li>\n<\/ul>\n<\/li>\n<li>Sobre de Manila tama\u00f1o oficio.<\/li>\n<\/ul>\n<h5><strong>Documentos exigidos para la inscripci\u00f3n (Programas en Convenio):<\/strong><\/h5>\n<ul>\n<li>Examen de Estado para el ingreso a la Educaci\u00f3n Superior.<\/li>\n<li>Fotocopia del diploma y acta de grado de bachiller.<\/li>\n<li>Fotocopia Ampliada al 150 del Documento de Identidad.<\/li>\n<li>3 Fotos tama\u00f1o documento fondo blanco.<\/li>\n<li>Sobre de Manila tama\u00f1o oficio.<\/li>\n<li>Recibo de pago de inscripci\u00f3n.<\/li>\n<\/ul>\n<h5><strong>Documentos exigidos para la inscripci\u00f3n (Programas Posgrado):<\/strong><\/h5>\n<ul>\n<li>Formulario de inscripci\u00f3n diligenciado. (<a href=\"https:\/\/cotecnova.edu.co\/wp-content\/uploads\/2025\/11\/FORMULARIO_DE__INSCRIPCION_V2.docx\" target=\"_blank\" rel=\"noopener\">Descargar<\/a>)<\/li>\n<li>Original o copia del acta de pregrado profesional universitario.<\/li>\n<li>Copia del documento de identidad (c\u00e9dula, tarjeta de identidad, o c\u00e9dula de extranjer\u00eda).<\/li>\n<li>Dos (2) fotograf\u00edas recientes tama\u00f1o documento 3 x 4cm.<\/li>\n<li>Recibo de pago Inscripci\u00f3n. (<a href=\"http:\/\/www.recibo.appcotecnova.es\/\" target=\"_blank\" rel=\"noopener\">Descargar<\/a>)\n<ul>\n<li>Programas posgrado: $145.912<\/li>\n<\/ul>\n<\/li>\n<li>Sobre de Manila tama\u00f1o oficio.<\/li>\n<\/ul>\n<hr \/>\n<h3 style=\"text-align: center;\"><span style=\"color: #008000;\"><strong>Documentos Adicionales<\/strong><\/span><\/h3>\n<p><b><strong>Ciclos Profesionales:<\/strong><\/b><\/p>\n<ul>\n<li>Certificado de Notas.<\/li>\n<li>Fotocopia\u00a0 de Acta y Diploma de Tecn\u00f3logo.<\/li>\n<\/ul>\n<h3 style=\"text-align: center;\"><span style=\"color: #008000;\"><strong>Homologaciones y Transferencias<\/strong><\/span><\/h3>\n<p>Documentos exigidos para homologar otros programas:<\/p>\n<ul>\n<li>Recibo de pago homologaci\u00f3n. (<a href=\"http:\/\/www.recibo.appcotecnova.es\/\" target=\"_blank\" rel=\"noopener\">Descargar<\/a>)\n<ul>\n<li>Estudio de homologaci\u00f3n: $12.628<\/li>\n<\/ul>\n<\/li>\n<li>Certificado de Notas y contenidos.<\/li>\n<li>Paz y Salvo de Instituci\u00f3n Educativa de donde proviene.<\/li>\n<\/ul>\n<hr \/>\n<p style=\"text-align: center;\"><em>Instituci\u00f3n de Educaci\u00f3n Superior sujeta a Inspecci\u00f3n y Vigilancia por el Ministerio de Educaci\u00f3n Nacional<\/em><\/p>\n<\/div><\/div><\/section>\n<section class='av_tab_section av_tab_section av-1ll3o5k-5555d1a1e751e9a409d370c301b40345'  itemscope=\"itemscope\" itemtype=\"https:\/\/schema.org\/CreativeWork\" ><div id='tab-id-2-tab' class='tab' role='tab' aria-selected=\"false\" tabindex=\"0\" data-fake-id='#tab-id-2' aria-controls='tab-id-2-content'  itemprop=\"headline\" ><span class='tab_icon avia-iconfont avia-font-entypo-fontello' data-av_icon='\ue84d' data-av_iconfont='entypo-fontello' ><\/span>Perfil de Egreso<\/div><div id='tab-id-2-content' class='tab_content' role='tabpanel' aria-labelledby='tab-id-2-tab' aria-hidden=\"true\"><div class='tab_inner_content invers-color'  itemprop=\"text\" ><h3 style=\"text-align: center;\"><span style=\"color: #008000;\">Perfil de Egreso<\/span><\/h3>\n<p>Nuestros egresados de la <strong>Especializaci\u00f3n en Seguridad de la Informaci\u00f3n<\/strong> est\u00e1n preparados para asumir roles de alta responsabilidad en el \u00e1mbito de las tecnolog\u00edas e inform\u00e1tica, destac\u00e1ndose por su s\u00f3lido perfil \u00e9tico y legal. Como especialistas, tendr\u00e1n la capacidad de dise\u00f1ar proyectos de seguridad que aseguren la integridad y disponibilidad de los datos en diversas organizaciones.<\/p>\n<h5>Oportunidades laborales incluyen:<\/h5>\n<ul>\n<li>Director de Seguridad Inform\u00e1tica.<\/li>\n<li>Administrador de la Seguridad de la Informaci\u00f3n.<\/li>\n<li>Director del \u00c1rea de Tecnolog\u00edas de la Informaci\u00f3n y las Comunicaciones.<\/li>\n<li>Ingeniero en Seguridad Inform\u00e1tica.<\/li>\n<li>Gestor de la Seguridad.<\/li>\n<li>Analista Forense Digital.<\/li>\n<li>Especialista en Seguridad de la Informaci\u00f3n.<\/li>\n<li>Dise\u00f1ador de Seguridad Inform\u00e1tica y Predicci\u00f3n de Riesgos.<\/li>\n<li>L\u00edder en Seguridad de la Informaci\u00f3n de las Organizaciones.<\/li>\n<\/ul>\n<\/div><\/div><\/section>\n<section class='av_tab_section av_tab_section av-if97ns-5c6e2418c51e9c89a052713eec09fdd4'  itemscope=\"itemscope\" itemtype=\"https:\/\/schema.org\/CreativeWork\" ><div id='tab-id-3-tab' class='tab' role='tab' aria-selected=\"false\" tabindex=\"0\" data-fake-id='#tab-id-3' aria-controls='tab-id-3-content'  itemprop=\"headline\" ><span class='tab_icon avia-iconfont avia-font-entypo-fontello' data-av_icon='\ue8d8' data-av_iconfont='entypo-fontello' ><\/span>Plan de Estudios<\/div><div id='tab-id-3-content' class='tab_content' role='tabpanel' aria-labelledby='tab-id-3-tab' aria-hidden=\"true\"><div class='tab_inner_content invers-color'  itemprop=\"text\" ><table width=\"340\">\n<tbody>\n<tr>\n<td width=\"80\">\n<h4 style=\"text-align: center;\"><span style=\"color: #008000;\"><strong>Semestre<\/strong><\/span><\/h4>\n<\/td>\n<td style=\"text-align: center;\" width=\"180\">\n<h4><span style=\"color: #008000;\"><strong>Curso<\/strong><\/span><\/h4>\n<\/td>\n<td width=\"80\">\n<h4 style=\"text-align: center;\"><span style=\"color: #008000;\"><strong>Cr\u00e9dito<\/strong><\/span><\/h4>\n<\/td>\n<\/tr>\n<tr>\n<td rowspan=\"4\"><strong>I Semestre<\/strong><\/td>\n<td width=\"180\">Valoraci\u00f3n de la Seguridad de la Informaci\u00f3n<\/td>\n<td>3<\/td>\n<\/tr>\n<tr>\n<td width=\"180\">Gesti\u00f3n del Riesgo de Seguridad de la Informaci\u00f3n<\/td>\n<td>3<\/td>\n<\/tr>\n<tr>\n<td width=\"180\">Arquitectura de Seguridad<\/td>\n<td>3<\/td>\n<\/tr>\n<tr>\n<td width=\"180\">Seguridad de Software y BD<\/td>\n<td>3<\/td>\n<\/tr>\n<tr>\n<td rowspan=\"5\"><strong>II Semestre<\/strong><\/td>\n<td width=\"180\">Pentesting<\/td>\n<td>3<\/td>\n<\/tr>\n<tr>\n<td width=\"180\">Computaci\u00f3n Forense<\/td>\n<td>3<\/td>\n<\/tr>\n<tr>\n<td width=\"180\">Gesti\u00f3n de Seguridad de la Informaci\u00f3n<\/td>\n<td>3<\/td>\n<\/tr>\n<tr>\n<td width=\"180\">Electiva<\/td>\n<td>2<\/td>\n<\/tr>\n<tr>\n<td width=\"180\">Proyecto Integrador<\/td>\n<td>2<\/td>\n<\/tr>\n<tr>\n<td colspan=\"2\"><strong>Cr\u00e9ditos Totales<\/strong><\/td>\n<td><strong>25<\/strong><\/td>\n<\/tr>\n<\/tbody>\n<\/table>\n<\/div><\/div><\/section>\n<section class='av_tab_section av_tab_section av-skgi4o-335497c8fe52e5defdaad3eea8809db7'  itemscope=\"itemscope\" itemtype=\"https:\/\/schema.org\/CreativeWork\" ><div id='tab-id-4-tab' class='tab' role='tab' aria-selected=\"false\" tabindex=\"0\" data-fake-id='#tab-id-4' aria-controls='tab-id-4-content'  itemprop=\"headline\" ><span class='tab_icon avia-iconfont avia-font-entypo-fontello' data-av_icon='\ue854' data-av_iconfont='entypo-fontello' ><\/span>M\u00e1s Informaci\u00f3n<\/div><div id='tab-id-4-content' class='tab_content' role='tabpanel' aria-labelledby='tab-id-4-tab' aria-hidden=\"true\"><div class='tab_inner_content invers-color'  itemprop=\"text\" ><h3 style=\"text-align: center;\"><span style=\"color: #008000;\">M\u00e1s Informaci\u00f3n<\/span><\/h3>\n<p><strong>Tel\u00e9fono:<\/strong> (602) 213 4421 Ext. 101<\/p>\n<p><strong>Celular:<\/strong> <a href=\"https:\/\/wa.me\/573154338604\" target=\"_blank\" rel=\"noopener\">(+57) 315 433 8604<\/a><\/p>\n<p><strong>Correo:<\/strong> <a href=\"mailto:info@cotecnova.edu.co\">info@cotecnova.edu.co<\/a><\/p>\n<p>Calle 10 # 3-95 Cartago, Valle<\/p>\n<h5>Unidad de Ingenier\u00eda, Arquitectura, Urbanismo y afines<\/h5>\n<p>Correo:\u00a0<a href=\"mailto:ingsistemas@cotecnova.edu.co\">ingsistemas@cotecnova.edu.co<\/a><\/p>\n<\/div><\/div><\/section>\n<\/div><\/div>\n","protected":false},"excerpt":{"rendered":"","protected":false},"author":2,"featured_media":0,"parent":0,"menu_order":0,"comment_status":"closed","ping_status":"closed","template":"","meta":{"_joinchat":[],"footnotes":""},"class_list":["post-15240","page","type-page","status-publish","hentry"],"nelio_popups_active_popup":"","_links":{"self":[{"href":"https:\/\/cotecnova.edu.co\/index.php\/wp-json\/wp\/v2\/pages\/15240","targetHints":{"allow":["GET"]}}],"collection":[{"href":"https:\/\/cotecnova.edu.co\/index.php\/wp-json\/wp\/v2\/pages"}],"about":[{"href":"https:\/\/cotecnova.edu.co\/index.php\/wp-json\/wp\/v2\/types\/page"}],"author":[{"embeddable":true,"href":"https:\/\/cotecnova.edu.co\/index.php\/wp-json\/wp\/v2\/users\/2"}],"replies":[{"embeddable":true,"href":"https:\/\/cotecnova.edu.co\/index.php\/wp-json\/wp\/v2\/comments?post=15240"}],"version-history":[{"count":12,"href":"https:\/\/cotecnova.edu.co\/index.php\/wp-json\/wp\/v2\/pages\/15240\/revisions"}],"predecessor-version":[{"id":15709,"href":"https:\/\/cotecnova.edu.co\/index.php\/wp-json\/wp\/v2\/pages\/15240\/revisions\/15709"}],"wp:attachment":[{"href":"https:\/\/cotecnova.edu.co\/index.php\/wp-json\/wp\/v2\/media?parent=15240"}],"curies":[{"name":"wp","href":"https:\/\/api.w.org\/{rel}","templated":true}]}}