{"id":15558,"date":"2025-10-08T16:53:42","date_gmt":"2025-10-08T21:53:42","guid":{"rendered":"https:\/\/cotecnova.edu.co\/?page_id=15558"},"modified":"2026-01-08T15:01:36","modified_gmt":"2026-01-08T20:01:36","slug":"tecnico-profesional-en-produccion-agricola","status":"publish","type":"page","link":"https:\/\/cotecnova.edu.co\/index.php\/tecnico-profesional-en-produccion-agricola\/","title":{"rendered":"T\u00e9cnico Profesional en Producci\u00f3n Agr\u00edcola"},"content":{"rendered":"\n<style type=\"text\/css\" data-created_by=\"avia_inline_auto\" id=\"style-css-av-lbpmufu2-efb3bad0b4ffae1c5810b7689ea92255\">\n.avia-image-container.av-lbpmufu2-efb3bad0b4ffae1c5810b7689ea92255 img.avia_image{\nbox-shadow:none;\n}\n.avia-image-container.av-lbpmufu2-efb3bad0b4ffae1c5810b7689ea92255 .av-image-caption-overlay-center{\ncolor:#ffffff;\n}\n<\/style>\n<div  class='avia-image-container av-lbpmufu2-efb3bad0b4ffae1c5810b7689ea92255 av-styling- avia-align-center  avia-builder-el-0  el_before_av_one_full  avia-builder-el-first '   itemprop=\"image\" itemscope=\"itemscope\" itemtype=\"https:\/\/schema.org\/ImageObject\" ><div class=\"avia-image-container-inner\"><div class=\"avia-image-overlay-wrap\"><img fetchpriority=\"high\" class='wp-image-15560 avia-img-lazy-loading-not-15560 avia_image ' src='https:\/\/cotecnova.edu.co\/wp-content\/uploads\/2025\/10\/TecnicoProfesionalProduccionAgricola_Banner.jpg' alt='' title='T\u00e9cnicoProfesionalProducci\u00f3nAgr\u00edcola_Banner'  height=\"470\" width=\"1663\"  itemprop=\"thumbnailUrl\"  \/><\/div><\/div><\/div>\n\n<style type=\"text\/css\" data-created_by=\"avia_inline_auto\" id=\"style-css-av-97c0kk-324ae413eb5ce4fc7e0abb40d7d5c6b2\">\n.flex_column.av-97c0kk-324ae413eb5ce4fc7e0abb40d7d5c6b2{\nborder-radius:0px 0px 0px 0px;\npadding:0px 0px 0px 0px;\n}\n<\/style>\n<div  class='flex_column av-97c0kk-324ae413eb5ce4fc7e0abb40d7d5c6b2 av_one_full  avia-builder-el-1  el_after_av_image  avia-builder-el-last  first flex_column_div av-zero-column-padding  '     ><div  class='tabcontainer av-1flki99-9709b716edbc02162346662a4a10178e sidebar_tab sidebar_tab_left  avia-builder-el-2  avia-builder-el-no-sibling  border_tabs'>\n<section class='av_tab_section av_tab_section av-86xcxg-963907d4024364b43ec86885f23b35a6'  itemscope=\"itemscope\" itemtype=\"https:\/\/schema.org\/CreativeWork\" ><div id='tab-id-1-tab' class='tab active_tab' role='tab' aria-selected=\"true\" tabindex=\"0\" data-fake-id='#tab-id-1' aria-controls='tab-id-1-content'  itemprop=\"headline\" ><span class='tab_icon avia-iconfont avia-font-entypo-fontello' data-av_icon='\ue81f' data-av_iconfont='entypo-fontello' ><\/span>Presentaci\u00f3n<\/div><div id='tab-id-1-content' class='tab_content active_tab_content' role='tabpanel' aria-labelledby='tab-id-1-tab' aria-hidden=\"false\"><div class='tab_inner_content invers-color'  itemprop=\"text\" ><h3 style=\"text-align: center;\"><span style=\"color: #008000;\">Nuestro Programa<\/span><\/h3>\n<p>El programa <strong>T\u00e9cnico Profesional en Producci\u00f3n Agr\u00edcola<\/strong> ha sido dise\u00f1ado bajo el <a href=\"https:\/\/especiales.colombiaaprende.edu.co\/mnc\/index.html\" target=\"_blank\" rel=\"noopener\"><strong>Marco Nacional de Cualificaciones<\/strong><\/a>, lo que garantiza una formaci\u00f3n pertinente, estructurada y alineada con las exigencias del sector productivo. Este programa permite formar un t\u00e9cnico con dominio en la preparaci\u00f3n de terrenos, implementaci\u00f3n de cultivos, manejo de tecnolog\u00edas aplicadas y participaci\u00f3n en procesos administrativos del sector agropecuario.<\/p>\n<hr \/>\n<p style=\"text-align: left;\"><strong>T\u00edtulo que Otorga:<\/strong> T\u00e9cnico Profesional en Producci\u00f3n Agr\u00edcola<\/p>\n<p><strong>Nivel Acad\u00e9mico:\u00a0<\/strong>Pregrado<\/p>\n<p><strong>Nivel de Formaci\u00f3n:<\/strong> T\u00e9cnico Profesional<\/p>\n<p style=\"text-align: left;\"><strong>Registro:<\/strong> Resoluci\u00f3n No. 019877 del 2 de octubre de 2025 (<a href=\"https:\/\/cotecnova.edu.co\/wp-content\/uploads\/2025\/10\/Resolucion-No.-019877-02-OCT-2025.pdf\" target=\"_blank\" rel=\"noopener\">Resoluci\u00f3n<\/a>)<\/p>\n<p style=\"text-align: left;\"><strong>Duraci\u00f3n:<\/strong> 4 Semestres<\/p>\n<p style=\"text-align: left;\"><strong>Modalidad:<\/strong>\u00a0Presencial<\/p>\n<p style=\"text-align: left;\"><strong>Jornada:<\/strong> Diurna \u2013 Concentrada<\/p>\n<p style=\"text-align: left;\"><strong>Cr\u00e9ditos acad\u00e9micos:<\/strong> 63 cr\u00e9ditos<\/p>\n<p style=\"text-align: left;\"><strong>Inscripci\u00f3n:<\/strong> $91.787<\/p>\n<p style=\"text-align: left;\"><strong>Matr\u00edcula:<\/strong> $2.386.553<\/p>\n<hr \/>\n<h3 style=\"text-align: center;\"><span style=\"color: #008000;\">Inscripciones<\/span><\/h3>\n<p>La Corporaci\u00f3n de Estudios Tecnol\u00f3gicos del Norte del Valle informa a la comunidad que se encuentra en periodo de inscripciones, el horario de atenci\u00f3n al p\u00fablico ser\u00e1 el siguiente:<\/p>\n<p><strong>Lunes a Viernes:\u00a0<\/strong>8:00 am. a 12:00 pm. y 2:00 pm. a 7:00 pm.<\/p>\n<p><strong>S\u00e1bados:\u00a0<\/strong>8:00 am. a 12:00 m.<\/p>\n<p><strong>Direcci\u00f3n:<\/strong>\u00a0CL 10 No. 3-95 Cartago, Valle<\/p>\n<p><strong>Tel\u00e9fonos:<\/strong>\u00a0(602) 213 4421 Ext. 101 (Informaci\u00f3n) \/ Ext. 104 (Financiera)<\/p>\n<p><strong>WhatsApp:<\/strong>\u00a0(57) 315 433 8604 (Informaci\u00f3n) \/ (57) 318 707 6901 (Financiera)<\/p>\n<h5><strong>Documentos exigidos para la inscripci\u00f3n (Programas Propios):<\/strong><\/h5>\n<ul>\n<li>Formulario de inscripci\u00f3n diligenciado. (<a href=\"https:\/\/cotecnova.edu.co\/wp-content\/uploads\/2025\/11\/FORMULARIO_DE__INSCRIPCION_V7_.docx\" target=\"_blank\" rel=\"noopener\">Descargar<\/a>)<\/li>\n<li>Examen de Estado para el ingreso a la Educaci\u00f3n Superior nacionales o ex\u00e1menes similares homologables en el pa\u00eds seg\u00fan la normatividad vigente.<\/li>\n<li>Para programas de formaci\u00f3n t\u00e9cnica profesional, se podr\u00e1 presentar certificado de educaci\u00f3n b\u00e1sica secundaria.<\/li>\n<li>Para nivel tecnol\u00f3gico o profesional universitario, original o copia de Acta de Grado de bachiller otorgados por instituciones p\u00fablicas o privadas, debidamente reconocidas por el gobierno nacional.<\/li>\n<li>Copia del documento de identidad (c\u00e9dula, tarjeta de identidad, o c\u00e9dula de extranjer\u00eda).<\/li>\n<li>Dos (2) fotograf\u00edas recientes tama\u00f1o documento 3 x 4cm.<\/li>\n<li>Recibo de pago Inscripci\u00f3n. (<a href=\"http:\/\/www.recibo.appcotecnova.es\/\" target=\"_blank\" rel=\"noopener\">Descargar<\/a>)\n<ul>\n<li>Programas por ciclos proped\u00e9uticos: $145.912<\/li>\n<li>Programas terminales: $91.787<\/li>\n<\/ul>\n<\/li>\n<li>Sobre de Manila tama\u00f1o oficio.<\/li>\n<\/ul>\n<h5><strong>Documentos exigidos para la inscripci\u00f3n (Programas en Convenio):<\/strong><\/h5>\n<ul>\n<li>Examen de Estado para el ingreso a la Educaci\u00f3n Superior.<\/li>\n<li>Fotocopia del diploma y acta de grado de bachiller.<\/li>\n<li>Fotocopia Ampliada al 150 del Documento de Identidad.<\/li>\n<li>3 Fotos tama\u00f1o documento fondo blanco.<\/li>\n<li>Sobre de Manila tama\u00f1o oficio.<\/li>\n<li>Recibo de pago de inscripci\u00f3n.<\/li>\n<\/ul>\n<h5><strong>Documentos exigidos para la inscripci\u00f3n (Programas Posgrado):<\/strong><\/h5>\n<ul>\n<li>Formulario de inscripci\u00f3n diligenciado. (<a href=\"https:\/\/cotecnova.edu.co\/wp-content\/uploads\/2025\/11\/FORMULARIO_DE__INSCRIPCION_V2.docx\" target=\"_blank\" rel=\"noopener\">Descargar<\/a>)<\/li>\n<li>Original o copia del acta de pregrado profesional universitario.<\/li>\n<li>Copia del documento de identidad (c\u00e9dula, tarjeta de identidad, o c\u00e9dula de extranjer\u00eda).<\/li>\n<li>Dos (2) fotograf\u00edas recientes tama\u00f1o documento 3 x 4cm.<\/li>\n<li>Recibo de pago Inscripci\u00f3n. (<a href=\"http:\/\/www.recibo.appcotecnova.es\/\" target=\"_blank\" rel=\"noopener\">Descargar<\/a>)\n<ul>\n<li>Programas posgrado: $145.912<\/li>\n<\/ul>\n<\/li>\n<li>Sobre de Manila tama\u00f1o oficio.<\/li>\n<\/ul>\n<hr \/>\n<h3 style=\"text-align: center;\"><span style=\"color: #008000;\"><strong>Documentos Adicionales<\/strong><\/span><\/h3>\n<p><b><strong>Ciclos Profesionales:<\/strong><\/b><\/p>\n<ul>\n<li>Certificado de Notas.<\/li>\n<li>Fotocopia\u00a0 de Acta y Diploma de Tecn\u00f3logo.<\/li>\n<\/ul>\n<h3 style=\"text-align: center;\"><span style=\"color: #008000;\"><strong>Homologaciones y Transferencias<\/strong><\/span><\/h3>\n<p>Documentos exigidos para homologar otros programas:<\/p>\n<ul>\n<li>Recibo de pago homologaci\u00f3n. (<a href=\"http:\/\/www.recibo.appcotecnova.es\/\" target=\"_blank\" rel=\"noopener\">Descargar<\/a>)\n<ul>\n<li>Estudio de homologaci\u00f3n: $12.628<\/li>\n<\/ul>\n<\/li>\n<li>Certificado de Notas y contenidos.<\/li>\n<li>Paz y Salvo de Instituci\u00f3n Educativa de donde proviene.<\/li>\n<\/ul>\n<hr \/>\n<p style=\"text-align: center;\"><em>Instituci\u00f3n de Educaci\u00f3n Superior sujeta a Inspecci\u00f3n y Vigilancia por el Ministerio de Educaci\u00f3n Nacional<\/em><\/p>\n<\/div><\/div><\/section>\n<section class='av_tab_section av_tab_section av-5ji7t0-7bedd5bd5c7db03fb5c700af439e997f'  itemscope=\"itemscope\" itemtype=\"https:\/\/schema.org\/CreativeWork\" ><div id='tab-id-2-tab' class='tab' role='tab' aria-selected=\"false\" tabindex=\"0\" data-fake-id='#tab-id-2' aria-controls='tab-id-2-content'  itemprop=\"headline\" ><span class='tab_icon avia-iconfont avia-font-entypo-fontello' data-av_icon='\ue84d' data-av_iconfont='entypo-fontello' ><\/span>Perfil de Egreso<\/div><div id='tab-id-2-content' class='tab_content' role='tabpanel' aria-labelledby='tab-id-2-tab' aria-hidden=\"true\"><div class='tab_inner_content invers-color'  itemprop=\"text\" ><h3 style=\"text-align: center;\"><span style=\"color: #008000;\">Perfil Profesional<\/span><\/h3>\n<p>El <strong>T\u00e9cnico Profesional en Producci\u00f3n Agr\u00edcola<\/strong> de la Corporaci\u00f3n de Estudios Tecnol\u00f3gicos del Norte del Valle ser\u00e1 un graduado con formaci\u00f3n integral, con capacidad de trabajo en equipo y compromiso ambiental para la sostenibilidad.<\/p>\n<p>El graduado del programa T\u00e9cnico profesional, estar\u00e1 en capacidad de:<\/p>\n<ul>\n<li>Preparar terrenos e implementar cultivos de producci\u00f3n agr\u00edcola con calidad.<\/li>\n<li>Identificar los requerimientos t\u00e9cnicos de cultivo teniendo en cuenta las caracter\u00edsticas agron\u00f3micas de la especie.<\/li>\n<li>Participar en procesos productivos amigables con el ambiente caracterizados por la calidad<\/li>\n<li>Utilizar las tecnolog\u00edas para la optimizaci\u00f3n de recursos en procesos de producci\u00f3n agr\u00edcola.<\/li>\n<li>Identificar oportunidades de mejora en preparaci\u00f3n, siembra, propagaci\u00f3n y manejo de cultivos.<\/li>\n<li>Participar en los procesos administrativos de las empresas agr\u00edcolas.<\/li>\n<li>Apoyar procesos de extensi\u00f3n agr\u00edcola para las comunidades.<\/li>\n<\/ul>\n<hr \/>\n<h3 style=\"text-align: center;\"><span style=\"color: #008000;\">Perfil Ocupacional<\/span><\/h3>\n<p>El <strong>T\u00e9cnico Profesional en Producci\u00f3n Agr\u00edcola<\/strong>, podr\u00e1 desempe\u00f1arse como:<\/p>\n<ul>\n<li>Auxiliar t\u00e9cnico en la realizaci\u00f3n de procedimientos de siembra y trasplante de especies\u00a0vegetales.<\/li>\n<li>Auxiliar t\u00e9cnico para la preparaci\u00f3n y manejo de terrenos para la producci\u00f3n agr\u00edcola<\/li>\n<li>Ejecutor de actividades t\u00e9cnicas de manejo agron\u00f3mico dentro de la producci\u00f3n agr\u00edcola.<\/li>\n<li>Auxiliar en procesos de extensi\u00f3n agr\u00edcola<\/li>\n<li>Personal para manejo de labores culturales en implementaci\u00f3n y manejo de cultivos agr\u00edcolas.<\/li>\n<li>Productor agr\u00edcola.<\/li>\n<\/ul>\n<\/div><\/div><\/section>\n<section class='av_tab_section av_tab_section av-cjw50-7d1048a033b43f92839d33d97b7c6464'  itemscope=\"itemscope\" itemtype=\"https:\/\/schema.org\/CreativeWork\" ><div id='tab-id-3-tab' class='tab' role='tab' aria-selected=\"false\" tabindex=\"0\" data-fake-id='#tab-id-3' aria-controls='tab-id-3-content'  itemprop=\"headline\" ><span class='tab_icon avia-iconfont avia-font-entypo-fontello' data-av_icon='\ue8d8' data-av_iconfont='entypo-fontello' ><\/span>Plan de Estudios<\/div><div id='tab-id-3-content' class='tab_content' role='tabpanel' aria-labelledby='tab-id-3-tab' aria-hidden=\"true\"><div class='tab_inner_content invers-color'  itemprop=\"text\" ><h3 style=\"text-align: center;\"><span style=\"color: #008000;\"><strong>Plan de estudios<\/strong><\/span><\/h3>\n<p><strong><em>Formaci\u00f3n B\u00e1sica<\/em><\/strong><\/p>\n<ul>\n<li>Matem\u00e1ticas B\u00e1sicas<\/li>\n<li>Estad\u00edstica Descriptiva<\/li>\n<li>Qu\u00edmica<\/li>\n<li>Agroecolog\u00eda<\/li>\n<li>Biogen\u00e9tica<\/li>\n<li>Constituci\u00f3n Pol\u00edtica y \u00e9tica<\/li>\n<\/ul>\n<p><strong><em>Formaci\u00f3n profesional<\/em><\/strong><\/p>\n<ul>\n<li>Fisiologia Vegetal<\/li>\n<li>Suelos y nutrici\u00f3n vegetal<\/li>\n<li>Riegos y drenajes<\/li>\n<li>Desarrollo y Extensi\u00f3n Rural<\/li>\n<li>Producci\u00f3n de hortalizas<\/li>\n<li>Producci\u00f3n de frutales<\/li>\n<li>Cultivos de Seguridad Alimentaria<\/li>\n<li>Mecanizaci\u00f3n Agr\u00edcola<\/li>\n<li>Producci\u00f3n Sostenible<\/li>\n<\/ul>\n<p><strong><em>Formaci\u00f3n Empresarial<\/em><\/strong><\/p>\n<ul>\n<li>Fundamentos de Contabilidad<\/li>\n<li>Iniciativa Empresarial<\/li>\n<li>Econom\u00eda General<\/li>\n<li>Costos y presupuestos<\/li>\n<li>Fundamentos de Administraci\u00f3n<\/li>\n<\/ul>\n<p><strong><em>Componente Tecnolog\u00edas de informaci\u00f3n y comunicaci\u00f3n\u00a0 <\/em><\/strong><\/p>\n<ul>\n<li>Tic y Herramientas inform\u00e1ticas<\/li>\n<li>Agrom\u00e1tica<\/li>\n<\/ul>\n<p><strong><em>Formaci\u00f3n Humanista:<\/em><\/strong><\/p>\n<ul>\n<li>Comunicaci\u00f3n Oral y Escrita<\/li>\n<li>C\u00e1tedra Institucional<\/li>\n<li>C\u00e1tedra Cultural<\/li>\n<\/ul>\n<p><strong><em>Componente formaci\u00f3n investigativa<\/em><\/strong><\/p>\n<ul>\n<li>Introducci\u00f3n a la Investigaci\u00f3n<\/li>\n<\/ul>\n<p><strong><em>Componente de Formaci\u00f3n Flexible<\/em><\/strong><\/p>\n<ul>\n<li>Electiva Tecnol\u00f3gica<\/li>\n<\/ul>\n<p><strong><em>Formaci\u00f3n en Idioma Extranjero<\/em><\/strong><\/p>\n<ul>\n<li>Idioma ExtranjeroA1<\/li>\n<\/ul>\n<\/div><\/div><\/section>\n<section class='av_tab_section av_tab_section av-28u3ic-5abb683319b456db72b40db41ec5b080'  itemscope=\"itemscope\" itemtype=\"https:\/\/schema.org\/CreativeWork\" ><div id='tab-id-4-tab' class='tab' role='tab' aria-selected=\"false\" tabindex=\"0\" data-fake-id='#tab-id-4' aria-controls='tab-id-4-content'  itemprop=\"headline\" ><span class='tab_icon avia-iconfont avia-font-entypo-fontello' data-av_icon='\ue854' data-av_iconfont='entypo-fontello' ><\/span>M\u00e1s Informaci\u00f3n<\/div><div id='tab-id-4-content' class='tab_content' role='tabpanel' aria-labelledby='tab-id-4-tab' aria-hidden=\"true\"><div class='tab_inner_content invers-color'  itemprop=\"text\" ><h3 style=\"text-align: center;\"><span style=\"color: #008000;\">M\u00e1s Informaci\u00f3n<\/span><\/h3>\n<p><strong>Tel\u00e9fono:<\/strong> (602) 213 4421 Ext. 101<\/p>\n<p><strong>Celular:<\/strong> <a href=\"https:\/\/wa.me\/573154338604\" target=\"_blank\" rel=\"noopener\">(+57) 315 433 8604<\/a><\/p>\n<p><strong>Correo:<\/strong> <a href=\"mailto:info@cotecnova.edu.co\">info@cotecnova.edu.co<\/a><\/p>\n<p>Calle 10 # 3-95 Cartago, Valle<\/p>\n<h5>Unidad de Agronom\u00eda, Veterinaria y afines<\/h5>\n<p><strong>Correo:<\/strong> <a href=\"mailto:agropecuaria@cotecnova.edu.co\">agropecuaria@cotecnova.edu.co<\/a><\/p>\n<\/div><\/div><\/section>\n<\/div><\/div>\n","protected":false},"excerpt":{"rendered":"","protected":false},"author":2,"featured_media":0,"parent":0,"menu_order":0,"comment_status":"closed","ping_status":"closed","template":"","meta":{"_joinchat":[],"footnotes":""},"class_list":["post-15558","page","type-page","status-publish","hentry"],"nelio_popups_active_popup":"","_links":{"self":[{"href":"https:\/\/cotecnova.edu.co\/index.php\/wp-json\/wp\/v2\/pages\/15558","targetHints":{"allow":["GET"]}}],"collection":[{"href":"https:\/\/cotecnova.edu.co\/index.php\/wp-json\/wp\/v2\/pages"}],"about":[{"href":"https:\/\/cotecnova.edu.co\/index.php\/wp-json\/wp\/v2\/types\/page"}],"author":[{"embeddable":true,"href":"https:\/\/cotecnova.edu.co\/index.php\/wp-json\/wp\/v2\/users\/2"}],"replies":[{"embeddable":true,"href":"https:\/\/cotecnova.edu.co\/index.php\/wp-json\/wp\/v2\/comments?post=15558"}],"version-history":[{"count":10,"href":"https:\/\/cotecnova.edu.co\/index.php\/wp-json\/wp\/v2\/pages\/15558\/revisions"}],"predecessor-version":[{"id":15717,"href":"https:\/\/cotecnova.edu.co\/index.php\/wp-json\/wp\/v2\/pages\/15558\/revisions\/15717"}],"wp:attachment":[{"href":"https:\/\/cotecnova.edu.co\/index.php\/wp-json\/wp\/v2\/media?parent=15558"}],"curies":[{"name":"wp","href":"https:\/\/api.w.org\/{rel}","templated":true}]}}