{"id":3395,"date":"2016-06-22T16:48:04","date_gmt":"2016-06-22T16:48:04","guid":{"rendered":"http:\/\/www.cotec.webcotecnova.site\/?page_id=3395"},"modified":"2019-10-21T16:31:45","modified_gmt":"2019-10-21T21:31:45","slug":"area-de-ciencias-administrativas-economicas-y-contables","status":"publish","type":"page","link":"https:\/\/cotecnova.edu.co\/index.php\/area-de-ciencias-administrativas-economicas-y-contables\/","title":{"rendered":"\u00c1rea de Ciencias Econ\u00f3micas, Administrativas y Contables"},"content":{"rendered":"<div id='full_slider_1'  class='avia-fullwidth-slider main_color avia-shadow   avia-builder-el-0  el_before_av_section  avia-builder-el-first   container_wrap fullsize'  ><div  class='avia-slideshow av-1ei2e1f-cf12ab3c1c88400307a2d4efde417c39 avia-slideshow-featured av_slideshow_full avia-slide-slider av-slideshow-ui av-control-default av-slideshow-manual av-loop-once av-loop-manual-endless av-default-height-applied   avia-slideshow-1' data-slideshow-options=\"{&quot;animation&quot;:&quot;slide&quot;,&quot;autoplay&quot;:false,&quot;loop_autoplay&quot;:&quot;once&quot;,&quot;interval&quot;:5,&quot;loop_manual&quot;:&quot;manual-endless&quot;,&quot;autoplay_stopper&quot;:false,&quot;noNavigation&quot;:false,&quot;bg_slider&quot;:false,&quot;keep_padding&quot;:false,&quot;hoverpause&quot;:false,&quot;show_slide_delay&quot;:0}\"  itemprop=\"image\" itemscope=\"itemscope\" itemtype=\"https:\/\/schema.org\/ImageObject\" ><ul class='avia-slideshow-inner ' style='padding-bottom: 28.666666666667%;'><li  class='avia-slideshow-slide av-1ei2e1f-cf12ab3c1c88400307a2d4efde417c39__0  av-single-slide slide-1 slide-odd'><div data-rel='slideshow-1' class='avia-slide-wrap '   ><img fetchpriority=\"high\" class=\"wp-image-8375 avia-img-lazy-loading-not-8375\"  src='https:\/\/cotecnova.edu.co\/wp-content\/uploads\/2019\/10\/Unidad-Ciencias-Econ-Admin-Cont-1663x470-1500x430.jpg' width='1500' height='430' title='Hand over Construction plans with yellow helmet and drawing tool' alt=''  itemprop=\"thumbnailUrl\"   \/><\/div><\/li><\/ul><\/div><\/div>\n\n<style type=\"text\/css\" data-created_by=\"avia_inline_auto\" id=\"style-css-av-1bmd3w3-b1ba1e4dd371d06e52573558768aae61\">\n.avia-section.av-1bmd3w3-b1ba1e4dd371d06e52573558768aae61{\nbackground-color:#005c2a;\nbackground-image:unset;\n}\n.avia-section.av-1bmd3w3-b1ba1e4dd371d06e52573558768aae61 .av-extra-border-element .av-extra-border-inner{\nbackground-color:#005c2a;\n}\n<\/style>\n<div id='av_section_1'  class='avia-section av-1bmd3w3-b1ba1e4dd371d06e52573558768aae61 main_color avia-section-small avia-shadow  avia-builder-el-1  el_after_av_slideshow_full  el_before_av_two_third  avia-bg-style-scroll av-arrow-down-section av-minimum-height av-minimum-height-custom av-height-custom  container_wrap fullsize'   data-av_minimum_height_px='20'><div class='container av-section-cont-open' style='height:20px'><div class='template-page content  av-content-full alpha units'><div class='post-entry post-entry-type-page post-entry-3395'><div class='entry-content-wrapper clearfix'>\n<div  class='flex_column av-18wqvjn-2e5eb9dc5cd318f0c761de81f8041533 av_one_fifth  avia-builder-el-2  el_before_av_one_fifth  avia-builder-el-first  first flex_column_div  '     ><style type=\"text\/css\" data-created_by=\"avia_inline_auto\" id=\"style-css-av-178edo3-608838e660315608018f3abd0733d03b\">\n.av_font_icon.av-178edo3-608838e660315608018f3abd0733d03b{\ncolor:#ffffff;\nborder-color:#ffffff;\n}\n.avia-svg-icon.av-178edo3-608838e660315608018f3abd0733d03b svg:first-child{\nstroke:#ffffff;\nfill:#ffffff;\n}\n.av_font_icon.av-178edo3-608838e660315608018f3abd0733d03b .av-icon-char{\nfont-size:20px;\nline-height:20px;\nwidth:20px;\n}\n<\/style>\n<span  class='av_font_icon av-178edo3-608838e660315608018f3abd0733d03b avia_animate_when_visible av-icon-style-border avia-icon-pos-center avia-iconfont avia-font-entypo-fontello avia-icon-animate'><a href='https:\/\/cotecnova.edu.co\/index.php\/aspirante\/'   class='av-icon-char' data-av_icon='\ue84d' data-av_iconfont='entypo-fontello' aria-hidden=\"false\" data-avia-icon-tooltip=\"&lt;br \/&gt;\nAspirante&lt;br \/&gt;\n\"><\/a><span class='av_icon_caption av-special-font'>Aspirante<\/span><\/span><\/div><div  class='flex_column av-164o4gz-c31279bb79145895aa80615627da8e97 av_one_fifth  avia-builder-el-4  el_after_av_one_fifth  el_before_av_one_fifth  flex_column_div  '     ><style type=\"text\/css\" data-created_by=\"avia_inline_auto\" id=\"style-css-av-141r5f7-782734d338ab1d9eaf7524b9e1334764\">\n.av_font_icon.av-141r5f7-782734d338ab1d9eaf7524b9e1334764{\ncolor:#ffffff;\nborder-color:#ffffff;\n}\n.avia-svg-icon.av-141r5f7-782734d338ab1d9eaf7524b9e1334764 svg:first-child{\nstroke:#ffffff;\nfill:#ffffff;\n}\n.av_font_icon.av-141r5f7-782734d338ab1d9eaf7524b9e1334764 .av-icon-char{\nfont-size:20px;\nline-height:20px;\nwidth:20px;\n}\n<\/style>\n<span  class='av_font_icon av-141r5f7-782734d338ab1d9eaf7524b9e1334764 avia_animate_when_visible av-icon-style-border avia-icon-pos-center avia-iconfont avia-font-entypo-fontello avia-icon-animate'><a href='https:\/\/cotecnova.edu.co\/index.php\/estudiante\/'   class='av-icon-char' data-av_icon='\ue84f' data-av_iconfont='entypo-fontello' aria-hidden=\"false\" data-avia-icon-tooltip=\"&lt;br \/&gt;\nEstudiante&lt;br \/&gt;\n\"><\/a><span class='av_icon_caption av-special-font'>Estudiante<\/span><\/span><\/div><div  class='flex_column av-135b0yb-4450342c2b874b303fcb1437fde0f380 av_one_fifth  avia-builder-el-6  el_after_av_one_fifth  el_before_av_one_fifth  flex_column_div  '     ><style type=\"text\/css\" data-created_by=\"avia_inline_auto\" id=\"style-css-av-118zbkj-7922199f2ff7d597048654ca934da46f\">\n.av_font_icon.av-118zbkj-7922199f2ff7d597048654ca934da46f{\ncolor:#ffffff;\nborder-color:#ffffff;\n}\n.avia-svg-icon.av-118zbkj-7922199f2ff7d597048654ca934da46f svg:first-child{\nstroke:#ffffff;\nfill:#ffffff;\n}\n.av_font_icon.av-118zbkj-7922199f2ff7d597048654ca934da46f .av-icon-char{\nfont-size:20px;\nline-height:20px;\nwidth:20px;\n}\n<\/style>\n<span  class='av_font_icon av-118zbkj-7922199f2ff7d597048654ca934da46f avia_animate_when_visible av-icon-style-border avia-icon-pos-center avia-iconfont avia-font-entypo-fontello avia-icon-animate'><a href='https:\/\/cotecnova.edu.co\/index.php\/docente\/'   class='av-icon-char' data-av_icon='\ue80a' data-av_iconfont='entypo-fontello' aria-hidden=\"false\" data-avia-icon-tooltip=\"&lt;br \/&gt;\nDocente&lt;br \/&gt;\n\"><\/a><span class='av_icon_caption av-special-font'>Docente<\/span><\/span><\/div><div  class='flex_column av-z7x07n-3ba03cce6fbcd32843eb41f924e30191 av_one_fifth  avia-builder-el-8  el_after_av_one_fifth  el_before_av_one_fifth  flex_column_div  '     ><style type=\"text\/css\" data-created_by=\"avia_inline_auto\" id=\"style-css-av-yl5e1f-a4775ce633154163eaa53bf4047b25fd\">\n.av_font_icon.av-yl5e1f-a4775ce633154163eaa53bf4047b25fd{\ncolor:#ffffff;\nborder-color:#ffffff;\n}\n.avia-svg-icon.av-yl5e1f-a4775ce633154163eaa53bf4047b25fd svg:first-child{\nstroke:#ffffff;\nfill:#ffffff;\n}\n.av_font_icon.av-yl5e1f-a4775ce633154163eaa53bf4047b25fd .av-icon-char{\nfont-size:20px;\nline-height:20px;\nwidth:20px;\n}\n<\/style>\n<span  class='av_font_icon av-yl5e1f-a4775ce633154163eaa53bf4047b25fd avia_animate_when_visible av-icon-style-border avia-icon-pos-center avia-iconfont avia-font-entypo-fontello avia-icon-animate'><a href='https:\/\/cotecnova.edu.co\/index.php\/egresado\/'   class='av-icon-char' data-av_icon='\ue8c9' data-av_iconfont='entypo-fontello' aria-hidden=\"false\" data-avia-icon-tooltip=\"&lt;br \/&gt;\nEgresado&lt;br \/&gt;\n\"><\/a><span class='av_icon_caption av-special-font'>Egresado<\/span><\/span><\/div><div  class='flex_column av-ws47mr-661d3ee04898bcbd05747fc4cf8de054 av_one_fifth  avia-builder-el-10  el_after_av_one_fifth  avia-builder-el-last  flex_column_div  '     ><style type=\"text\/css\" data-created_by=\"avia_inline_auto\" id=\"style-css-av-uqzr43-65dc5866fa9a8fea77dc7ac7e3ff51bc\">\n.av_font_icon.av-uqzr43-65dc5866fa9a8fea77dc7ac7e3ff51bc{\ncolor:#ffffff;\nborder-color:#ffffff;\n}\n.avia-svg-icon.av-uqzr43-65dc5866fa9a8fea77dc7ac7e3ff51bc svg:first-child{\nstroke:#ffffff;\nfill:#ffffff;\n}\n.av_font_icon.av-uqzr43-65dc5866fa9a8fea77dc7ac7e3ff51bc .av-icon-char{\nfont-size:20px;\nline-height:20px;\nwidth:20px;\n}\n<\/style>\n<span  class='av_font_icon av-uqzr43-65dc5866fa9a8fea77dc7ac7e3ff51bc avia_animate_when_visible av-icon-style-border avia-icon-pos-center avia-iconfont avia-font-entypo-fontello avia-icon-animate'><a href='https:\/\/cotecnova.edu.co\/index.php\/acudiente\/'   class='av-icon-char' data-av_icon='\ue80b' data-av_iconfont='entypo-fontello' aria-hidden=\"false\" data-avia-icon-tooltip=\"&lt;br \/&gt;\nAcudiente&lt;br \/&gt;\n\"><\/a><span class='av_icon_caption av-special-font'>Acudiente<\/span><\/span><\/div>\n<\/div><\/div><\/div><!-- close content main div --><\/div><div class='av-extra-border-element border-extra-arrow-down'><div class='av-extra-border-outer'><div class='av-extra-border-inner'><\/div><\/div><\/div><\/div><div id='after_section_1'  class='main_color av_default_container_wrap container_wrap fullsize'  ><div class='container av-section-cont-open' ><div class='template-page content  av-content-full alpha units'><div class='post-entry post-entry-type-page post-entry-3395'><div class='entry-content-wrapper clearfix'>\n<div  class='flex_column av-sxkn5v-33bdf4e3f04497e9a6591dd78579960c av_two_third  avia-builder-el-12  el_after_av_section  el_before_av_one_third  avia-builder-el-first  first flex_column_div  '     ><section  class='av_textblock_section av-rycuqb-9efd8d102d4661f5438a7ba914b97806 '   itemscope=\"itemscope\" itemtype=\"https:\/\/schema.org\/CreativeWork\" ><div class='avia_textblock'  itemprop=\"text\" ><p><span style=\"color: #339966;\"><strong>\u00c1rea de Ciencias Econ\u00f3micas, Administrativas y Contables<\/strong><\/span><\/p>\n<p style=\"text-align: justify;\">En el\u00a0 \u00e1rea de Ciencias Econ\u00f3micas, Administrativas y Contables de la Corporaci\u00f3n de Estudios Tecnol\u00f3gicos del Norte del Valle se agrupan los programas acad\u00e9micos <strong><a href=\"https:\/\/www.webcotecnova.site\/index.php\/comercial-y-financiera\/\" target=\"_blank\" rel=\"noopener noreferrer\">Tecnolog\u00eda Comercial y Financiera<\/a>, <a href=\"https:\/\/www.webcotecnova.site\/index.php\/gestion_contable\/\" target=\"_blank\" rel=\"noopener noreferrer\">Tecnolog\u00eda en Gesti\u00f3n Contable<\/a>, <a href=\"https:\/\/www.webcotecnova.site\/index.php\/gestion-empresarial\/\" target=\"_blank\" rel=\"noopener noreferrer\">Tecnolog\u00eda en Gesti\u00f3n Empresarial <\/a><\/strong>y <strong><a href=\"https:\/\/www.webcotecnova.site\/index.php\/mercadeo-y-ventas\/\" target=\"_blank\" rel=\"noopener noreferrer\">Tecnolog\u00eda en Mercadeo y Ventas<\/a>. <\/strong>Estos programas est\u00e1n orientados a responder a las necesidades del sector productivo p\u00fablico o privado, industrial, comercial o de servicios. Las personas interesadas en estudiar un programa de esta \u00e1rea deben presentar inter\u00e9s por el contexto econ\u00f3mico, pol\u00edtico, social y su impacto a nivel regional, nacional e internacional.<\/p>\n<p style=\"text-align: justify;\">La formaci\u00f3n acad\u00e9mica, en cada uno de los programas est\u00e1 orientada a brindar una solida formaci\u00f3n te\u00f3rica y pr\u00e1ctica, en cada uno de los componentes de su formaci\u00f3n y en competencias b\u00e1sicas que complementan el proceso educativo integral. <strong>Los programas administrativos,<\/strong> cuentan con cursos en componentes tales como la administraci\u00f3n y organizaciones, mercadeo, talento humano, econom\u00eda y finanzas y producci\u00f3n y operaciones. <strong>El programa <a href=\"https:\/\/www.webcotecnova.site\/index.php\/gestion_contable\/\" target=\"_blank\" rel=\"noopener noreferrer\">Tecnolog\u00eda en Gesti\u00f3n Contable<\/a>,<\/strong> por su parte, enfatiza en \u00e1reas como desarrollo organizacional, aseguramiento de la informaci\u00f3n, gesti\u00f3n tributaria y disciplinar.<\/p>\n<\/div><\/section><\/div>\n<style type=\"text\/css\" data-created_by=\"avia_inline_auto\" id=\"style-css-av-pwugo3-290a84d0ea71f5b29ca9658f94df6121\">\n.flex_column.av-pwugo3-290a84d0ea71f5b29ca9658f94df6121{\nborder-radius:0px 0px 0px 0px;\npadding:0px 0px 0px 0px;\n}\n<\/style>\n<div  class='flex_column av-pwugo3-290a84d0ea71f5b29ca9658f94df6121 av_one_third  avia-builder-el-14  el_after_av_two_third  avia-builder-el-last  flex_column_div av-zero-column-padding  '     ><section  class='av_textblock_section av-ori4f7-8289725f3b587ad5b6237e740f82bdc8 '   itemscope=\"itemscope\" itemtype=\"https:\/\/schema.org\/CreativeWork\" ><div class='avia_textblock'  itemprop=\"text\" ><h3 style=\"text-align: left;\">Tecnolog\u00edas<\/h3>\n<\/div><\/section><br \/>\n\n<style type=\"text\/css\" data-created_by=\"avia_inline_auto\" id=\"style-css-av-mgb82b-0fceca450f3fd8bf6399a80ed862ff3b\">\n#top .avia-icon-list-container.av-mgb82b-0fceca450f3fd8bf6399a80ed862ff3b .iconlist_icon{\ncolor:#ffffff;\nbackground-color:#005c2a;\nborder:1px solid #000000;\n}\n#top .avia-icon-list-container.av-mgb82b-0fceca450f3fd8bf6399a80ed862ff3b .iconlist_icon svg:first-child{\nstroke:#ffffff;\nfill:#ffffff;\n}\n<\/style>\n<div  class='avia-icon-list-container av-mgb82b-0fceca450f3fd8bf6399a80ed862ff3b  avia-builder-el-16  el_after_av_textblock  el_before_av_textblock '><ul class='avia-icon-list avia_animate_when_almost_visible avia-icon-list-left av-iconlist-big av-mgb82b-0fceca450f3fd8bf6399a80ed862ff3b avia-iconlist-animate'>\n<li><a href='https:\/\/cotecnova.edu.co\/index.php\/gestion_contable\/' title='Gesti\u00f3n Contable'  class='iconlist_icon av-2brrfn-d2fd5a8b30dfcbd9d691f679ea0e2c31 avia-font-entypo-fontello avia-iconfont avia-font-entypo-fontello'><span class='av-icon-char' data-av_icon='\ue84b' data-av_iconfont='entypo-fontello' aria-hidden=\"true\"><\/span><\/a><article class=\"article-icon-entry av-iconlist-empty\"  itemscope=\"itemscope\" itemtype=\"https:\/\/schema.org\/CreativeWork\" ><div class=\"iconlist_content_wrap\"><header class=\"entry-content-header\" aria-label=\"Icon: &lt;a href=&#039;https:\/\/cotecnova.edu.co\/index.php\/gestion_contable\/&#039; title=&#039;Gesti\u00f3n Contable&#039;&gt;Gesti\u00f3n Contable&lt;\/a&gt;\"><h4 class='av_iconlist_title iconlist_title  '  itemprop=\"headline\" ><a href='https:\/\/cotecnova.edu.co\/index.php\/gestion_contable\/' title='Gesti\u00f3n Contable'>Gesti\u00f3n Contable<\/a><\/h4><\/header><div class='iconlist_content '  itemprop=\"text\" ><\/div><\/div><footer class=\"entry-footer\"><\/footer><\/article><div class=\"iconlist-timeline\"><\/div><\/li>\n<li><a href='https:\/\/cotecnova.edu.co\/index.php\/comercial-y-financiera\/' title='Comercial y Financiera'  class='iconlist_icon av-iswuur-ecb16479c348e5fe5a4c8bbaa64cd5a9 avia-font-entypo-fontello avia-iconfont avia-font-entypo-fontello'><span class='av-icon-char' data-av_icon='\ue84f' data-av_iconfont='entypo-fontello' aria-hidden=\"true\"><\/span><\/a><article class=\"article-icon-entry av-iconlist-empty\"  itemscope=\"itemscope\" itemtype=\"https:\/\/schema.org\/CreativeWork\" ><div class=\"iconlist_content_wrap\"><header class=\"entry-content-header\" aria-label=\"Icon: &lt;a href=&#039;https:\/\/cotecnova.edu.co\/index.php\/comercial-y-financiera\/&#039; title=&#039;Comercial y Financiera&#039;&gt;Comercial y Financiera&lt;\/a&gt;\"><h4 class='av_iconlist_title iconlist_title  '  itemprop=\"headline\" ><a href='https:\/\/cotecnova.edu.co\/index.php\/comercial-y-financiera\/' title='Comercial y Financiera'>Comercial y Financiera<\/a><\/h4><\/header><div class='iconlist_content '  itemprop=\"text\" ><\/div><\/div><footer class=\"entry-footer\"><\/footer><\/article><div class=\"iconlist-timeline\"><\/div><\/li>\n<li><a href='https:\/\/cotecnova.edu.co\/index.php\/mercadeo-y-ventas\/' title='Mercadeo y ventas'  class='iconlist_icon av-hzuh3n-2aeab4e8eeef2da26db5facf9bd279dc avia-font-entypo-fontello avia-iconfont avia-font-entypo-fontello'><span class='av-icon-char' data-av_icon='\ue80a' data-av_iconfont='entypo-fontello' aria-hidden=\"true\"><\/span><\/a><article class=\"article-icon-entry av-iconlist-empty\"  itemscope=\"itemscope\" itemtype=\"https:\/\/schema.org\/CreativeWork\" ><div class=\"iconlist_content_wrap\"><header class=\"entry-content-header\" aria-label=\"Icon: &lt;a href=&#039;https:\/\/cotecnova.edu.co\/index.php\/mercadeo-y-ventas\/&#039; title=&#039;Mercadeo y ventas&#039;&gt;Mercadeo y ventas&lt;\/a&gt;\"><h4 class='av_iconlist_title iconlist_title  '  itemprop=\"headline\" ><a href='https:\/\/cotecnova.edu.co\/index.php\/mercadeo-y-ventas\/' title='Mercadeo y ventas'>Mercadeo y ventas<\/a><\/h4><\/header><div class='iconlist_content '  itemprop=\"text\" ><\/div><\/div><footer class=\"entry-footer\"><\/footer><\/article><div class=\"iconlist-timeline\"><\/div><\/li>\n<li><a href='https:\/\/cotecnova.edu.co\/index.php\/gestion-empresarial\/' title='Gesti\u00f3n Empresarial'  class='iconlist_icon av-gaqbur-08c65bf06855ecb4ec68d540d0b3e5d1 avia-font-entypo-fontello avia-iconfont avia-font-entypo-fontello'><span class='av-icon-char' data-av_icon='\ue844' data-av_iconfont='entypo-fontello' aria-hidden=\"true\"><\/span><\/a><article class=\"article-icon-entry av-iconlist-empty\"  itemscope=\"itemscope\" itemtype=\"https:\/\/schema.org\/CreativeWork\" ><div class=\"iconlist_content_wrap\"><header class=\"entry-content-header\" aria-label=\"Icon: &lt;a href=&#039;https:\/\/cotecnova.edu.co\/index.php\/gestion-empresarial\/&#039; title=&#039;Gesti\u00f3n Empresarial&#039;&gt;Gesti\u00f3n Empresarial&lt;\/a&gt;\"><h4 class='av_iconlist_title iconlist_title  '  itemprop=\"headline\" ><a href='https:\/\/cotecnova.edu.co\/index.php\/gestion-empresarial\/' title='Gesti\u00f3n Empresarial'>Gesti\u00f3n Empresarial<\/a><\/h4><\/header><div class='iconlist_content '  itemprop=\"text\" ><\/div><\/div><footer class=\"entry-footer\"><\/footer><\/article><div class=\"iconlist-timeline\"><\/div><\/li>\n<\/ul><\/div><br \/>\n<section  class='av_textblock_section av-cwrwar-4a21ec2d07fb2c9c966ccaa8aec5bc24 '   itemscope=\"itemscope\" itemtype=\"https:\/\/schema.org\/CreativeWork\" ><div class='avia_textblock'  itemprop=\"text\" ><h3 style=\"text-align: left;\">Ciclos Profesionales<\/h3>\n<\/div><\/section><br \/>\n\n<style type=\"text\/css\" data-created_by=\"avia_inline_auto\" id=\"style-css-av-ak6udv-25865af31f17f8a44f8475c9ac60967e\">\n#top .avia-icon-list-container.av-ak6udv-25865af31f17f8a44f8475c9ac60967e .iconlist_icon{\ncolor:#ffffff;\nbackground-color:#005c2a;\nborder:1px solid #000000;\n}\n#top .avia-icon-list-container.av-ak6udv-25865af31f17f8a44f8475c9ac60967e .iconlist_icon svg:first-child{\nstroke:#ffffff;\nfill:#ffffff;\n}\n<\/style>\n<div  class='avia-icon-list-container av-ak6udv-25865af31f17f8a44f8475c9ac60967e  avia-builder-el-18  el_after_av_textblock  avia-builder-el-last '><ul class='avia-icon-list avia_animate_when_almost_visible avia-icon-list-left av-iconlist-big av-ak6udv-25865af31f17f8a44f8475c9ac60967e avia-iconlist-animate'>\n<li><a href='https:\/\/cotecnova.edu.co\/index.php\/administracion-de-empresas\/' title='Administraci\u00f3n de Empresas'  class='iconlist_icon av-9dp4xv-66a3f301c1e2b474987d83e86b67273b avia-font-entypo-fontello avia-iconfont avia-font-entypo-fontello'><span class='av-icon-char' data-av_icon='\ue84d' data-av_iconfont='entypo-fontello' aria-hidden=\"true\"><\/span><\/a><article class=\"article-icon-entry av-iconlist-empty\"  itemscope=\"itemscope\" itemtype=\"https:\/\/schema.org\/CreativeWork\" ><div class=\"iconlist_content_wrap\"><header class=\"entry-content-header\" aria-label=\"Icon: &lt;a href=&#039;https:\/\/cotecnova.edu.co\/index.php\/administracion-de-empresas\/&#039; title=&#039;Administraci\u00f3n de Empresas&#039;&gt;Administraci\u00f3n de Empresas&lt;\/a&gt;\"><h4 class='av_iconlist_title iconlist_title  '  itemprop=\"headline\" ><a href='https:\/\/cotecnova.edu.co\/index.php\/administracion-de-empresas\/' title='Administraci\u00f3n de Empresas'>Administraci\u00f3n de Empresas<\/a><\/h4><\/header><div class='iconlist_content '  itemprop=\"text\" ><\/div><\/div><footer class=\"entry-footer\"><\/footer><\/article><div class=\"iconlist-timeline\"><\/div><\/li>\n<li><a href='https:\/\/cotecnova.edu.co\/index.php\/contaduria-publica\/' title='Contadur\u00eda P\u00fablica'  class='iconlist_icon av-7s0nur-12542c340c2c25742714684a04c767cb avia-font-entypo-fontello avia-iconfont avia-font-entypo-fontello'><span class='av-icon-char' data-av_icon='\ue84e' data-av_iconfont='entypo-fontello' aria-hidden=\"true\"><\/span><\/a><article class=\"article-icon-entry av-iconlist-empty\"  itemscope=\"itemscope\" itemtype=\"https:\/\/schema.org\/CreativeWork\" ><div class=\"iconlist_content_wrap\"><header class=\"entry-content-header\" aria-label=\"Icon: &lt;a href=&#039;https:\/\/cotecnova.edu.co\/index.php\/contaduria-publica\/&#039; title=&#039;Contadur\u00eda P\u00fablica&#039;&gt;Contadur\u00eda P\u00fablica&lt;\/a&gt;\"><h4 class='av_iconlist_title iconlist_title  '  itemprop=\"headline\" ><a href='https:\/\/cotecnova.edu.co\/index.php\/contaduria-publica\/' title='Contadur\u00eda P\u00fablica'>Contadur\u00eda P\u00fablica<\/a><\/h4><\/header><div class='iconlist_content '  itemprop=\"text\" ><\/div><\/div><footer class=\"entry-footer\"><\/footer><\/article><div class=\"iconlist-timeline\"><\/div><\/li>\n<\/ul><\/div><\/p><\/div><\/p>\n","protected":false},"excerpt":{"rendered":"","protected":false},"author":2,"featured_media":0,"parent":0,"menu_order":0,"comment_status":"closed","ping_status":"closed","template":"","meta":{"_joinchat":[],"footnotes":""},"class_list":["post-3395","page","type-page","status-publish","hentry"],"nelio_popups_active_popup":"","_links":{"self":[{"href":"https:\/\/cotecnova.edu.co\/index.php\/wp-json\/wp\/v2\/pages\/3395","targetHints":{"allow":["GET"]}}],"collection":[{"href":"https:\/\/cotecnova.edu.co\/index.php\/wp-json\/wp\/v2\/pages"}],"about":[{"href":"https:\/\/cotecnova.edu.co\/index.php\/wp-json\/wp\/v2\/types\/page"}],"author":[{"embeddable":true,"href":"https:\/\/cotecnova.edu.co\/index.php\/wp-json\/wp\/v2\/users\/2"}],"replies":[{"embeddable":true,"href":"https:\/\/cotecnova.edu.co\/index.php\/wp-json\/wp\/v2\/comments?post=3395"}],"version-history":[{"count":38,"href":"https:\/\/cotecnova.edu.co\/index.php\/wp-json\/wp\/v2\/pages\/3395\/revisions"}],"predecessor-version":[{"id":14078,"href":"https:\/\/cotecnova.edu.co\/index.php\/wp-json\/wp\/v2\/pages\/3395\/revisions\/14078"}],"wp:attachment":[{"href":"https:\/\/cotecnova.edu.co\/index.php\/wp-json\/wp\/v2\/media?parent=3395"}],"curies":[{"name":"wp","href":"https:\/\/api.w.org\/{rel}","templated":true}]}}