{"id":3403,"date":"2016-06-22T16:49:40","date_gmt":"2016-06-22T16:49:40","guid":{"rendered":"http:\/\/www.cotec.webcotecnova.site\/?page_id=3403"},"modified":"2018-12-13T19:18:34","modified_gmt":"2018-12-14T00:18:34","slug":"educacion-para-el-trabajo-y-el-desarrollo-humano","status":"publish","type":"page","link":"https:\/\/cotecnova.edu.co\/index.php\/educacion-para-el-trabajo-y-el-desarrollo-humano\/","title":{"rendered":"Educaci\u00f3n para el Trabajo y el Desarrollo Humano"},"content":{"rendered":"<div id='full_slider_1'  class='avia-fullwidth-slider main_color avia-shadow   avia-builder-el-0  el_before_av_section  avia-builder-el-first   container_wrap fullsize'  ><div  class='avia-slideshow av-14rq2u3-8eb88a482beeef76234fd99dd5a38d28 avia-slideshow-featured av_slideshow_full avia-slide-slider av-slideshow-ui av-control-default av-slideshow-manual av-loop-once av-loop-manual-endless av-default-height-applied   avia-slideshow-1' data-slideshow-options=\"{&quot;animation&quot;:&quot;slide&quot;,&quot;autoplay&quot;:false,&quot;loop_autoplay&quot;:&quot;once&quot;,&quot;interval&quot;:5,&quot;loop_manual&quot;:&quot;manual-endless&quot;,&quot;autoplay_stopper&quot;:false,&quot;noNavigation&quot;:false,&quot;bg_slider&quot;:false,&quot;keep_padding&quot;:false,&quot;hoverpause&quot;:false,&quot;show_slide_delay&quot;:0}\"  itemprop=\"image\" itemscope=\"itemscope\" itemtype=\"https:\/\/schema.org\/ImageObject\" ><ul class='avia-slideshow-inner ' style='padding-bottom: 25.232308791994%;'><li  class='avia-slideshow-slide av-14rq2u3-8eb88a482beeef76234fd99dd5a38d28__0  av-single-slide slide-1 slide-odd'><div data-rel='slideshow-1' class='avia-slide-wrap '   ><img fetchpriority=\"high\" class=\"wp-image-3486 avia-img-lazy-loading-not-3486\"  src='https:\/\/cotecnova.edu.co\/wp-content\/uploads\/2016\/06\/educacion_para_el_trabajo.jpg' width='1399' height='353' title='educacion_para_el_trabajo' alt=''  itemprop=\"thumbnailUrl\"   \/><\/div><\/li><\/ul><\/div><\/div>\n\n<style type=\"text\/css\" data-created_by=\"avia_inline_auto\" id=\"style-css-av-11lla63-3ebe41a4013f52540f33258ca371471a\">\n.avia-section.av-11lla63-3ebe41a4013f52540f33258ca371471a{\nbackground-color:#005c2a;\nbackground-image:unset;\n}\n.avia-section.av-11lla63-3ebe41a4013f52540f33258ca371471a .av-extra-border-element .av-extra-border-inner{\nbackground-color:#005c2a;\n}\n<\/style>\n<div id='av_section_1'  class='avia-section av-11lla63-3ebe41a4013f52540f33258ca371471a main_color avia-section-small avia-shadow  avia-builder-el-1  el_after_av_slideshow_full  el_before_av_two_third  avia-bg-style-scroll av-arrow-down-section av-minimum-height av-minimum-height-custom av-height-custom  container_wrap fullsize'   data-av_minimum_height_px='20'><div class='container av-section-cont-open' style='height:20px'><div class='template-page content  av-content-full alpha units'><div class='post-entry post-entry-type-page post-entry-3403'><div class='entry-content-wrapper clearfix'>\n<div  class='flex_column av-zmthhn-85c399f0c12d6e089f780c0e1dd9e692 av_one_fifth  avia-builder-el-2  el_before_av_one_fifth  avia-builder-el-first  first flex_column_div  '     ><style type=\"text\/css\" data-created_by=\"avia_inline_auto\" id=\"style-css-av-xlit7f-2130df7235fd0716fea8f1afc5883db4\">\n.av_font_icon.av-xlit7f-2130df7235fd0716fea8f1afc5883db4{\ncolor:#ffffff;\nborder-color:#ffffff;\n}\n.avia-svg-icon.av-xlit7f-2130df7235fd0716fea8f1afc5883db4 svg:first-child{\nstroke:#ffffff;\nfill:#ffffff;\n}\n.av_font_icon.av-xlit7f-2130df7235fd0716fea8f1afc5883db4 .av-icon-char{\nfont-size:20px;\nline-height:20px;\nwidth:20px;\n}\n<\/style>\n<span  class='av_font_icon av-xlit7f-2130df7235fd0716fea8f1afc5883db4 avia_animate_when_visible av-icon-style-border avia-icon-pos-center avia-iconfont avia-font-entypo-fontello avia-icon-animate'><a href='https:\/\/cotecnova.edu.co\/index.php\/aspirante\/'   class='av-icon-char' data-av_icon='\ue84d' data-av_iconfont='entypo-fontello' aria-hidden=\"false\" data-avia-icon-tooltip=\"&lt;br \/&gt;\nAspirante&lt;br \/&gt;\n\"><\/a><span class='av_icon_caption av-special-font'>Aspirante<\/span><\/span><\/div><div  class='flex_column av-wjwux7-44910187e6ae299dcaf3d4b60f6df8e2 av_one_fifth  avia-builder-el-4  el_after_av_one_fifth  el_before_av_one_fifth  flex_column_div  '     ><style type=\"text\/css\" data-created_by=\"avia_inline_auto\" id=\"style-css-av-u913sr-357ad9aa04e58e3f28de2b2577f4121d\">\n.av_font_icon.av-u913sr-357ad9aa04e58e3f28de2b2577f4121d{\ncolor:#ffffff;\nborder-color:#ffffff;\n}\n.avia-svg-icon.av-u913sr-357ad9aa04e58e3f28de2b2577f4121d svg:first-child{\nstroke:#ffffff;\nfill:#ffffff;\n}\n.av_font_icon.av-u913sr-357ad9aa04e58e3f28de2b2577f4121d .av-icon-char{\nfont-size:20px;\nline-height:20px;\nwidth:20px;\n}\n<\/style>\n<span  class='av_font_icon av-u913sr-357ad9aa04e58e3f28de2b2577f4121d avia_animate_when_visible av-icon-style-border avia-icon-pos-center avia-iconfont avia-font-entypo-fontello avia-icon-animate'><a href='https:\/\/cotecnova.edu.co\/index.php\/estudiante\/'   class='av-icon-char' data-av_icon='\ue84f' data-av_iconfont='entypo-fontello' aria-hidden=\"false\" data-avia-icon-tooltip=\"&lt;br \/&gt;\nEstudiante&lt;br \/&gt;\n\"><\/a><span class='av_icon_caption av-special-font'>Estudiante<\/span><\/span><\/div><div  class='flex_column av-sakvsb-05e03332e4aa43f4b7d14bbdcf1e4673 av_one_fifth  avia-builder-el-6  el_after_av_one_fifth  el_before_av_one_fifth  flex_column_div  '     ><style type=\"text\/css\" data-created_by=\"avia_inline_auto\" id=\"style-css-av-2rfgnf-76e45ba1c37958eb51e88470d8ac71c2\">\n.av_font_icon.av-2rfgnf-76e45ba1c37958eb51e88470d8ac71c2{\ncolor:#ffffff;\nborder-color:#ffffff;\n}\n.avia-svg-icon.av-2rfgnf-76e45ba1c37958eb51e88470d8ac71c2 svg:first-child{\nstroke:#ffffff;\nfill:#ffffff;\n}\n.av_font_icon.av-2rfgnf-76e45ba1c37958eb51e88470d8ac71c2 .av-icon-char{\nfont-size:20px;\nline-height:20px;\nwidth:20px;\n}\n<\/style>\n<span  class='av_font_icon av-2rfgnf-76e45ba1c37958eb51e88470d8ac71c2 avia_animate_when_visible av-icon-style-border avia-icon-pos-center avia-iconfont avia-font-entypo-fontello avia-icon-animate'><a href='https:\/\/cotecnova.edu.co\/index.php\/docente\/'   class='av-icon-char' data-av_icon='\ue80a' data-av_iconfont='entypo-fontello' aria-hidden=\"false\" data-avia-icon-tooltip=\"&lt;br \/&gt;\nDocente&lt;br \/&gt;\n\"><\/a><span class='av_icon_caption av-special-font'>Docente<\/span><\/span><\/div><div  class='flex_column av-q6q9bf-87114175659d7bc28474463a54414d79 av_one_fifth  avia-builder-el-8  el_after_av_one_fifth  el_before_av_one_fifth  flex_column_div  '     ><style type=\"text\/css\" data-created_by=\"avia_inline_auto\" id=\"style-css-av-o7h3mz-d7569514455eb2de032acb14d3bb13cf\">\n.av_font_icon.av-o7h3mz-d7569514455eb2de032acb14d3bb13cf{\ncolor:#ffffff;\nborder-color:#ffffff;\n}\n.avia-svg-icon.av-o7h3mz-d7569514455eb2de032acb14d3bb13cf svg:first-child{\nstroke:#ffffff;\nfill:#ffffff;\n}\n.av_font_icon.av-o7h3mz-d7569514455eb2de032acb14d3bb13cf .av-icon-char{\nfont-size:20px;\nline-height:20px;\nwidth:20px;\n}\n<\/style>\n<span  class='av_font_icon av-o7h3mz-d7569514455eb2de032acb14d3bb13cf avia_animate_when_visible av-icon-style-border avia-icon-pos-center avia-iconfont avia-font-entypo-fontello avia-icon-animate'><a href='https:\/\/cotecnova.edu.co\/index.php\/egresado\/'   class='av-icon-char' data-av_icon='\ue8c9' data-av_iconfont='entypo-fontello' aria-hidden=\"false\" data-avia-icon-tooltip=\"&lt;br \/&gt;\nEgresado&lt;br \/&gt;\n\"><\/a><span class='av_icon_caption av-special-font'>Egresado<\/span><\/span><\/div><div  class='flex_column av-mjkogr-e4481773eeed91d91c49648d6dac0109 av_one_fifth  avia-builder-el-10  el_after_av_one_fifth  avia-builder-el-last  flex_column_div  '     ><style type=\"text\/css\" data-created_by=\"avia_inline_auto\" id=\"style-css-av-kydzt7-2687f331fafc8d1cf0d7c43a2cf76702\">\n.av_font_icon.av-kydzt7-2687f331fafc8d1cf0d7c43a2cf76702{\ncolor:#ffffff;\nborder-color:#ffffff;\n}\n.avia-svg-icon.av-kydzt7-2687f331fafc8d1cf0d7c43a2cf76702 svg:first-child{\nstroke:#ffffff;\nfill:#ffffff;\n}\n.av_font_icon.av-kydzt7-2687f331fafc8d1cf0d7c43a2cf76702 .av-icon-char{\nfont-size:20px;\nline-height:20px;\nwidth:20px;\n}\n<\/style>\n<span  class='av_font_icon av-kydzt7-2687f331fafc8d1cf0d7c43a2cf76702 avia_animate_when_visible av-icon-style-border avia-icon-pos-center avia-iconfont avia-font-entypo-fontello avia-icon-animate'><a href='https:\/\/cotecnova.edu.co\/index.php\/acudiente\/'   class='av-icon-char' data-av_icon='\ue80b' data-av_iconfont='entypo-fontello' aria-hidden=\"false\" data-avia-icon-tooltip=\"&lt;br \/&gt;\nAcudiente&lt;br \/&gt;\n\"><\/a><span class='av_icon_caption av-special-font'>Acudiente<\/span><\/span><\/div>\n<\/div><\/div><\/div><!-- close content main div --><\/div><div class='av-extra-border-element border-extra-arrow-down'><div class='av-extra-border-outer'><div class='av-extra-border-inner'><\/div><\/div><\/div><\/div><div id='after_section_1'  class='main_color av_default_container_wrap container_wrap fullsize'  ><div class='container av-section-cont-open' ><div class='template-page content  av-content-full alpha units'><div class='post-entry post-entry-type-page post-entry-3403'><div class='entry-content-wrapper clearfix'>\n<div  class='flex_column av-j3m8bf-95fa77540839e2acefd65366e15a04eb av_two_third  avia-builder-el-12  el_after_av_section  el_before_av_one_third  avia-builder-el-first  first flex_column_div  '     ><section  class='av_textblock_section av-hzlwgr-6e287062cde9e4e49b8ee713426bd4d0 '   itemscope=\"itemscope\" itemtype=\"https:\/\/schema.org\/CreativeWork\" ><div class='avia_textblock'  itemprop=\"text\" ><h2><strong>Educaci\u00f3n para el Trabajo y el Desarrollo Humano<\/strong><\/h2>\n<p style=\"text-align: justify;\">La Corporaci\u00f3n de Estudios Tecnol\u00f3gicos del Norte del Valle, ofrece un amplio portafolio de cursos libres, programas t\u00e9cnicos laborales y acad\u00e9micos mediante el Centro de Educaci\u00f3n para el Trabajo y el Desarrollo Humano aprobado por la Secretar\u00eda de Educaci\u00f3n Municipal, con la Resoluci\u00f3n 012 del 30 de enero de 2004 y denomin\u00e1ndose Centro de Educaci\u00f3n para el Trabajo y el Desarrollo Humano \u201cJes\u00fas Ernesto Aulestia\u201d mediante Resoluci\u00f3n No. 00435 de 2013.<\/p>\n<p>Seg\u00fan el Decreto 1075 de 2016, la educaci\u00f3n para el trabajo y desarrollo humano hace parte del servicio p\u00fablico educativo y responde a los fines de la educaci\u00f3n consagrados en art\u00edculo 5 de la Ley 115 de 1994. Se ofrece con el objeto de complementar, actualizar, suplir conocimientos y formar, en aspectos acad\u00e9micos o laborales y conduce a la obtenci\u00f3n de certificados de aptitud ocupacional.<\/p>\n<p>Comprende la formaci\u00f3n permanente, personal, social y cultural, que se fundamenta en una concepci\u00f3n integral de la persona, que una instituci\u00f3n organiza en un proyecto educativo institucional y que estructura en curr\u00edculos flexibles sin sujeci\u00f3n al sistema de niveles y grados propios de la educaci\u00f3n formal.<\/p>\n<\/div><\/section><\/div>\n<div  class='flex_column av-1mo4kr-1b2ca01b9754b1043e200691a53305cc av_one_third  avia-builder-el-14  el_after_av_two_third  el_before_av_one_full  flex_column_div  '     ><section  class='av_textblock_section av-1gv5ff-ce9671eae55502843ca3116816ffb8b3 '   itemscope=\"itemscope\" itemtype=\"https:\/\/schema.org\/CreativeWork\" ><div class='avia_textblock'  itemprop=\"text\" ><h3>Programas<\/h3>\n<\/div><\/section><br \/>\n\n<style type=\"text\/css\" data-created_by=\"avia_inline_auto\" id=\"style-css-av-c7c9cb-856d847d63a8905105140a6036288af2\">\n#top .avia-icon-list-container.av-c7c9cb-856d847d63a8905105140a6036288af2 .iconlist_icon{\ncolor:#ffffff;\nbackground-color:#005c2a;\nborder:1px solid #000000;\n}\n#top .avia-icon-list-container.av-c7c9cb-856d847d63a8905105140a6036288af2 .iconlist_icon svg:first-child{\nstroke:#ffffff;\nfill:#ffffff;\n}\n<\/style>\n<div  class='avia-icon-list-container av-c7c9cb-856d847d63a8905105140a6036288af2  avia-builder-el-16  el_after_av_textblock  avia-builder-el-last '><ul class='avia-icon-list avia_animate_when_almost_visible avia-icon-list-left av-iconlist-big av-c7c9cb-856d847d63a8905105140a6036288af2 avia-iconlist-animate'>\n<li><div class='iconlist_icon av-7xlpij-e9d6b1867fba7e506d5f05a90debf73d avia-font-entypo-fontello avia-iconfont avia-font-entypo-fontello'><span class='av-icon-char' data-av_icon='\ue844' data-av_iconfont='entypo-fontello' aria-hidden=\"true\"><\/span><\/div><article class=\"article-icon-entry av-iconlist-empty\"  itemscope=\"itemscope\" itemtype=\"https:\/\/schema.org\/CreativeWork\" ><div class=\"iconlist_content_wrap\"><header class=\"entry-content-header\" aria-label=\"Icon: &lt;a href=&#039;https:\/\/cotecnova.edu.co\/index.php\/cursos-idiomas-2\/&#039; title=&#039;Cursos de Ingl\u00e9s y Franc\u00e9s&#039;&gt;Cursos de Ingl\u00e9s y Franc\u00e9s&lt;\/a&gt;\"><h4 class='av_iconlist_title iconlist_title  '  itemprop=\"headline\" ><a href='https:\/\/cotecnova.edu.co\/index.php\/cursos-idiomas-2\/' title='Cursos de Ingl\u00e9s y Franc\u00e9s'>Cursos de Ingl\u00e9s y Franc\u00e9s<\/a><\/h4><\/header><div class='iconlist_content '  itemprop=\"text\" ><\/div><\/div><footer class=\"entry-footer\"><\/footer><\/article><div class=\"iconlist-timeline\"><\/div><\/li>\n<li><a href='https:\/\/cotecnova.edu.co\/index.php\/tecnico-laboral-primera-infancia\/' title='Atenci\u00f3n Primera Infancia'  class='iconlist_icon av-5lo8d7-5108d516ede9ca6ed01d598a11120bb9 avia-font-entypo-fontello avia-iconfont avia-font-entypo-fontello'><span class='av-icon-char' data-av_icon='\ue8dd' data-av_iconfont='entypo-fontello' aria-hidden=\"true\"><\/span><\/a><article class=\"article-icon-entry av-iconlist-empty\"  itemscope=\"itemscope\" itemtype=\"https:\/\/schema.org\/CreativeWork\" ><div class=\"iconlist_content_wrap\"><header class=\"entry-content-header\" aria-label=\"Icon: &lt;a href=&#039;https:\/\/cotecnova.edu.co\/index.php\/tecnico-laboral-primera-infancia\/&#039; title=&#039;Atenci\u00f3n Primera Infancia&#039;&gt;Atenci\u00f3n Primera Infancia&lt;\/a&gt;\"><h4 class='av_iconlist_title iconlist_title  '  itemprop=\"headline\" ><a href='https:\/\/cotecnova.edu.co\/index.php\/tecnico-laboral-primera-infancia\/' title='Atenci\u00f3n Primera Infancia'>Atenci\u00f3n Primera Infancia<\/a><\/h4><\/header><div class='iconlist_content '  itemprop=\"text\" ><\/div><\/div><footer class=\"entry-footer\"><\/footer><\/article><div class=\"iconlist-timeline\"><\/div><\/li>\n<\/ul><\/div><\/p><\/div><div  class='flex_column av-4fwoa3-b48a701a1cd5542811dc49d907a73a0d av_one_full  avia-builder-el-17  el_after_av_one_third  avia-builder-el-last  first flex_column_div  column-top-margin'     ><section  class='av_textblock_section av-162yz-b2604edfaf503818ca37eca1644b4f41 '   itemscope=\"itemscope\" itemtype=\"https:\/\/schema.org\/CreativeWork\" ><div class='avia_textblock'  itemprop=\"text\" ><\/div><\/section><\/div><\/p>\n","protected":false},"excerpt":{"rendered":"","protected":false},"author":2,"featured_media":0,"parent":0,"menu_order":0,"comment_status":"closed","ping_status":"closed","template":"","meta":{"_joinchat":[],"footnotes":""},"class_list":["post-3403","page","type-page","status-publish","hentry"],"nelio_popups_active_popup":"","_links":{"self":[{"href":"https:\/\/cotecnova.edu.co\/index.php\/wp-json\/wp\/v2\/pages\/3403","targetHints":{"allow":["GET"]}}],"collection":[{"href":"https:\/\/cotecnova.edu.co\/index.php\/wp-json\/wp\/v2\/pages"}],"about":[{"href":"https:\/\/cotecnova.edu.co\/index.php\/wp-json\/wp\/v2\/types\/page"}],"author":[{"embeddable":true,"href":"https:\/\/cotecnova.edu.co\/index.php\/wp-json\/wp\/v2\/users\/2"}],"replies":[{"embeddable":true,"href":"https:\/\/cotecnova.edu.co\/index.php\/wp-json\/wp\/v2\/comments?post=3403"}],"version-history":[{"count":15,"href":"https:\/\/cotecnova.edu.co\/index.php\/wp-json\/wp\/v2\/pages\/3403\/revisions"}],"predecessor-version":[{"id":7117,"href":"https:\/\/cotecnova.edu.co\/index.php\/wp-json\/wp\/v2\/pages\/3403\/revisions\/7117"}],"wp:attachment":[{"href":"https:\/\/cotecnova.edu.co\/index.php\/wp-json\/wp\/v2\/media?parent=3403"}],"curies":[{"name":"wp","href":"https:\/\/api.w.org\/{rel}","templated":true}]}}