{"id":3408,"date":"2016-06-22T16:54:13","date_gmt":"2016-06-22T16:54:13","guid":{"rendered":"http:\/\/www.cotec.webcotecnova.site\/?page_id=3408"},"modified":"2024-03-19T17:01:35","modified_gmt":"2024-03-19T22:01:35","slug":"sector-externo","status":"publish","type":"page","link":"https:\/\/cotecnova.edu.co\/index.php\/sector-externo\/","title":{"rendered":"Sector Externo"},"content":{"rendered":"<div id='full_slider_1'  class='avia-fullwidth-slider main_color avia-shadow   avia-builder-el-0  el_before_av_one_full  avia-builder-el-first   container_wrap fullsize'  ><div  class='avia-slideshow av-nkd1xs-b71acea9418600d2aa157660d1d95708 avia-slideshow-no scaling av_slideshow_full avia-slide-slider av-slideshow-ui av-control-default av-slideshow-manual av-loop-once av-loop-manual-endless av-default-height-applied   avia-slideshow-1' data-slideshow-options=\"{&quot;animation&quot;:&quot;slide&quot;,&quot;autoplay&quot;:false,&quot;loop_autoplay&quot;:&quot;once&quot;,&quot;interval&quot;:5,&quot;loop_manual&quot;:&quot;manual-endless&quot;,&quot;autoplay_stopper&quot;:false,&quot;noNavigation&quot;:false,&quot;bg_slider&quot;:false,&quot;keep_padding&quot;:false,&quot;hoverpause&quot;:false,&quot;show_slide_delay&quot;:0}\"  itemprop=\"image\" itemscope=\"itemscope\" itemtype=\"https:\/\/schema.org\/ImageObject\" ><ul class='avia-slideshow-inner ' style='padding-bottom: 24.052916416115%;'><li  class='avia-slideshow-slide av-nkd1xs-b71acea9418600d2aa157660d1d95708__0  av-single-slide slide-1 slide-odd'><div data-rel='slideshow-1' class='avia-slide-wrap '   ><img fetchpriority=\"high\" class=\"wp-image-14177 avia-img-lazy-loading-not-14177\"  src='https:\/\/cotecnova.edu.co\/wp-content\/uploads\/2024\/03\/1.png' width='1663' height='400' title='1' alt=''  itemprop=\"thumbnailUrl\"   \/><\/div><\/li><\/ul><\/div><\/div><div id='after_full_slider_1'  class='main_color av_default_container_wrap container_wrap fullsize'  ><div class='container av-section-cont-open' ><div class='template-page content  av-content-full alpha units'><div class='post-entry post-entry-type-page post-entry-3408'><div class='entry-content-wrapper clearfix'>\n<div  class='flex_column av-2etxhs-1a8c6ec1f4a0985ed2b1fbf4aff73acb av_one_full  avia-builder-el-1  el_after_av_slideshow_full  el_before_av_section  avia-builder-el-no-sibling  first flex_column_div  '     ><p><div  class='avia-button-wrap avia-button-center  avia-builder-el-2  el_before_av_hr  avia-builder-el-first '>\n<style type=\"text\/css\" data-created_by=\"avia_inline_auto\" id=\"style-css-av-lpijimk8-6500952516b5a7603c34fabb68029b66\">\n#top #wrap_all .avia-button.av-lpijimk8-6500952516b5a7603c34fabb68029b66{\ncolor:#ffffff;\ntransition:all 0.4s ease-in-out;\n}\n#top #wrap_all .avia-button.av-lpijimk8-6500952516b5a7603c34fabb68029b66:hover{\ncolor:#ffffff;\ntransition:all 0.4s ease-in-out;\n}\n#top #wrap_all .avia-button.av-lpijimk8-6500952516b5a7603c34fabb68029b66 .avia-svg-icon svg:first-child{\nfill:#ffffff;\nstroke:#ffffff;\n}\n#top #wrap_all .avia-button.av-lpijimk8-6500952516b5a7603c34fabb68029b66:hover .avia-svg-icon svg:first-child{\nfill:#ffffff;\nstroke:#ffffff;\n}\n<\/style>\n<a href='http:\/\/cotecnova.edu.co\/wp-content\/uploads\/2023\/11\/LINEAMIENTOS-RSE-aprobados-Consejo-Directivo27-10-23.pdf' class='avia-color-theme-color avia-button avia-button-fullwidth av-lpijimk8-6500952516b5a7603c34fabb68029b66 avia-icon_select-yes-left-icon avia-color-theme-color'  target=\"_blank\"  rel=\"noopener noreferrer\"  aria-label=\"Lineamientos Relaci\u00f3n con el Sector Externo\"><span class='avia_button_icon avia_button_icon_left avia-iconfont avia-font-entypo-fontello' data-av_icon='\ue84b' data-av_iconfont='entypo-fontello' ><\/span><span class='avia_iconbox_title' >Lineamientos Relaci\u00f3n con el Sector Externo<\/span><span class='avia_button_background avia-button avia-button-fullwidth avia-color-theme-color'><\/span><\/a><\/div><br \/>\n<div  class='hr av-av_hr-23b3846cdd0fbd0e234720a594f6db24 hr-default  avia-builder-el-3  el_after_av_button_big  el_before_av_textblock  avia-builder-el-first '><span class='hr-inner '><span class=\"hr-inner-style\"><\/span><\/span><\/div><br \/>\n<section  class='av_textblock_section av-lpij7a7w-29087d0d1c2fdc6c3d610b736c0218ef '   itemscope=\"itemscope\" itemtype=\"https:\/\/schema.org\/CreativeWork\" ><div class='avia_textblock'  itemprop=\"text\" ><div class=\"col-12 col-sm-4\">\n<p>El proceso de Relaci\u00f3n con el Sector Externo consiste en la colaboraci\u00f3n y el intercambio de conocimientos, recursos y experiencias entre la Corporaci\u00f3n de Estudios Tecnol\u00f3gicos del Norte del Valle y los distintos actores de la sociedad, tales como empresas, organizaciones , grupos comunitarios, entre otros, permitiendo de esta manera mejorar la calidad de la formaci\u00f3n y la investigaci\u00f3n.<\/p>\n<p>Esta relaci\u00f3n es fundamental para el desarrollo de la sociedad, ya que permite a la instituci\u00f3n responder a las necesidades y desaf\u00edos del mundo actual, y al mismo tiempo, contribuir a la resoluci\u00f3n de problemas y a la mejora de la calidad de vida de la poblaci\u00f3n.<\/p>\n<\/div>\n<\/div><\/section><\/p><\/div><\/div><\/div><\/div><!-- close content main div --><\/div><\/div>\n<style type=\"text\/css\" data-created_by=\"avia_inline_auto\" id=\"style-css-av-lggab4-6ff427d566fa18ca29cf9f137188291b\">\n.avia-section.av-lggab4-6ff427d566fa18ca29cf9f137188291b{\nbackground-color:#005c2a;\nbackground-image:unset;\n}\n.avia-section.av-lggab4-6ff427d566fa18ca29cf9f137188291b .av-extra-border-element .av-extra-border-inner{\nbackground-color:#005c2a;\n}\n<\/style>\n<div id='av_section_1'  class='avia-section av-lggab4-6ff427d566fa18ca29cf9f137188291b main_color avia-section-small avia-shadow  avia-builder-el-5  el_after_av_one_full  avia-builder-el-last  avia-bg-style-scroll av-arrow-down-section av-minimum-height av-minimum-height-custom av-height-custom  container_wrap fullsize'   data-av_minimum_height_px='20'><div class='container av-section-cont-open' style='height:20px'><div class='template-page content  av-content-full alpha units'><div class='post-entry post-entry-type-page post-entry-3408'><div class='entry-content-wrapper clearfix'>\n<div  class='flex_column av-jowh74-5dfb87917aa692f5fde4e3f2930d3d3f av_one_fifth  avia-builder-el-6  el_before_av_one_fifth  avia-builder-el-first  first flex_column_div  '     ><style type=\"text\/css\" data-created_by=\"avia_inline_auto\" id=\"style-css-av-hf6y4w-e7732ec94bbf9357ec9fb570e62832fc\">\n.av_font_icon.av-hf6y4w-e7732ec94bbf9357ec9fb570e62832fc{\ncolor:#ffffff;\nborder-color:#ffffff;\n}\n.avia-svg-icon.av-hf6y4w-e7732ec94bbf9357ec9fb570e62832fc svg:first-child{\nstroke:#ffffff;\nfill:#ffffff;\n}\n.av_font_icon.av-hf6y4w-e7732ec94bbf9357ec9fb570e62832fc .av-icon-char{\nfont-size:20px;\nline-height:20px;\nwidth:20px;\n}\n<\/style>\n<span  class='av_font_icon av-hf6y4w-e7732ec94bbf9357ec9fb570e62832fc avia_animate_when_visible av-icon-style-border avia-icon-pos-center avia-iconfont avia-font-entypo-fontello avia-icon-animate'><a href='https:\/\/cotecnova.edu.co\/index.php\/aspirante\/'   class='av-icon-char' data-av_icon='\ue84d' data-av_iconfont='entypo-fontello' aria-hidden=\"false\" data-avia-icon-tooltip=\"&lt;br \/&gt;\nAspirante&lt;br \/&gt;\n\"><\/a><span class='av_icon_caption av-special-font'>Aspirante<\/span><\/span><\/div><div  class='flex_column av-fkyh34-7dccbc9da6ca03fe654c2bb5be912023 av_one_fifth  avia-builder-el-8  el_after_av_one_fifth  el_before_av_one_fifth  flex_column_div  '     ><style type=\"text\/css\" data-created_by=\"avia_inline_auto\" id=\"style-css-av-di0uw0-1e4c36a4c8394d5b4d7503ecf063d63c\">\n.av_font_icon.av-di0uw0-1e4c36a4c8394d5b4d7503ecf063d63c{\ncolor:#ffffff;\nborder-color:#ffffff;\n}\n.avia-svg-icon.av-di0uw0-1e4c36a4c8394d5b4d7503ecf063d63c svg:first-child{\nstroke:#ffffff;\nfill:#ffffff;\n}\n.av_font_icon.av-di0uw0-1e4c36a4c8394d5b4d7503ecf063d63c .av-icon-char{\nfont-size:20px;\nline-height:20px;\nwidth:20px;\n}\n<\/style>\n<span  class='av_font_icon av-di0uw0-1e4c36a4c8394d5b4d7503ecf063d63c avia_animate_when_visible av-icon-style-border avia-icon-pos-center avia-iconfont avia-font-entypo-fontello avia-icon-animate'><a href='https:\/\/cotecnova.edu.co\/index.php\/estudiante\/'   class='av-icon-char' data-av_icon='\ue84f' data-av_iconfont='entypo-fontello' aria-hidden=\"false\" data-avia-icon-tooltip=\"&lt;br \/&gt;\nEstudiante&lt;br \/&gt;\n\"><\/a><span class='av_icon_caption av-special-font'>Estudiante<\/span><\/span><\/div><div  class='flex_column av-c673v4-b071383374244ffd3aa5ae609ce31786 av_one_fifth  avia-builder-el-10  el_after_av_one_fifth  el_before_av_one_fifth  flex_column_div  '     ><style type=\"text\/css\" data-created_by=\"avia_inline_auto\" id=\"style-css-av-a6ng3k-926effb5294f219e681feaace6b6a53b\">\n.av_font_icon.av-a6ng3k-926effb5294f219e681feaace6b6a53b{\ncolor:#ffffff;\nborder-color:#ffffff;\n}\n.avia-svg-icon.av-a6ng3k-926effb5294f219e681feaace6b6a53b svg:first-child{\nstroke:#ffffff;\nfill:#ffffff;\n}\n.av_font_icon.av-a6ng3k-926effb5294f219e681feaace6b6a53b .av-icon-char{\nfont-size:20px;\nline-height:20px;\nwidth:20px;\n}\n<\/style>\n<span  class='av_font_icon av-a6ng3k-926effb5294f219e681feaace6b6a53b avia_animate_when_visible av-icon-style-border avia-icon-pos-center avia-iconfont avia-font-entypo-fontello avia-icon-animate'><a href='https:\/\/cotecnova.edu.co\/index.php\/docente\/'   class='av-icon-char' data-av_icon='\ue80a' data-av_iconfont='entypo-fontello' aria-hidden=\"false\" data-avia-icon-tooltip=\"&lt;br \/&gt;\nDocente&lt;br \/&gt;\n\"><\/a><span class='av_icon_caption av-special-font'>Docente<\/span><\/span><\/div><div  class='flex_column av-vw9i8-cc758f819dd933a45abba0b7642c0f0d av_one_fifth  avia-builder-el-12  el_after_av_one_fifth  el_before_av_one_fifth  flex_column_div  '     ><style type=\"text\/css\" data-created_by=\"avia_inline_auto\" id=\"style-css-av-80ob00-9a9606b1b4c1fe8b53e30568c26c5245\">\n.av_font_icon.av-80ob00-9a9606b1b4c1fe8b53e30568c26c5245{\ncolor:#ffffff;\nborder-color:#ffffff;\n}\n.avia-svg-icon.av-80ob00-9a9606b1b4c1fe8b53e30568c26c5245 svg:first-child{\nstroke:#ffffff;\nfill:#ffffff;\n}\n.av_font_icon.av-80ob00-9a9606b1b4c1fe8b53e30568c26c5245 .av-icon-char{\nfont-size:20px;\nline-height:20px;\nwidth:20px;\n}\n<\/style>\n<span  class='av_font_icon av-80ob00-9a9606b1b4c1fe8b53e30568c26c5245 avia_animate_when_visible av-icon-style-border avia-icon-pos-center avia-iconfont avia-font-entypo-fontello avia-icon-animate'><a href='https:\/\/cotecnova.edu.co\/index.php\/egresado\/'   class='av-icon-char' data-av_icon='\ue8c9' data-av_iconfont='entypo-fontello' aria-hidden=\"false\" data-avia-icon-tooltip=\"&lt;br \/&gt;\nEgresado&lt;br \/&gt;\n\"><\/a><span class='av_icon_caption av-special-font'>Egresado<\/span><\/span><\/div><div  class='flex_column av-5jbctc-e9ad1d1c3c7d852a2510f4fa06670322 av_one_fifth  avia-builder-el-14  el_after_av_one_fifth  avia-builder-el-last  flex_column_div  '     ><style type=\"text\/css\" data-created_by=\"avia_inline_auto\" id=\"style-css-av-3zqjhs-73675b22ea54537871bc6f8540141106\">\n.av_font_icon.av-3zqjhs-73675b22ea54537871bc6f8540141106{\ncolor:#ffffff;\nborder-color:#ffffff;\n}\n.avia-svg-icon.av-3zqjhs-73675b22ea54537871bc6f8540141106 svg:first-child{\nstroke:#ffffff;\nfill:#ffffff;\n}\n.av_font_icon.av-3zqjhs-73675b22ea54537871bc6f8540141106 .av-icon-char{\nfont-size:20px;\nline-height:20px;\nwidth:20px;\n}\n<\/style>\n<span  class='av_font_icon av-3zqjhs-73675b22ea54537871bc6f8540141106 avia_animate_when_visible av-icon-style-border avia-icon-pos-center avia-iconfont avia-font-entypo-fontello avia-icon-animate'><a href='https:\/\/cotecnova.edu.co\/index.php\/acudiente\/'   class='av-icon-char' data-av_icon='\ue80b' data-av_iconfont='entypo-fontello' aria-hidden=\"false\" data-avia-icon-tooltip=\"&lt;br \/&gt;\nAcudiente&lt;br \/&gt;\n\"><\/a><span class='av_icon_caption av-special-font'>Acudiente<\/span><\/span><\/div>\n<\/p>\n","protected":false},"excerpt":{"rendered":"","protected":false},"author":2,"featured_media":0,"parent":0,"menu_order":0,"comment_status":"closed","ping_status":"closed","template":"","meta":{"_joinchat":[],"footnotes":""},"class_list":["post-3408","page","type-page","status-publish","hentry"],"nelio_popups_active_popup":"","_links":{"self":[{"href":"https:\/\/cotecnova.edu.co\/index.php\/wp-json\/wp\/v2\/pages\/3408","targetHints":{"allow":["GET"]}}],"collection":[{"href":"https:\/\/cotecnova.edu.co\/index.php\/wp-json\/wp\/v2\/pages"}],"about":[{"href":"https:\/\/cotecnova.edu.co\/index.php\/wp-json\/wp\/v2\/types\/page"}],"author":[{"embeddable":true,"href":"https:\/\/cotecnova.edu.co\/index.php\/wp-json\/wp\/v2\/users\/2"}],"replies":[{"embeddable":true,"href":"https:\/\/cotecnova.edu.co\/index.php\/wp-json\/wp\/v2\/comments?post=3408"}],"version-history":[{"count":11,"href":"https:\/\/cotecnova.edu.co\/index.php\/wp-json\/wp\/v2\/pages\/3408\/revisions"}],"predecessor-version":[{"id":14171,"href":"https:\/\/cotecnova.edu.co\/index.php\/wp-json\/wp\/v2\/pages\/3408\/revisions\/14171"}],"wp:attachment":[{"href":"https:\/\/cotecnova.edu.co\/index.php\/wp-json\/wp\/v2\/media?parent=3408"}],"curies":[{"name":"wp","href":"https:\/\/api.w.org\/{rel}","templated":true}]}}