{"id":3508,"date":"2016-06-23T16:51:29","date_gmt":"2016-06-23T16:51:29","guid":{"rendered":"http:\/\/www.cotec.webcotecnova.site\/?page_id=3508"},"modified":"2026-01-08T15:08:25","modified_gmt":"2026-01-08T20:08:25","slug":"tecnico-profesional-en-programacion-de-aplicaciones-informaticas","status":"publish","type":"page","link":"https:\/\/cotecnova.edu.co\/index.php\/tecnico-profesional-en-programacion-de-aplicaciones-informaticas\/","title":{"rendered":"T\u00e9cnico profesional en Programaci\u00f3n de Aplicaciones Inform\u00e1ticas"},"content":{"rendered":"\n<style type=\"text\/css\" data-created_by=\"avia_inline_auto\" id=\"style-css-av-lbpmufu2-06fbfaa60d07d82e172548169d202ded\">\n.avia-image-container.av-lbpmufu2-06fbfaa60d07d82e172548169d202ded img.avia_image{\nbox-shadow:none;\n}\n.avia-image-container.av-lbpmufu2-06fbfaa60d07d82e172548169d202ded .av-image-caption-overlay-center{\ncolor:#ffffff;\n}\n<\/style>\n<div  class='avia-image-container av-lbpmufu2-06fbfaa60d07d82e172548169d202ded av-styling- avia-align-center  avia-builder-el-0  el_before_av_one_full  avia-builder-el-first '   itemprop=\"image\" itemscope=\"itemscope\" itemtype=\"https:\/\/schema.org\/ImageObject\" ><div class=\"avia-image-container-inner\"><div class=\"avia-image-overlay-wrap\"><img fetchpriority=\"high\" class='wp-image-15433 avia-img-lazy-loading-not-15433 avia_image ' src='https:\/\/cotecnova.edu.co\/wp-content\/uploads\/2025\/06\/Tec.Prof_.Prog_.Apli_.Informaticas_Banner.jpg' alt='' title='T\u00e9c.Prof.Prog.Apli.Inform\u00e1ticas_Banner'  height=\"470\" width=\"1663\"  itemprop=\"thumbnailUrl\"  \/><\/div><\/div><\/div>\n\n<style type=\"text\/css\" data-created_by=\"avia_inline_auto\" id=\"style-css-av-97c0kk-324ae413eb5ce4fc7e0abb40d7d5c6b2\">\n.flex_column.av-97c0kk-324ae413eb5ce4fc7e0abb40d7d5c6b2{\nborder-radius:0px 0px 0px 0px;\npadding:0px 0px 0px 0px;\n}\n<\/style>\n<div  class='flex_column av-97c0kk-324ae413eb5ce4fc7e0abb40d7d5c6b2 av_one_full  avia-builder-el-1  el_after_av_image  avia-builder-el-last  first flex_column_div av-zero-column-padding  '     ><div  class='tabcontainer av-1flki99-9709b716edbc02162346662a4a10178e sidebar_tab sidebar_tab_left  avia-builder-el-2  avia-builder-el-no-sibling  border_tabs'>\n<section class='av_tab_section av_tab_section av-86xcxg-963907d4024364b43ec86885f23b35a6'  itemscope=\"itemscope\" itemtype=\"https:\/\/schema.org\/CreativeWork\" ><div id='tab-id-1-tab' class='tab active_tab' role='tab' aria-selected=\"true\" tabindex=\"0\" data-fake-id='#tab-id-1' aria-controls='tab-id-1-content'  itemprop=\"headline\" ><span class='tab_icon avia-iconfont avia-font-entypo-fontello' data-av_icon='\ue81f' data-av_iconfont='entypo-fontello' ><\/span>Presentaci\u00f3n<\/div><div id='tab-id-1-content' class='tab_content active_tab_content' role='tabpanel' aria-labelledby='tab-id-1-tab' aria-hidden=\"false\"><div class='tab_inner_content invers-color'  itemprop=\"text\" ><h3 style=\"text-align: center;\"><span style=\"color: #008000;\">Nuestro Programa<\/span><\/h3>\n<p>El <strong>T\u00e9cnico Profesional en Programaci\u00f3n de Aplicaciones Inform\u00e1ticas<\/strong> que se oferta se encuentra enmarcado en el \u00e1rea de desarrollo de software, y busca preparar un profesional que fundamenta su conocimiento en el desarrollo de todo tipo de aplicaciones para la empresa. Es una persona h\u00e1bil en el manejo de sistemas operativos, bases de datos y paquetes de ofim\u00e1tica con capacidades para desarrollar, probar y mantener programas para computador, codificando instrucciones en lenguajes de programaci\u00f3n utilizando herramientas de actualidad.<\/p>\n<hr \/>\n<p style=\"text-align: left;\"><strong>T\u00edtulo que Otorga:<\/strong> T\u00e9cnico Profesional en Programaci\u00f3n de Aplicaciones Inform\u00e1ticas<\/p>\n<p><strong>Nivel Acad\u00e9mico:\u00a0<\/strong>Pregrado<\/p>\n<p><strong>Nivel de Formaci\u00f3n:<\/strong> T\u00e9cnico Profesional<\/p>\n<p style=\"text-align: left;\"><strong>Registro:<\/strong> Resoluci\u00f3n No. 13236 del 8\u00a0 de Julio de 2022<\/p>\n<p style=\"text-align: left;\"><strong>C\u00f3digo SNIES:<\/strong> 103916 (<a href=\"https:\/\/cotecnova.edu.co\/wp-content\/uploads\/2025\/06\/SNIES-Tec.Profesional-en-Prog.-de-Aplicaciones-Informaticas-2022.pdf\" target=\"_blank\" rel=\"noopener\">Consultar<\/a>)<\/p>\n<p style=\"text-align: left;\"><strong>Duraci\u00f3n:<\/strong> 4 Semestres<\/p>\n<p style=\"text-align: left;\"><strong>Modalidad:<\/strong>\u00a0Presencial<\/p>\n<p style=\"text-align: left;\"><strong>Jornada:<\/strong> Diurna \u2013 Nocturna<\/p>\n<p style=\"text-align: left;\"><strong>Cr\u00e9ditos acad\u00e9micos:<\/strong> 68 cr\u00e9ditos<\/p>\n<p style=\"text-align: left;\"><strong>Inscripci\u00f3n:<\/strong> $145.912<\/p>\n<p style=\"text-align: left;\"><strong>Matr\u00edcula:<\/strong> $2.386.553<\/p>\n<hr \/>\n<h3 style=\"text-align: center;\"><span style=\"color: #008000;\">Inscripciones<\/span><\/h3>\n<p>La Corporaci\u00f3n de Estudios Tecnol\u00f3gicos del Norte del Valle informa a la comunidad que se encuentra en periodo de inscripciones, el horario de atenci\u00f3n al p\u00fablico ser\u00e1 el siguiente:<\/p>\n<p><strong>Lunes a Viernes:\u00a0<\/strong>8:00 am. a 12:00 pm. y 2:00 pm. a 7:00 pm.<\/p>\n<p><strong>S\u00e1bados:\u00a0<\/strong>8:00 am. a 12:00 m.<\/p>\n<p><strong>Direcci\u00f3n:<\/strong>\u00a0CL 10 No. 3-95 Cartago, Valle<\/p>\n<p><strong>Tel\u00e9fonos:<\/strong>\u00a0(602) 213 4421 Ext. 101 (Informaci\u00f3n) \/ Ext. 104 (Financiera)<\/p>\n<p><strong>WhatsApp:<\/strong>\u00a0(57) 315 433 8604 (Informaci\u00f3n) \/ (57) 318 707 6901 (Financiera)<\/p>\n<h5><strong>Documentos exigidos para la inscripci\u00f3n (Programas Propios):<\/strong><\/h5>\n<ul>\n<li>Formulario de inscripci\u00f3n diligenciado. (<a href=\"https:\/\/cotecnova.edu.co\/wp-content\/uploads\/2025\/11\/FORMULARIO_DE__INSCRIPCION_V7_.docx\" target=\"_blank\" rel=\"noopener\">Descargar<\/a>)<\/li>\n<li>Examen de Estado para el ingreso a la Educaci\u00f3n Superior nacionales o ex\u00e1menes similares homologables en el pa\u00eds seg\u00fan la normatividad vigente.<\/li>\n<li>Para programas de formaci\u00f3n t\u00e9cnica profesional, se podr\u00e1 presentar certificado de educaci\u00f3n b\u00e1sica secundaria.<\/li>\n<li>Para nivel tecnol\u00f3gico o profesional universitario, original o copia de Acta de Grado de bachiller otorgados por instituciones p\u00fablicas o privadas, debidamente reconocidas por el gobierno nacional.<\/li>\n<li>Copia del documento de identidad (c\u00e9dula, tarjeta de identidad, o c\u00e9dula de extranjer\u00eda).<\/li>\n<li>Dos (2) fotograf\u00edas recientes tama\u00f1o documento 3 x 4cm.<\/li>\n<li>Recibo de pago Inscripci\u00f3n. (<a href=\"http:\/\/www.recibo.appcotecnova.es\/\" target=\"_blank\" rel=\"noopener\">Descargar<\/a>)\n<ul>\n<li>Programas por ciclos proped\u00e9uticos: $145.912<\/li>\n<li>Programas terminales: $91.787<\/li>\n<\/ul>\n<\/li>\n<li>Sobre de Manila tama\u00f1o oficio.<\/li>\n<\/ul>\n<h5><strong>Documentos exigidos para la inscripci\u00f3n (Programas en Convenio):<\/strong><\/h5>\n<ul>\n<li>Examen de Estado para el ingreso a la Educaci\u00f3n Superior.<\/li>\n<li>Fotocopia del diploma y acta de grado de bachiller.<\/li>\n<li>Fotocopia Ampliada al 150 del Documento de Identidad.<\/li>\n<li>3 Fotos tama\u00f1o documento fondo blanco.<\/li>\n<li>Sobre de Manila tama\u00f1o oficio.<\/li>\n<li>Recibo de pago de inscripci\u00f3n.<\/li>\n<\/ul>\n<h5><strong>Documentos exigidos para la inscripci\u00f3n (Programas Posgrado):<\/strong><\/h5>\n<ul>\n<li>Formulario de inscripci\u00f3n diligenciado. (<a href=\"https:\/\/cotecnova.edu.co\/wp-content\/uploads\/2025\/11\/FORMULARIO_DE__INSCRIPCION_V2.docx\" target=\"_blank\" rel=\"noopener\">Descargar<\/a>)<\/li>\n<li>Original o copia del acta de pregrado profesional universitario.<\/li>\n<li>Copia del documento de identidad (c\u00e9dula, tarjeta de identidad, o c\u00e9dula de extranjer\u00eda).<\/li>\n<li>Dos (2) fotograf\u00edas recientes tama\u00f1o documento 3 x 4cm.<\/li>\n<li>Recibo de pago Inscripci\u00f3n. (<a href=\"http:\/\/www.recibo.appcotecnova.es\/\" target=\"_blank\" rel=\"noopener\">Descargar<\/a>)\n<ul>\n<li>Programas posgrado: $145.912<\/li>\n<\/ul>\n<\/li>\n<li>Sobre de Manila tama\u00f1o oficio.<\/li>\n<\/ul>\n<hr \/>\n<h3 style=\"text-align: center;\"><span style=\"color: #008000;\"><strong>Documentos Adicionales<\/strong><\/span><\/h3>\n<p><b><strong>Ciclos Profesionales:<\/strong><\/b><\/p>\n<ul>\n<li>Certificado de Notas.<\/li>\n<li>Fotocopia\u00a0 de Acta y Diploma de Tecn\u00f3logo.<\/li>\n<\/ul>\n<h3 style=\"text-align: center;\"><span style=\"color: #008000;\"><strong>Homologaciones y Transferencias<\/strong><\/span><\/h3>\n<p>Documentos exigidos para homologar otros programas:<\/p>\n<ul>\n<li>Recibo de pago homologaci\u00f3n. (<a href=\"http:\/\/www.recibo.appcotecnova.es\/\" target=\"_blank\" rel=\"noopener\">Descargar<\/a>)\n<ul>\n<li>Estudio de homologaci\u00f3n: $12.628<\/li>\n<\/ul>\n<\/li>\n<li>Certificado de Notas y contenidos.<\/li>\n<li>Paz y Salvo de Instituci\u00f3n Educativa de donde proviene.<\/li>\n<\/ul>\n<hr \/>\n<p style=\"text-align: center;\"><em>Instituci\u00f3n de Educaci\u00f3n Superior sujeta a Inspecci\u00f3n y Vigilancia por el Ministerio de Educaci\u00f3n Nacional<\/em><\/p>\n<\/div><\/div><\/section>\n<section class='av_tab_section av_tab_section av-5ji7t0-993b79b5036aa33f692d4ef6a91eb2c9'  itemscope=\"itemscope\" itemtype=\"https:\/\/schema.org\/CreativeWork\" ><div id='tab-id-2-tab' class='tab' role='tab' aria-selected=\"false\" tabindex=\"0\" data-fake-id='#tab-id-2' aria-controls='tab-id-2-content'  itemprop=\"headline\" ><span class='tab_icon avia-iconfont avia-font-entypo-fontello' data-av_icon='\ue84d' data-av_iconfont='entypo-fontello' ><\/span>Perfil de Egreso<\/div><div id='tab-id-2-content' class='tab_content' role='tabpanel' aria-labelledby='tab-id-2-tab' aria-hidden=\"true\"><div class='tab_inner_content invers-color'  itemprop=\"text\" ><h3 style=\"text-align: center;\"><span style=\"color: #008000;\">Perfil Profesional<\/span><\/h3>\n<p>El <strong>T\u00e9cnico en Profesional en Programaci\u00f3n de Aplicaciones Inform\u00e1ticas<\/strong> de <strong>Cotecnova<\/strong> es un profesional integral con una formaci\u00f3n human\u00edstica, ambiental y social, con capacidad de trabajo en equipo, actitud innovadora y esp\u00edritu investigativo; un sentido \u00e9tico que deriva sus saberes a un crecimiento personal mejorando su calidad de vida, que puede aportar soluciones en diferentes contextos y dirigirlas hacia el beneficio y desarrollo de la regi\u00f3n y por ende del pa\u00eds.<\/p>\n<p>Dentro de su formaci\u00f3n t\u00e9cnica se busca que integren conocimientos y habilidades para plantear soluciones con actitud cr\u00edtica y sentido social a partir del desarrollo, la gesti\u00f3n y transformaci\u00f3n de herramientas software que satisfagan las necesidades tecnol\u00f3gicas e inform\u00e1ticas de cualquier sector productivo o de servicios en donde se desenvuelva.<\/p>\n<p>El <strong>T\u00e9cnico en Programaci\u00f3n de Aplicaciones Inform\u00e1ticas<\/strong> desarrolla soluciones inform\u00e1ticas, realizando programas para computadora, bases de datos y aplicaciones web utilizando herramientas actuales en funci\u00f3n de las necesidades del sector comercial, industrial y en general, brindando soporte a usuarios de sistemas inform\u00e1ticos. Adem\u00e1s, controla el funcionamiento de los productos dise\u00f1ados de acuerdo a est\u00e1ndares nacionales e internacionales para solucionar problemas de calidad de prestaci\u00f3n de estos servicios en las organizaciones y comunidad, en un contexto global.<\/p>\n<p>Principales funciones:<\/p>\n<ul>\n<li>Desarrollar, adaptar y mantener sistemas inform\u00e1ticos, aplicaciones y redes.<\/li>\n<li>Desarrollar, documentar y comprobaci\u00f3n de programas para computador o paquetes de software.<\/li>\n<li>Soporte y asesor\u00eda a soluciones de infraestructura tecnol\u00f3gica y de comunicaciones.<\/li>\n<li>Manejar y almacenar la informaci\u00f3n de la empresa.<\/li>\n<li>Crear microempresas de car\u00e1cter tecnol\u00f3gico.<\/li>\n<li>Aplicar conocimientos t\u00e9cnicos, principios y pr\u00e1cticas en materia de programaci\u00f3n.<\/li>\n<li>Desarrollar programas para computador o paquetes de software, codificando instrucciones en lenguaje de programaci\u00f3n actuales.<\/li>\n<li>Prestar asistencia t\u00e9cnica y solucionar problemas de los usuarios.<\/li>\n<li>Probar, documentar e implementar programas para computador o paquetes de software.<\/li>\n<li>Velar por el funcionamiento de programas y hacer las modificaciones requeridas.<\/li>\n<\/ul>\n<hr \/>\n<h3 style=\"text-align: center;\"><span style=\"color: #008000;\">Perfil Ocupacional<\/span><\/h3>\n<p>El <strong>T\u00e9cnico Profesional en Programaci\u00f3n de Aplicaciones Inform\u00e1ticas<\/strong> puede desempe\u00f1arse en empresas o instituciones p\u00fablicas o privadas ocupando cargos y\/o actividades productivas en el campo de las tecnolog\u00edas de la informaci\u00f3n y las comunicaciones, en las \u00e1reas de programaci\u00f3n de sistemas, desarrollo tecnol\u00f3gico y soporte t\u00e9cnico.<strong>\u00a0<\/strong><\/p>\n<p>Puede desempe\u00f1arse como:<strong>\u00a0<\/strong><\/p>\n<ul>\n<li>Desarrollador de soluciones inform\u00e1ticas.<\/li>\n<li>Operador de sistemas inform\u00e1ticos.<\/li>\n<li>Administrador de Bases de datos.<\/li>\n<li>Asesor t\u00e9cnico.<\/li>\n<li>Auxiliar en dise\u00f1o y desarrollo de Software.<\/li>\n<li>Emprendedor de su propio negocio de base tecnol\u00f3gica.<\/li>\n<li>Programador junior Web.<\/li>\n<\/ul>\n<\/div><\/div><\/section>\n<section class='av_tab_section av_tab_section av-cjw50-19169d5e724759f17599669158bb9fc5'  itemscope=\"itemscope\" itemtype=\"https:\/\/schema.org\/CreativeWork\" ><div id='tab-id-3-tab' class='tab' role='tab' aria-selected=\"false\" tabindex=\"0\" data-fake-id='#tab-id-3' aria-controls='tab-id-3-content'  itemprop=\"headline\" ><span class='tab_icon avia-iconfont avia-font-entypo-fontello' data-av_icon='\ue8d8' data-av_iconfont='entypo-fontello' ><\/span>Plan de Estudios<\/div><div id='tab-id-3-content' class='tab_content' role='tabpanel' aria-labelledby='tab-id-3-tab' aria-hidden=\"true\"><div class='tab_inner_content invers-color'  itemprop=\"text\" ><p><img loading=\"lazy\" decoding=\"async\" class=\"aligncenter size-full wp-image-11930\" src=\"http:\/\/cotecnova.edu.co\/wp-content\/uploads\/2022\/07\/Plan-de-Estudios-Tec-11-Jul-22_page-0001.jpg\" alt=\"\" width=\"817\" height=\"2011\" srcset=\"https:\/\/cotecnova.edu.co\/wp-content\/uploads\/2022\/07\/Plan-de-Estudios-Tec-11-Jul-22_page-0001.jpg 817w, https:\/\/cotecnova.edu.co\/wp-content\/uploads\/2022\/07\/Plan-de-Estudios-Tec-11-Jul-22_page-0001-122x300.jpg 122w, https:\/\/cotecnova.edu.co\/wp-content\/uploads\/2022\/07\/Plan-de-Estudios-Tec-11-Jul-22_page-0001-418x1030.jpg 418w, https:\/\/cotecnova.edu.co\/wp-content\/uploads\/2022\/07\/Plan-de-Estudios-Tec-11-Jul-22_page-0001-768x1890.jpg 768w, https:\/\/cotecnova.edu.co\/wp-content\/uploads\/2022\/07\/Plan-de-Estudios-Tec-11-Jul-22_page-0001-624x1536.jpg 624w, https:\/\/cotecnova.edu.co\/wp-content\/uploads\/2022\/07\/Plan-de-Estudios-Tec-11-Jul-22_page-0001-609x1500.jpg 609w, https:\/\/cotecnova.edu.co\/wp-content\/uploads\/2022\/07\/Plan-de-Estudios-Tec-11-Jul-22_page-0001-286x705.jpg 286w, https:\/\/cotecnova.edu.co\/wp-content\/uploads\/2022\/07\/Plan-de-Estudios-Tec-11-Jul-22_page-0001-406x999.jpg 406w\" sizes=\"auto, (max-width: 817px) 100vw, 817px\" \/><\/p>\n<\/div><\/div><\/section>\n<section class='av_tab_section av_tab_section av-28u3ic-ccc967cb5719c2b96ae72c029acdd2d6'  itemscope=\"itemscope\" itemtype=\"https:\/\/schema.org\/CreativeWork\" ><div id='tab-id-4-tab' class='tab' role='tab' aria-selected=\"false\" tabindex=\"0\" data-fake-id='#tab-id-4' aria-controls='tab-id-4-content'  itemprop=\"headline\" ><span class='tab_icon avia-iconfont avia-font-entypo-fontello' data-av_icon='\ue854' data-av_iconfont='entypo-fontello' ><\/span>M\u00e1s Informaci\u00f3n<\/div><div id='tab-id-4-content' class='tab_content' role='tabpanel' aria-labelledby='tab-id-4-tab' aria-hidden=\"true\"><div class='tab_inner_content invers-color'  itemprop=\"text\" ><h3 style=\"text-align: center;\"><span style=\"color: #008000;\">M\u00e1s Informaci\u00f3n<\/span><\/h3>\n<p><strong>Tel\u00e9fono:<\/strong> (602) 213 4421 Ext. 101<\/p>\n<p><strong>Celular:<\/strong> <a href=\"https:\/\/wa.me\/573154338604\" target=\"_blank\" rel=\"noopener\">(+57) 315 433 8604<\/a><\/p>\n<p><strong>Correo:<\/strong> <a href=\"mailto:info@cotecnova.edu.co\">info@cotecnova.edu.co<\/a><\/p>\n<p>Calle 10 # 3-95 Cartago, Valle<\/p>\n<h5>Unidad de Ingenier\u00eda, Arquitectura, Urbanismo y afines<\/h5>\n<p><strong>Correo:\u00a0<\/strong><a href=\"mailto:ingsistemas@cotecnova.edu.co\">ingsistemas@cotecnova.edu.co<\/a><\/p>\n<\/div><\/div><\/section>\n<\/div><\/div>\n","protected":false},"excerpt":{"rendered":"","protected":false},"author":2,"featured_media":0,"parent":0,"menu_order":0,"comment_status":"closed","ping_status":"closed","template":"","meta":{"_joinchat":[],"footnotes":""},"class_list":["post-3508","page","type-page","status-publish","hentry"],"nelio_popups_active_popup":"","_links":{"self":[{"href":"https:\/\/cotecnova.edu.co\/index.php\/wp-json\/wp\/v2\/pages\/3508","targetHints":{"allow":["GET"]}}],"collection":[{"href":"https:\/\/cotecnova.edu.co\/index.php\/wp-json\/wp\/v2\/pages"}],"about":[{"href":"https:\/\/cotecnova.edu.co\/index.php\/wp-json\/wp\/v2\/types\/page"}],"author":[{"embeddable":true,"href":"https:\/\/cotecnova.edu.co\/index.php\/wp-json\/wp\/v2\/users\/2"}],"replies":[{"embeddable":true,"href":"https:\/\/cotecnova.edu.co\/index.php\/wp-json\/wp\/v2\/comments?post=3508"}],"version-history":[{"count":55,"href":"https:\/\/cotecnova.edu.co\/index.php\/wp-json\/wp\/v2\/pages\/3508\/revisions"}],"predecessor-version":[{"id":15718,"href":"https:\/\/cotecnova.edu.co\/index.php\/wp-json\/wp\/v2\/pages\/3508\/revisions\/15718"}],"wp:attachment":[{"href":"https:\/\/cotecnova.edu.co\/index.php\/wp-json\/wp\/v2\/media?parent=3508"}],"curies":[{"name":"wp","href":"https:\/\/api.w.org\/{rel}","templated":true}]}}