{"id":3539,"date":"2016-06-23T21:26:17","date_gmt":"2016-06-23T21:26:17","guid":{"rendered":"http:\/\/www.cotec.webcotecnova.site\/?page_id=3539"},"modified":"2026-01-08T15:16:14","modified_gmt":"2026-01-08T20:16:14","slug":"ingenieria-de-sistemas-por-ciclos-propedeuticos","status":"publish","type":"page","link":"https:\/\/cotecnova.edu.co\/index.php\/ingenieria-de-sistemas-por-ciclos-propedeuticos\/","title":{"rendered":"Ingenier\u00eda de Sistemas por Ciclos Proped\u00e9uticos"},"content":{"rendered":"\n<style type=\"text\/css\" data-created_by=\"avia_inline_auto\" id=\"style-css-av-17roecj-fb5da14442dda23ac6b7e28f9e5e1cec\">\n.avia-image-container.av-17roecj-fb5da14442dda23ac6b7e28f9e5e1cec img.avia_image{\nbox-shadow:none;\n}\n.avia-image-container.av-17roecj-fb5da14442dda23ac6b7e28f9e5e1cec .av-image-caption-overlay-center{\ncolor:#ffffff;\n}\n<\/style>\n<div  class='avia-image-container av-17roecj-fb5da14442dda23ac6b7e28f9e5e1cec av-styling- avia-align-center  avia-builder-el-0  el_before_av_one_full  avia-builder-el-first '   itemprop=\"image\" itemscope=\"itemscope\" itemtype=\"https:\/\/schema.org\/ImageObject\" ><div class=\"avia-image-container-inner\"><div class=\"avia-image-overlay-wrap\"><img fetchpriority=\"high\" class='wp-image-15434 avia-img-lazy-loading-not-15434 avia_image ' src='https:\/\/cotecnova.edu.co\/wp-content\/uploads\/2025\/06\/Ingenieria-de-Sistemas_Banner.jpg' alt='' title='Ingenier\u00eda de Sistemas_Banner'  height=\"470\" width=\"1663\"  itemprop=\"thumbnailUrl\"  \/><\/div><\/div><\/div>\n\n<style type=\"text\/css\" data-created_by=\"avia_inline_auto\" id=\"style-css-av-9qpgmb-cdd18a333b37eb05986e8ab10e2e440c\">\n.flex_column.av-9qpgmb-cdd18a333b37eb05986e8ab10e2e440c{\nborder-radius:0px 0px 0px 0px;\npadding:0px 0px 0px 0px;\n}\n<\/style>\n<div  class='flex_column av-9qpgmb-cdd18a333b37eb05986e8ab10e2e440c av_one_full  avia-builder-el-1  el_after_av_image  avia-builder-el-last  first flex_column_div av-zero-column-padding  '     ><div  class='tabcontainer av-1flki99-9709b716edbc02162346662a4a10178e sidebar_tab sidebar_tab_left  avia-builder-el-2  avia-builder-el-no-sibling  border_tabs'>\n<section class='av_tab_section av_tab_section av-7gexdv-611ae94588cda6f9148ae0c6bd78601f'  itemscope=\"itemscope\" itemtype=\"https:\/\/schema.org\/CreativeWork\" ><div id='tab-id-1-tab' class='tab active_tab' role='tab' aria-selected=\"true\" tabindex=\"0\" data-fake-id='#tab-id-1' aria-controls='tab-id-1-content'  itemprop=\"headline\" ><span class='tab_icon avia-iconfont avia-font-entypo-fontello' data-av_icon='\ue81f' data-av_iconfont='entypo-fontello' ><\/span>Presentaci\u00f3n<\/div><div id='tab-id-1-content' class='tab_content active_tab_content' role='tabpanel' aria-labelledby='tab-id-1-tab' aria-hidden=\"false\"><div class='tab_inner_content invers-color'  itemprop=\"text\" ><h3 style=\"text-align: center;\"><span style=\"color: #008000;\">Nuestro Programa<\/span><\/h3>\n<p>El <strong>Ingeniero de Sistemas<\/strong> de la Corporaci\u00f3n de Estudios Tecnol\u00f3gicos del Norte del Valle es un profesional integral con una formaci\u00f3n human\u00edstica, ambiental y social, con capacidad de trabajo en equipo, actitud innovadora y esp\u00edritu investigativo; un sentido \u00e9tico que derive sus saberes a un crecimiento personal mejorando su calidad de vida, que puedan aportar soluciones en diferentes contextos y dirigirlas hacia el beneficio y desarrollo de la regi\u00f3n y por ende del pa\u00eds. A trav\u00e9s de la ciencia y tecnolog\u00eda adquiere la capacidad para analizar, dise\u00f1ar, construir e implementar sistemas basados en computadoras, que soporten aplicaciones t\u00e9cnicas, comerciales, industriales en general; es capaz de concebir modelos, integrar y evaluar procesos que garanticen la gesti\u00f3n de la informaci\u00f3n, se apropia de t\u00e9cnicas y m\u00e9todos que aseguran la eficiencia y eficacia de cualquier sistema inform\u00e1tico. Asimismo, su fundamentaci\u00f3n en el \u00e1rea ingenier\u00eda aplicada lo habilita para el desarrollo del software y una administraci\u00f3n eficaz de los recursos del sistema inform\u00e1tico; es capaz de analizar, modelar las soluciones y gestionar los requisitos del producto, cumple las tareas relacionadas con la gesti\u00f3n del software en el cual convergen el \u00e1mbito del proyecto, el control de calidad en todas las fases del proyecto y la gesti\u00f3n en el proceso de desarrollo; todo ello apuntando a los objetivos de la organizaci\u00f3n. Otro aspecto importante a resaltar de nuestro egresado es su formaci\u00f3n administrativa; puede participar en la evaluaci\u00f3n, adquisici\u00f3n y administraci\u00f3n de todos los recursos de tecnolog\u00eda que apoyan las necesidades estrat\u00e9gicas de la organizaci\u00f3n. Es un profesional capaz de concebir y desarrollar empresas de base tecnol\u00f3gica; estudiar, planear, evaluar y realizar proyectos con preferencia en los campos de la inform\u00e1tica y las nuevas tendencias en tecnolog\u00edas de la informaci\u00f3n y comunicaciones.<\/p>\n<hr \/>\n<p style=\"text-align: left;\"><strong>T\u00edtulo que Otorga:<\/strong> Ingeniero de Sistemas<\/p>\n<p><strong>Nivel Acad\u00e9mico:\u00a0<\/strong>Pregrado<\/p>\n<p><strong>Nivel de Formaci\u00f3n:<\/strong> Profesional Universitario<\/p>\n<p style=\"text-align: left;\"><strong>Registro:<\/strong> Resoluci\u00f3n No. 13235 del 8\u00a0 de Julio de 2022<\/p>\n<p style=\"text-align: left;\"><strong>C\u00f3digo SNIES:<\/strong> 103847 (<a href=\"https:\/\/cotecnova.edu.co\/wp-content\/uploads\/2025\/06\/SNIES-Ingenieria-de-Sistemas-2022.pdf\" target=\"_blank\" rel=\"noopener\">Consultar<\/a>)<\/p>\n<p style=\"text-align: left;\"><strong>Duraci\u00f3n:<\/strong> 10 Semestres<\/p>\n<p style=\"text-align: left;\"><strong>Modalidad:<\/strong>\u00a0Presencial<\/p>\n<p style=\"text-align: left;\"><strong>Jornada:<\/strong> Diurna \u2013 Nocturna<\/p>\n<p style=\"text-align: left;\"><strong>Cr\u00e9ditos acad\u00e9micos:<\/strong> 171 cr\u00e9ditos<\/p>\n<p style=\"text-align: left;\"><strong>Inscripci\u00f3n:<\/strong> $145.912<\/p>\n<p style=\"text-align: left;\"><strong>Matr\u00edcula:<\/strong> $2.919.576<\/p>\n<hr \/>\n<h3 style=\"text-align: center;\"><span style=\"color: #008000;\">Inscripciones<\/span><\/h3>\n<p>La Corporaci\u00f3n de Estudios Tecnol\u00f3gicos del Norte del Valle informa a la comunidad que se encuentra en periodo de inscripciones, el horario de atenci\u00f3n al p\u00fablico ser\u00e1 el siguiente:<\/p>\n<p><strong>Lunes a Viernes:\u00a0<\/strong>8:00 am. a 12:00 pm. y 2:00 pm. a 7:00 pm.<\/p>\n<p><strong>S\u00e1bados:\u00a0<\/strong>8:00 am. a 12:00 m.<\/p>\n<p><strong>Direcci\u00f3n:<\/strong>\u00a0CL 10 No. 3-95 Cartago, Valle<\/p>\n<p><strong>Tel\u00e9fonos:<\/strong>\u00a0(602) 213 4421 Ext. 101 (Informaci\u00f3n) \/ Ext. 104 (Financiera)<\/p>\n<p><strong>WhatsApp:<\/strong>\u00a0(57) 315 433 8604 (Informaci\u00f3n) \/ (57) 318 707 6901 (Financiera)<\/p>\n<h5><strong>Documentos exigidos para la inscripci\u00f3n (Programas Propios):<\/strong><\/h5>\n<ul>\n<li>Formulario de inscripci\u00f3n diligenciado. (<a href=\"https:\/\/cotecnova.edu.co\/wp-content\/uploads\/2025\/11\/FORMULARIO_DE__INSCRIPCION_V7_.docx\" target=\"_blank\" rel=\"noopener\">Descargar<\/a>)<\/li>\n<li>Examen de Estado para el ingreso a la Educaci\u00f3n Superior nacionales o ex\u00e1menes similares homologables en el pa\u00eds seg\u00fan la normatividad vigente.<\/li>\n<li>Para programas de formaci\u00f3n t\u00e9cnica profesional, se podr\u00e1 presentar certificado de educaci\u00f3n b\u00e1sica secundaria.<\/li>\n<li>Para nivel tecnol\u00f3gico o profesional universitario, original o copia de Acta de Grado de bachiller otorgados por instituciones p\u00fablicas o privadas, debidamente reconocidas por el gobierno nacional.<\/li>\n<li>Copia del documento de identidad (c\u00e9dula, tarjeta de identidad, o c\u00e9dula de extranjer\u00eda).<\/li>\n<li>Dos (2) fotograf\u00edas recientes tama\u00f1o documento 3 x 4cm.<\/li>\n<li>Recibo de pago Inscripci\u00f3n. (<a href=\"http:\/\/www.recibo.appcotecnova.es\/\" target=\"_blank\" rel=\"noopener\">Descargar<\/a>)\n<ul>\n<li>Programas por ciclos proped\u00e9uticos: $145.912<\/li>\n<li>Programas terminales: $91.787<\/li>\n<\/ul>\n<\/li>\n<li>Sobre de Manila tama\u00f1o oficio.<\/li>\n<\/ul>\n<h5><strong>Documentos exigidos para la inscripci\u00f3n (Programas en Convenio):<\/strong><\/h5>\n<ul>\n<li>Examen de Estado para el ingreso a la Educaci\u00f3n Superior.<\/li>\n<li>Fotocopia del diploma y acta de grado de bachiller.<\/li>\n<li>Fotocopia Ampliada al 150 del Documento de Identidad.<\/li>\n<li>3 Fotos tama\u00f1o documento fondo blanco.<\/li>\n<li>Sobre de Manila tama\u00f1o oficio.<\/li>\n<li>Recibo de pago de inscripci\u00f3n.<\/li>\n<\/ul>\n<h5><strong>Documentos exigidos para la inscripci\u00f3n (Programas Posgrado):<\/strong><\/h5>\n<ul>\n<li>Formulario de inscripci\u00f3n diligenciado. (<a href=\"https:\/\/cotecnova.edu.co\/wp-content\/uploads\/2025\/11\/FORMULARIO_DE__INSCRIPCION_V2.docx\" target=\"_blank\" rel=\"noopener\">Descargar<\/a>)<\/li>\n<li>Original o copia del acta de pregrado profesional universitario.<\/li>\n<li>Copia del documento de identidad (c\u00e9dula, tarjeta de identidad, o c\u00e9dula de extranjer\u00eda).<\/li>\n<li>Dos (2) fotograf\u00edas recientes tama\u00f1o documento 3 x 4cm.<\/li>\n<li>Recibo de pago Inscripci\u00f3n. (<a href=\"http:\/\/www.recibo.appcotecnova.es\/\" target=\"_blank\" rel=\"noopener\">Descargar<\/a>)\n<ul>\n<li>Programas posgrado: $145.912<\/li>\n<\/ul>\n<\/li>\n<li>Sobre de Manila tama\u00f1o oficio.<\/li>\n<\/ul>\n<hr \/>\n<h3 style=\"text-align: center;\"><span style=\"color: #008000;\"><strong>Documentos Adicionales<\/strong><\/span><\/h3>\n<p><b><strong>Ciclos Profesionales:<\/strong><\/b><\/p>\n<ul>\n<li>Certificado de Notas.<\/li>\n<li>Fotocopia\u00a0 de Acta y Diploma de Tecn\u00f3logo.<\/li>\n<\/ul>\n<h3 style=\"text-align: center;\"><span style=\"color: #008000;\"><strong>Homologaciones y Transferencias<\/strong><\/span><\/h3>\n<p>Documentos exigidos para homologar otros programas:<\/p>\n<ul>\n<li>Recibo de pago homologaci\u00f3n. (<a href=\"http:\/\/www.recibo.appcotecnova.es\/\" target=\"_blank\" rel=\"noopener\">Descargar<\/a>)\n<ul>\n<li>Estudio de homologaci\u00f3n: $12.628<\/li>\n<\/ul>\n<\/li>\n<li>Certificado de Notas y contenidos.<\/li>\n<li>Paz y Salvo de Instituci\u00f3n Educativa de donde proviene.<\/li>\n<\/ul>\n<hr \/>\n<p style=\"text-align: center;\"><em>Instituci\u00f3n de Educaci\u00f3n Superior sujeta a Inspecci\u00f3n y Vigilancia por el Ministerio de Educaci\u00f3n Nacional<\/em><\/p>\n<\/div><\/div><\/section>\n<section class='av_tab_section av_tab_section av-6d4bgj-91db468f9790679086981574edf998e3'  itemscope=\"itemscope\" itemtype=\"https:\/\/schema.org\/CreativeWork\" ><div id='tab-id-2-tab' class='tab' role='tab' aria-selected=\"false\" tabindex=\"0\" data-fake-id='#tab-id-2' aria-controls='tab-id-2-content'  itemprop=\"headline\" ><span class='tab_icon avia-iconfont avia-font-entypo-fontello' data-av_icon='\ue84d' data-av_iconfont='entypo-fontello' ><\/span>Perfil de Egreso<\/div><div id='tab-id-2-content' class='tab_content' role='tabpanel' aria-labelledby='tab-id-2-tab' aria-hidden=\"true\"><div class='tab_inner_content invers-color'  itemprop=\"text\" ><h3 style=\"text-align: center;\"><span style=\"color: #008000;\">Perfil Profesional<\/span><\/h3>\n<p>El <strong>Ingeniero de Sistemas<\/strong> de la Corporaci\u00f3n de Estudios Tecnol\u00f3gicos del Norte del Valle es un profesional integral con una formaci\u00f3n human\u00edstica, ambiental y social, con capacidad de trabajo en equipo, actitud innovadora y esp\u00edritu investigativo; un sentido \u00e9tico que derive sus saberes a un crecimiento personal mejorando su calidad de vida, que puedan aportar soluciones en diferentes contextos y dirigirlas hacia el beneficio y desarrollo de la regi\u00f3n y por ende del pa\u00eds.<\/p>\n<p>A trav\u00e9s de la ciencia y tecnolog\u00eda adquiere la capacidad para analizar, dise\u00f1ar, construir e implementar sistemas basados en computadoras, que soporten aplicaciones t\u00e9cnicas, comerciales, industriales en general; es capaz de concebir modelos, integrar y evaluar procesos que garanticen la gesti\u00f3n de la informaci\u00f3n, se apropia de t\u00e9cnicas y m\u00e9todos que aseguran la eficiencia y eficacia de cualquier\u00a0 sistema inform\u00e1tico.<\/p>\n<p>Asimismo, su fundamentaci\u00f3n en el \u00e1rea ingenier\u00eda aplicada lo habilita para el desarrollo del software y una administraci\u00f3n eficaz de los recursos del sistema inform\u00e1tico; es capaz de analizar, modelar las soluciones y gestionar los requisitos del producto, cumple las tareas relacionadas con la gesti\u00f3n del software en el cual convergen el \u00e1mbito del proyecto, el control de calidad en todas las fases del proyecto y la gesti\u00f3n en el proceso de desarrollo; todo ello apuntando a los objetivos de la organizaci\u00f3n.<\/p>\n<p>Otro aspecto importante a resaltar de nuestro egresado es su formaci\u00f3n administrativa; puede participar en la evaluaci\u00f3n, adquisici\u00f3n y administraci\u00f3n de todos los recursos de tecnolog\u00eda que apoyan las necesidades estrat\u00e9gicas de la organizaci\u00f3n. Es un profesional capaz de concebir y desarrollar empresas de base tecnol\u00f3gica; estudiar, planear, evaluar y realizar proyectos con preferencia en los campos de la inform\u00e1tica y las nuevas tendencias en tecnolog\u00edas de la informaci\u00f3n y comunicaciones.<\/p>\n<p><strong>Funciones:<\/strong><\/p>\n<ul>\n<li>Dirigir equipos profesionales multidisciplinarios de dise\u00f1o y construcci\u00f3n de sistemas de software de aplicaci\u00f3n en \u00e1reas espec\u00edficas.<\/li>\n<li>Implementar y\/o gerenciar proyectos para el dise\u00f1o y desarrollo de sistemas que optimicen procesos administrativos.<\/li>\n<li>Administrar los recursos de informaci\u00f3n dentro de una empresa, acorde con sus objetivos estrat\u00e9gicos.<\/li>\n<li>Asesorar a la alta gerencia en la implantaci\u00f3n de tecnolog\u00edas inform\u00e1ticas seg\u00fan las \u00faltimas tendencias.<\/li>\n<li>Realizar procesos de consultor\u00eda e interventor\u00eda de proyectos relacionados con Tecnolog\u00eda Inform\u00e1tica.<\/li>\n<\/ul>\n<hr \/>\n<h3 style=\"text-align: center;\"><span style=\"color: #008000;\">Perfil Ocupacional<\/span><\/h3>\n<p>El profesional en <strong>Ingenier\u00eda de Sistemas<\/strong> puede desempe\u00f1arse en empresas o instituciones p\u00fablicas o privadas, ocupando cargos y\/o actividades gerenciales, de desarrollo e\u00a0 implantaci\u00f3n de proyectos en el \u00e1rea de las de Tecnolog\u00edas de la Informaci\u00f3n y las comunicaciones.<\/p>\n<p>Puede desempe\u00f1arse como:<\/p>\n<ul>\n<li>Ingeniero de sistemas, formando parte de equipos de trabajo en los que se desarrollan soluciones inform\u00e1ticas.<\/li>\n<li>Analista y dise\u00f1ador de sistemas de informaci\u00f3n, atendiendo las necesidades de informaci\u00f3n de los usuarios a cualquier nivel de una organizaci\u00f3n para proveer las soluciones tecnol\u00f3gicas correspondientes.<\/li>\n<li>Investigador en nuevas tecnolog\u00edas<\/li>\n<li>Administrador de proyectos de Tecnolog\u00edas de Informaci\u00f3n, planeando y dirigiendo cualquier proyecto de desarrollo tecnol\u00f3gico en las organizaciones.<\/li>\n<li>Administrador de servicios de Tecnolog\u00edas de Informaci\u00f3n, supervisando la calidad en la operaci\u00f3n tecnol\u00f3gica de una organizaci\u00f3n.<\/li>\n<li>Emprendedor de su propio negocio de base tecnol\u00f3gica.<\/li>\n<li>Consultor especializado en soluciones de software y tecnolog\u00edas de informaci\u00f3n.<\/li>\n<\/ul>\n<\/div><\/div><\/section>\n<section class='av_tab_section av_tab_section av-425kb7-2d0ce1584d7003edbbbd447e0b7335b8'  itemscope=\"itemscope\" itemtype=\"https:\/\/schema.org\/CreativeWork\" ><div id='tab-id-3-tab' class='tab' role='tab' aria-selected=\"false\" tabindex=\"0\" data-fake-id='#tab-id-3' aria-controls='tab-id-3-content'  itemprop=\"headline\" ><span class='tab_icon avia-iconfont avia-font-entypo-fontello' data-av_icon='\ue8d8' data-av_iconfont='entypo-fontello' ><\/span>Plan de Estudios<\/div><div id='tab-id-3-content' class='tab_content' role='tabpanel' aria-labelledby='tab-id-3-tab' aria-hidden=\"true\"><div class='tab_inner_content invers-color'  itemprop=\"text\" ><p><img loading=\"lazy\" decoding=\"async\" class=\"aligncenter size-full wp-image-11910\" src=\"http:\/\/cotecnova.edu.co\/wp-content\/uploads\/2022\/07\/Plan-de-Estudios-Ing.-Sistemas-V2-11-Jul-2022_page-0001.jpg\" alt=\"\" width=\"1275\" height=\"2100\" srcset=\"https:\/\/cotecnova.edu.co\/wp-content\/uploads\/2022\/07\/Plan-de-Estudios-Ing.-Sistemas-V2-11-Jul-2022_page-0001.jpg 1275w, https:\/\/cotecnova.edu.co\/wp-content\/uploads\/2022\/07\/Plan-de-Estudios-Ing.-Sistemas-V2-11-Jul-2022_page-0001-182x300.jpg 182w, https:\/\/cotecnova.edu.co\/wp-content\/uploads\/2022\/07\/Plan-de-Estudios-Ing.-Sistemas-V2-11-Jul-2022_page-0001-625x1030.jpg 625w, https:\/\/cotecnova.edu.co\/wp-content\/uploads\/2022\/07\/Plan-de-Estudios-Ing.-Sistemas-V2-11-Jul-2022_page-0001-768x1265.jpg 768w, https:\/\/cotecnova.edu.co\/wp-content\/uploads\/2022\/07\/Plan-de-Estudios-Ing.-Sistemas-V2-11-Jul-2022_page-0001-933x1536.jpg 933w, https:\/\/cotecnova.edu.co\/wp-content\/uploads\/2022\/07\/Plan-de-Estudios-Ing.-Sistemas-V2-11-Jul-2022_page-0001-1243x2048.jpg 1243w, https:\/\/cotecnova.edu.co\/wp-content\/uploads\/2022\/07\/Plan-de-Estudios-Ing.-Sistemas-V2-11-Jul-2022_page-0001-911x1500.jpg 911w, https:\/\/cotecnova.edu.co\/wp-content\/uploads\/2022\/07\/Plan-de-Estudios-Ing.-Sistemas-V2-11-Jul-2022_page-0001-428x705.jpg 428w, https:\/\/cotecnova.edu.co\/wp-content\/uploads\/2022\/07\/Plan-de-Estudios-Ing.-Sistemas-V2-11-Jul-2022_page-0001-450x741.jpg 450w\" sizes=\"auto, (max-width: 1275px) 100vw, 1275px\" \/><\/p>\n<\/div><\/div><\/section>\n<section class='av_tab_section av_tab_section av-2lkrvn-f105145362bb665929759767aef71307'  itemscope=\"itemscope\" itemtype=\"https:\/\/schema.org\/CreativeWork\" ><div id='tab-id-4-tab' class='tab' role='tab' aria-selected=\"false\" tabindex=\"0\" data-fake-id='#tab-id-4' aria-controls='tab-id-4-content'  itemprop=\"headline\" ><span class='tab_icon avia-iconfont avia-font-entypo-fontello' data-av_icon='\ue854' data-av_iconfont='entypo-fontello' ><\/span>M\u00e1s Informaci\u00f3n<\/div><div id='tab-id-4-content' class='tab_content' role='tabpanel' aria-labelledby='tab-id-4-tab' aria-hidden=\"true\"><div class='tab_inner_content invers-color'  itemprop=\"text\" ><h3 style=\"text-align: center;\"><span style=\"color: #008000;\">M\u00e1s Informaci\u00f3n<\/span><\/h3>\n<p><strong>Tel\u00e9fono:<\/strong> (602) 213 4421 Ext. 101<\/p>\n<p><strong>Celular:<\/strong> <a href=\"https:\/\/wa.me\/573154338604\" target=\"_blank\" rel=\"noopener\">(+57) 315 433 8604<\/a><\/p>\n<p><strong>Correo:<\/strong> <a href=\"mailto:info@cotecnova.edu.co\">info@cotecnova.edu.co<\/a><\/p>\n<p>Calle 10 # 3-95 Cartago, Valle<\/p>\n<h5>Unidad de Ingenier\u00eda, Arquitectura, Urbanismo y afines<\/h5>\n<p><strong>Correo:\u00a0<\/strong><a href=\"mailto:ingsistemas@cotecnova.edu.co\">ingsistemas@cotecnova.edu.co<\/a><\/p>\n<\/div><\/div><\/section>\n<\/div><\/div>\n","protected":false},"excerpt":{"rendered":"","protected":false},"author":2,"featured_media":0,"parent":0,"menu_order":0,"comment_status":"closed","ping_status":"closed","template":"","meta":{"_joinchat":[],"footnotes":""},"class_list":["post-3539","page","type-page","status-publish","hentry"],"nelio_popups_active_popup":"","_links":{"self":[{"href":"https:\/\/cotecnova.edu.co\/index.php\/wp-json\/wp\/v2\/pages\/3539","targetHints":{"allow":["GET"]}}],"collection":[{"href":"https:\/\/cotecnova.edu.co\/index.php\/wp-json\/wp\/v2\/pages"}],"about":[{"href":"https:\/\/cotecnova.edu.co\/index.php\/wp-json\/wp\/v2\/types\/page"}],"author":[{"embeddable":true,"href":"https:\/\/cotecnova.edu.co\/index.php\/wp-json\/wp\/v2\/users\/2"}],"replies":[{"embeddable":true,"href":"https:\/\/cotecnova.edu.co\/index.php\/wp-json\/wp\/v2\/comments?post=3539"}],"version-history":[{"count":103,"href":"https:\/\/cotecnova.edu.co\/index.php\/wp-json\/wp\/v2\/pages\/3539\/revisions"}],"predecessor-version":[{"id":15720,"href":"https:\/\/cotecnova.edu.co\/index.php\/wp-json\/wp\/v2\/pages\/3539\/revisions\/15720"}],"wp:attachment":[{"href":"https:\/\/cotecnova.edu.co\/index.php\/wp-json\/wp\/v2\/media?parent=3539"}],"curies":[{"name":"wp","href":"https:\/\/api.w.org\/{rel}","templated":true}]}}