{"id":3572,"date":"2016-06-24T20:42:08","date_gmt":"2016-06-24T20:42:08","guid":{"rendered":"http:\/\/www.cotec.webcotecnova.site\/?page_id=3572"},"modified":"2021-10-25T17:40:18","modified_gmt":"2021-10-25T22:40:18","slug":"comercial-y-financiera","status":"publish","type":"page","link":"https:\/\/cotecnova.edu.co\/index.php\/comercial-y-financiera\/","title":{"rendered":"Comercial y Financiera"},"content":{"rendered":"<div  class='flex_column av-tdncms-f5ebb11e54d96f860ab82bbc8577c9ee av_three_fourth  avia-builder-el-0  el_before_av_one_fourth  avia-builder-el-first  first flex_column_div  '     ><section  class='av_textblock_section av-kv78jsid-8ca2596de53897b5a8c78425c386c577 '   itemscope=\"itemscope\" itemtype=\"https:\/\/schema.org\/CreativeWork\" ><div class='avia_textblock'  itemprop=\"text\" ><p>Programa no disponible.<\/p>\n<p>Consulta la oferta acad\u00e9mica ingresando al siguiente enlace:\u00a0<a href=\"https:\/\/www.webcotecnova.site\/index.php\/aspirante\/\">Programas Acad\u00e9micos<\/a><\/p>\n<p><a href=\"https:\/\/www.webcotecnova.site\/index.php\/aspirante\/\"><img loading=\"lazy\" decoding=\"async\" class=\"aligncenter size-full wp-image-10937\" src=\"https:\/\/www.webcotecnova.site\/wp-content\/uploads\/2021\/10\/PENDON-ROLLUP-Programas-2022-I-1000x2000px.jpg\" alt=\"\" width=\"1000\" height=\"2000\" srcset=\"https:\/\/cotecnova.edu.co\/wp-content\/uploads\/2021\/10\/PENDON-ROLLUP-Programas-2022-I-1000x2000px.jpg 1000w, https:\/\/cotecnova.edu.co\/wp-content\/uploads\/2021\/10\/PENDON-ROLLUP-Programas-2022-I-1000x2000px-150x300.jpg 150w, https:\/\/cotecnova.edu.co\/wp-content\/uploads\/2021\/10\/PENDON-ROLLUP-Programas-2022-I-1000x2000px-515x1030.jpg 515w, https:\/\/cotecnova.edu.co\/wp-content\/uploads\/2021\/10\/PENDON-ROLLUP-Programas-2022-I-1000x2000px-768x1536.jpg 768w, https:\/\/cotecnova.edu.co\/wp-content\/uploads\/2021\/10\/PENDON-ROLLUP-Programas-2022-I-1000x2000px-750x1500.jpg 750w, https:\/\/cotecnova.edu.co\/wp-content\/uploads\/2021\/10\/PENDON-ROLLUP-Programas-2022-I-1000x2000px-353x705.jpg 353w, https:\/\/cotecnova.edu.co\/wp-content\/uploads\/2021\/10\/PENDON-ROLLUP-Programas-2022-I-1000x2000px-450x900.jpg 450w\" sizes=\"auto, (max-width: 1000px) 100vw, 1000px\" \/><\/a><\/p>\n<\/div><\/section><\/div>\n<style type=\"text\/css\" data-created_by=\"avia_inline_auto\" id=\"style-css-av-gvisfo-b30f2f8c879547cb1bf78810bf1df33a\">\n.flex_column.av-gvisfo-b30f2f8c879547cb1bf78810bf1df33a{\nborder-radius:0px 0px 0px 0px;\npadding:0px 0px 0px 0px;\n}\n<\/style>\n<div  class='flex_column av-gvisfo-b30f2f8c879547cb1bf78810bf1df33a av_one_fourth  avia-builder-el-2  el_after_av_three_fourth  el_before_av_section  avia-builder-el-last  flex_column_div av-zero-column-padding  '     ><section  class='av_textblock_section av-gf8l1g-f2b72029f198fa2b38fbf350ceb00934 '   itemscope=\"itemscope\" itemtype=\"https:\/\/schema.org\/CreativeWork\" ><div class='avia_textblock'  itemprop=\"text\" ><h3>Programas vigentes<\/h3>\n<\/div><\/section><br \/>\n\n<style type=\"text\/css\" data-created_by=\"avia_inline_auto\" id=\"style-css-av-omd5ng-7bc15f936eec8c32edbcf097e820d863\">\n#top .avia-icon-list-container.av-omd5ng-7bc15f936eec8c32edbcf097e820d863 .iconlist_icon{\ncolor:#ffffff;\nbackground-color:#005c2a;\nborder:1px solid #000000;\n}\n#top .avia-icon-list-container.av-omd5ng-7bc15f936eec8c32edbcf097e820d863 .iconlist_icon svg:first-child{\nstroke:#ffffff;\nfill:#ffffff;\n}\n<\/style>\n<div  class='avia-icon-list-container av-omd5ng-7bc15f936eec8c32edbcf097e820d863  avia-builder-el-4  el_after_av_textblock  avia-builder-el-last '><ul class='avia-icon-list avia_animate_when_almost_visible avia-icon-list-left av-iconlist-big av-omd5ng-7bc15f936eec8c32edbcf097e820d863 avia-iconlist-animate'>\n<li><a href='https:\/\/cotecnova.edu.co\/index.php\/contaduria-publica\/' title='CONTADUR\u00cdA P\u00daBLICA'  class='iconlist_icon av-xyn58-89e0f45b8deeed4501ac20f6cbf4ef79 avia-font-entypo-fontello avia-iconfont avia-font-entypo-fontello'><span class='av-icon-char' data-av_icon='\ue84e' data-av_iconfont='entypo-fontello' aria-hidden=\"true\"><\/span><\/a><article class=\"article-icon-entry av-iconlist-empty\"  itemscope=\"itemscope\" itemtype=\"https:\/\/schema.org\/CreativeWork\" ><div class=\"iconlist_content_wrap\"><header class=\"entry-content-header\" aria-label=\"Icon: &lt;a href=&#039;https:\/\/cotecnova.edu.co\/index.php\/contaduria-publica\/&#039; title=&#039;CONTADUR\u00cdA P\u00daBLICA&#039;&gt;CONTADUR\u00cdA P\u00daBLICA&lt;\/a&gt;\"><h4 class='av_iconlist_title iconlist_title  '  itemprop=\"headline\" ><a href='https:\/\/cotecnova.edu.co\/index.php\/contaduria-publica\/' title='CONTADUR\u00cdA P\u00daBLICA'>CONTADUR\u00cdA P\u00daBLICA<\/a><\/h4><\/header><div class='iconlist_content '  itemprop=\"text\" ><\/div><\/div><footer class=\"entry-footer\"><\/footer><\/article><div class=\"iconlist-timeline\"><\/div><\/li>\n<li><a href='https:\/\/cotecnova.edu.co\/index.php\/ingenieria-de-sistemas-por-ciclos-propedeuticos\/' title='INGENIER\u00cdA DE SISTEMAS'  class='iconlist_icon av-av_iconlist_item-4c2158eb1966e7c4ecdf0b9be6695bed avia-font-entypo-fontello avia-iconfont avia-font-entypo-fontello'><span class='av-icon-char' data-av_icon='\ue828' data-av_iconfont='entypo-fontello' aria-hidden=\"true\"><\/span><\/a><article class=\"article-icon-entry av-iconlist-empty\"  itemscope=\"itemscope\" itemtype=\"https:\/\/schema.org\/CreativeWork\" ><div class=\"iconlist_content_wrap\"><header class=\"entry-content-header\" aria-label=\"Icon: &lt;a href=&#039;https:\/\/cotecnova.edu.co\/index.php\/ingenieria-de-sistemas-por-ciclos-propedeuticos\/&#039; title=&#039;INGENIER\u00cdA DE SISTEMAS&#039;&gt;INGENIER\u00cdA DE SISTEMAS&lt;\/a&gt;\"><h4 class='av_iconlist_title iconlist_title  '  itemprop=\"headline\" ><a href='https:\/\/cotecnova.edu.co\/index.php\/ingenieria-de-sistemas-por-ciclos-propedeuticos\/' title='INGENIER\u00cdA DE SISTEMAS'>INGENIER\u00cdA DE SISTEMAS<\/a><\/h4><\/header><div class='iconlist_content '  itemprop=\"text\" ><\/div><\/div><footer class=\"entry-footer\"><\/footer><\/article><div class=\"iconlist-timeline\"><\/div><\/li>\n<li><a href='https:\/\/cotecnova.edu.co\/index.php\/administracion-agropecuaria\/' title='ADMINISTRACI\u00d3N AGROPECUARIA'  class='iconlist_icon av-av_iconlist_item-1e4cf7cb2c08dca64934be31e00c3851 avia-font-entypo-fontello avia-iconfont avia-font-entypo-fontello'><span class='av-icon-char' data-av_icon='\ue829' data-av_iconfont='entypo-fontello' aria-hidden=\"true\"><\/span><\/a><article class=\"article-icon-entry av-iconlist-empty\"  itemscope=\"itemscope\" itemtype=\"https:\/\/schema.org\/CreativeWork\" ><div class=\"iconlist_content_wrap\"><header class=\"entry-content-header\" aria-label=\"Icon: &lt;a href=&#039;https:\/\/cotecnova.edu.co\/index.php\/administracion-agropecuaria\/&#039; title=&#039;ADMINISTRACI\u00d3N AGROPECUARIA&#039;&gt;ADMINISTRACI\u00d3N AGROPECUARIA&lt;\/a&gt;\"><h4 class='av_iconlist_title iconlist_title  '  itemprop=\"headline\" ><a href='https:\/\/cotecnova.edu.co\/index.php\/administracion-agropecuaria\/' title='ADMINISTRACI\u00d3N AGROPECUARIA'>ADMINISTRACI\u00d3N AGROPECUARIA<\/a><\/h4><\/header><div class='iconlist_content '  itemprop=\"text\" ><\/div><\/div><footer class=\"entry-footer\"><\/footer><\/article><div class=\"iconlist-timeline\"><\/div><\/li>\n<li><a href='https:\/\/cotecnova.edu.co\/index.php\/gestion-empresarial\/' title='TECNOLOG\u00cdA EN GESTI\u00d3N EMPRESARIAL'  class='iconlist_icon av-av_iconlist_item-7e42f22a946ac27828985eb47a27c6fd avia-font-entypo-fontello avia-iconfont avia-font-entypo-fontello'><span class='av-icon-char' data-av_icon='\ue82a' data-av_iconfont='entypo-fontello' aria-hidden=\"true\"><\/span><\/a><article class=\"article-icon-entry av-iconlist-empty\"  itemscope=\"itemscope\" itemtype=\"https:\/\/schema.org\/CreativeWork\" ><div class=\"iconlist_content_wrap\"><header class=\"entry-content-header\" aria-label=\"Icon: &lt;a href=&#039;https:\/\/cotecnova.edu.co\/index.php\/gestion-empresarial\/&#039; title=&#039;TECNOLOG\u00cdA EN GESTI\u00d3N EMPRESARIAL&#039;&gt;TECNOLOG\u00cdA EN GESTI\u00d3N EMPRESARIAL&lt;\/a&gt;\"><h4 class='av_iconlist_title iconlist_title  '  itemprop=\"headline\" ><a href='https:\/\/cotecnova.edu.co\/index.php\/gestion-empresarial\/' title='TECNOLOG\u00cdA EN GESTI\u00d3N EMPRESARIAL'>TECNOLOG\u00cdA EN GESTI\u00d3N EMPRESARIAL<\/a><\/h4><\/header><div class='iconlist_content '  itemprop=\"text\" ><\/div><\/div><footer class=\"entry-footer\"><\/footer><\/article><div class=\"iconlist-timeline\"><\/div><\/li>\n<li><a href='https:\/\/cotecnova.edu.co\/index.php\/gestion_contable\/' title='TECNOLOG\u00cdA EN GESTI\u00d3N CONTABLE'  class='iconlist_icon av-5mlvyk-dcc906906003112da7c1152ec1ac7d82 avia-font-entypo-fontello avia-iconfont avia-font-entypo-fontello'><span class='av-icon-char' data-av_icon='\ue851' data-av_iconfont='entypo-fontello' aria-hidden=\"true\"><\/span><\/a><article class=\"article-icon-entry av-iconlist-empty\"  itemscope=\"itemscope\" itemtype=\"https:\/\/schema.org\/CreativeWork\" ><div class=\"iconlist_content_wrap\"><header class=\"entry-content-header\" aria-label=\"Icon: &lt;a href=&#039;https:\/\/cotecnova.edu.co\/index.php\/gestion_contable\/&#039; title=&#039;TECNOLOG\u00cdA EN GESTI\u00d3N CONTABLE&#039;&gt;TECNOLOG\u00cdA EN GESTI\u00d3N CONTABLE&lt;\/a&gt;\"><h4 class='av_iconlist_title iconlist_title  '  itemprop=\"headline\" ><a href='https:\/\/cotecnova.edu.co\/index.php\/gestion_contable\/' title='TECNOLOG\u00cdA EN GESTI\u00d3N CONTABLE'>TECNOLOG\u00cdA EN GESTI\u00d3N CONTABLE<\/a><\/h4><\/header><div class='iconlist_content '  itemprop=\"text\" ><\/div><\/div><footer class=\"entry-footer\"><\/footer><\/article><div class=\"iconlist-timeline\"><\/div><\/li>\n<li><a href='https:\/\/cotecnova.edu.co\/index.php\/tecnologia-en-gestion-de-sistemas-de-informacion\/' title='TECNOLOG\u00cdA EN SISTEMAS DE INFORMACI\u00d3N'  class='iconlist_icon av-1x7pvg-ad30843316db4b956bb12a0249fbf5ab avia-font-entypo-fontello avia-iconfont avia-font-entypo-fontello'><span class='av-icon-char' data-av_icon='\ue844' data-av_iconfont='entypo-fontello' aria-hidden=\"true\"><\/span><\/a><article class=\"article-icon-entry av-iconlist-empty\"  itemscope=\"itemscope\" itemtype=\"https:\/\/schema.org\/CreativeWork\" ><div class=\"iconlist_content_wrap\"><header class=\"entry-content-header\" aria-label=\"Icon: &lt;a href=&#039;https:\/\/cotecnova.edu.co\/index.php\/tecnologia-en-gestion-de-sistemas-de-informacion\/&#039; title=&#039;TECNOLOG\u00cdA EN SISTEMAS DE INFORMACI\u00d3N&#039;&gt;TECNOLOG\u00cdA EN SISTEMAS DE INFORMACI\u00d3N&lt;\/a&gt;\"><h4 class='av_iconlist_title iconlist_title  '  itemprop=\"headline\" ><a href='https:\/\/cotecnova.edu.co\/index.php\/tecnologia-en-gestion-de-sistemas-de-informacion\/' title='TECNOLOG\u00cdA EN SISTEMAS DE INFORMACI\u00d3N'>TECNOLOG\u00cdA EN SISTEMAS DE INFORMACI\u00d3N<\/a><\/h4><\/header><div class='iconlist_content '  itemprop=\"text\" ><\/div><\/div><footer class=\"entry-footer\"><\/footer><\/article><div class=\"iconlist-timeline\"><\/div><\/li>\n<li><a href='https:\/\/cotecnova.edu.co\/index.php\/agropecuaria\/' title='TECNOLOG\u00cdA AGROPECUARIA'  class='iconlist_icon av-4csd8s-b8ef452e193a74a869ac88d7c3d2dd6a avia-font-entypo-fontello avia-iconfont avia-font-entypo-fontello'><span class='av-icon-char' data-av_icon='\ue866' data-av_iconfont='entypo-fontello' aria-hidden=\"true\"><\/span><\/a><article class=\"article-icon-entry av-iconlist-empty\"  itemscope=\"itemscope\" itemtype=\"https:\/\/schema.org\/CreativeWork\" ><div class=\"iconlist_content_wrap\"><header class=\"entry-content-header\" aria-label=\"Icon: &lt;a href=&#039;https:\/\/cotecnova.edu.co\/index.php\/agropecuaria\/&#039; title=&#039;TECNOLOG\u00cdA AGROPECUARIA&#039;&gt;TECNOLOG\u00cdA AGROPECUARIA&lt;\/a&gt;\"><h4 class='av_iconlist_title iconlist_title  '  itemprop=\"headline\" ><a href='https:\/\/cotecnova.edu.co\/index.php\/agropecuaria\/' title='TECNOLOG\u00cdA AGROPECUARIA'>TECNOLOG\u00cdA AGROPECUARIA<\/a><\/h4><\/header><div class='iconlist_content '  itemprop=\"text\" ><\/div><\/div><footer class=\"entry-footer\"><\/footer><\/article><div class=\"iconlist-timeline\"><\/div><\/li>\n<li><a href='https:\/\/cotecnova.edu.co\/index.php\/tecnico-profesional-en-programacion-de-aplicaciones-informaticas\/' title='T\u00c9CNICO PROFESIONAL EN PROGRAMACI\u00d3N DE APLICACIONES INFORM\u00c1TICAS'  class='iconlist_icon av-av_iconlist_item-a1830f0af7f6ce1330c4ac8473c81292 avia-font-entypo-fontello avia-iconfont avia-font-entypo-fontello'><span class='av-icon-char' data-av_icon='\ue834' data-av_iconfont='entypo-fontello' aria-hidden=\"true\"><\/span><\/a><article class=\"article-icon-entry av-iconlist-empty\"  itemscope=\"itemscope\" itemtype=\"https:\/\/schema.org\/CreativeWork\" ><div class=\"iconlist_content_wrap\"><header class=\"entry-content-header\" aria-label=\"Icon: &lt;a href=&#039;https:\/\/cotecnova.edu.co\/index.php\/tecnico-profesional-en-programacion-de-aplicaciones-informaticas\/&#039; title=&#039;T\u00c9CNICO PROFESIONAL EN PROGRAMACI\u00d3N DE APLICACIONES INFORM\u00c1TICAS&#039;&gt;T\u00c9CNICO PROFESIONAL EN PROGRAMACI\u00d3N DE APLICACIONES INFORM\u00c1TICAS&lt;\/a&gt;\"><h4 class='av_iconlist_title iconlist_title  '  itemprop=\"headline\" ><a href='https:\/\/cotecnova.edu.co\/index.php\/tecnico-profesional-en-programacion-de-aplicaciones-informaticas\/' title='T\u00c9CNICO PROFESIONAL EN PROGRAMACI\u00d3N DE APLICACIONES INFORM\u00c1TICAS'>T\u00c9CNICO PROFESIONAL EN PROGRAMACI\u00d3N DE APLICACIONES INFORM\u00c1TICAS<\/a><\/h4><\/header><div class='iconlist_content '  itemprop=\"text\" ><\/div><\/div><footer class=\"entry-footer\"><\/footer><\/article><div class=\"iconlist-timeline\"><\/div><\/li>\n<\/ul><\/div><\/p><\/div><\/div><\/div><\/div><!-- close content main div --><\/div><\/div>\n<style type=\"text\/css\" data-created_by=\"avia_inline_auto\" id=\"style-css-av-1b43j6s-5156c249c5f45b43dd08dcc39d245ba6\">\n.avia-section.av-1b43j6s-5156c249c5f45b43dd08dcc39d245ba6{\nbackground-color:#005c2a;\nbackground-image:unset;\n}\n.avia-section.av-1b43j6s-5156c249c5f45b43dd08dcc39d245ba6 .av-extra-border-element .av-extra-border-inner{\nbackground-color:#005c2a;\n}\n<\/style>\n<div id='av_section_1'  class='avia-section av-1b43j6s-5156c249c5f45b43dd08dcc39d245ba6 main_color avia-section-small avia-shadow  avia-builder-el-5  el_after_av_one_fourth  avia-builder-el-last  avia-bg-style-scroll av-arrow-down-section av-minimum-height av-minimum-height-custom av-height-custom  container_wrap fullsize'   data-av_minimum_height_px='20'><div class='container av-section-cont-open' style='height:20px'><div class='template-page content  av-content-full alpha units'><div class='post-entry post-entry-type-page post-entry-3572'><div class='entry-content-wrapper clearfix'>\n<div  class='flex_column av-19v9dmc-0027b7c2483a1ae6bda71e533624478e av_one_fifth  avia-builder-el-6  el_before_av_one_fifth  avia-builder-el-first  first flex_column_div  '     ><style type=\"text\/css\" data-created_by=\"avia_inline_auto\" id=\"style-css-av-18ga8t0-f96ba4c426583eb9601fee4da964559f\">\n.av_font_icon.av-18ga8t0-f96ba4c426583eb9601fee4da964559f{\ncolor:#ffffff;\nborder-color:#ffffff;\n}\n.avia-svg-icon.av-18ga8t0-f96ba4c426583eb9601fee4da964559f svg:first-child{\nstroke:#ffffff;\nfill:#ffffff;\n}\n.av_font_icon.av-18ga8t0-f96ba4c426583eb9601fee4da964559f .av-icon-char{\nfont-size:20px;\nline-height:20px;\nwidth:20px;\n}\n<\/style>\n<span  class='av_font_icon av-18ga8t0-f96ba4c426583eb9601fee4da964559f avia_animate_when_visible av-icon-style-border avia-icon-pos-center avia-iconfont avia-font-entypo-fontello avia-icon-animate'><a href='https:\/\/cotecnova.edu.co\/index.php\/aspirante\/'   class='av-icon-char' data-av_icon='\ue84d' data-av_iconfont='entypo-fontello' aria-hidden=\"false\" data-avia-icon-tooltip=\"&lt;br \/&gt;\nAspirante&lt;br \/&gt;\n\"><\/a><span class='av_icon_caption av-special-font'>Aspirante<\/span><\/span><\/div><div  class='flex_column av-16oyd6s-fb0dbbb2cb1a7992595d017a6d30c504 av_one_fifth  avia-builder-el-8  el_after_av_one_fifth  el_before_av_one_fifth  flex_column_div  '     ><style type=\"text\/css\" data-created_by=\"avia_inline_auto\" id=\"style-css-av-14va1g4-959dd858b3c6270f398d5f94b635cdcd\">\n.av_font_icon.av-14va1g4-959dd858b3c6270f398d5f94b635cdcd{\ncolor:#ffffff;\nborder-color:#ffffff;\n}\n.avia-svg-icon.av-14va1g4-959dd858b3c6270f398d5f94b635cdcd svg:first-child{\nstroke:#ffffff;\nfill:#ffffff;\n}\n.av_font_icon.av-14va1g4-959dd858b3c6270f398d5f94b635cdcd .av-icon-char{\nfont-size:20px;\nline-height:20px;\nwidth:20px;\n}\n<\/style>\n<span  class='av_font_icon av-14va1g4-959dd858b3c6270f398d5f94b635cdcd avia_animate_when_visible av-icon-style-border avia-icon-pos-center avia-iconfont avia-font-entypo-fontello avia-icon-animate'><a href='https:\/\/cotecnova.edu.co\/index.php\/estudiante\/'   class='av-icon-char' data-av_icon='\ue84f' data-av_iconfont='entypo-fontello' aria-hidden=\"false\" data-avia-icon-tooltip=\"&lt;br \/&gt;\nEstudiante&lt;br \/&gt;\n\"><\/a><span class='av_icon_caption av-special-font'>Estudiante<\/span><\/span><\/div><div  class='flex_column av-133iq9w-abff69e0ececfcfa7c09765bc83d5284 av_one_fifth  avia-builder-el-10  el_after_av_one_fifth  el_before_av_one_fifth  flex_column_div  '     ><style type=\"text\/css\" data-created_by=\"avia_inline_auto\" id=\"style-css-av-3np5ro-adc4c12902a9a49a5565b02f8184d322\">\n.av_font_icon.av-3np5ro-adc4c12902a9a49a5565b02f8184d322{\ncolor:#ffffff;\nborder-color:#ffffff;\n}\n.avia-svg-icon.av-3np5ro-adc4c12902a9a49a5565b02f8184d322 svg:first-child{\nstroke:#ffffff;\nfill:#ffffff;\n}\n.av_font_icon.av-3np5ro-adc4c12902a9a49a5565b02f8184d322 .av-icon-char{\nfont-size:20px;\nline-height:20px;\nwidth:20px;\n}\n<\/style>\n<span  class='av_font_icon av-3np5ro-adc4c12902a9a49a5565b02f8184d322 avia_animate_when_visible av-icon-style-border avia-icon-pos-center avia-iconfont avia-font-entypo-fontello avia-icon-animate'><a href='https:\/\/cotecnova.edu.co\/index.php\/docente\/'   class='av-icon-char' data-av_icon='\ue80a' data-av_iconfont='entypo-fontello' aria-hidden=\"false\" data-avia-icon-tooltip=\"&lt;br \/&gt;\nDocente&lt;br \/&gt;\n\"><\/a><span class='av_icon_caption av-special-font'>Docente<\/span><\/span><\/div><div  class='flex_column av-zc2m5g-958417c44807402f26aad0a5b09188ac av_one_fifth  avia-builder-el-12  el_after_av_one_fifth  el_before_av_one_fifth  flex_column_div  '     ><style type=\"text\/css\" data-created_by=\"avia_inline_auto\" id=\"style-css-av-xwwepg-760a68065b9e04c0657835a9a5dcd913\">\n.av_font_icon.av-xwwepg-760a68065b9e04c0657835a9a5dcd913{\ncolor:#ffffff;\nborder-color:#ffffff;\n}\n.avia-svg-icon.av-xwwepg-760a68065b9e04c0657835a9a5dcd913 svg:first-child{\nstroke:#ffffff;\nfill:#ffffff;\n}\n.av_font_icon.av-xwwepg-760a68065b9e04c0657835a9a5dcd913 .av-icon-char{\nfont-size:20px;\nline-height:20px;\nwidth:20px;\n}\n<\/style>\n<span  class='av_font_icon av-xwwepg-760a68065b9e04c0657835a9a5dcd913 avia_animate_when_visible av-icon-style-border avia-icon-pos-center avia-iconfont avia-font-entypo-fontello avia-icon-animate'><a href='https:\/\/cotecnova.edu.co\/index.php\/egresado\/'   class='av-icon-char' data-av_icon='\ue8c9' data-av_iconfont='entypo-fontello' aria-hidden=\"false\" data-avia-icon-tooltip=\"&lt;br \/&gt;\nEgresado&lt;br \/&gt;\n\"><\/a><span class='av_icon_caption av-special-font'>Egresado<\/span><\/span><\/div><div  class='flex_column av-wq175g-393cdd1e85e8671be32f8ce9572e8098 av_one_fifth  avia-builder-el-14  el_after_av_one_fifth  avia-builder-el-last  flex_column_div  '     ><style type=\"text\/css\" data-created_by=\"avia_inline_auto\" id=\"style-css-av-uy98tw-ca34bd34d3dc61a422e03a695dfc2666\">\n.av_font_icon.av-uy98tw-ca34bd34d3dc61a422e03a695dfc2666{\ncolor:#ffffff;\nborder-color:#ffffff;\n}\n.avia-svg-icon.av-uy98tw-ca34bd34d3dc61a422e03a695dfc2666 svg:first-child{\nstroke:#ffffff;\nfill:#ffffff;\n}\n.av_font_icon.av-uy98tw-ca34bd34d3dc61a422e03a695dfc2666 .av-icon-char{\nfont-size:20px;\nline-height:20px;\nwidth:20px;\n}\n<\/style>\n<span  class='av_font_icon av-uy98tw-ca34bd34d3dc61a422e03a695dfc2666 avia_animate_when_visible av-icon-style-border avia-icon-pos-center avia-iconfont avia-font-entypo-fontello avia-icon-animate'><a href='https:\/\/cotecnova.edu.co\/index.php\/acudiente\/'   class='av-icon-char' data-av_icon='\ue80b' data-av_iconfont='entypo-fontello' aria-hidden=\"false\" data-avia-icon-tooltip=\"&lt;br \/&gt;\nAcudiente&lt;br \/&gt;\n\"><\/a><span class='av_icon_caption av-special-font'>Acudiente<\/span><\/span><\/div>\n<\/p>\n","protected":false},"excerpt":{"rendered":"","protected":false},"author":2,"featured_media":0,"parent":0,"menu_order":0,"comment_status":"closed","ping_status":"closed","template":"","meta":{"_joinchat":[],"footnotes":""},"class_list":["post-3572","page","type-page","status-publish","hentry"],"nelio_popups_active_popup":"","_links":{"self":[{"href":"https:\/\/cotecnova.edu.co\/index.php\/wp-json\/wp\/v2\/pages\/3572","targetHints":{"allow":["GET"]}}],"collection":[{"href":"https:\/\/cotecnova.edu.co\/index.php\/wp-json\/wp\/v2\/pages"}],"about":[{"href":"https:\/\/cotecnova.edu.co\/index.php\/wp-json\/wp\/v2\/types\/page"}],"author":[{"embeddable":true,"href":"https:\/\/cotecnova.edu.co\/index.php\/wp-json\/wp\/v2\/users\/2"}],"replies":[{"embeddable":true,"href":"https:\/\/cotecnova.edu.co\/index.php\/wp-json\/wp\/v2\/comments?post=3572"}],"version-history":[{"count":41,"href":"https:\/\/cotecnova.edu.co\/index.php\/wp-json\/wp\/v2\/pages\/3572\/revisions"}],"predecessor-version":[{"id":10976,"href":"https:\/\/cotecnova.edu.co\/index.php\/wp-json\/wp\/v2\/pages\/3572\/revisions\/10976"}],"wp:attachment":[{"href":"https:\/\/cotecnova.edu.co\/index.php\/wp-json\/wp\/v2\/media?parent=3572"}],"curies":[{"name":"wp","href":"https:\/\/api.w.org\/{rel}","templated":true}]}}