{"id":3574,"date":"2016-06-24T20:42:20","date_gmt":"2016-06-24T20:42:20","guid":{"rendered":"http:\/\/www.cotec.webcotecnova.site\/?page_id=3574"},"modified":"2026-04-08T09:40:34","modified_gmt":"2026-04-08T14:40:34","slug":"gestion_contable","status":"publish","type":"page","link":"https:\/\/cotecnova.edu.co\/index.php\/gestion_contable\/","title":{"rendered":"Gesti\u00f3n Contable"},"content":{"rendered":"<div  class='flex_column av-37go3q-f356736771e5eea95e7d5c2d152675c0 av_one_full  avia-builder-el-0  el_before_av_one_full  avia-builder-el-first  first flex_column_div  '     ><style type=\"text\/css\" data-created_by=\"avia_inline_auto\" id=\"style-css-av-mc59s44c-ea46af196ceb35ed8ad483adb5859aa8\">\n.avia-image-container.av-mc59s44c-ea46af196ceb35ed8ad483adb5859aa8 img.avia_image{\nbox-shadow:none;\n}\n.avia-image-container.av-mc59s44c-ea46af196ceb35ed8ad483adb5859aa8 .av-image-caption-overlay-center{\ncolor:#ffffff;\n}\n<\/style>\n<div  class='avia-image-container av-mc59s44c-ea46af196ceb35ed8ad483adb5859aa8 av-styling- avia-align-center  avia-builder-el-1  avia-builder-el-no-sibling '   itemprop=\"image\" itemscope=\"itemscope\" itemtype=\"https:\/\/schema.org\/ImageObject\" ><div class=\"avia-image-container-inner\"><div class=\"avia-image-overlay-wrap\"><img fetchpriority=\"high\" class='wp-image-15784 avia-img-lazy-loading-not-15784 avia_image ' src='https:\/\/cotecnova.edu.co\/wp-content\/uploads\/2026\/04\/Tecnologia-en-Gestion-Contable_Banner-scaled.jpg' alt='' title='Tecnolog\u00eda en Gesti\u00f3n Contable_Banner'  height=\"723\" width=\"2560\"  itemprop=\"thumbnailUrl\"  \/><\/div><\/div><\/div><\/div>\n\n<style type=\"text\/css\" data-created_by=\"avia_inline_auto\" id=\"style-css-av-9i1lsm-bed98058d3d89f84172192b35e22a504\">\n.flex_column.av-9i1lsm-bed98058d3d89f84172192b35e22a504{\nborder-radius:0px 0px 0px 0px;\npadding:0px 0px 0px 0px;\n}\n<\/style>\n<div  class='flex_column av-9i1lsm-bed98058d3d89f84172192b35e22a504 av_one_full  avia-builder-el-2  el_after_av_one_full  avia-builder-el-last  first flex_column_div av-zero-column-padding  column-top-margin'     ><div  class='tabcontainer av-1flki99-9709b716edbc02162346662a4a10178e sidebar_tab sidebar_tab_left  avia-builder-el-3  avia-builder-el-no-sibling  border_tabs'>\n<section class='av_tab_section av_tab_section av-79lxyu-9054590a5f71a6b667c393e11f09af1b'  itemscope=\"itemscope\" itemtype=\"https:\/\/schema.org\/CreativeWork\" ><div id='tab-id-1-tab' class='tab active_tab' role='tab' aria-selected=\"true\" tabindex=\"0\" data-fake-id='#tab-id-1' aria-controls='tab-id-1-content'  itemprop=\"headline\" ><span class='tab_icon avia-iconfont avia-font-entypo-fontello' data-av_icon='\ue81f' data-av_iconfont='entypo-fontello' ><\/span>Presentaci\u00f3n<\/div><div id='tab-id-1-content' class='tab_content active_tab_content' role='tabpanel' aria-labelledby='tab-id-1-tab' aria-hidden=\"false\"><div class='tab_inner_content invers-color'  itemprop=\"text\" ><h3 style=\"text-align: center;\"><span style=\"color: #008000;\">Nuestro Programa<\/span><\/h3>\n<p style=\"text-align: left;\">La <strong>Tecnolog\u00eda en Gesti\u00f3n Contable<\/strong> est\u00e1 orientada a la formaci\u00f3n profesional principalmente de los bachilleres con inter\u00e9s de formarse en esta \u00e1rea de conocimiento. Su estructura comprende las \u00e1reas necesarias para el desarrollo de responsabilidades de concepci\u00f3n, la direcci\u00f3n y gesti\u00f3n de conformidad con la especificidad de la ciencia contable, el enfoque en la pr\u00e1ctica y la fundamentaci\u00f3n en los principios cient\u00edficos y jur\u00eddicos que la sustenta, de igual forma a la actividad investigativa que orienta a la creaci\u00f3n y adaptaci\u00f3n de nuevas tecnolog\u00edas.<\/p>\n<p style=\"text-align: left;\">El programa de Tecnolog\u00eda en Gesti\u00f3n Contable articulado en ciclos proped\u00e9uticos con el programa Contadur\u00eda P\u00fablica; fundamenta su conceptualizaci\u00f3n en las pol\u00edticas y documentos institucionales (Misi\u00f3n, Visi\u00f3n, Proyecto Educativo Institucional y de Unidad) y en principios Institucionales, en la reglamentaci\u00f3n de la profesi\u00f3n y referentes nacionales e internacionales para la formaci\u00f3n en esta \u00e1rea del conocimiento.<\/p>\n<hr \/>\n<p style=\"text-align: left;\"><strong>T\u00edtulo que Otorga:<\/strong> Tecn\u00f3logo en Gesti\u00f3n Contable<\/p>\n<p><strong>Nivel Acad\u00e9mico:\u00a0<\/strong>Pregrado<\/p>\n<p><strong>Nivel de Formaci\u00f3n:<\/strong> Tecnol\u00f3gico<\/p>\n<p style=\"text-align: left;\"><strong>Registro:<\/strong> Resoluci\u00f3n No. 009125 del 1 de abril de 2026<\/p>\n<p style=\"text-align: left;\"><strong>C\u00f3digo SNIES:<\/strong> 107705 (<a href=\"https:\/\/cotecnova.edu.co\/wp-content\/uploads\/2025\/06\/SNIES-Tecnologia-en-Gestion-Contable-2019.pdf\" target=\"_blank\" rel=\"noopener\">Consultar<\/a>)<\/p>\n<p style=\"text-align: left;\"><strong>Duraci\u00f3n:<\/strong> 5 Semestres<\/p>\n<p style=\"text-align: left;\"><strong>Modalidad:<\/strong>\u00a0Presencial<\/p>\n<p style=\"text-align: left;\"><strong>Jornada:<\/strong> Diurna \u2013 Nocturna<\/p>\n<p style=\"text-align: left;\"><strong>Cr\u00e9ditos acad\u00e9micos:<\/strong> 83 cr\u00e9ditos<\/p>\n<p style=\"text-align: left;\"><strong>Inscripci\u00f3n:<\/strong> $145.912<\/p>\n<p style=\"text-align: left;\"><strong>Matr\u00edcula:<\/strong> $2.386.553<\/p>\n<hr \/>\n<h3 style=\"text-align: center;\"><span style=\"color: #008000;\">Inscripciones<\/span><\/h3>\n<p>La Corporaci\u00f3n de Estudios Tecnol\u00f3gicos del Norte del Valle informa a la comunidad que se encuentra en periodo de inscripciones, el horario de atenci\u00f3n al p\u00fablico ser\u00e1 el siguiente:<\/p>\n<p><strong>Lunes a Viernes:\u00a0<\/strong>8:00 am. a 12:00 pm. y 2:00 pm. a 7:00 pm.<\/p>\n<p><strong>S\u00e1bados:\u00a0<\/strong>8:00 am. a 12:00 m.<\/p>\n<p><strong>Direcci\u00f3n:<\/strong>\u00a0CL 10 No. 3-95 Cartago, Valle<\/p>\n<p><strong>Tel\u00e9fonos:<\/strong>\u00a0(602) 213 4421 Ext. 101 (Informaci\u00f3n) \/ Ext. 104 (Financiera)<\/p>\n<p><strong>WhatsApp:<\/strong>\u00a0(57) 315 433 8604 (Informaci\u00f3n) \/ (57) 318 707 6901 (Financiera)<\/p>\n<h5><strong>Documentos exigidos para la inscripci\u00f3n (Programas Propios):<\/strong><\/h5>\n<ul>\n<li>Formulario de inscripci\u00f3n diligenciado. (<a href=\"https:\/\/cotecnova.edu.co\/wp-content\/uploads\/2025\/11\/FORMULARIO_DE__INSCRIPCION_V7_.docx\" target=\"_blank\" rel=\"noopener\">Descargar<\/a>)<\/li>\n<li>Examen de Estado para el ingreso a la Educaci\u00f3n Superior nacionales o ex\u00e1menes similares homologables en el pa\u00eds seg\u00fan la normatividad vigente.<\/li>\n<li>Para programas de formaci\u00f3n t\u00e9cnica profesional, se podr\u00e1 presentar certificado de educaci\u00f3n b\u00e1sica secundaria.<\/li>\n<li>Para nivel tecnol\u00f3gico o profesional universitario, original o copia de Acta de Grado de bachiller otorgados por instituciones p\u00fablicas o privadas, debidamente reconocidas por el gobierno nacional.<\/li>\n<li>Copia del documento de identidad (c\u00e9dula, tarjeta de identidad, o c\u00e9dula de extranjer\u00eda).<\/li>\n<li>Dos (2) fotograf\u00edas recientes tama\u00f1o documento 3 x 4cm.<\/li>\n<li>Recibo de pago Inscripci\u00f3n. (<a href=\"http:\/\/www.recibo.appcotecnova.es\/\" target=\"_blank\" rel=\"noopener\">Descargar<\/a>)\n<ul>\n<li>Programas por ciclos proped\u00e9uticos: $145.912<\/li>\n<li>Programas terminales: $91.787<\/li>\n<\/ul>\n<\/li>\n<li>Sobre de Manila tama\u00f1o oficio.<\/li>\n<\/ul>\n<h5><strong>Documentos exigidos para la inscripci\u00f3n (Programas en Convenio):<\/strong><\/h5>\n<ul>\n<li>Examen de Estado para el ingreso a la Educaci\u00f3n Superior.<\/li>\n<li>Fotocopia del diploma y acta de grado de bachiller.<\/li>\n<li>Fotocopia Ampliada al 150 del Documento de Identidad.<\/li>\n<li>3 Fotos tama\u00f1o documento fondo blanco.<\/li>\n<li>Sobre de Manila tama\u00f1o oficio.<\/li>\n<li>Recibo de pago de inscripci\u00f3n.<\/li>\n<\/ul>\n<h5><strong>Documentos exigidos para la inscripci\u00f3n (Programas Posgrado):<\/strong><\/h5>\n<ul>\n<li>Formulario de inscripci\u00f3n diligenciado. (<a href=\"https:\/\/cotecnova.edu.co\/wp-content\/uploads\/2025\/11\/FORMULARIO_DE__INSCRIPCION_V2.docx\" target=\"_blank\" rel=\"noopener\">Descargar<\/a>)<\/li>\n<li>Original o copia del acta de pregrado profesional universitario.<\/li>\n<li>Copia del documento de identidad (c\u00e9dula, tarjeta de identidad, o c\u00e9dula de extranjer\u00eda).<\/li>\n<li>Dos (2) fotograf\u00edas recientes tama\u00f1o documento 3 x 4cm.<\/li>\n<li>Recibo de pago Inscripci\u00f3n. (<a href=\"http:\/\/www.recibo.appcotecnova.es\/\" target=\"_blank\" rel=\"noopener\">Descargar<\/a>)\n<ul>\n<li>Programas posgrado: $145.912<\/li>\n<\/ul>\n<\/li>\n<li>Sobre de Manila tama\u00f1o oficio.<\/li>\n<\/ul>\n<hr \/>\n<h3 style=\"text-align: center;\"><span style=\"color: #008000;\"><strong>Documentos Adicionales<\/strong><\/span><\/h3>\n<p><b><strong>Ciclos Profesionales:<\/strong><\/b><\/p>\n<ul>\n<li>Certificado de Notas.<\/li>\n<li>Fotocopia\u00a0 de Acta y Diploma de Tecn\u00f3logo.<\/li>\n<\/ul>\n<h3 style=\"text-align: center;\"><span style=\"color: #008000;\"><strong>Homologaciones y Transferencias<\/strong><\/span><\/h3>\n<p>Documentos exigidos para homologar otros programas:<\/p>\n<ul>\n<li>Recibo de pago homologaci\u00f3n. (<a href=\"http:\/\/www.recibo.appcotecnova.es\/\" target=\"_blank\" rel=\"noopener\">Descargar<\/a>)\n<ul>\n<li>Estudio de homologaci\u00f3n: $12.628<\/li>\n<\/ul>\n<\/li>\n<li>Certificado de Notas y contenidos.<\/li>\n<li>Paz y Salvo de Instituci\u00f3n Educativa de donde proviene.<\/li>\n<\/ul>\n<hr \/>\n<p style=\"text-align: center;\"><em>Instituci\u00f3n de Educaci\u00f3n Superior sujeta a Inspecci\u00f3n y Vigilancia por el Ministerio de Educaci\u00f3n Nacional<\/em><\/p>\n<\/div><\/div><\/section>\n<section class='av_tab_section av_tab_section av-6k6b06-1f8578c43a4f7c623d8ac8d8d4f20aef'  itemscope=\"itemscope\" itemtype=\"https:\/\/schema.org\/CreativeWork\" ><div id='tab-id-2-tab' class='tab' role='tab' aria-selected=\"false\" tabindex=\"0\" data-fake-id='#tab-id-2' aria-controls='tab-id-2-content'  itemprop=\"headline\" ><span class='tab_icon avia-iconfont avia-font-entypo-fontello' data-av_icon='\ue84d' data-av_iconfont='entypo-fontello' ><\/span>Perfil de Egreso<\/div><div id='tab-id-2-content' class='tab_content' role='tabpanel' aria-labelledby='tab-id-2-tab' aria-hidden=\"true\"><div class='tab_inner_content invers-color'  itemprop=\"text\" ><h3 style=\"text-align: center;\"><span style=\"color: #008000;\">Perfil Profesional<\/span><\/h3>\n<p>El Tecn\u00f3logo ser\u00e1 un profesional integral, capacitado para identificar, clasificar, gestionar, registrar e informar sobre las operaciones del ente econ\u00f3mico en los \u00e1mbitos contable, financiero y fiscal, de manera clara, precisa, completa, fidedigna y confiable, aline\u00e1ndose con las exigencias del ejercicio profesional y las din\u00e1micas del entorno.<\/p>\n<p>El Tecn\u00f3logo en Gesti\u00f3n Contable de la Corporaci\u00f3n de Estudios Tecnol\u00f3gicos del Norte del Valle, cuenta con capacidad para:<\/p>\n<ul>\n<li>Clasificar y registrar de las transacciones en los asientos contables y otros registros financieros.<\/li>\n<li>Preparar y presentar de la informaci\u00f3n contable y financiera conforme a las normas legales y pol\u00edticas organizacionales.<\/li>\n<li>Verificar y preparar de la informaci\u00f3n contable, financiera y tributaria<\/li>\n<\/ul>\n<hr \/>\n<h3 style=\"text-align: center;\"><span style=\"color: #008000;\">Perfil Ocupacional<\/span><\/h3>\n<p>El <strong>Tecn\u00f3logo en Gesti\u00f3n Contable<\/strong> de la Corporaci\u00f3n de Estudios Tecnol\u00f3gicos del Norte del Valle, estar\u00e1 en capacidad de desempe\u00f1arse en organizaciones p\u00fablicas y privadas en las \u00e1reas administrativo, contables y financieras como:<\/p>\n<ul>\n<li>Asistente Contable y Financiero.<\/li>\n<li>Asistente Administrativo.<\/li>\n<li>Asistente de Tesorer\u00eda y presupuestos.<\/li>\n<li>Asistente de Costos.<\/li>\n<li>Asistente de Auditor\u00eda.<\/li>\n<li>Asistente de N\u00f3mina.<\/li>\n<li>Asistente de Compras e Inventarios.<\/li>\n<li>Adicionalmente, ejercer\u00e1 apoyo en diversos cargos de departamentos contables.<\/li>\n<li>Gestor de su propia empresa.<\/li>\n<\/ul>\n<\/div><\/div><\/section>\n<section class='av_tab_section av_tab_section av-4qhrjq-31cf7deb1d17104d98c3d0b82f20dc98'  itemscope=\"itemscope\" itemtype=\"https:\/\/schema.org\/CreativeWork\" ><div id='tab-id-3-tab' class='tab' role='tab' aria-selected=\"false\" tabindex=\"0\" data-fake-id='#tab-id-3' aria-controls='tab-id-3-content'  itemprop=\"headline\" ><span class='tab_icon avia-iconfont avia-font-entypo-fontello' data-av_icon='\ue8d8' data-av_iconfont='entypo-fontello' ><\/span>Plan de Estudios<\/div><div id='tab-id-3-content' class='tab_content' role='tabpanel' aria-labelledby='tab-id-3-tab' aria-hidden=\"true\"><div class='tab_inner_content invers-color'  itemprop=\"text\" ><h4 style=\"text-align: left;\"><span style=\"color: #008000;\">Plan de Estudios<\/span><\/h4>\n<p><strong><em>Formaci\u00f3n b\u00e1sica<\/em><\/strong><\/p>\n<ul>\n<li>Fundamentos de Administraci\u00f3n<\/li>\n<li>Econom\u00eda General<\/li>\n<li>Constituci\u00f3n Pol\u00edtica y \u00c9tica<\/li>\n<li>Fundamentos de Tributaria<\/li>\n<li>Matem\u00e1ticas<\/li>\n<li>Calculo Diferencial<\/li>\n<li>Estad\u00edstica Descriptiva<\/li>\n<\/ul>\n<p><strong><em>Formaci\u00f3n Profesional<\/em><\/strong><\/p>\n<ul>\n<li>Fundamentos de Contabilidad<\/li>\n<li>Ciclo de Ingresos<\/li>\n<li>Ciclo de Egresos<\/li>\n<li>Ciclo de Inversiones y Financiaci\u00f3n<\/li>\n<li>Ciclo de Informe Financiero<\/li>\n<li>Ciclo de Costos de Producci\u00f3n<\/li>\n<li>Finanzas<\/li>\n<li>Laboratorio Contable<\/li>\n<li>Fundamentos del Aseguramiento de la Informaci\u00f3n<\/li>\n<li>Iniciativa Empresarial<\/li>\n<li>TIC y Herramientas Inform\u00e1ticas<\/li>\n<li>Sistemas de Informaci\u00f3n Contable<\/li>\n<li>Legislaci\u00f3n Comercial<\/li>\n<li>Legislaci\u00f3n Laboral y Seguridad<\/li>\n<li>Fundamentos de tributaria<\/li>\n<li>Impuesto a las Operaciones Comerciales<\/li>\n<\/ul>\n<p><strong><em>Formaci\u00f3n Sociohuman\u00edstica<\/em><\/strong><\/p>\n<ul>\n<li>Comunicaci\u00f3n Oral y Escrita<\/li>\n<li>C\u00e1tedra Institucional<\/li>\n<li>C\u00e1tedra Cultural<\/li>\n<li>Introducci\u00f3n a la Investigaci\u00f3n<\/li>\n<li>Metodolog\u00eda de la Investigaci\u00f3n<\/li>\n<\/ul>\n<p><strong><em>Formaci\u00f3n flexible<\/em><\/strong><\/p>\n<ul>\n<li>Electiva Especifica\u00a0 Tecnol\u00f3gica I<\/li>\n<li>Electiva\u00a0 Especifica Tecnol\u00f3gica II<\/li>\n<\/ul>\n<hr \/>\n<p><strong>Resultados de aprendizaje del programa<\/strong><\/p>\n<ul>\n<li>Realiza registros contables de las transacciones financieras de una empresa o persona natural utilizando sistemas manual o computarizado.<\/li>\n<li>Contabiliza los recursos de operaci\u00f3n, inversi\u00f3n y financiaci\u00f3n de acuerdo con las normas y pol\u00edticas organizacionales.<\/li>\n<li>Prepara la informaci\u00f3n contable y financiera seg\u00fan normas legales y pol\u00edticas organizacionales.<\/li>\n<li>Elabora de informes financieros sobre per\u00edodos determinados.<\/li>\n<li>Comprueba la exactitud de los documentos relativos a ingresos, egresos y otras transacciones financieras.<\/li>\n<li>Registra operaciones contables de acuerdo a los lineamientos y normas de contabilidad.<\/li>\n<li>Liquida impuestos de retenci\u00f3n en la fuente y aportes parafiscales.<\/li>\n<li>Calcula costos de operaci\u00f3n de acuerdo a la producci\u00f3n y comercializaci\u00f3n del producto o servicio.<\/li>\n<\/ul>\n<\/div><\/div><\/section>\n<section class='av_tab_section av_tab_section av-2lumue-176749f1bd20210a71389673d9b5472d'  itemscope=\"itemscope\" itemtype=\"https:\/\/schema.org\/CreativeWork\" ><div id='tab-id-4-tab' class='tab' role='tab' aria-selected=\"false\" tabindex=\"0\" data-fake-id='#tab-id-4' aria-controls='tab-id-4-content'  itemprop=\"headline\" ><span class='tab_icon avia-iconfont avia-font-entypo-fontello' data-av_icon='\ue854' data-av_iconfont='entypo-fontello' ><\/span>M\u00e1s Informaci\u00f3n<\/div><div id='tab-id-4-content' class='tab_content' role='tabpanel' aria-labelledby='tab-id-4-tab' aria-hidden=\"true\"><div class='tab_inner_content invers-color'  itemprop=\"text\" ><h3 style=\"text-align: center;\"><span style=\"color: #008000;\">M\u00e1s Informaci\u00f3n<\/span><\/h3>\n<p><strong>Tel\u00e9fono:<\/strong> (602) 213 4421 Ext. 101<\/p>\n<p><strong>Celular:<\/strong> <a href=\"https:\/\/wa.me\/573154338604\" target=\"_blank\" rel=\"noopener\">(+57) 315 433 8604<\/a><\/p>\n<p><strong>Correo:<\/strong> <a href=\"mailto:info@cotecnova.edu.co\">info@cotecnova.edu.co<\/a><\/p>\n<p>Calle 10 # 3-95 Cartago, Valle<\/p>\n<h5>Unidad de Ciencias Econ\u00f3micas, Administrativas y Contables<\/h5>\n<p>Correo:\u00a0<a href=\"mailto:cadministrativa@cotecnova.edu.co\">cadministrativa@cotecnova.edu.co<\/a><\/p>\n<\/div><\/div><\/section>\n<\/div><\/div>\n","protected":false},"excerpt":{"rendered":"","protected":false},"author":2,"featured_media":0,"parent":0,"menu_order":0,"comment_status":"closed","ping_status":"closed","template":"","meta":{"_joinchat":[],"footnotes":""},"class_list":["post-3574","page","type-page","status-publish","hentry"],"nelio_popups_active_popup":"","_links":{"self":[{"href":"https:\/\/cotecnova.edu.co\/index.php\/wp-json\/wp\/v2\/pages\/3574","targetHints":{"allow":["GET"]}}],"collection":[{"href":"https:\/\/cotecnova.edu.co\/index.php\/wp-json\/wp\/v2\/pages"}],"about":[{"href":"https:\/\/cotecnova.edu.co\/index.php\/wp-json\/wp\/v2\/types\/page"}],"author":[{"embeddable":true,"href":"https:\/\/cotecnova.edu.co\/index.php\/wp-json\/wp\/v2\/users\/2"}],"replies":[{"embeddable":true,"href":"https:\/\/cotecnova.edu.co\/index.php\/wp-json\/wp\/v2\/comments?post=3574"}],"version-history":[{"count":94,"href":"https:\/\/cotecnova.edu.co\/index.php\/wp-json\/wp\/v2\/pages\/3574\/revisions"}],"predecessor-version":[{"id":15790,"href":"https:\/\/cotecnova.edu.co\/index.php\/wp-json\/wp\/v2\/pages\/3574\/revisions\/15790"}],"wp:attachment":[{"href":"https:\/\/cotecnova.edu.co\/index.php\/wp-json\/wp\/v2\/media?parent=3574"}],"curies":[{"name":"wp","href":"https:\/\/api.w.org\/{rel}","templated":true}]}}