{"id":3690,"date":"2016-06-27T16:16:19","date_gmt":"2016-06-27T16:16:19","guid":{"rendered":"http:\/\/www.cotec.webcotecnova.site\/?page_id=3690"},"modified":"2026-01-08T15:15:12","modified_gmt":"2026-01-08T20:15:12","slug":"administracion-de-empresas","status":"publish","type":"page","link":"https:\/\/cotecnova.edu.co\/index.php\/administracion-de-empresas\/","title":{"rendered":"Administraci\u00f3n de Empresas"},"content":{"rendered":"<div  class='flex_column av-1l2qey2-dc651eccf71a1ee8d312712ac77dd718 av_one_full  avia-builder-el-0  el_before_av_one_full  avia-builder-el-first  first flex_column_div  '     ><style type=\"text\/css\" data-created_by=\"avia_inline_auto\" id=\"style-css-av-1jqq0q2-6b65aef43776e1a20049f516813e5cc2\">\n.avia-image-container.av-1jqq0q2-6b65aef43776e1a20049f516813e5cc2 img.avia_image{\nbox-shadow:none;\n}\n.avia-image-container.av-1jqq0q2-6b65aef43776e1a20049f516813e5cc2 .av-image-caption-overlay-center{\ncolor:#ffffff;\n}\n<\/style>\n<div  class='avia-image-container av-1jqq0q2-6b65aef43776e1a20049f516813e5cc2 av-styling- avia-align-center  avia-builder-el-1  avia-builder-el-no-sibling '   itemprop=\"image\" itemscope=\"itemscope\" itemtype=\"https:\/\/schema.org\/ImageObject\" ><div class=\"avia-image-container-inner\"><div class=\"avia-image-overlay-wrap\"><img fetchpriority=\"high\" class='wp-image-15383 avia-img-lazy-loading-not-15383 avia_image ' src='https:\/\/cotecnova.edu.co\/wp-content\/uploads\/2025\/05\/Administracion-de-Empresas_Banner.jpg' alt='' title='Administraci\u00f3n de Empresas_Banner'  height=\"470\" width=\"1663\"  itemprop=\"thumbnailUrl\"  \/><\/div><\/div><\/div><\/div>\n\n<style type=\"text\/css\" data-created_by=\"avia_inline_auto\" id=\"style-css-av-94sxe2-1151b4f6ab84c8c9838bc96cba996fba\">\n.flex_column.av-94sxe2-1151b4f6ab84c8c9838bc96cba996fba{\nborder-radius:0px 0px 0px 0px;\npadding:0px 0px 0px 0px;\n}\n<\/style>\n<div  class='flex_column av-94sxe2-1151b4f6ab84c8c9838bc96cba996fba av_one_full  avia-builder-el-2  el_after_av_one_full  avia-builder-el-last  first flex_column_div av-zero-column-padding  column-top-margin'     ><div  class='tabcontainer av-1flki99-9709b716edbc02162346662a4a10178e sidebar_tab sidebar_tab_left  avia-builder-el-3  avia-builder-el-no-sibling  border_tabs'>\n<section class='av_tab_section av_tab_section av-a2qei-835191068993f85aeff7598c261dcee8'  itemscope=\"itemscope\" itemtype=\"https:\/\/schema.org\/CreativeWork\" ><div id='tab-id-1-tab' class='tab active_tab' role='tab' aria-selected=\"true\" tabindex=\"0\" data-fake-id='#tab-id-1' aria-controls='tab-id-1-content'  itemprop=\"headline\" ><span class='tab_icon avia-iconfont avia-font-entypo-fontello' data-av_icon='\ue81f' data-av_iconfont='entypo-fontello' ><\/span>Presentaci\u00f3n<\/div><div id='tab-id-1-content' class='tab_content active_tab_content' role='tabpanel' aria-labelledby='tab-id-1-tab' aria-hidden=\"false\"><div class='tab_inner_content invers-color'  itemprop=\"text\" ><h3 style=\"text-align: center;\"><span style=\"color: #008000;\">Nuestro Programa<\/span><\/h3>\n<p>Teniendo en cuenta la comunidad Norte Vallecaucana que cuenta con t\u00edtulo tecnol\u00f3gico profesional en Gesti\u00f3n Empresarial, y desean continuar con su educaci\u00f3n para profesionalizarse, la Corporaci\u00f3n de Estudios Tecnol\u00f3gicos del Norte del Valle dispone ahora del nuevo programa en <strong>Administraci\u00f3n de Empresas<\/strong>.<\/p>\n<hr \/>\n<p style=\"text-align: left;\"><strong>T\u00edtulo que Otorga:<\/strong> Administrador de Empresas<\/p>\n<p><strong>Nivel Acad\u00e9mico:\u00a0<\/strong>Pregrado<\/p>\n<p><strong>Nivel de Formaci\u00f3n:<\/strong> Profesional Universitario<\/p>\n<p style=\"text-align: left;\"><strong>Registro:<\/strong> Resoluci\u00f3n No. 12357 del 26 de Julio de 2024<\/p>\n<p style=\"text-align: left;\"><strong>C\u00f3digo SNIES:<\/strong> 117176 (<a href=\"https:\/\/cotecnova.edu.co\/wp-content\/uploads\/2025\/05\/SNIES-Administracion-de-Empresas-2024.pdf\" target=\"_blank\" rel=\"noopener\">Consultar<\/a>)<\/p>\n<p style=\"text-align: left;\"><strong>Duraci\u00f3n:<\/strong> 9 Semestres<\/p>\n<p style=\"text-align: left;\"><strong>Modalidad:<\/strong>\u00a0Presencial<\/p>\n<p style=\"text-align: left;\"><strong>Jornada:<\/strong> Diurna \u2013 Nocturna<\/p>\n<p style=\"text-align: left;\"><strong>Cr\u00e9ditos acad\u00e9micos:<\/strong> 154 cr\u00e9ditos<\/p>\n<p style=\"text-align: left;\"><strong>Inscripci\u00f3n:<\/strong> $145.912<\/p>\n<p style=\"text-align: left;\"><strong>Matr\u00edcula:<\/strong> $2.919.576<\/p>\n<hr \/>\n<h3 style=\"text-align: center;\"><span style=\"color: #008000;\">Inscripciones<\/span><\/h3>\n<p>La Corporaci\u00f3n de Estudios Tecnol\u00f3gicos del Norte del Valle informa a la comunidad que se encuentra en periodo de inscripciones, el horario de atenci\u00f3n al p\u00fablico ser\u00e1 el siguiente:<\/p>\n<p><strong>Lunes a Viernes:\u00a0<\/strong>8:00 am. a 12:00 pm. y 2:00 pm. a 7:00 pm.<\/p>\n<p><strong>S\u00e1bados:\u00a0<\/strong>8:00 am. a 12:00 m.<\/p>\n<p><strong>Direcci\u00f3n:<\/strong>\u00a0CL 10 No. 3-95 Cartago, Valle<\/p>\n<p><strong>Tel\u00e9fonos:<\/strong>\u00a0(602) 213 4421 Ext. 101 (Informaci\u00f3n) \/ Ext. 104 (Financiera)<\/p>\n<p><strong>WhatsApp:<\/strong>\u00a0(57) 315 433 8604 (Informaci\u00f3n) \/ (57) 318 707 6901 (Financiera)<\/p>\n<h5><strong>Documentos exigidos para la inscripci\u00f3n (Programas Propios):<\/strong><\/h5>\n<ul>\n<li>Formulario de inscripci\u00f3n diligenciado. (<a href=\"https:\/\/cotecnova.edu.co\/wp-content\/uploads\/2025\/11\/FORMULARIO_DE__INSCRIPCION_V7_.docx\" target=\"_blank\" rel=\"noopener\">Descargar<\/a>)<\/li>\n<li>Examen de Estado para el ingreso a la Educaci\u00f3n Superior nacionales o ex\u00e1menes similares homologables en el pa\u00eds seg\u00fan la normatividad vigente.<\/li>\n<li>Para programas de formaci\u00f3n t\u00e9cnica profesional, se podr\u00e1 presentar certificado de educaci\u00f3n b\u00e1sica secundaria.<\/li>\n<li>Para nivel tecnol\u00f3gico o profesional universitario, original o copia de Acta de Grado de bachiller otorgados por instituciones p\u00fablicas o privadas, debidamente reconocidas por el gobierno nacional.<\/li>\n<li>Copia del documento de identidad (c\u00e9dula, tarjeta de identidad, o c\u00e9dula de extranjer\u00eda).<\/li>\n<li>Dos (2) fotograf\u00edas recientes tama\u00f1o documento 3 x 4cm.<\/li>\n<li>Recibo de pago Inscripci\u00f3n. (<a href=\"http:\/\/www.recibo.appcotecnova.es\/\" target=\"_blank\" rel=\"noopener\">Descargar<\/a>)\n<ul>\n<li>Programas por ciclos proped\u00e9uticos: $145.912<\/li>\n<li>Programas terminales: $91.787<\/li>\n<\/ul>\n<\/li>\n<li>Sobre de Manila tama\u00f1o oficio.<\/li>\n<\/ul>\n<h5><strong>Documentos exigidos para la inscripci\u00f3n (Programas en Convenio):<\/strong><\/h5>\n<ul>\n<li>Examen de Estado para el ingreso a la Educaci\u00f3n Superior.<\/li>\n<li>Fotocopia del diploma y acta de grado de bachiller.<\/li>\n<li>Fotocopia Ampliada al 150 del Documento de Identidad.<\/li>\n<li>3 Fotos tama\u00f1o documento fondo blanco.<\/li>\n<li>Sobre de Manila tama\u00f1o oficio.<\/li>\n<li>Recibo de pago de inscripci\u00f3n.<\/li>\n<\/ul>\n<h5><strong>Documentos exigidos para la inscripci\u00f3n (Programas Posgrado):<\/strong><\/h5>\n<ul>\n<li>Formulario de inscripci\u00f3n diligenciado. (<a href=\"https:\/\/cotecnova.edu.co\/wp-content\/uploads\/2025\/11\/FORMULARIO_DE__INSCRIPCION_V2.docx\" target=\"_blank\" rel=\"noopener\">Descargar<\/a>)<\/li>\n<li>Original o copia del acta de pregrado profesional universitario.<\/li>\n<li>Copia del documento de identidad (c\u00e9dula, tarjeta de identidad, o c\u00e9dula de extranjer\u00eda).<\/li>\n<li>Dos (2) fotograf\u00edas recientes tama\u00f1o documento 3 x 4cm.<\/li>\n<li>Recibo de pago Inscripci\u00f3n. (<a href=\"http:\/\/www.recibo.appcotecnova.es\/\" target=\"_blank\" rel=\"noopener\">Descargar<\/a>)\n<ul>\n<li>Programas posgrado: $145.912<\/li>\n<\/ul>\n<\/li>\n<li>Sobre de Manila tama\u00f1o oficio.<\/li>\n<\/ul>\n<hr \/>\n<h3 style=\"text-align: center;\"><span style=\"color: #008000;\"><strong>Documentos Adicionales<\/strong><\/span><\/h3>\n<p><b><strong>Ciclos Profesionales:<\/strong><\/b><\/p>\n<ul>\n<li>Certificado de Notas.<\/li>\n<li>Fotocopia\u00a0 de Acta y Diploma de Tecn\u00f3logo.<\/li>\n<\/ul>\n<h3 style=\"text-align: center;\"><span style=\"color: #008000;\"><strong>Homologaciones y Transferencias<\/strong><\/span><\/h3>\n<p>Documentos exigidos para homologar otros programas:<\/p>\n<ul>\n<li>Recibo de pago homologaci\u00f3n. (<a href=\"http:\/\/www.recibo.appcotecnova.es\/\" target=\"_blank\" rel=\"noopener\">Descargar<\/a>)\n<ul>\n<li>Estudio de homologaci\u00f3n: $12.628<\/li>\n<\/ul>\n<\/li>\n<li>Certificado de Notas y contenidos.<\/li>\n<li>Paz y Salvo de Instituci\u00f3n Educativa de donde proviene.<\/li>\n<\/ul>\n<hr \/>\n<p style=\"text-align: center;\"><em>Instituci\u00f3n de Educaci\u00f3n Superior sujeta a Inspecci\u00f3n y Vigilancia por el Ministerio de Educaci\u00f3n Nacional<\/em><\/p>\n<\/div><\/div><\/section>\n<section class='av_tab_section av_tab_section av-5gvhga-d1989bd345ddaa9648d15f49f0176dcd'  itemscope=\"itemscope\" itemtype=\"https:\/\/schema.org\/CreativeWork\" ><div id='tab-id-2-tab' class='tab' role='tab' aria-selected=\"false\" tabindex=\"0\" data-fake-id='#tab-id-2' aria-controls='tab-id-2-content'  itemprop=\"headline\" ><span class='tab_icon avia-iconfont avia-font-entypo-fontello' data-av_icon='\ue84d' data-av_iconfont='entypo-fontello' ><\/span>Perfil de Egreso<\/div><div id='tab-id-2-content' class='tab_content' role='tabpanel' aria-labelledby='tab-id-2-tab' aria-hidden=\"true\"><div class='tab_inner_content invers-color'  itemprop=\"text\" ><h3 style=\"text-align: center;\"><span style=\"color: #008000;\">Perfil Profesional<\/span><\/h3>\n<p>El <strong>Administrador de Empresas<\/strong> ser\u00e1 un profesional con visi\u00f3n integral del contexto social y empresarial, comprometido con el desarrollo del pa\u00eds. Con capacidad de identificar, proponer y ejecutar nuevas oportunidades de negocios en el \u00e1mbito local e internacional.<\/p>\n<p>El egresado est\u00e1 en capacidad de:<\/p>\n<ul>\n<li>Definir planes estrat\u00e9gicos y de negocios en las empresas.<\/li>\n<li>Desarrollar productos y servicios creativos.<\/li>\n<li>Reconocer la realidad econ\u00f3mica y proponer alternativas de desarrollo<\/li>\n<li>Generar estrategias de mercadeo estrat\u00e9gico, t\u00e1ctico y operativo.<\/li>\n<li>Desarrollar caracter\u00edsticas y cualidades de liderazgo empresarial.<\/li>\n<\/ul>\n<hr \/>\n<h3 style=\"text-align: center;\"><span style=\"color: #008000;\">Perfil Ocupacional<\/span><\/h3>\n<p>El <strong>Administrador de Empresas<\/strong> tendr\u00e1 los conocimientos, aptitudes, destrezas y motivaciones para desempe\u00f1arse como:<\/p>\n<ul>\n<li>Gestor de negocios.<\/li>\n<li>Director operativo.<\/li>\n<li>Consultor empresarial.<\/li>\n<li>Asesor en la formulaci\u00f3n y desarrollo de planes de negocios.<\/li>\n<li>Gerente de organizaciones.<\/li>\n<li>Emprendedor.<\/li>\n<li>L\u00edder en procesos administrativos.<\/li>\n<\/ul>\n<\/div><\/div><\/section>\n<section class='av_tab_section av_tab_section av-1m5wa-84ab4a8ebd96e50f86aaf6d140fc6193'  itemscope=\"itemscope\" itemtype=\"https:\/\/schema.org\/CreativeWork\" ><div id='tab-id-3-tab' class='tab' role='tab' aria-selected=\"false\" tabindex=\"0\" data-fake-id='#tab-id-3' aria-controls='tab-id-3-content'  itemprop=\"headline\" ><span class='tab_icon avia-iconfont avia-font-entypo-fontello' data-av_icon='\ue8d8' data-av_iconfont='entypo-fontello' ><\/span>Plan de Estudios<\/div><div id='tab-id-3-content' class='tab_content' role='tabpanel' aria-labelledby='tab-id-3-tab' aria-hidden=\"true\"><div class='tab_inner_content invers-color'  itemprop=\"text\" ><table width=\"554\">\n<tbody>\n<tr>\n<td width=\"56\">\n<h4 style=\"text-align: center;\"><span style=\"color: #008000;\"><strong>AREA<\/strong><\/span><\/h4>\n<\/td>\n<td style=\"text-align: center;\" width=\"149\">\n<h4><span style=\"color: #008000;\"><strong>COMPONENTE<\/strong><\/span><\/h4>\n<\/td>\n<td style=\"text-align: center;\" width=\"259\">\n<h4><span style=\"color: #008000;\"><strong>CURSOS<\/strong><\/span><\/h4>\n<\/td>\n<td width=\"90\">\n<h4 style=\"text-align: center;\"><span style=\"color: #008000;\"><strong>CREDITOS<\/strong><\/span><\/h4>\n<\/td>\n<\/tr>\n<tr>\n<td rowspan=\"8\" width=\"56\">FORMACION BASICA<\/td>\n<td rowspan=\"6\" width=\"149\">PENSAMIENTO LOGICO MATEMATICO<\/td>\n<td width=\"259\">MATEMATICAS BASICAS<\/td>\n<td width=\"90\">4<\/td>\n<\/tr>\n<tr>\n<td width=\"259\">ESTADISTICA BASICA<\/td>\n<td width=\"90\">3<\/td>\n<\/tr>\n<tr>\n<td width=\"259\">ALGEBRA LINEAL<\/td>\n<td width=\"90\">3<\/td>\n<\/tr>\n<tr>\n<td width=\"259\">ADMINISTRACION DE OPERACIONES<\/td>\n<td width=\"90\">3<\/td>\n<\/tr>\n<tr>\n<td width=\"259\">INVESTIGACION DE OPERACIONES<\/td>\n<td width=\"90\">3<\/td>\n<\/tr>\n<tr>\n<td width=\"259\">TEORIA DE LA DECISION<\/td>\n<td width=\"90\">2<\/td>\n<\/tr>\n<tr>\n<td rowspan=\"2\" width=\"149\">JURIDICA Y REGULACION<\/td>\n<td width=\"259\">CONSTITUCION POLITICA<\/td>\n<td width=\"90\">2<\/td>\n<\/tr>\n<tr>\n<td width=\"259\">LEGISLACION EMPRESARIAL<\/td>\n<td width=\"90\">2<\/td>\n<\/tr>\n<tr>\n<td rowspan=\"43\" width=\"56\">FORMACION PROFESIONAL<\/td>\n<td rowspan=\"9\" width=\"149\">ADMINISTRACION Y ORGANIZACIONES<\/td>\n<td width=\"259\">PRINCIPIOS DE ADMINISTRACION<\/td>\n<td width=\"90\">3<\/td>\n<\/tr>\n<tr>\n<td width=\"259\">PROCESOS Y PROCEDIMIENTOS ADMINISTRATIVOS<\/td>\n<td width=\"90\">3<\/td>\n<\/tr>\n<tr>\n<td width=\"259\">GESTION AMBIENTAL<\/td>\n<td width=\"90\">2<\/td>\n<\/tr>\n<tr>\n<td width=\"259\">RESPONSABILIDAD SOCIAL EMPRESARIAL<\/td>\n<td width=\"90\">2<\/td>\n<\/tr>\n<tr>\n<td width=\"259\">PLANEACION Y ORGANIZACI\u00d3N<\/td>\n<td width=\"90\">2<\/td>\n<\/tr>\n<tr>\n<td width=\"259\">LIDERAZGO<\/td>\n<td width=\"90\">2<\/td>\n<\/tr>\n<tr>\n<td width=\"259\">TRANSFORMACION ORGANIZACIONAL<\/td>\n<td width=\"90\">2<\/td>\n<\/tr>\n<tr>\n<td width=\"259\">DIRECCION Y NEGOCIACION<\/td>\n<td width=\"90\">3<\/td>\n<\/tr>\n<tr>\n<td width=\"259\">SIMULACION GERENCIAL<\/td>\n<td width=\"90\">3<\/td>\n<\/tr>\n<tr>\n<td rowspan=\"7\" width=\"149\">MERCADOS<\/td>\n<td width=\"259\">FUNDAMENTOS DE MERCADEO<\/td>\n<td width=\"90\">3<\/td>\n<\/tr>\n<tr>\n<td width=\"259\">VENTAS<\/td>\n<td width=\"90\">2<\/td>\n<\/tr>\n<tr>\n<td width=\"259\">INVESTIGACION DE MERCADOS<\/td>\n<td width=\"90\">3<\/td>\n<\/tr>\n<tr>\n<td width=\"259\">MERCADEO ESTRATEGICO<\/td>\n<td width=\"90\">3<\/td>\n<\/tr>\n<tr>\n<td width=\"259\">LOGISTICA INTEGRAL<\/td>\n<td width=\"90\">3<\/td>\n<\/tr>\n<tr>\n<td width=\"259\">GERENCIA DE VENTAS<\/td>\n<td width=\"90\">2<\/td>\n<\/tr>\n<tr>\n<td width=\"259\">MERCADEO INTERNACIONAL<\/td>\n<td width=\"90\">2<\/td>\n<\/tr>\n<tr>\n<td rowspan=\"4\" width=\"149\">EMPRENDIMIENTO<\/td>\n<td width=\"259\">CREATIVIDAD<\/td>\n<td width=\"90\">2<\/td>\n<\/tr>\n<tr>\n<td width=\"259\">INICIATIVA EMPRESARIAL<\/td>\n<td width=\"90\">2<\/td>\n<\/tr>\n<tr>\n<td width=\"259\">GESTION DE LA INNOVACION<\/td>\n<td width=\"90\">2<\/td>\n<\/tr>\n<tr>\n<td width=\"259\">EMPRENDIMIENTO SOCIAL<\/td>\n<td width=\"90\">2<\/td>\n<\/tr>\n<tr>\n<td rowspan=\"5\" width=\"149\">ECONOMIA<\/td>\n<td width=\"259\">ECONOMIA GENERAL<\/td>\n<td width=\"90\">2<\/td>\n<\/tr>\n<tr>\n<td width=\"259\">MACROECONOMIA<\/td>\n<td width=\"90\">2<\/td>\n<\/tr>\n<tr>\n<td width=\"259\">COMERCIO EXTERIOR<\/td>\n<td width=\"90\">2<\/td>\n<\/tr>\n<tr>\n<td width=\"259\">ECONOMIA INTERNACIONAL<\/td>\n<td width=\"90\">2<\/td>\n<\/tr>\n<tr>\n<td width=\"259\">COMPETITIVIDAD<\/td>\n<td width=\"90\">2<\/td>\n<\/tr>\n<tr>\n<td rowspan=\"5\" width=\"149\">FINANZAS<\/td>\n<td width=\"259\">CICLO CONTABLE EMPRESARIAL<\/td>\n<td width=\"90\">3<\/td>\n<\/tr>\n<tr>\n<td width=\"259\">COSTOS Y PRESUPROFESIONAL UNIVERSITARIOESTOS<\/td>\n<td width=\"90\">3<\/td>\n<\/tr>\n<tr>\n<td width=\"259\">FINANZAS<\/td>\n<td width=\"90\">4<\/td>\n<\/tr>\n<tr>\n<td width=\"259\">GERENCIA FINANCIERA<\/td>\n<td width=\"90\">3<\/td>\n<\/tr>\n<tr>\n<td width=\"259\">GESTION DE RIESGO Y CONTROL INTERNO<\/td>\n<td width=\"90\">2<\/td>\n<\/tr>\n<tr>\n<td rowspan=\"3\" width=\"149\">PROYECTOS<\/td>\n<td width=\"259\">INTELIGENCIA DE NEGOCIOS<\/td>\n<td width=\"90\">2<\/td>\n<\/tr>\n<tr>\n<td width=\"259\">GESTION DE PROYECTOS<\/td>\n<td width=\"90\">2<\/td>\n<\/tr>\n<tr>\n<td width=\"259\">GERENCIA DE PROYECTOS<\/td>\n<td width=\"90\">2<\/td>\n<\/tr>\n<tr>\n<td rowspan=\"4\" width=\"149\">PRODUCCION Y OPERACIONES<\/td>\n<td width=\"259\">ORGANIZACI\u00d3N Y METODOS<\/td>\n<td width=\"90\">2<\/td>\n<\/tr>\n<tr>\n<td width=\"259\">GESTION DE LA PRODUCCION<\/td>\n<td width=\"90\">3<\/td>\n<\/tr>\n<tr>\n<td width=\"259\">DESARROLLO DE PRODUCTO<\/td>\n<td width=\"90\">3<\/td>\n<\/tr>\n<tr>\n<td width=\"259\">SISTEMAS INTEGRADOS DE GESTION<\/td>\n<td width=\"90\">2<\/td>\n<\/tr>\n<tr>\n<td rowspan=\"4\" width=\"149\">GESTION DE PERSONAL<\/td>\n<td width=\"259\">PROCESOS DE GESTION HUMANA<\/td>\n<td width=\"90\">2<\/td>\n<\/tr>\n<tr>\n<td width=\"259\">SEGURIDAD Y SALUD EN EL TRABAJO<\/td>\n<td width=\"90\">2<\/td>\n<\/tr>\n<tr>\n<td width=\"259\">GESTION DEL CONOCIMIENTO<\/td>\n<td width=\"90\">2<\/td>\n<\/tr>\n<tr>\n<td width=\"259\">GERENCIA DE TALENTO HUMANO<\/td>\n<td width=\"90\">2<\/td>\n<\/tr>\n<tr>\n<td rowspan=\"2\" width=\"149\">TECNOL\u00d3GICOS DE LA INFORMACION<\/td>\n<td width=\"259\">TIC Y HERRAMIENTAS INFORMATICAS<\/td>\n<td width=\"90\">2<\/td>\n<\/tr>\n<tr>\n<td width=\"259\">SISTEMAS DE INFORMACION EMPRESARIAL<\/td>\n<td width=\"90\">3<\/td>\n<\/tr>\n<tr>\n<td rowspan=\"8\" width=\"56\">SOCIOHUMANISTICA<\/td>\n<td rowspan=\"5\" width=\"149\">INVESTIGATIVA<\/td>\n<td width=\"259\">METODOS DE ESTUDIO<\/td>\n<td width=\"90\">2<\/td>\n<\/tr>\n<tr>\n<td width=\"259\">INTRODUCCION A LA INVESTIGACION<\/td>\n<td width=\"90\">3<\/td>\n<\/tr>\n<tr>\n<td width=\"259\">METODOLOGIA DE LA INVESTIGACION<\/td>\n<td width=\"90\">3<\/td>\n<\/tr>\n<tr>\n<td width=\"259\">INVESTIGACION EN ADMINISTRACION<\/td>\n<td width=\"90\">3<\/td>\n<\/tr>\n<tr>\n<td width=\"259\">OPCION DE GRADO<\/td>\n<td width=\"90\">5<\/td>\n<\/tr>\n<tr>\n<td rowspan=\"3\" width=\"149\">HUMANISTA<\/td>\n<td width=\"259\">CATEDRA INSTITUCIONAL<\/td>\n<td width=\"90\">1<\/td>\n<\/tr>\n<tr>\n<td width=\"259\">CATEDRA CULTURAL<\/td>\n<td width=\"90\">1<\/td>\n<\/tr>\n<tr>\n<td width=\"259\">COMUNICACI\u00d3N ORAL Y ESCRITA<\/td>\n<td width=\"90\">2<\/td>\n<\/tr>\n<tr>\n<td rowspan=\"5\" width=\"56\">FLEXIBLE<\/td>\n<td rowspan=\"5\" width=\"149\">ELECTIVA DE PROFUNDIZACION<\/td>\n<td width=\"259\">ELECTIVA TECNOLOGICA I<\/td>\n<td width=\"90\">2<\/td>\n<\/tr>\n<tr>\n<td width=\"259\">ELECTIVA TECNOLOGICA II<\/td>\n<td width=\"90\">2<\/td>\n<\/tr>\n<tr>\n<td width=\"259\">ELECTIVA DE PROFUNDIZACION I<\/td>\n<td width=\"90\">2<\/td>\n<\/tr>\n<tr>\n<td width=\"259\">ELECTIVA DE PROFUNDIZACION II<\/td>\n<td width=\"90\">2<\/td>\n<\/tr>\n<tr>\n<td width=\"259\">ELECTIVA DE PROFUNDIZACION III<\/td>\n<td width=\"90\">2<\/td>\n<\/tr>\n<\/tbody>\n<\/table>\n<\/div><\/div><\/section>\n<section class='av_tab_section av_tab_section av-28lj0a-d3c43ecfb96a6231cd08dd154e61e90e'  itemscope=\"itemscope\" itemtype=\"https:\/\/schema.org\/CreativeWork\" ><div id='tab-id-4-tab' class='tab' role='tab' aria-selected=\"false\" tabindex=\"0\" data-fake-id='#tab-id-4' aria-controls='tab-id-4-content'  itemprop=\"headline\" ><span class='tab_icon avia-iconfont avia-font-entypo-fontello' data-av_icon='\ue854' data-av_iconfont='entypo-fontello' ><\/span>M\u00e1s Informaci\u00f3n<\/div><div id='tab-id-4-content' class='tab_content' role='tabpanel' aria-labelledby='tab-id-4-tab' aria-hidden=\"true\"><div class='tab_inner_content invers-color'  itemprop=\"text\" ><h3 style=\"text-align: center;\"><span style=\"color: #008000;\">M\u00e1s Informaci\u00f3n<\/span><\/h3>\n<p><strong>Tel\u00e9fono:<\/strong> (602) 213 4421 Ext. 101<\/p>\n<p><strong>Celular:<\/strong> <a href=\"https:\/\/wa.me\/573154338604\" target=\"_blank\" rel=\"noopener\">(+57) 315 433 8604<\/a><\/p>\n<p><strong>Correo:<\/strong> <a href=\"mailto:info@cotecnova.edu.co\">info@cotecnova.edu.co<\/a><\/p>\n<p>Calle 10 # 3-95 Cartago, Valle<\/p>\n<h5>Unidad de Ciencias Econ\u00f3micas, Administrativas y Contables<\/h5>\n<p>Correo:\u00a0<a href=\"mailto:cadministrativa@cotecnova.edu.co\">cadministrativa@cotecnova.edu.co<\/a><\/p>\n<\/div><\/div><\/section>\n<\/div><\/div>\n","protected":false},"excerpt":{"rendered":"","protected":false},"author":2,"featured_media":0,"parent":0,"menu_order":0,"comment_status":"closed","ping_status":"closed","template":"","meta":{"_joinchat":[],"footnotes":""},"class_list":["post-3690","page","type-page","status-publish","hentry"],"nelio_popups_active_popup":"","_links":{"self":[{"href":"https:\/\/cotecnova.edu.co\/index.php\/wp-json\/wp\/v2\/pages\/3690","targetHints":{"allow":["GET"]}}],"collection":[{"href":"https:\/\/cotecnova.edu.co\/index.php\/wp-json\/wp\/v2\/pages"}],"about":[{"href":"https:\/\/cotecnova.edu.co\/index.php\/wp-json\/wp\/v2\/types\/page"}],"author":[{"embeddable":true,"href":"https:\/\/cotecnova.edu.co\/index.php\/wp-json\/wp\/v2\/users\/2"}],"replies":[{"embeddable":true,"href":"https:\/\/cotecnova.edu.co\/index.php\/wp-json\/wp\/v2\/comments?post=3690"}],"version-history":[{"count":106,"href":"https:\/\/cotecnova.edu.co\/index.php\/wp-json\/wp\/v2\/pages\/3690\/revisions"}],"predecessor-version":[{"id":15719,"href":"https:\/\/cotecnova.edu.co\/index.php\/wp-json\/wp\/v2\/pages\/3690\/revisions\/15719"}],"wp:attachment":[{"href":"https:\/\/cotecnova.edu.co\/index.php\/wp-json\/wp\/v2\/media?parent=3690"}],"curies":[{"name":"wp","href":"https:\/\/api.w.org\/{rel}","templated":true}]}}