{"id":3693,"date":"2016-06-27T16:18:01","date_gmt":"2016-06-27T16:18:01","guid":{"rendered":"http:\/\/www.cotec.webcotecnova.site\/?page_id=3693"},"modified":"2026-04-08T09:40:47","modified_gmt":"2026-04-08T14:40:47","slug":"contaduria-publica","status":"publish","type":"page","link":"https:\/\/cotecnova.edu.co\/index.php\/contaduria-publica\/","title":{"rendered":"Contadur\u00eda P\u00fablica"},"content":{"rendered":"<div  class='flex_column av-2fidcd-fcaa0da7fb4ca3072ae830ba32e0d3ef av_one_full  avia-builder-el-0  el_before_av_one_full  avia-builder-el-first  first flex_column_div  '     ><style type=\"text\/css\" data-created_by=\"avia_inline_auto\" id=\"style-css-av-mc59uhcb-04724f44928887d40f12343b627c78ce\">\n.avia-image-container.av-mc59uhcb-04724f44928887d40f12343b627c78ce img.avia_image{\nbox-shadow:none;\n}\n.avia-image-container.av-mc59uhcb-04724f44928887d40f12343b627c78ce .av-image-caption-overlay-center{\ncolor:#ffffff;\n}\n<\/style>\n<div  class='avia-image-container av-mc59uhcb-04724f44928887d40f12343b627c78ce av-styling- avia-align-center  avia-builder-el-1  avia-builder-el-no-sibling '   itemprop=\"image\" itemscope=\"itemscope\" itemtype=\"https:\/\/schema.org\/ImageObject\" ><div class=\"avia-image-container-inner\"><div class=\"avia-image-overlay-wrap\"><img fetchpriority=\"high\" class='wp-image-15785 avia-img-lazy-loading-not-15785 avia_image ' src='https:\/\/cotecnova.edu.co\/wp-content\/uploads\/2026\/04\/Contaduria-Publica_Banner-scaled.jpg' alt='' title='Contadur\u00eda P\u00fablica_Banner'  height=\"723\" width=\"2560\"  itemprop=\"thumbnailUrl\"  \/><\/div><\/div><\/div><\/div>\n\n<style type=\"text\/css\" data-created_by=\"avia_inline_auto\" id=\"style-css-av-8xpnkt-db4b1c94bc93c40635ef0211d48df65f\">\n.flex_column.av-8xpnkt-db4b1c94bc93c40635ef0211d48df65f{\nborder-radius:0px 0px 0px 0px;\npadding:0px 0px 0px 0px;\n}\n<\/style>\n<div  class='flex_column av-8xpnkt-db4b1c94bc93c40635ef0211d48df65f av_one_full  avia-builder-el-2  el_after_av_one_full  avia-builder-el-last  first flex_column_div av-zero-column-padding  column-top-margin'     ><div  class='tabcontainer av-1flki99-9709b716edbc02162346662a4a10178e sidebar_tab sidebar_tab_left  avia-builder-el-3  avia-builder-el-no-sibling  border_tabs'>\n<section class='av_tab_section av_tab_section av-6th3kd-70971ba07365c3f3183c3d9a18a5778a'  itemscope=\"itemscope\" itemtype=\"https:\/\/schema.org\/CreativeWork\" ><div id='tab-id-1-tab' class='tab active_tab' role='tab' aria-selected=\"true\" tabindex=\"0\" data-fake-id='#tab-id-1' aria-controls='tab-id-1-content'  itemprop=\"headline\" ><span class='tab_icon avia-iconfont avia-font-entypo-fontello' data-av_icon='\ue81f' data-av_iconfont='entypo-fontello' ><\/span>Presentaci\u00f3n<\/div><div id='tab-id-1-content' class='tab_content active_tab_content' role='tabpanel' aria-labelledby='tab-id-1-tab' aria-hidden=\"false\"><div class='tab_inner_content invers-color'  itemprop=\"text\" ><h3 style=\"text-align: center;\"><span style=\"color: #008000;\">Nuestro Programa<\/span><\/h3>\n<p>El programa de\u00a0<strong>Contadur\u00eda P\u00fablica<\/strong>\u00a0articulado por ciclos proped\u00e9uticos\u00a0 y competencias desde el nivel de Tecnolog\u00eda En Gesti\u00f3n Contable para llegar al nivel profesional de la Corporaci\u00f3n de Estudios Tecnol\u00f3gicos del Norte del Valle; fundamenta su conceptualizaci\u00f3n en las pol\u00edticas y documentos Institucionales (Misi\u00f3n, Visi\u00f3n, Proyecto Educativo Institucional y de Unidad) y\u00a0 en\u00a0 principios Institucionales,\u00a0 en la reglamentaci\u00f3n de la profesi\u00f3n y referentes nacionales e internacionales para la formaci\u00f3n en este \u00e1rea del conocimiento.<\/p>\n<p>Nuestro objetivo es formar Contadores P\u00fablicos integrales con una s\u00f3lida preparaci\u00f3n en el saber espec\u00edfico, con capacidad innovadora, emprendedora e investigativa. Consciente de la realidad local, regional, nacional e internacional con un enfoque humanista que contribuya a la construcci\u00f3n de una sociedad m\u00e1s justa, equilibrada y con responsabilidad social empresarial.<\/p>\n<p>El Contador P\u00fablico de la Corporaci\u00f3n de Estudios Tecnol\u00f3gicos del Norte del Valle, se formar\u00e1 con criterios human\u00edsticos y tecnol\u00f3gicos fundamentado en la preparaci\u00f3n te\u00f3rica, pr\u00e1ctica, investigativa y metodol\u00f3gica requeridas para su ejercicio profesional.<\/p>\n<hr \/>\n<p style=\"text-align: left;\"><strong>T\u00edtulo que Otorga:<\/strong> Contador P\u00fablico<\/p>\n<p><strong>Nivel Acad\u00e9mico:\u00a0<\/strong>Pregrado<\/p>\n<p><strong>Nivel de Formaci\u00f3n:<\/strong> Profesional Universitario<\/p>\n<p style=\"text-align: left;\"><strong>Registro:<\/strong> Resoluci\u00f3n No. 009126 del 1 de abril de 2026<\/p>\n<p style=\"text-align: left;\"><strong>C\u00f3digo SNIES:<\/strong> 107704 (<a href=\"https:\/\/cotecnova.edu.co\/wp-content\/uploads\/2025\/06\/SNIES-Contaduria-Publica-2019.pdf\" target=\"_blank\" rel=\"noopener\">Consultar<\/a>)<\/p>\n<p style=\"text-align: left;\"><strong>Duraci\u00f3n:<\/strong> 9 Semestres<\/p>\n<p style=\"text-align: left;\"><strong>Modalidad:<\/strong>\u00a0Presencial<\/p>\n<p style=\"text-align: left;\"><strong>Jornada:<\/strong> Diurna \u2013 Nocturna<\/p>\n<p style=\"text-align: left;\"><strong>Cr\u00e9ditos acad\u00e9micos:<\/strong> 150 cr\u00e9ditos<\/p>\n<p style=\"text-align: left;\"><strong>Inscripci\u00f3n:<\/strong> $145.912<\/p>\n<p style=\"text-align: left;\"><strong>Matr\u00edcula:<\/strong> $2.919.576<\/p>\n<hr \/>\n<h3 style=\"text-align: center;\"><span style=\"color: #008000;\">Inscripciones<\/span><\/h3>\n<p>La Corporaci\u00f3n de Estudios Tecnol\u00f3gicos del Norte del Valle informa a la comunidad que se encuentra en periodo de inscripciones, el horario de atenci\u00f3n al p\u00fablico ser\u00e1 el siguiente:<\/p>\n<p><strong>Lunes a Viernes:\u00a0<\/strong>8:00 am. a 12:00 pm. y 2:00 pm. a 7:00 pm.<\/p>\n<p><strong>S\u00e1bados:\u00a0<\/strong>8:00 am. a 12:00 m.<\/p>\n<p><strong>Direcci\u00f3n:<\/strong>\u00a0CL 10 No. 3-95 Cartago, Valle<\/p>\n<p><strong>Tel\u00e9fonos:<\/strong>\u00a0(602) 213 4421 Ext. 101 (Informaci\u00f3n) \/ Ext. 104 (Financiera)<\/p>\n<p><strong>WhatsApp:<\/strong>\u00a0(57) 315 433 8604 (Informaci\u00f3n) \/ (57) 318 707 6901 (Financiera)<\/p>\n<h5><strong>Documentos exigidos para la inscripci\u00f3n (Programas Propios):<\/strong><\/h5>\n<ul>\n<li>Formulario de inscripci\u00f3n diligenciado. (<a href=\"https:\/\/cotecnova.edu.co\/wp-content\/uploads\/2025\/11\/FORMULARIO_DE__INSCRIPCION_V7_.docx\" target=\"_blank\" rel=\"noopener\">Descargar<\/a>)<\/li>\n<li>Examen de Estado para el ingreso a la Educaci\u00f3n Superior nacionales o ex\u00e1menes similares homologables en el pa\u00eds seg\u00fan la normatividad vigente.<\/li>\n<li>Para programas de formaci\u00f3n t\u00e9cnica profesional, se podr\u00e1 presentar certificado de educaci\u00f3n b\u00e1sica secundaria.<\/li>\n<li>Para nivel tecnol\u00f3gico o profesional universitario, original o copia de Acta de Grado de bachiller otorgados por instituciones p\u00fablicas o privadas, debidamente reconocidas por el gobierno nacional.<\/li>\n<li>Copia del documento de identidad (c\u00e9dula, tarjeta de identidad, o c\u00e9dula de extranjer\u00eda).<\/li>\n<li>Dos (2) fotograf\u00edas recientes tama\u00f1o documento 3 x 4cm.<\/li>\n<li>Recibo de pago Inscripci\u00f3n. (<a href=\"http:\/\/www.recibo.appcotecnova.es\/\" target=\"_blank\" rel=\"noopener\">Descargar<\/a>)\n<ul>\n<li>Programas por ciclos proped\u00e9uticos: $145.912<\/li>\n<li>Programas terminales: $91.787<\/li>\n<\/ul>\n<\/li>\n<li>Sobre de Manila tama\u00f1o oficio.<\/li>\n<\/ul>\n<h5><strong>Documentos exigidos para la inscripci\u00f3n (Programas en Convenio):<\/strong><\/h5>\n<ul>\n<li>Examen de Estado para el ingreso a la Educaci\u00f3n Superior.<\/li>\n<li>Fotocopia del diploma y acta de grado de bachiller.<\/li>\n<li>Fotocopia Ampliada al 150 del Documento de Identidad.<\/li>\n<li>3 Fotos tama\u00f1o documento fondo blanco.<\/li>\n<li>Sobre de Manila tama\u00f1o oficio.<\/li>\n<li>Recibo de pago de inscripci\u00f3n.<\/li>\n<\/ul>\n<h5><strong>Documentos exigidos para la inscripci\u00f3n (Programas Posgrado):<\/strong><\/h5>\n<ul>\n<li>Formulario de inscripci\u00f3n diligenciado. (<a href=\"https:\/\/cotecnova.edu.co\/wp-content\/uploads\/2025\/11\/FORMULARIO_DE__INSCRIPCION_V2.docx\" target=\"_blank\" rel=\"noopener\">Descargar<\/a>)<\/li>\n<li>Original o copia del acta de pregrado profesional universitario.<\/li>\n<li>Copia del documento de identidad (c\u00e9dula, tarjeta de identidad, o c\u00e9dula de extranjer\u00eda).<\/li>\n<li>Dos (2) fotograf\u00edas recientes tama\u00f1o documento 3 x 4cm.<\/li>\n<li>Recibo de pago Inscripci\u00f3n. (<a href=\"http:\/\/www.recibo.appcotecnova.es\/\" target=\"_blank\" rel=\"noopener\">Descargar<\/a>)\n<ul>\n<li>Programas posgrado: $145.912<\/li>\n<\/ul>\n<\/li>\n<li>Sobre de Manila tama\u00f1o oficio.<\/li>\n<\/ul>\n<hr \/>\n<h3 style=\"text-align: center;\"><span style=\"color: #008000;\"><strong>Documentos Adicionales<\/strong><\/span><\/h3>\n<p><b><strong>Ciclos Profesionales:<\/strong><\/b><\/p>\n<ul>\n<li>Certificado de Notas.<\/li>\n<li>Fotocopia\u00a0 de Acta y Diploma de Tecn\u00f3logo.<\/li>\n<\/ul>\n<h3 style=\"text-align: center;\"><span style=\"color: #008000;\"><strong>Homologaciones y Transferencias<\/strong><\/span><\/h3>\n<p>Documentos exigidos para homologar otros programas:<\/p>\n<ul>\n<li>Recibo de pago homologaci\u00f3n. (<a href=\"http:\/\/www.recibo.appcotecnova.es\/\" target=\"_blank\" rel=\"noopener\">Descargar<\/a>)\n<ul>\n<li>Estudio de homologaci\u00f3n: $12.628<\/li>\n<\/ul>\n<\/li>\n<li>Certificado de Notas y contenidos.<\/li>\n<li>Paz y Salvo de Instituci\u00f3n Educativa de donde proviene.<\/li>\n<\/ul>\n<hr \/>\n<p style=\"text-align: center;\"><em>Instituci\u00f3n de Educaci\u00f3n Superior sujeta a Inspecci\u00f3n y Vigilancia por el Ministerio de Educaci\u00f3n Nacional<\/em><\/p>\n<\/div><\/div><\/section>\n<section class='av_tab_section av_tab_section av-kg3rh-1bcef64d9dfbd7356bf0179dc57c85ca'  itemscope=\"itemscope\" itemtype=\"https:\/\/schema.org\/CreativeWork\" ><div id='tab-id-2-tab' class='tab' role='tab' aria-selected=\"false\" tabindex=\"0\" data-fake-id='#tab-id-2' aria-controls='tab-id-2-content'  itemprop=\"headline\" ><span class='tab_icon avia-iconfont avia-font-entypo-fontello' data-av_icon='\ue84d' data-av_iconfont='entypo-fontello' ><\/span>Perfil de Egreso<\/div><div id='tab-id-2-content' class='tab_content' role='tabpanel' aria-labelledby='tab-id-2-tab' aria-hidden=\"true\"><div class='tab_inner_content invers-color'  itemprop=\"text\" ><h3 style=\"text-align: center;\"><span style=\"color: #008000;\">Perfil Profesional<\/span><\/h3>\n<p>El <strong>Contador P\u00fablico<\/strong> ser\u00e1 un profesional integral, capaz de interpretar, analizar, evaluar, informar, certificar y emitir opiniones sobre las operaciones de un ente econ\u00f3mico en los \u00e1mbitos contable, financiero y fiscal, de manera clara, completa, fidedigna y confiable. Asimismo, estar\u00e1 preparado para interactuar en contextos nacionales e internacionales, formulando y orientando soluciones a las necesidades del sector econ\u00f3mico en el que se desempe\u00f1e.<\/p>\n<p>El Contador P\u00fablico egresado de la Corporaci\u00f3n de Estudios Tecnol\u00f3gicos del Norte del Valle, cuenta con:<\/p>\n<ul>\n<li>Capacidad cr\u00edtica e independencia para dar fe p\u00fablica, certificar y emitir opiniones profesionales sobre la veracidad y legalidad de los hechos organizacionales.<\/li>\n<li>S\u00f3lida formaci\u00f3n acad\u00e9mica orientada al dise\u00f1o, administraci\u00f3n y operativizaci\u00f3n de modelos y sistemas de control, as\u00ed como a la fiscalizaci\u00f3n de la informaci\u00f3n econ\u00f3mica, operativa y estrat\u00e9gica.<\/li>\n<li>Competencias investigativas para analizar y proponer soluciones a las problem\u00e1ticas socioecon\u00f3micas del entorno<\/li>\n<\/ul>\n<hr \/>\n<h3 style=\"text-align: center;\"><span style=\"color: #008000;\">Perfil Ocupacional<\/span><\/h3>\n<p>El <strong>Contador P\u00fablico<\/strong> de la Corporaci\u00f3n de Estudios Tecnol\u00f3gicos del Norte del Valle, estar\u00e1 en capacidad de desempe\u00f1arse en organizaciones p\u00fablicas y privadas en las \u00e1reas administrativas, contables, fiscales y financieras, como:<\/p>\n<ul>\n<li>Director\/Jefe del departamento Contable y Financiero.<\/li>\n<li>Director\/Jefe de Impuestos.<\/li>\n<li>Director\/Jefe del Departamento de Presupuestos.<\/li>\n<li>Director\/Jefe de Control Interno.<\/li>\n<li>Director\/Jefe \u00e1rea administrativo.<\/li>\n<li>Revisor Fiscal.<\/li>\n<li>Auditor Interno o Externo.<\/li>\n<li>Jefe de Costos.<\/li>\n<li>Contralor.<\/li>\n<li>Consultor.<\/li>\n<li>Investigador Contable.<\/li>\n<li>Asesor.<\/li>\n<\/ul>\n<\/div><\/div><\/section>\n<section class='av_tab_section av_tab_section av-2j6tv1-e95e255c4b567d0e7e52e55cb87fc4c9'  itemscope=\"itemscope\" itemtype=\"https:\/\/schema.org\/CreativeWork\" ><div id='tab-id-3-tab' class='tab' role='tab' aria-selected=\"false\" tabindex=\"0\" data-fake-id='#tab-id-3' aria-controls='tab-id-3-content'  itemprop=\"headline\" ><span class='tab_icon avia-iconfont avia-font-entypo-fontello' data-av_icon='\ue8d8' data-av_iconfont='entypo-fontello' ><\/span>Plan de Estudios<\/div><div id='tab-id-3-content' class='tab_content' role='tabpanel' aria-labelledby='tab-id-3-tab' aria-hidden=\"true\"><div class='tab_inner_content invers-color'  itemprop=\"text\" ><h4><span style=\"color: #008000;\"><strong>Plan de Estudios<\/strong><\/span><\/h4>\n<p><strong><em>Formaci\u00f3n b\u00e1sica<\/em><\/strong><\/p>\n<ul>\n<li>Inferencia Estad\u00edstica<\/li>\n<\/ul>\n<p><strong><em>Formaci\u00f3n Profesional<\/em><\/strong><\/p>\n<ul>\n<li>Instrumentos Financieros y Derivados<\/li>\n<li>Combinaci\u00f3n de Negocios<\/li>\n<li>R\u00e9gimen Contable P\u00fablico<\/li>\n<li>Planeaci\u00f3n de Sistemas Contables<\/li>\n<li>Presupuestos<\/li>\n<li>Costos Gerenciales<\/li>\n<li>Integraci\u00f3n Contable<\/li>\n<li>Comercio Exterior<\/li>\n<li>Gerencia Financiera<\/li>\n<li>Finanzas Corporativas<\/li>\n<li>Formulaci\u00f3n y Evaluaci\u00f3n de Proyectos<\/li>\n<li>Auditor\u00eda Aplicada<\/li>\n<li>Auditor\u00eda Forense<\/li>\n<li>Revisor\u00eda Fiscal<\/li>\n<li>Planeaci\u00f3n Estrat\u00e9gica<\/li>\n<li>Teor\u00eda de la Decisi\u00f3n<\/li>\n<li>Simulaci\u00f3n Gerencial<\/li>\n<li>Impuesto a las Rentas y Patrimonio<\/li>\n<li>Planeaci\u00f3n y Procedimiento Tributario<\/li>\n<\/ul>\n<p><strong><em>Formaci\u00f3n Sociohuman\u00edstica<\/em><\/strong><\/p>\n<ul>\n<li>Responsabilidad Social Empresarial<\/li>\n<li>\u00c9tica Profesional<\/li>\n<li>Investigaci\u00f3n Contable<\/li>\n<li>Proyecto de Grado<\/li>\n<\/ul>\n<p><strong><em>Formaci\u00f3n flexible<\/em><\/strong><\/p>\n<ul>\n<li>Electiva Profundizaci\u00f3n I<\/li>\n<li>Electiva Profundizaci\u00f3n II<\/li>\n<li>Electiva Profundizaci\u00f3n III<\/li>\n<\/ul>\n<hr \/>\n<p><strong>Resultados de aprendizaje del programa<\/strong><\/p>\n<ul>\n<li>Elabora informes financieros sobre per\u00edodos determinados.<\/li>\n<li>Comprueba la exactitud de los documentos relativos a ingresos, egresos y otras transacciones financieras.<\/li>\n<li>Proyecta actividades financieras coherentes con el proceso administrativo y gesti\u00f3n de calidad organizacional.<\/li>\n<li>Verifica el cumplimiento de las pol\u00edticas y procedimientos establecidos a nivel de los procesos.<\/li>\n<li>Analiza los resultados contables y financieros seg\u00fan los criterios de evaluaci\u00f3n establecidos por la organizaci\u00f3n.<\/li>\n<li>Proyecta la planeaci\u00f3n financiera de la organizaci\u00f3n y realiza seguimiento proponiendo ajustes en caso de ser necesario.<\/li>\n<li>Identifica riesgos del sistema de control interno e identificar oportunidades de mejoramiento y optimizaci\u00f3n para los diferentes procesos.<\/li>\n<li>Gestiona sistemas contables y preparar informaci\u00f3n financiera de un individuo, departamento o empresa.<\/li>\n<li>Presenta de Estados Financieros que den cuenta de la situaci\u00f3n de la organizaci\u00f3n para la toma de decisiones.<\/li>\n<li>Verifica la situaci\u00f3n financiera de la organizaci\u00f3n a partir de revisi\u00f3n de libros contables, estados financieros y documentos relacionados.<\/li>\n<li>Identifica situaci\u00f3n financiera de la organizaci\u00f3n y realiza medici\u00f3n de indicadores financieros.<\/li>\n<li>Realiza seguimiento al plan financiero y proponer planes de contingencia o mejora.<\/li>\n<li>Seguimiento a gesti\u00f3n tributaria y fiscal de la organizaci\u00f3n.<\/li>\n<li>Propone ideas de negocio para la generaci\u00f3n de empresa<\/li>\n<li>Realiza la planeaci\u00f3n tributaria para las organizaciones.<\/li>\n<\/ul>\n<\/div><\/div><\/section>\n<section class='av_tab_section av_tab_section av-2dv7pp-2a40040d856162999f77f0d20e6cd886'  itemscope=\"itemscope\" itemtype=\"https:\/\/schema.org\/CreativeWork\" ><div id='tab-id-4-tab' class='tab' role='tab' aria-selected=\"false\" tabindex=\"0\" data-fake-id='#tab-id-4' aria-controls='tab-id-4-content'  itemprop=\"headline\" ><span class='tab_icon avia-iconfont avia-font-entypo-fontello' data-av_icon='\ue854' data-av_iconfont='entypo-fontello' ><\/span>M\u00e1s Informaci\u00f3n<\/div><div id='tab-id-4-content' class='tab_content' role='tabpanel' aria-labelledby='tab-id-4-tab' aria-hidden=\"true\"><div class='tab_inner_content invers-color'  itemprop=\"text\" ><h3 style=\"text-align: center;\"><span style=\"color: #008000;\">M\u00e1s Informaci\u00f3n<\/span><\/h3>\n<p><strong>Tel\u00e9fono:<\/strong> (602) 213 4421 Ext. 101<\/p>\n<p><strong>Celular:<\/strong> <a href=\"https:\/\/wa.me\/573154338604\" target=\"_blank\" rel=\"noopener\">(+57) 315 433 8604<\/a><\/p>\n<p><strong>Correo:<\/strong> <a href=\"mailto:info@cotecnova.edu.co\">info@cotecnova.edu.co<\/a><\/p>\n<p>Calle 10 # 3-95 Cartago, Valle<\/p>\n<h5>Unidad de Ciencias Econ\u00f3micas, Administrativas y Contables<\/h5>\n<p>Correo:\u00a0<a href=\"mailto:cadministrativa@cotecnova.edu.co\">cadministrativa@cotecnova.edu.co<\/a><\/p>\n<\/div><\/div><\/section>\n<\/div><\/div>\n","protected":false},"excerpt":{"rendered":"","protected":false},"author":2,"featured_media":0,"parent":0,"menu_order":0,"comment_status":"closed","ping_status":"closed","template":"","meta":{"_joinchat":[],"footnotes":""},"class_list":["post-3693","page","type-page","status-publish","hentry"],"nelio_popups_active_popup":"","_links":{"self":[{"href":"https:\/\/cotecnova.edu.co\/index.php\/wp-json\/wp\/v2\/pages\/3693","targetHints":{"allow":["GET"]}}],"collection":[{"href":"https:\/\/cotecnova.edu.co\/index.php\/wp-json\/wp\/v2\/pages"}],"about":[{"href":"https:\/\/cotecnova.edu.co\/index.php\/wp-json\/wp\/v2\/types\/page"}],"author":[{"embeddable":true,"href":"https:\/\/cotecnova.edu.co\/index.php\/wp-json\/wp\/v2\/users\/2"}],"replies":[{"embeddable":true,"href":"https:\/\/cotecnova.edu.co\/index.php\/wp-json\/wp\/v2\/comments?post=3693"}],"version-history":[{"count":105,"href":"https:\/\/cotecnova.edu.co\/index.php\/wp-json\/wp\/v2\/pages\/3693\/revisions"}],"predecessor-version":[{"id":15791,"href":"https:\/\/cotecnova.edu.co\/index.php\/wp-json\/wp\/v2\/pages\/3693\/revisions\/15791"}],"wp:attachment":[{"href":"https:\/\/cotecnova.edu.co\/index.php\/wp-json\/wp\/v2\/media?parent=3693"}],"curies":[{"name":"wp","href":"https:\/\/api.w.org\/{rel}","templated":true}]}}