{"id":4461,"date":"2016-09-23T08:40:53","date_gmt":"2016-09-23T13:40:53","guid":{"rendered":"http:\/\/www.webcotecnova.site\/?page_id=4461"},"modified":"2021-06-09T11:44:57","modified_gmt":"2021-06-09T16:44:57","slug":"ecaes","status":"publish","type":"page","link":"https:\/\/cotecnova.edu.co\/index.php\/ecaes\/","title":{"rendered":"ECAES"},"content":{"rendered":"\n<style type=\"text\/css\" data-created_by=\"avia_inline_auto\" id=\"style-css-av-m3ncul-aaf14213fb6031ff7d1269411829c404\">\n.avia-section.av-m3ncul-aaf14213fb6031ff7d1269411829c404{\nbackground-color:#005c2a;\nbackground-image:unset;\n}\n.avia-section.av-m3ncul-aaf14213fb6031ff7d1269411829c404 .av-extra-border-element .av-extra-border-inner{\nbackground-color:#005c2a;\n}\n<\/style>\n<div id='av_section_1'  class='avia-section av-m3ncul-aaf14213fb6031ff7d1269411829c404 main_color avia-section-small avia-shadow  avia-builder-el-0  el_before_av_one_full  avia-builder-el-first  avia-bg-style-scroll av-arrow-down-section av-minimum-height av-minimum-height-custom av-height-custom  container_wrap fullsize'   data-av_minimum_height_px='20'><div class='container av-section-cont-open' style='height:20px'><main  role=\"main\" itemprop=\"mainContentOfPage\"  class='template-page content  av-content-full alpha units'><div class='post-entry post-entry-type-page post-entry-4461'><div class='entry-content-wrapper clearfix'>\n<div  class='flex_column av-k1syot-1bcc19fc966b9f1628b03dcc208a773a av_one_fifth  avia-builder-el-1  el_before_av_one_fifth  avia-builder-el-first  first flex_column_div  '     ><style type=\"text\/css\" data-created_by=\"avia_inline_auto\" id=\"style-css-av-jbigm5-cf99de5e09d8fb3b83ecf1c41b4ff55f\">\n.av_font_icon.av-jbigm5-cf99de5e09d8fb3b83ecf1c41b4ff55f{\ncolor:#ffffff;\nborder-color:#ffffff;\n}\n.avia-svg-icon.av-jbigm5-cf99de5e09d8fb3b83ecf1c41b4ff55f svg:first-child{\nstroke:#ffffff;\nfill:#ffffff;\n}\n.av_font_icon.av-jbigm5-cf99de5e09d8fb3b83ecf1c41b4ff55f .av-icon-char{\nfont-size:20px;\nline-height:20px;\nwidth:20px;\n}\n<\/style>\n<span  class='av_font_icon av-jbigm5-cf99de5e09d8fb3b83ecf1c41b4ff55f avia_animate_when_visible av-icon-style-border avia-icon-pos-center avia-iconfont avia-font-entypo-fontello avia-icon-animate'><a href='https:\/\/cotecnova.edu.co\/index.php\/aspirante\/'   class='av-icon-char' data-av_icon='\ue84d' data-av_iconfont='entypo-fontello' aria-hidden=\"false\" data-avia-icon-tooltip=\"&lt;br \/&gt;\nAspirante&lt;br \/&gt;\n\"><\/a><span class='av_icon_caption av-special-font'>Aspirante<\/span><\/span><\/div><div  class='flex_column av-hawfod-74bbcb184b513ce69726e80f8a7b623c av_one_fifth  avia-builder-el-3  el_after_av_one_fifth  el_before_av_one_fifth  flex_column_div  '     ><style type=\"text\/css\" data-created_by=\"avia_inline_auto\" id=\"style-css-av-fkqkel-6c1553b9b97d0fa20b68148c5a107d4f\">\n.av_font_icon.av-fkqkel-6c1553b9b97d0fa20b68148c5a107d4f{\ncolor:#ffffff;\nborder-color:#ffffff;\n}\n.avia-svg-icon.av-fkqkel-6c1553b9b97d0fa20b68148c5a107d4f svg:first-child{\nstroke:#ffffff;\nfill:#ffffff;\n}\n.av_font_icon.av-fkqkel-6c1553b9b97d0fa20b68148c5a107d4f .av-icon-char{\nfont-size:20px;\nline-height:20px;\nwidth:20px;\n}\n<\/style>\n<span  class='av_font_icon av-fkqkel-6c1553b9b97d0fa20b68148c5a107d4f avia_animate_when_visible av-icon-style-border avia-icon-pos-center avia-iconfont avia-font-entypo-fontello avia-icon-animate'><a href='https:\/\/cotecnova.edu.co\/index.php\/estudiante\/'   class='av-icon-char' data-av_icon='\ue84f' data-av_iconfont='entypo-fontello' aria-hidden=\"false\" data-avia-icon-tooltip=\"&lt;br \/&gt;\nEstudiante&lt;br \/&gt;\n\"><\/a><span class='av_icon_caption av-special-font'>Estudiante<\/span><\/span><\/div><div  class='flex_column av-eb6wml-099bcae4ef59c420d9ce8d2e132aee66 av_one_fifth  avia-builder-el-5  el_after_av_one_fifth  el_before_av_one_fifth  flex_column_div  '     ><style type=\"text\/css\" data-created_by=\"avia_inline_auto\" id=\"style-css-av-c34yml-05331c6a6249546fa02356c9e5d8dcee\">\n.av_font_icon.av-c34yml-05331c6a6249546fa02356c9e5d8dcee{\ncolor:#ffffff;\nborder-color:#ffffff;\n}\n.avia-svg-icon.av-c34yml-05331c6a6249546fa02356c9e5d8dcee svg:first-child{\nstroke:#ffffff;\nfill:#ffffff;\n}\n.av_font_icon.av-c34yml-05331c6a6249546fa02356c9e5d8dcee .av-icon-char{\nfont-size:20px;\nline-height:20px;\nwidth:20px;\n}\n<\/style>\n<span  class='av_font_icon av-c34yml-05331c6a6249546fa02356c9e5d8dcee avia_animate_when_visible av-icon-style-border avia-icon-pos-center avia-iconfont avia-font-entypo-fontello avia-icon-animate'><a href='https:\/\/cotecnova.edu.co\/index.php\/docente\/'   class='av-icon-char' data-av_icon='\ue80a' data-av_iconfont='entypo-fontello' aria-hidden=\"false\" data-avia-icon-tooltip=\"&lt;br \/&gt;\nDocente&lt;br \/&gt;\n\"><\/a><span class='av_icon_caption av-special-font'>Docente<\/span><\/span><\/div><div  class='flex_column av-bgqf4t-bee866fe501782ef08a5b7775ab56d8f av_one_fifth  avia-builder-el-7  el_after_av_one_fifth  el_before_av_one_fifth  flex_column_div  '     ><style type=\"text\/css\" data-created_by=\"avia_inline_auto\" id=\"style-css-av-9bj54d-cf5ac6a0b2e8aadc7b80c019a808e002\">\n.av_font_icon.av-9bj54d-cf5ac6a0b2e8aadc7b80c019a808e002{\ncolor:#ffffff;\nborder-color:#ffffff;\n}\n.avia-svg-icon.av-9bj54d-cf5ac6a0b2e8aadc7b80c019a808e002 svg:first-child{\nstroke:#ffffff;\nfill:#ffffff;\n}\n.av_font_icon.av-9bj54d-cf5ac6a0b2e8aadc7b80c019a808e002 .av-icon-char{\nfont-size:20px;\nline-height:20px;\nwidth:20px;\n}\n<\/style>\n<span  class='av_font_icon av-9bj54d-cf5ac6a0b2e8aadc7b80c019a808e002 avia_animate_when_visible av-icon-style-border avia-icon-pos-center avia-iconfont avia-font-entypo-fontello avia-icon-animate'><a href='https:\/\/cotecnova.edu.co\/index.php\/egresado\/'   class='av-icon-char' data-av_icon='\ue8c9' data-av_iconfont='entypo-fontello' aria-hidden=\"false\" data-avia-icon-tooltip=\"&lt;br \/&gt;\nEgresado&lt;br \/&gt;\n\"><\/a><span class='av_icon_caption av-special-font'>Egresado<\/span><\/span><\/div><div  class='flex_column av-7ngxm5-143bb3655af4b91f34de4762f365c07d av_one_fifth  avia-builder-el-9  el_after_av_one_fifth  avia-builder-el-last  flex_column_div  '     ><style type=\"text\/css\" data-created_by=\"avia_inline_auto\" id=\"style-css-av-l5eul-b37f479179077400082880184503722c\">\n.av_font_icon.av-l5eul-b37f479179077400082880184503722c{\ncolor:#ffffff;\nborder-color:#ffffff;\n}\n.avia-svg-icon.av-l5eul-b37f479179077400082880184503722c svg:first-child{\nstroke:#ffffff;\nfill:#ffffff;\n}\n.av_font_icon.av-l5eul-b37f479179077400082880184503722c .av-icon-char{\nfont-size:20px;\nline-height:20px;\nwidth:20px;\n}\n<\/style>\n<span  class='av_font_icon av-l5eul-b37f479179077400082880184503722c avia_animate_when_visible av-icon-style-border avia-icon-pos-center avia-iconfont avia-font-entypo-fontello avia-icon-animate'><a href='https:\/\/cotecnova.edu.co\/index.php\/acudiente\/'   class='av-icon-char' data-av_icon='\ue80b' data-av_iconfont='entypo-fontello' aria-hidden=\"false\" data-avia-icon-tooltip=\"&lt;br \/&gt;\nAcudiente&lt;br \/&gt;\n\"><\/a><span class='av_icon_caption av-special-font'>Acudiente<\/span><\/span><\/div>\n<\/div><\/div><\/main><!-- close content main element --><\/div><div class='av-extra-border-element border-extra-arrow-down'><div class='av-extra-border-outer'><div class='av-extra-border-inner'><\/div><\/div><\/div><\/div><div id='after_section_1'  class='main_color av_default_container_wrap container_wrap fullsize'  ><div class='container av-section-cont-open' ><div class='template-page content  av-content-full alpha units'><div class='post-entry post-entry-type-page post-entry-4461'><div class='entry-content-wrapper clearfix'>\n<div  class='flex_column av-4rc7wt-e872b8cf4d045bab74625f5f26ab16c3 av_one_full  avia-builder-el-11  el_after_av_section  avia-builder-el-no-sibling  first flex_column_div  '     ><section  class='av_textblock_section av-2mffzh-6d1406281fb74c74b2210c51b1abc0a8 '   itemscope=\"itemscope\" itemtype=\"https:\/\/schema.org\/CreativeWork\" ><div class='avia_textblock'  itemprop=\"text\" ><p><strong>EXAMEN SABER TYT &#8211; SEGUNDO SEMESTRE DE 2021.<\/strong><\/p>\n<p><strong>TABLA EXAMEN SABER TYT SEGUNDO SEMESTRE Y SABER TYT EXTERIOR<\/strong><\/p>\n<table border=\"1\" width=\"576\">\n<tbody>\n<tr>\n<td width=\"198\"><strong>DESCRIPCI\u00d3N DE LA ETAPA<\/strong><\/td>\n<td width=\"170\"><strong>FECHA DE INICIO<\/strong><\/td>\n<td width=\"208\"><strong>FECHA FINAL<\/strong><\/td>\n<\/tr>\n<tr>\n<td width=\"198\">Pre inscripci\u00f3n de programas por parte de las IES<\/td>\n<td width=\"170\">Martes, 1 de junio de 2021<\/td>\n<td width=\"208\">Martes, 29 de junio de 2021<\/td>\n<\/tr>\n<tr>\n<td width=\"198\">Pre inscripci\u00f3n de estudiantes por parte de las IES<\/td>\n<td width=\"170\">Martes, 1 de junio de 2021<\/td>\n<td width=\"208\">Martes, 29 de junio de 2021<\/td>\n<\/tr>\n<tr>\n<td width=\"198\">Registro ordinario (incluye SENA)<\/td>\n<td width=\"170\">Mi\u00e9rcoles, 30 de junio de 2021<\/td>\n<td width=\"208\">Mi\u00e9rcoles, 21 de julio de 2021<\/td>\n<\/tr>\n<tr>\n<td width=\"198\">Recaudo ordinario<\/td>\n<td width=\"170\">Mi\u00e9rcoles, 30 de junio de 2021<\/td>\n<td width=\"208\">Mi\u00e9rcoles, 21 de julio de 2021<\/td>\n<\/tr>\n<tr>\n<td width=\"198\">Registro extraordinario<\/td>\n<td width=\"170\">Lunes, 26 de julio de 2021<\/td>\n<td width=\"208\">Mi\u00e9rcoles, 4 de agosto de 2021<\/td>\n<\/tr>\n<tr>\n<td width=\"198\">Recaudo extraordinario<\/td>\n<td width=\"170\">Lunes, 26 de julio de 2021<\/td>\n<td width=\"208\">Mi\u00e9rcoles, 4 de agosto de 2021<\/td>\n<\/tr>\n<tr>\n<td width=\"198\">Reclamaciones sobre correcci\u00f3n de datos, aclaraci\u00f3n sobre reporte de discapacidad, cambio de jornada de estudiantes, cambio de inscripci\u00f3n de graduado a estudiante, imposibilidad de realizar el registro, cambio del municipio de presentaci\u00f3n de la prueba, entre otras<\/td>\n<td width=\"170\">Mi\u00e9rcoles, 30 de junio de 2021<\/td>\n<td width=\"208\">Lunes, 9 de agosto de 2021<\/td>\n<\/tr>\n<tr>\n<td width=\"198\">Solicitud de devoluci\u00f3n de la diferencia cuando se hubiere pagado un mayor valor al que le correspond\u00eda<\/td>\n<td width=\"170\">mi\u00e9rcoles, 4 de agosto de 2021<\/td>\n<td width=\"208\">Jueves, 26 de agosto de 2021<\/td>\n<\/tr>\n<tr>\n<td width=\"198\">Publicaci\u00f3n de citaciones<\/td>\n<td width=\"170\">viernes, 24 de septiembre de 2021<\/td>\n<td width=\"208\">viernes, 24 de septiembre de 2021<\/td>\n<\/tr>\n<tr>\n<td width=\"198\">Verificaci\u00f3n datos de citaci\u00f3n, Solicitud extraordinaria de cambio, aclaraci\u00f3n o correcci\u00f3n del municipio de aplicaci\u00f3n. \u00danicamente aplica cuando la citaci\u00f3n muestre un municipio distinto al seleccionado por el usuario durante la etapa de registro.<\/td>\n<td width=\"170\">viernes, 24 de septiembre de 2021<\/td>\n<td width=\"208\">Mi\u00e9rcoles, 29 de septiembre de 2021<\/td>\n<\/tr>\n<tr>\n<td width=\"198\">Aplicaci\u00f3n<\/td>\n<td width=\"170\">s\u00e1bado, 9 de octubre de 2021<\/td>\n<td width=\"208\">Domingo,10 de octubre de 2021<\/td>\n<\/tr>\n<tr>\n<td width=\"198\">Publicaci\u00f3n de certificados de presentaci\u00f3n del examen<\/td>\n<td width=\"170\">S\u00e1bado 23 de octubre de 2021<\/td>\n<td width=\"208\">S\u00e1bado 23 de octubre de 2021<\/td>\n<\/tr>\n<tr>\n<td width=\"198\">Solicitud abono para otro examen por razones de fuerza mayor o caso fortuito<\/td>\n<td width=\"170\">Domingo 10 de octubre de 2021<\/td>\n<td width=\"208\">Martes, 2 de noviembre de 2021<\/td>\n<\/tr>\n<tr>\n<td width=\"198\">Publicaci\u00f3n de resultados individuales en p\u00e1gina web<\/td>\n<td width=\"170\">S\u00e1bado 29 de enero de 2022<\/td>\n<td width=\"208\">S\u00e1bado 29 de enero de 2022<\/td>\n<\/tr>\n<tr>\n<td width=\"198\">Primera publicaci\u00f3n de resultados institucionales Saber Pro y TyT<\/td>\n<td width=\"170\">s\u00e1bado, 5 de marzo de 2022<\/td>\n<td width=\"208\">s\u00e1bado, 5 de marzo de 2022<\/td>\n<\/tr>\n<tr>\n<td width=\"198\">Publicaci\u00f3n definitiva de resultados institucionales Saber Pro y TyT*<\/td>\n<td width=\"170\">S\u00e1bado, 02 de abril de 2022<\/td>\n<td width=\"208\">S\u00e1bado, 02 de abril de 2022<\/td>\n<\/tr>\n<tr>\n<td width=\"198\">Plazo para interponer reclamos contra resultados individuales<\/td>\n<td width=\"170\">Dentro de los dos (02) meses siguientes a la fecha de publicaci\u00f3n de los resultados individuales, inclusive<\/td>\n<td width=\"208\"><\/td>\n<\/tr>\n<tr>\n<td width=\"198\">Plazo para interponer reclamos contra resultados institucionales<\/td>\n<td width=\"170\">Dentro de los dos (02) meses siguientes a la fecha de publicaci\u00f3n de los resultados institucionales inclusive<\/td>\n<td width=\"208\"><\/td>\n<\/tr>\n<\/tbody>\n<\/table>\n<p><strong>EXAMEN SABER PRO &#8211; SEGUNDO SEMESTRE DE 2021<\/strong><strong>\u00a0<\/strong><\/p>\n<p><strong>TABLA EXAMEN SABER PRO Y SABER PRO EXTERIOR<\/strong><\/p>\n<table border=\"1\" width=\"551\">\n<tbody>\n<tr>\n<td width=\"198\"><strong>DESCRIPCI\u00d3N DE LA ETAPA<\/strong><\/td>\n<td width=\"170\"><strong>FECHA DE INICIO<\/strong><\/td>\n<td width=\"182\"><strong>FECHA FINAL<\/strong><\/td>\n<\/tr>\n<tr>\n<td width=\"198\">Pre inscripci\u00f3n de programas por parte de las IES<\/td>\n<td width=\"170\">Martes, 1 de junio de 2021<\/td>\n<td width=\"182\">Martes, 29 de junio de 2021<\/td>\n<\/tr>\n<tr>\n<td width=\"198\">Pre inscripci\u00f3n de estudiantes por parte de las IES<\/td>\n<td width=\"170\">Martes, 1 de junio de 2021<\/td>\n<td width=\"182\">Martes, 29 de junio de 2021<\/td>\n<\/tr>\n<tr>\n<td width=\"198\">Registro ordinario (incluye SENA)<\/td>\n<td width=\"170\">Mi\u00e9rcoles, 30 de junio de 2021<\/td>\n<td width=\"182\">Mi\u00e9rcoles, 21 de julio de 2021<\/td>\n<\/tr>\n<tr>\n<td width=\"198\">Recaudo ordinario<\/td>\n<td width=\"170\">Mi\u00e9rcoles, 30 de junio de 2021<\/td>\n<td width=\"182\">Mi\u00e9rcoles, 21 de julio de 2021<\/td>\n<\/tr>\n<tr>\n<td width=\"198\">Registro extraordinario<\/td>\n<td width=\"170\">Lunes, 26 de julio de 2021<\/td>\n<td width=\"182\">Mi\u00e9rcoles, 4 de agosto de 2021<\/td>\n<\/tr>\n<tr>\n<td width=\"198\">Recaudo extraordinario<\/td>\n<td width=\"170\">Lunes, 26 de julio de 2021<\/td>\n<td width=\"182\">Mi\u00e9rcoles, 4 de agosto de 2021<\/td>\n<\/tr>\n<tr>\n<td width=\"198\">Reclamaciones sobre correcci\u00f3n de datos, aclaraci\u00f3n sobre reporte de discapacidad, cambio de jornada de estudiantes, cambio de inscripci\u00f3n de graduado a estudiante, imposibilidad de realizar el registro, cambio del municipio de presentaci\u00f3n de la prueba, entre otras<\/td>\n<td width=\"170\">Mi\u00e9rcoles, 30 de junio de 2021<\/td>\n<td width=\"182\">Lunes, 9 de agosto de 2021<\/td>\n<\/tr>\n<tr>\n<td width=\"198\">Solicitud de devoluci\u00f3n de la diferencia cuando se hubiere pagado un mayor valor al que le correspond\u00eda<\/td>\n<td width=\"170\">mi\u00e9rcoles, 4 de agosto de 2021<\/td>\n<td width=\"182\">Jueves, 26 de agosto de 2021<\/td>\n<\/tr>\n<tr>\n<td width=\"198\">Publicaci\u00f3n de citaciones<\/td>\n<td width=\"170\">viernes, 8 de octubre de 2021<\/td>\n<td width=\"182\">viernes, 8 de octubre de 2021<\/td>\n<\/tr>\n<tr>\n<td width=\"198\">Verificaci\u00f3n datos de citaci\u00f3n, Solicitud extraordinaria de cambio, aclaraci\u00f3n o correcci\u00f3n del municipio de aplicaci\u00f3n. \u00danicamente aplica cuando la citaci\u00f3n muestre un municipio distinto al seleccionado por el usuario durante la etapa de registro.<\/td>\n<td width=\"170\">viernes, 8 de octubre de 2021<\/td>\n<td width=\"182\">Mi\u00e9rcoles, 13 de octubre de 2021<\/td>\n<\/tr>\n<tr>\n<td width=\"198\">Aplicaci\u00f3n<\/td>\n<td width=\"170\">s\u00e1bado, 23 de octubre de 2021<\/td>\n<td width=\"182\">Domingo, 31 de octubre de 2021<\/td>\n<\/tr>\n<tr>\n<td width=\"198\">Publicaci\u00f3n de certificados de presentaci\u00f3n del examen<\/td>\n<td width=\"170\">S\u00e1bado 13 de noviembre de 2021<\/td>\n<td width=\"182\">S\u00e1bado 13 de noviembre de 2021<\/td>\n<\/tr>\n<tr>\n<td width=\"198\">Solicitud abono para otro examen por razones de fuerza mayor o caso fortuito<\/td>\n<td width=\"170\">Domingo 31 de octubre de 2021<\/td>\n<td width=\"182\">Martes, 23 de noviembre de 2021<\/td>\n<\/tr>\n<tr>\n<td width=\"198\">Publicaci\u00f3n de resultados individuales en p\u00e1gina web<\/td>\n<td width=\"170\">S\u00e1bado 29 de enero de 2022<\/td>\n<td width=\"182\">S\u00e1bado 29 de enero de 2022<\/td>\n<\/tr>\n<tr>\n<td width=\"198\">Primera publicaci\u00f3n de resultados institucionales Saber Pro y TyT<\/td>\n<td width=\"170\">s\u00e1bado, 5 de marzo de 2022<\/td>\n<td width=\"182\">s\u00e1bado, 5 de marzo de 2022<\/td>\n<\/tr>\n<tr>\n<td width=\"198\">Publicaci\u00f3n definitiva de resultados institucionales Saber Pro y TyT*<\/td>\n<td width=\"170\">S\u00e1bado, 02 de abril de 2022<\/td>\n<td width=\"182\">S\u00e1bado, 02 de abril de 2022<\/td>\n<\/tr>\n<tr>\n<td width=\"198\">Plazo para interponer reclamos contra resultados individuales<\/td>\n<td width=\"170\">Dentro de los dos (02) meses siguientes a la fecha de publicaci\u00f3n de los resultados individuales, inclusive<\/td>\n<td width=\"182\"><\/td>\n<\/tr>\n<tr>\n<td width=\"198\">Plazo para interponer reclamos contra resultados institucionales<\/td>\n<td width=\"170\">Dentro de los dos (02) meses siguientes a la fecha de publicaci\u00f3n de los resultados institucionales inclusive<\/td>\n<td width=\"182\"><\/td>\n<\/tr>\n<\/tbody>\n<\/table>\n<p><strong>Tarifas examen de Estado de la educaci\u00f3n superior: Saber Pro y Saber TyT &#8211; 2021<\/strong><\/p>\n<table border=\"1\" width=\"592\">\n<tbody>\n<tr>\n<td width=\"101\"><strong>POBLACI\u00d3N<\/strong><\/td>\n<td width=\"105\"><strong>TARIFA ORDINARIA 2021<\/strong><\/td>\n<td width=\"111\"><strong>TARIFA EN UVT 2020<\/strong><\/td>\n<td width=\"145\"><strong>TARIFA EXTRAORDINARIA 2021<\/strong><\/td>\n<td width=\"129\"><strong>TARIFA EN UVT 2020<\/strong><\/td>\n<\/tr>\n<tr>\n<td width=\"101\">Instituciones de educaci\u00f3n superior p\u00fablicas<\/td>\n<td width=\"105\">$ 87.500<\/td>\n<td width=\"111\">2,5<\/td>\n<td width=\"145\">$ 129.000<\/td>\n<td width=\"129\">3,6<\/td>\n<\/tr>\n<tr>\n<td width=\"101\">Instituciones de educaci\u00f3n superior privadas, rango I: valor de matr\u00edcula menor o igual a $1.063.000<\/td>\n<td width=\"105\">$ 87.500<\/td>\n<td width=\"111\">2,5<\/td>\n<td width=\"145\">$ 129.000<\/td>\n<td width=\"129\">3,6<\/td>\n<\/tr>\n<tr>\n<td width=\"101\">Instituciones de educaci\u00f3n superior privadas, rango II: valor de matr\u00edcula mayor a $1.063.000<\/td>\n<td width=\"105\">$ 115.000<\/td>\n<td width=\"111\">3,2<\/td>\n<td width=\"145\">$ 171.000<\/td>\n<td width=\"129\">4,8<\/td>\n<\/tr>\n<tr>\n<td width=\"101\">Graduados<\/td>\n<td width=\"105\">$ 115.000<\/td>\n<td width=\"111\">3,2<\/td>\n<td width=\"145\">$ 171.000<\/td>\n<td width=\"129\">4,8<\/td>\n<\/tr>\n<\/tbody>\n<\/table>\n<div>\n<hr \/>\n<p><a href=\"https:\/\/www.webcotecnova.site\/wp-content\/uploads\/2021\/06\/Resolucion-000090-de-enero-27-de-2021.pdf\" target=\"_blank\" rel=\"noopener\">Resoluci\u00f3n 000090 de enero 27 de 2021 &#8211; ICFES<\/a><\/p>\n<\/div>\n<\/div><\/section><\/div>\n","protected":false},"excerpt":{"rendered":"","protected":false},"author":2,"featured_media":0,"parent":0,"menu_order":0,"comment_status":"closed","ping_status":"closed","template":"","meta":{"_joinchat":[],"footnotes":""},"class_list":["post-4461","page","type-page","status-publish","hentry"],"nelio_popups_active_popup":"","_links":{"self":[{"href":"https:\/\/cotecnova.edu.co\/index.php\/wp-json\/wp\/v2\/pages\/4461","targetHints":{"allow":["GET"]}}],"collection":[{"href":"https:\/\/cotecnova.edu.co\/index.php\/wp-json\/wp\/v2\/pages"}],"about":[{"href":"https:\/\/cotecnova.edu.co\/index.php\/wp-json\/wp\/v2\/types\/page"}],"author":[{"embeddable":true,"href":"https:\/\/cotecnova.edu.co\/index.php\/wp-json\/wp\/v2\/users\/2"}],"replies":[{"embeddable":true,"href":"https:\/\/cotecnova.edu.co\/index.php\/wp-json\/wp\/v2\/comments?post=4461"}],"version-history":[{"count":19,"href":"https:\/\/cotecnova.edu.co\/index.php\/wp-json\/wp\/v2\/pages\/4461\/revisions"}],"predecessor-version":[{"id":10450,"href":"https:\/\/cotecnova.edu.co\/index.php\/wp-json\/wp\/v2\/pages\/4461\/revisions\/10450"}],"wp:attachment":[{"href":"https:\/\/cotecnova.edu.co\/index.php\/wp-json\/wp\/v2\/media?parent=4461"}],"curies":[{"name":"wp","href":"https:\/\/api.w.org\/{rel}","templated":true}]}}