{"id":4476,"date":"2016-09-23T09:26:06","date_gmt":"2016-09-23T14:26:06","guid":{"rendered":"http:\/\/www.webcotecnova.site\/?page_id=4476"},"modified":"2025-09-27T08:08:53","modified_gmt":"2025-09-27T13:08:53","slug":"reglamentos-estatutos","status":"publish","type":"page","link":"https:\/\/cotecnova.edu.co\/index.php\/reglamentos-estatutos\/","title":{"rendered":"Reglamentos y Normas Internas"},"content":{"rendered":"\n<style type=\"text\/css\" data-created_by=\"avia_inline_auto\" id=\"style-css-av-439g7w-d4643454de4fda45044ee93d0a48a1f3\">\n.avia-section.av-439g7w-d4643454de4fda45044ee93d0a48a1f3{\nbackground-color:#005c2a;\nbackground-image:unset;\n}\n.avia-section.av-439g7w-d4643454de4fda45044ee93d0a48a1f3 .av-extra-border-element .av-extra-border-inner{\nbackground-color:#005c2a;\n}\n<\/style>\n<div id='av_section_1'  class='avia-section av-439g7w-d4643454de4fda45044ee93d0a48a1f3 main_color avia-section-small avia-shadow  avia-builder-el-0  el_before_av_one_full  avia-builder-el-first  avia-bg-style-scroll av-arrow-down-section av-minimum-height av-minimum-height-custom av-height-custom  container_wrap fullsize'   data-av_minimum_height_px='20'><div class='container av-section-cont-open' style='height:20px'><main  role=\"main\" itemprop=\"mainContentOfPage\"  class='template-page content  av-content-full alpha units'><div class='post-entry post-entry-type-page post-entry-4476'><div class='entry-content-wrapper clearfix'>\n<div  class='flex_column av-12znn98-0841cc64996a96ce5d45bf1a17de2cb0 av_one_fifth  avia-builder-el-1  el_before_av_one_fifth  avia-builder-el-first  first flex_column_div  '     ><style type=\"text\/css\" data-created_by=\"avia_inline_auto\" id=\"style-css-av-116er2k-fd4932f291b2bc8d67b7d67ca848463e\">\n.av_font_icon.av-116er2k-fd4932f291b2bc8d67b7d67ca848463e{\ncolor:#ffffff;\nborder-color:#ffffff;\n}\n.avia-svg-icon.av-116er2k-fd4932f291b2bc8d67b7d67ca848463e svg:first-child{\nstroke:#ffffff;\nfill:#ffffff;\n}\n.av_font_icon.av-116er2k-fd4932f291b2bc8d67b7d67ca848463e .av-icon-char{\nfont-size:20px;\nline-height:20px;\nwidth:20px;\n}\n<\/style>\n<span  class='av_font_icon av-116er2k-fd4932f291b2bc8d67b7d67ca848463e avia_animate_when_visible av-icon-style-border avia-icon-pos-center avia-iconfont avia-font-entypo-fontello avia-icon-animate'><a href='https:\/\/cotecnova.edu.co\/index.php\/aspirante\/'   class='av-icon-char' data-av_icon='\ue84d' data-av_iconfont='entypo-fontello' aria-hidden=\"false\" data-avia-icon-tooltip=\"&lt;br \/&gt;\nAspirante&lt;br \/&gt;\n\"><\/a><span class='av_icon_caption av-special-font'>Aspirante<\/span><\/span><\/div><div  class='flex_column av-zsmwwc-faa3ba80495a58e01a8135979072bb76 av_one_fifth  avia-builder-el-3  el_after_av_one_fifth  el_before_av_one_fifth  flex_column_div  '     ><style type=\"text\/css\" data-created_by=\"avia_inline_auto\" id=\"style-css-av-xvp4rg-6c30a9992f1cd606a33e9d738e9f635b\">\n.av_font_icon.av-xvp4rg-6c30a9992f1cd606a33e9d738e9f635b{\ncolor:#ffffff;\nborder-color:#ffffff;\n}\n.avia-svg-icon.av-xvp4rg-6c30a9992f1cd606a33e9d738e9f635b svg:first-child{\nstroke:#ffffff;\nfill:#ffffff;\n}\n.av_font_icon.av-xvp4rg-6c30a9992f1cd606a33e9d738e9f635b .av-icon-char{\nfont-size:20px;\nline-height:20px;\nwidth:20px;\n}\n<\/style>\n<span  class='av_font_icon av-xvp4rg-6c30a9992f1cd606a33e9d738e9f635b avia_animate_when_visible av-icon-style-border avia-icon-pos-center avia-iconfont avia-font-entypo-fontello avia-icon-animate'><a href='https:\/\/cotecnova.edu.co\/index.php\/estudiante\/'   class='av-icon-char' data-av_icon='\ue84f' data-av_iconfont='entypo-fontello' aria-hidden=\"false\" data-avia-icon-tooltip=\"&lt;br \/&gt;\nEstudiante&lt;br \/&gt;\n\"><\/a><span class='av_icon_caption av-special-font'>Estudiante<\/span><\/span><\/div><div  class='flex_column av-w4g964-1b9a752ce6898a8e34526f93d4aacdf6 av_one_fifth  avia-builder-el-5  el_after_av_one_fifth  el_before_av_one_fifth  flex_column_div  '     ><style type=\"text\/css\" data-created_by=\"avia_inline_auto\" id=\"style-css-av-vdmgng-595a2b080c79e3965369d2637e1e0132\">\n.av_font_icon.av-vdmgng-595a2b080c79e3965369d2637e1e0132{\ncolor:#ffffff;\nborder-color:#ffffff;\n}\n.avia-svg-icon.av-vdmgng-595a2b080c79e3965369d2637e1e0132 svg:first-child{\nstroke:#ffffff;\nfill:#ffffff;\n}\n.av_font_icon.av-vdmgng-595a2b080c79e3965369d2637e1e0132 .av-icon-char{\nfont-size:20px;\nline-height:20px;\nwidth:20px;\n}\n<\/style>\n<span  class='av_font_icon av-vdmgng-595a2b080c79e3965369d2637e1e0132 avia_animate_when_visible av-icon-style-border avia-icon-pos-center avia-iconfont avia-font-entypo-fontello avia-icon-animate'><a href='https:\/\/cotecnova.edu.co\/index.php\/docente\/'   class='av-icon-char' data-av_icon='\ue80a' data-av_iconfont='entypo-fontello' aria-hidden=\"false\" data-avia-icon-tooltip=\"&lt;br \/&gt;\nDocente&lt;br \/&gt;\n\"><\/a><span class='av_icon_caption av-special-font'>Docente<\/span><\/span><\/div><div  class='flex_column av-trdeto-3cc12a31d2e34daf4413673cdf62d389 av_one_fifth  avia-builder-el-7  el_after_av_one_fifth  el_before_av_one_fifth  flex_column_div  '     ><style type=\"text\/css\" data-created_by=\"avia_inline_auto\" id=\"style-css-av-r49exo-1a41f5bbe0dcfc3e6aac9a9029d5db76\">\n.av_font_icon.av-r49exo-1a41f5bbe0dcfc3e6aac9a9029d5db76{\ncolor:#ffffff;\nborder-color:#ffffff;\n}\n.avia-svg-icon.av-r49exo-1a41f5bbe0dcfc3e6aac9a9029d5db76 svg:first-child{\nstroke:#ffffff;\nfill:#ffffff;\n}\n.av_font_icon.av-r49exo-1a41f5bbe0dcfc3e6aac9a9029d5db76 .av-icon-char{\nfont-size:20px;\nline-height:20px;\nwidth:20px;\n}\n<\/style>\n<span  class='av_font_icon av-r49exo-1a41f5bbe0dcfc3e6aac9a9029d5db76 avia_animate_when_visible av-icon-style-border avia-icon-pos-center avia-iconfont avia-font-entypo-fontello avia-icon-animate'><a href='https:\/\/cotecnova.edu.co\/index.php\/egresado\/'   class='av-icon-char' data-av_icon='\ue8c9' data-av_iconfont='entypo-fontello' aria-hidden=\"false\" data-avia-icon-tooltip=\"&lt;br \/&gt;\nEgresado&lt;br \/&gt;\n\"><\/a><span class='av_icon_caption av-special-font'>Egresado<\/span><\/span><\/div><div  class='flex_column av-p6s4n0-b6f577ab5e85bf5b1444b612fcf7e32f av_one_fifth  avia-builder-el-9  el_after_av_one_fifth  avia-builder-el-last  flex_column_div  '     ><style type=\"text\/css\" data-created_by=\"avia_inline_auto\" id=\"style-css-av-ojci9o-e41311ec68ca44a3de6097ad38027236\">\n.av_font_icon.av-ojci9o-e41311ec68ca44a3de6097ad38027236{\ncolor:#ffffff;\nborder-color:#ffffff;\n}\n.avia-svg-icon.av-ojci9o-e41311ec68ca44a3de6097ad38027236 svg:first-child{\nstroke:#ffffff;\nfill:#ffffff;\n}\n.av_font_icon.av-ojci9o-e41311ec68ca44a3de6097ad38027236 .av-icon-char{\nfont-size:20px;\nline-height:20px;\nwidth:20px;\n}\n<\/style>\n<span  class='av_font_icon av-ojci9o-e41311ec68ca44a3de6097ad38027236 avia_animate_when_visible av-icon-style-border avia-icon-pos-center avia-iconfont avia-font-entypo-fontello avia-icon-animate'><a href='https:\/\/cotecnova.edu.co\/index.php\/acudiente\/'   class='av-icon-char' data-av_icon='\ue80b' data-av_iconfont='entypo-fontello' aria-hidden=\"false\" data-avia-icon-tooltip=\"&lt;br \/&gt;\nAcudiente&lt;br \/&gt;\n\"><\/a><span class='av_icon_caption av-special-font'>Acudiente<\/span><\/span><\/div>\n<\/div><\/div><\/main><!-- close content main element --><\/div><div class='av-extra-border-element border-extra-arrow-down'><div class='av-extra-border-outer'><div class='av-extra-border-inner'><\/div><\/div><\/div><\/div><div id='after_section_1'  class='main_color av_default_container_wrap container_wrap fullsize'  ><div class='container av-section-cont-open' ><div class='template-page content  av-content-full alpha units'><div class='post-entry post-entry-type-page post-entry-4476'><div class='entry-content-wrapper clearfix'>\n<div  class='flex_column av-my08zw-483a5b8ff3c5ca24775bc65ed99d90df av_one_full  avia-builder-el-11  el_after_av_section  el_before_av_one_full  avia-builder-el-first  first flex_column_div  '     ><div  class='tabcontainer av-kfwal8-166748339545006fb25a112e635089e5 top_tab  avia-builder-el-12  avia-builder-el-no-sibling '>\n<section class='av_tab_section av_tab_section av-86lb0-8d3f8932d9cf4e8c127994a0f52704f1'  itemscope=\"itemscope\" itemtype=\"https:\/\/schema.org\/CreativeWork\" ><div id='tab-id-1-tab' class='tab active_tab' role='tab' aria-selected=\"true\" tabindex=\"0\" data-fake-id='#tab-id-1' aria-controls='tab-id-1-content'  itemprop=\"headline\" ><span class='tab_icon avia-iconfont avia-font-entypo-fontello' data-av_icon='\ue84b' data-av_iconfont='entypo-fontello' ><\/span>Reglamento Estudiantil<\/div><div id='tab-id-1-content' class='tab_content active_tab_content' role='tabpanel' aria-labelledby='tab-id-1-tab' aria-hidden=\"false\"><div class='tab_inner_content invers-color'  itemprop=\"text\" ><p>Ingresa y conoce el documento que plantea los derechos y deberes del estudiante dentro de la instituci\u00f3n y la actividad acad\u00e9mica.<\/p>\n<p><a href=\"https:\/\/cotecnova.edu.co\/wp-content\/uploads\/2025\/09\/Reglamento_Estudiantil_V2.pdf\" target=\"_blank\" rel=\"noopener\">Reglamento estudiantil.<\/a><\/p>\n<\/div><\/div><\/section>\n<section class='av_tab_section av_tab_section av-25cy30-096f10b087bcd3f6093aa8eef264d391'  itemscope=\"itemscope\" itemtype=\"https:\/\/schema.org\/CreativeWork\" ><div id='tab-id-2-tab' class='tab' role='tab' aria-selected=\"false\" tabindex=\"0\" data-fake-id='#tab-id-2' aria-controls='tab-id-2-content'  itemprop=\"headline\" ><span class='tab_icon avia-iconfont avia-font-entypo-fontello' data-av_icon='\ue838' data-av_iconfont='entypo-fontello' ><\/span>Reglamento de Laboratorios<\/div><div id='tab-id-2-content' class='tab_content' role='tabpanel' aria-labelledby='tab-id-2-tab' aria-hidden=\"true\"><div class='tab_inner_content invers-color'  itemprop=\"text\" ><p style=\"text-align: justify;\">Los Medios educativos buscan apoyar el desarrollo del proceso formativo y en nuestra Instituci\u00f3n se han definido lineamientos para su uso.<\/p>\n<p><a href=\"https:\/\/cotecnova.edu.co\/wp-content\/uploads\/2025\/04\/Reglamento-Laboratorios-2025.pdf\" target=\"_blank\" rel=\"noopener\">Acuerdo 005 de 2025 &#8211; Reglamento de Laboratorios<\/a><\/p>\n<\/div><\/div><\/section>\n<section class='av_tab_section av_tab_section av-2rdcbg-ddb360527e863ca4ffd2a6e0147901ca'  itemscope=\"itemscope\" itemtype=\"https:\/\/schema.org\/CreativeWork\" ><div id='tab-id-3-tab' class='tab' role='tab' aria-selected=\"false\" tabindex=\"0\" data-fake-id='#tab-id-3' aria-controls='tab-id-3-content'  itemprop=\"headline\" ><span class='tab_icon avia-iconfont avia-font-entypo-fontello' data-av_icon='\ue84f' data-av_iconfont='entypo-fontello' ><\/span>Reglamento Biblioteca<\/div><div id='tab-id-3-content' class='tab_content' role='tabpanel' aria-labelledby='tab-id-3-tab' aria-hidden=\"true\"><div class='tab_inner_content invers-color'  itemprop=\"text\" ><p style=\"text-align: justify;\">La Biblioteca de la Corporaci\u00f3n de Estudios Tecnol\u00f3gicos del Norte del Valle, cuenta con un reglamento que garantiza el cuidado de los libros y mejora el servicio del pr\u00e9stamo de los mismos.<\/p>\n<p><a href=\"https:\/\/cotecnova.edu.co\/wp-content\/uploads\/2023\/10\/Reglamento-de-Biblioteca.pdf\" target=\"_blank\" rel=\"noopener\">Click aqu\u00ed para ver y descargar el reglamento de la biblioteca.<\/a><\/p>\n<\/div><\/div><\/section>\n<section class='av_tab_section av_tab_section av-iigq0s-d47e7bfab1c956555ea2134ab39b6c6f'  itemscope=\"itemscope\" itemtype=\"https:\/\/schema.org\/CreativeWork\" ><div id='tab-id-4-tab' class='tab' role='tab' aria-selected=\"false\" tabindex=\"0\" data-fake-id='#tab-id-4' aria-controls='tab-id-4-content'  itemprop=\"headline\" ><span class='tab_icon avia-iconfont avia-font-entypo-fontello' data-av_icon='\ue8a5' data-av_iconfont='entypo-fontello' ><\/span>Reglamento de cr\u00e9dito<\/div><div id='tab-id-4-content' class='tab_content' role='tabpanel' aria-labelledby='tab-id-4-tab' aria-hidden=\"true\"><div class='tab_inner_content invers-color'  itemprop=\"text\" ><p>Ingresa y Conoce el documento reglamentario del proceso de cr\u00e9dito interno.<\/p>\n<p><a href=\"https:\/\/www.cotecnova.edu.co\/wp-content\/uploads\/2017\/07\/Acuerdo_No_5_Regl_credito.pdf\" target=\"_blank\" rel=\"noopener noreferrer\">Reglamento Cr\u00e9dito Interno<\/a><\/p>\n<\/div><\/div><\/section>\n<section class='av_tab_section av_tab_section av-22eun0-c0e5c3917acfcf47a984a22caac4d1b9'  itemscope=\"itemscope\" itemtype=\"https:\/\/schema.org\/CreativeWork\" ><div id='tab-id-5-tab' class='tab' role='tab' aria-selected=\"false\" tabindex=\"0\" data-fake-id='#tab-id-5' aria-controls='tab-id-5-content'  itemprop=\"headline\" ><span class='tab_icon avia-iconfont avia-font-entypo-fontello' data-av_icon='\ue837' data-av_iconfont='entypo-fontello' ><\/span>Reglamento de Trabajos de Grado<\/div><div id='tab-id-5-content' class='tab_content' role='tabpanel' aria-labelledby='tab-id-5-tab' aria-hidden=\"true\"><div class='tab_inner_content invers-color'  itemprop=\"text\" ><p>Conoce el documento reglamentario para presentaci\u00f3n de Trabajos de Grado: (<a href=\"https:\/\/cotecnova.edu.co\/wp-content\/uploads\/2025\/03\/Reglamento-Trabajos-de-grado-2024.pdf\" target=\"_blank\" rel=\"noopener\">Descargar<\/a>)<\/p>\n<p>Normas de presentaci\u00f3n para trabajos escritos &#8211; Normas APA: (<a href=\"https:\/\/www.cotecnova.edu.co\/wp-content\/uploads\/2021\/10\/GUIA_NORMAS_APA_COTECNOVA_V1.pdf\" target=\"_blank\" rel=\"noopener\">Descargar<\/a>)<\/p>\n<\/div><\/div><\/section>\n<section class='av_tab_section av_tab_section av-gfsr1o-b3f511a0ab38246e77e4ae20893803e7'  itemscope=\"itemscope\" itemtype=\"https:\/\/schema.org\/CreativeWork\" ><div id='tab-id-6-tab' class='tab' role='tab' aria-selected=\"false\" tabindex=\"0\" data-fake-id='#tab-id-6' aria-controls='tab-id-6-content'  itemprop=\"headline\" ><span class='tab_icon avia-iconfont avia-font-entypo-fontello' data-av_icon='\ue84e' data-av_iconfont='entypo-fontello' ><\/span>Reglamento de Propiedad Intelectual <\/div><div id='tab-id-6-content' class='tab_content' role='tabpanel' aria-labelledby='tab-id-6-tab' aria-hidden=\"true\"><div class='tab_inner_content invers-color'  itemprop=\"text\" ><p><a href=\"https:\/\/www.cotecnova.edu.co\/wp-content\/uploads\/2018\/06\/REGLAMENTO-propiedad-intelectual-2015.pdf\">Reglamento de Propiedad Intelectual<\/a><\/p>\n<\/div><\/div><\/section>\n<section class='av_tab_section av_tab_section av-2nogd8-79806e101fd8a1872001ff4e903a17ec'  itemscope=\"itemscope\" itemtype=\"https:\/\/schema.org\/CreativeWork\" ><div id='tab-id-7-tab' class='tab' role='tab' aria-selected=\"false\" tabindex=\"0\" data-fake-id='#tab-id-7' aria-controls='tab-id-7-content'  itemprop=\"headline\" ><span class='tab_icon avia-iconfont avia-font-entypo-fontello' data-av_icon='\ue84d' data-av_iconfont='entypo-fontello' ><\/span>Reglamento Parqueadero<\/div><div id='tab-id-7-content' class='tab_content' role='tabpanel' aria-labelledby='tab-id-7-tab' aria-hidden=\"true\"><div class='tab_inner_content invers-color'  itemprop=\"text\" ><p><a href=\"http:\/\/cotecnova.edu.co\/wp-content\/uploads\/2023\/06\/Resolucion-062-2022-PDF.pdf\">Click aqu\u00ed para ver y descargar el Reglamento del Parqueadero<\/a><\/p>\n<\/div><\/div><\/section>\n<\/div><\/div><div  class='flex_column av-cwxa18-7b6e573bce98c3018d2c518f10435ab0 av_one_full  avia-builder-el-13  el_after_av_one_full  el_before_av_one_full  first flex_column_div  column-top-margin'     ><div  class='tabcontainer av-aehbj0-bb52a253c430fa96b5828c09fec59b2f top_tab  avia-builder-el-14  avia-builder-el-no-sibling '>\n<section class='av_tab_section av_tab_section av-embpng-3e13a5fbbdab136ce5c4b84b97b15fef'  itemscope=\"itemscope\" itemtype=\"https:\/\/schema.org\/CreativeWork\" ><div id='tab-id-8-tab' class='tab active_tab' role='tab' aria-selected=\"true\" tabindex=\"0\" data-fake-id='#tab-id-8' aria-controls='tab-id-8-content'  itemprop=\"headline\" ><span class='tab_icon avia-iconfont avia-font-entypo-fontello' data-av_icon='\ue84d' data-av_iconfont='entypo-fontello' ><\/span>Pol\u00edticas de Bienestar<\/div><div id='tab-id-8-content' class='tab_content active_tab_content' role='tabpanel' aria-labelledby='tab-id-8-tab' aria-hidden=\"false\"><div class='tab_inner_content invers-color'  itemprop=\"text\" ><p style=\"text-align: justify;\">Los espacios que se generan desde Bienestar Institucional, son regulados por los siguientes lineamientos que plantean el debido uso de los mismos:<\/p>\n<p><a href=\"https:\/\/www.cotecnova.edu.co\/wp-content\/uploads\/2022\/12\/Acuerdo-009-2022-Actualizacion-Reg-Bienestar-Institucional.pdf\" target=\"_blank\" rel=\"noopener\">Reglamento de bienestar institucional.<\/a><\/p>\n<p><a href=\"https:\/\/www.cotecnova.edu.co\/wp-content\/uploads\/2021\/06\/Resolucion-No-026-2021.pdf\" target=\"_blank\" rel=\"noopener\">Resoluci\u00f3n 026 de 2021: \u00abPor la cual se actualizan los servicios de Bienestar Institucional\u00bb<\/a><\/p>\n<\/div><\/div><\/section>\n<section class='av_tab_section av_tab_section av-39t4x8-aa9a544b4e90a9893ca3d2bceaf9c662'  itemscope=\"itemscope\" itemtype=\"https:\/\/schema.org\/CreativeWork\" ><div id='tab-id-9-tab' class='tab' role='tab' aria-selected=\"false\" tabindex=\"0\" data-fake-id='#tab-id-9' aria-controls='tab-id-9-content'  itemprop=\"headline\" ><span class='tab_icon avia-iconfont avia-font-entypo-fontello' data-av_icon='\ue837' data-av_iconfont='entypo-fontello' ><\/span>Reglamentos Investigaci\u00f3n<\/div><div id='tab-id-9-content' class='tab_content' role='tabpanel' aria-labelledby='tab-id-9-tab' aria-hidden=\"true\"><div class='tab_inner_content invers-color'  itemprop=\"text\" ><p>Ingresa y conoce los documentos reglamentarios de la Direcci\u00f3n de Investigaciones<\/p>\n<ul>\n<li>Reglamento de Investigaci\u00f3n, Innovaci\u00f3n y Desarrollo (<a href=\"https:\/\/cotecnova.edu.co\/wp-content\/uploads\/2024\/02\/REGLAMENTO-INVESTIGACION-2023.pdf\" target=\"_blank\" rel=\"noopener\">Descargar<\/a>)<\/li>\n<\/ul>\n<\/div><\/div><\/section>\n<section class='av_tab_section av_tab_section av-ae96bg-b73a6efd097abbb0bfcf0f5a1ea87d3c'  itemscope=\"itemscope\" itemtype=\"https:\/\/schema.org\/CreativeWork\" ><div id='tab-id-10-tab' class='tab' role='tab' aria-selected=\"false\" tabindex=\"0\" data-fake-id='#tab-id-10' aria-controls='tab-id-10-content'  itemprop=\"headline\" ><span class='tab_icon avia-iconfont avia-font-entypo-fontello' data-av_icon='\ue80b' data-av_iconfont='entypo-fontello' ><\/span>Estatuto Docente<\/div><div id='tab-id-10-content' class='tab_content' role='tabpanel' aria-labelledby='tab-id-10-tab' aria-hidden=\"true\"><div class='tab_inner_content invers-color'  itemprop=\"text\" ><p style=\"text-align: justify;\">Conoce el Estatuto Docente para identificar los derechos y deberes de los mismos dentro de la instituci\u00f3n y la actividad acad\u00e9mica.<\/p>\n<p><a href=\"https:\/\/www.cotecnova.edu.co\/wp-content\/uploads\/2021\/08\/Acuerdo-013-2021-Actualiz.-Estatuto-Docente.pdf\" target=\"_blank\" rel=\"noopener\">Click aqu\u00ed para ver y descargar el reglamento docente<\/a><\/p>\n<\/div><\/div><\/section>\n<section class='av_tab_section av_tab_section av-9e9y8c-b7853dffc132dd56d953da7090311748'  itemscope=\"itemscope\" itemtype=\"https:\/\/schema.org\/CreativeWork\" ><div id='tab-id-11-tab' class='tab' role='tab' aria-selected=\"false\" tabindex=\"0\" data-fake-id='#tab-id-11' aria-controls='tab-id-11-content'  itemprop=\"headline\" ><span class='tab_icon avia-iconfont avia-font-entypo-fontello' data-av_icon='\ue872' data-av_iconfont='entypo-fontello' ><\/span>Estatuto COTECNOVA<\/div><div id='tab-id-11-content' class='tab_content' role='tabpanel' aria-labelledby='tab-id-11-tab' aria-hidden=\"true\"><div class='tab_inner_content invers-color'  itemprop=\"text\" ><p style=\"text-align: justify;\">El Estatuto General es el reglamento supremo que regula el funcionamiento de la Corporaci\u00f3n de Estudios Tecnol\u00f3gicos del Norte del Valle, en cuyo marco se inscriben las pol\u00edticas acad\u00e9micas, cient\u00edfica e investigativa y de Proyecci\u00f3n Social<\/p>\n<p><a href=\"https:\/\/www.cotecnova.edu.co\/wp-content\/uploads\/2021\/01\/Estatutos-Vigentes-2021.pdf\" target=\"_blank\" rel=\"noopener\">Click aqu\u00ed para ver y descargar el Estatuto General<\/a><\/p>\n<\/div><\/div><\/section>\n<section class='av_tab_section av_tab_section av-83o4zw-2d17621b21de8677dc68d25f35770c0d'  itemscope=\"itemscope\" itemtype=\"https:\/\/schema.org\/CreativeWork\" ><div id='tab-id-12-tab' class='tab' role='tab' aria-selected=\"false\" tabindex=\"0\" data-fake-id='#tab-id-12' aria-controls='tab-id-12-content'  itemprop=\"headline\" >Consejo Directivo<\/div><div id='tab-id-12-content' class='tab_content' role='tabpanel' aria-labelledby='tab-id-12-tab' aria-hidden=\"true\"><div class='tab_inner_content invers-color'  itemprop=\"text\" ><p>Reglamento interno del Consejo Directivo aprobado por acuerdo 008 de 2017.<\/p>\n<p><a href=\"https:\/\/www.cotecnova.edu.co\/wp-content\/uploads\/2017\/08\/Reglamento_Consejo_Directivo.pdf\" target=\"_blank\" rel=\"noopener noreferrer\">Click aqu\u00ed para ver y descargar el reglamento<\/a><\/p>\n<\/div><\/div><\/section>\n<section class='av_tab_section av_tab_section av-58rkss-91d08bc4d2a82da92a6e479ecf9f5d2a'  itemscope=\"itemscope\" itemtype=\"https:\/\/schema.org\/CreativeWork\" ><div id='tab-id-13-tab' class='tab' role='tab' aria-selected=\"false\" tabindex=\"0\" data-fake-id='#tab-id-13' aria-controls='tab-id-13-content'  itemprop=\"headline\" ><span class='tab_icon avia-iconfont avia-font-fontello' data-av_icon='\uee3b' data-av_iconfont='fontello' ><\/span>Pol\u00edticas de Permanencia<\/div><div id='tab-id-13-content' class='tab_content' role='tabpanel' aria-labelledby='tab-id-13-tab' aria-hidden=\"true\"><div class='tab_inner_content invers-color'  itemprop=\"text\" ><ul>\n<li><a href=\"https:\/\/www.cotecnova.edu.co\/wp-content\/uploads\/2021\/06\/Acuerdo-permanencia.pdf\" target=\"_blank\" rel=\"noopener\">Acuerdo No. 005 \u00abPor medio del cual se establecen las pol\u00edticas de permanencia de la Corporaci\u00f3n de Estudios Tecnol\u00f3gicos del Norte del Valle\u00bb.<\/a><\/li>\n<li><a href=\"https:\/\/www.cotecnova.edu.co\/wp-content\/uploads\/2021\/06\/Resolucion-058-17-Lineamientos.pdf\" target=\"_blank\" rel=\"noopener\">Resoluci\u00f3n 058 de 2017 \u00abPor la cual se establecen los lineamientos para la gesti\u00f3n de la permanencia y graduaci\u00f3n de los estudiantes de la Corporaci\u00f3n de Estudios Tecnol\u00f3gicos del Norte del Valle\u00bb<\/a><\/li>\n<\/ul>\n<\/div><\/div><\/section>\n<section class='av_tab_section av_tab_section av-2adufg-d6abaa5e0a2045316d12bd48d875586f'  itemscope=\"itemscope\" itemtype=\"https:\/\/schema.org\/CreativeWork\" ><div id='tab-id-14-tab' class='tab' role='tab' aria-selected=\"false\" tabindex=\"0\" data-fake-id='#tab-id-14' aria-controls='tab-id-14-content'  itemprop=\"headline\" ><span class='tab_icon avia-iconfont avia-font-entypo-fontello' data-av_icon='\ue810' data-av_iconfont='entypo-fontello' ><\/span>PEI<\/div><div id='tab-id-14-content' class='tab_content' role='tabpanel' aria-labelledby='tab-id-14-tab' aria-hidden=\"true\"><div class='tab_inner_content invers-color'  itemprop=\"text\" ><p><a href=\"https:\/\/cotecnova.edu.co\/wp-content\/uploads\/2024\/04\/PEI-2023.pdf\" target=\"_blank\" rel=\"noopener noreferrer\">PROYECTO EDUCATIVO INSTITUCIONAL \u2013 PEI<\/a><\/p>\n<\/div><\/div><\/section>\n<section class='av_tab_section av_tab_section av-98yh8-d6bc6b721cec78536beedb2237c586ee'  itemscope=\"itemscope\" itemtype=\"https:\/\/schema.org\/CreativeWork\" ><div id='tab-id-15-tab' class='tab' role='tab' aria-selected=\"false\" tabindex=\"0\" data-fake-id='#tab-id-15' aria-controls='tab-id-15-content'  itemprop=\"headline\" ><span class='tab_icon avia-iconfont avia-font-entypo-fontello' data-av_icon='\ue84b' data-av_iconfont='entypo-fontello' ><\/span>Directiva de Comunicaci\u00f3n<\/div><div id='tab-id-15-content' class='tab_content' role='tabpanel' aria-labelledby='tab-id-15-tab' aria-hidden=\"true\"><div class='tab_inner_content invers-color'  itemprop=\"text\" ><p><a href=\"https:\/\/www.cotecnova.edu.co\/wp-content\/uploads\/2021\/07\/Resolucion-No.-036-2021.pdf\" target=\"_blank\" rel=\"noopener\">Resoluci\u00f3n No. 036-2021<\/a><\/p>\n<\/div><\/div><\/section>\n<\/div><\/div><\/p>\n\n<style type=\"text\/css\" data-created_by=\"avia_inline_auto\" id=\"style-css-av-365bjw-0233e043fe6491148db65f994e7327c7\">\n.flex_column.av-365bjw-0233e043fe6491148db65f994e7327c7{\nborder-radius:0px 0px 0px 0px;\npadding:0px 0px 0px 0px;\n}\n<\/style>\n<div  class='flex_column av-365bjw-0233e043fe6491148db65f994e7327c7 av_one_full  avia-builder-el-15  el_after_av_one_full  avia-builder-el-last  first flex_column_div av-zero-column-padding  column-top-margin'     ><div  class='tabcontainer av-ld9dupni-3877e9950f1b066ac2f5ad354a102d23 top_tab  avia-builder-el-16  avia-builder-el-no-sibling '>\n<section class='av_tab_section av_tab_section av-2fd11o-1067fef5848cef4ab8eecfc68c9a117c'  itemscope=\"itemscope\" itemtype=\"https:\/\/schema.org\/CreativeWork\" ><div id='tab-id-16-tab' class='tab active_tab' role='tab' aria-selected=\"true\" tabindex=\"0\" data-fake-id='#tab-id-16' aria-controls='tab-id-16-content'  itemprop=\"headline\" ><span class='tab_icon avia-iconfont avia-font-entypo-fontello' data-av_icon='\ue82a' data-av_iconfont='entypo-fontello' ><\/span>Directiva de Seguridad de la Informaci\u00f3n<\/div><div id='tab-id-16-content' class='tab_content active_tab_content' role='tabpanel' aria-labelledby='tab-id-16-tab' aria-hidden=\"false\"><div class='tab_inner_content invers-color'  itemprop=\"text\" ><p><a href=\"http:\/\/www.sigc.appcotecnova.es\/index.php\/sistemasgc\/visor?id_maestro=1657\">Directiva de Seguridad de la Informaci\u00f3n<\/a><\/p>\n<p><a href=\"http:\/\/cotecnova.edu.co\/wp-content\/uploads\/2023\/01\/Uso-del-Correo-Electronico-e-Internet.pdf\">Uso del correo electr\u00f3nico e internet<\/a><\/p>\n<\/div><\/div><\/section>\n<\/div><\/div>\n","protected":false},"excerpt":{"rendered":"","protected":false},"author":2,"featured_media":0,"parent":0,"menu_order":0,"comment_status":"closed","ping_status":"closed","template":"","meta":{"_joinchat":[],"footnotes":""},"class_list":["post-4476","page","type-page","status-publish","hentry"],"nelio_popups_active_popup":"","_links":{"self":[{"href":"https:\/\/cotecnova.edu.co\/index.php\/wp-json\/wp\/v2\/pages\/4476","targetHints":{"allow":["GET"]}}],"collection":[{"href":"https:\/\/cotecnova.edu.co\/index.php\/wp-json\/wp\/v2\/pages"}],"about":[{"href":"https:\/\/cotecnova.edu.co\/index.php\/wp-json\/wp\/v2\/types\/page"}],"author":[{"embeddable":true,"href":"https:\/\/cotecnova.edu.co\/index.php\/wp-json\/wp\/v2\/users\/2"}],"replies":[{"embeddable":true,"href":"https:\/\/cotecnova.edu.co\/index.php\/wp-json\/wp\/v2\/comments?post=4476"}],"version-history":[{"count":52,"href":"https:\/\/cotecnova.edu.co\/index.php\/wp-json\/wp\/v2\/pages\/4476\/revisions"}],"predecessor-version":[{"id":15547,"href":"https:\/\/cotecnova.edu.co\/index.php\/wp-json\/wp\/v2\/pages\/4476\/revisions\/15547"}],"wp:attachment":[{"href":"https:\/\/cotecnova.edu.co\/index.php\/wp-json\/wp\/v2\/media?parent=4476"}],"curies":[{"name":"wp","href":"https:\/\/api.w.org\/{rel}","templated":true}]}}