{"id":4702,"date":"2016-11-09T09:10:20","date_gmt":"2016-11-09T14:10:20","guid":{"rendered":"http:\/\/www.webcotecnova.site\/?page_id=4702"},"modified":"2024-07-25T09:05:57","modified_gmt":"2024-07-25T14:05:57","slug":"library","status":"publish","type":"page","link":"https:\/\/cotecnova.edu.co\/index.php\/library\/","title":{"rendered":"Biblioteca"},"content":{"rendered":"<div id='full_slider_1'  class='avia-fullwidth-slider main_color avia-shadow   avia-builder-el-0  el_before_av_section  avia-builder-el-first   container_wrap fullsize'  ><div  class='avia-slideshow av-1chew3i-67790f932911ee1c42f16b3d03474b5c avia-slideshow-featured av_slideshow_full avia-slide-slider av-slideshow-ui av-control-default av-slideshow-manual av-loop-once av-loop-manual-endless av-default-height-applied   avia-slideshow-1' data-slideshow-options=\"{&quot;animation&quot;:&quot;slide&quot;,&quot;autoplay&quot;:false,&quot;loop_autoplay&quot;:&quot;once&quot;,&quot;interval&quot;:5,&quot;loop_manual&quot;:&quot;manual-endless&quot;,&quot;autoplay_stopper&quot;:false,&quot;noNavigation&quot;:false,&quot;bg_slider&quot;:false,&quot;keep_padding&quot;:false,&quot;hoverpause&quot;:false,&quot;show_slide_delay&quot;:0}\"  itemprop=\"image\" itemscope=\"itemscope\" itemtype=\"https:\/\/schema.org\/ImageObject\" ><ul class='avia-slideshow-inner ' style='padding-bottom: 25.232308791994%;'><li  class='avia-slideshow-slide av-1chew3i-67790f932911ee1c42f16b3d03474b5c__0  av-single-slide slide-1 slide-odd'><div data-rel='slideshow-1' class='avia-slide-wrap '   ><img fetchpriority=\"high\" class=\"wp-image-9066 avia-img-lazy-loading-not-9066\"  src='https:\/\/cotecnova.edu.co\/wp-content\/uploads\/2020\/04\/biblioteca-robin-002.jpg' width='1399' height='353' title='biblioteca robin 002' alt=''  itemprop=\"thumbnailUrl\"   \/><\/div><\/li><\/ul><\/div><\/div>\n\n<style type=\"text\/css\" data-created_by=\"avia_inline_auto\" id=\"style-css-av-192xlj2-b402f10661607662f47c20438782b2ba\">\n.avia-section.av-192xlj2-b402f10661607662f47c20438782b2ba{\nbackground-color:#005c2a;\nbackground-image:unset;\n}\n.avia-section.av-192xlj2-b402f10661607662f47c20438782b2ba .av-extra-border-element .av-extra-border-inner{\nbackground-color:#005c2a;\n}\n<\/style>\n<div id='av_section_1'  class='avia-section av-192xlj2-b402f10661607662f47c20438782b2ba main_color avia-section-small avia-shadow  avia-builder-el-1  el_after_av_slideshow_full  el_before_av_one_fourth  avia-bg-style-scroll av-arrow-down-section av-minimum-height av-minimum-height-custom av-height-custom  container_wrap fullsize'   data-av_minimum_height_px='20'><div class='container av-section-cont-open' style='height:20px'><div class='template-page content  av-content-full alpha units'><div class='post-entry post-entry-type-page post-entry-4702'><div class='entry-content-wrapper clearfix'>\n<div  class='flex_column av-17oeyum-ea11a626674414073cb65794d27a506a av_one_fifth  avia-builder-el-2  el_before_av_one_fifth  avia-builder-el-first  first flex_column_div  '     ><style type=\"text\/css\" data-created_by=\"avia_inline_auto\" id=\"style-css-av-16emy5a-f91afc9e52368063835faa378816ab0b\">\n.av_font_icon.av-16emy5a-f91afc9e52368063835faa378816ab0b{\ncolor:#ffffff;\nborder-color:#ffffff;\n}\n.avia-svg-icon.av-16emy5a-f91afc9e52368063835faa378816ab0b svg:first-child{\nstroke:#ffffff;\nfill:#ffffff;\n}\n.av_font_icon.av-16emy5a-f91afc9e52368063835faa378816ab0b .av-icon-char{\nfont-size:20px;\nline-height:20px;\nwidth:20px;\n}\n<\/style>\n<span  class='av_font_icon av-16emy5a-f91afc9e52368063835faa378816ab0b avia_animate_when_visible av-icon-style-border avia-icon-pos-center avia-iconfont avia-font-entypo-fontello avia-icon-animate'><a href='https:\/\/cotecnova.edu.co\/index.php\/aspirante\/'   class='av-icon-char' data-av_icon='\ue84d' data-av_iconfont='entypo-fontello' aria-hidden=\"false\" data-avia-icon-tooltip=\"&lt;br \/&gt;\nAspirante&lt;br \/&gt;\n\"><\/a><span class='av_icon_caption av-special-font'>Aspirante<\/span><\/span><\/div><div  class='flex_column av-14wwd32-21ca190fd9f5ae892ba7ff58b25d5e9a av_one_fifth  avia-builder-el-4  el_after_av_one_fifth  el_before_av_one_fifth  flex_column_div  '     ><style type=\"text\/css\" data-created_by=\"avia_inline_auto\" id=\"style-css-av-12javfy-caa01117ae7cd4a44fbdffa2232c3035\">\n.av_font_icon.av-12javfy-caa01117ae7cd4a44fbdffa2232c3035{\ncolor:#ffffff;\nborder-color:#ffffff;\n}\n.avia-svg-icon.av-12javfy-caa01117ae7cd4a44fbdffa2232c3035 svg:first-child{\nstroke:#ffffff;\nfill:#ffffff;\n}\n.av_font_icon.av-12javfy-caa01117ae7cd4a44fbdffa2232c3035 .av-icon-char{\nfont-size:20px;\nline-height:20px;\nwidth:20px;\n}\n<\/style>\n<span  class='av_font_icon av-12javfy-caa01117ae7cd4a44fbdffa2232c3035 avia_animate_when_visible av-icon-style-border avia-icon-pos-center avia-iconfont avia-font-entypo-fontello avia-icon-animate'><a href='https:\/\/cotecnova.edu.co\/index.php\/estudiante\/'   class='av-icon-char' data-av_icon='\ue84f' data-av_iconfont='entypo-fontello' aria-hidden=\"false\" data-avia-icon-tooltip=\"&lt;br \/&gt;\nEstudiante&lt;br \/&gt;\n\"><\/a><span class='av_icon_caption av-special-font'>Estudiante<\/span><\/span><\/div><div  class='flex_column av-11q7f3y-ad5fc6c95a6349ed731b71f6c9af3338 av_one_fifth  avia-builder-el-6  el_after_av_one_fifth  el_before_av_one_fifth  flex_column_div  '     ><style type=\"text\/css\" data-created_by=\"avia_inline_auto\" id=\"style-css-av-zqnrce-39592b678e5beed2bdcd9ea3f99a8a1b\">\n.av_font_icon.av-zqnrce-39592b678e5beed2bdcd9ea3f99a8a1b{\ncolor:#ffffff;\nborder-color:#ffffff;\n}\n.avia-svg-icon.av-zqnrce-39592b678e5beed2bdcd9ea3f99a8a1b svg:first-child{\nstroke:#ffffff;\nfill:#ffffff;\n}\n.av_font_icon.av-zqnrce-39592b678e5beed2bdcd9ea3f99a8a1b .av-icon-char{\nfont-size:20px;\nline-height:20px;\nwidth:20px;\n}\n<\/style>\n<span  class='av_font_icon av-zqnrce-39592b678e5beed2bdcd9ea3f99a8a1b avia_animate_when_visible av-icon-style-border avia-icon-pos-center avia-iconfont avia-font-entypo-fontello avia-icon-animate'><a href='https:\/\/cotecnova.edu.co\/index.php\/docente\/'   class='av-icon-char' data-av_icon='\ue80a' data-av_iconfont='entypo-fontello' aria-hidden=\"false\" data-avia-icon-tooltip=\"&lt;br \/&gt;\nDocente&lt;br \/&gt;\n\"><\/a><span class='av_icon_caption av-special-font'>Docente<\/span><\/span><\/div><div  class='flex_column av-xkgwgu-bcc8d671c2684a59902accf1ce4da781 av_one_fifth  avia-builder-el-8  el_after_av_one_fifth  el_before_av_one_fifth  flex_column_div  '     ><style type=\"text\/css\" data-created_by=\"avia_inline_auto\" id=\"style-css-av-w0r5oe-91fe2a91aed294ae009e609cba993ae0\">\n.av_font_icon.av-w0r5oe-91fe2a91aed294ae009e609cba993ae0{\ncolor:#ffffff;\nborder-color:#ffffff;\n}\n.avia-svg-icon.av-w0r5oe-91fe2a91aed294ae009e609cba993ae0 svg:first-child{\nstroke:#ffffff;\nfill:#ffffff;\n}\n.av_font_icon.av-w0r5oe-91fe2a91aed294ae009e609cba993ae0 .av-icon-char{\nfont-size:20px;\nline-height:20px;\nwidth:20px;\n}\n<\/style>\n<span  class='av_font_icon av-w0r5oe-91fe2a91aed294ae009e609cba993ae0 avia_animate_when_visible av-icon-style-border avia-icon-pos-center avia-iconfont avia-font-entypo-fontello avia-icon-animate'><a href='https:\/\/cotecnova.edu.co\/index.php\/egresado\/'   class='av-icon-char' data-av_icon='\ue8c9' data-av_iconfont='entypo-fontello' aria-hidden=\"false\" data-avia-icon-tooltip=\"&lt;br \/&gt;\nEgresado&lt;br \/&gt;\n\"><\/a><span class='av_icon_caption av-special-font'>Egresado<\/span><\/span><\/div><div  class='flex_column av-u8mce6-47c3bd5c82aad61116504a1f7cd6b0dd av_one_fifth  avia-builder-el-10  el_after_av_one_fifth  avia-builder-el-last  flex_column_div  '     ><style type=\"text\/css\" data-created_by=\"avia_inline_auto\" id=\"style-css-av-sc7mzi-3ae50ee3e630cb5f21697aed0b8d9889\">\n.av_font_icon.av-sc7mzi-3ae50ee3e630cb5f21697aed0b8d9889{\ncolor:#ffffff;\nborder-color:#ffffff;\n}\n.avia-svg-icon.av-sc7mzi-3ae50ee3e630cb5f21697aed0b8d9889 svg:first-child{\nstroke:#ffffff;\nfill:#ffffff;\n}\n.av_font_icon.av-sc7mzi-3ae50ee3e630cb5f21697aed0b8d9889 .av-icon-char{\nfont-size:20px;\nline-height:20px;\nwidth:20px;\n}\n<\/style>\n<span  class='av_font_icon av-sc7mzi-3ae50ee3e630cb5f21697aed0b8d9889 avia_animate_when_visible av-icon-style-border avia-icon-pos-center avia-iconfont avia-font-entypo-fontello avia-icon-animate'><a href='https:\/\/cotecnova.edu.co\/index.php\/acudiente\/'   class='av-icon-char' data-av_icon='\ue80b' data-av_iconfont='entypo-fontello' aria-hidden=\"false\" data-avia-icon-tooltip=\"&lt;br \/&gt;\nAcudiente&lt;br \/&gt;\n\"><\/a><span class='av_icon_caption av-special-font'>Acudiente<\/span><\/span><\/div>\n<\/div><\/div><\/div><!-- close content main div --><\/div><div class='av-extra-border-element border-extra-arrow-down'><div class='av-extra-border-outer'><div class='av-extra-border-inner'><\/div><\/div><\/div><\/div><div id='after_section_1'  class='main_color av_default_container_wrap container_wrap fullsize'  ><div class='container av-section-cont-open' ><div class='template-page content  av-content-full alpha units'><div class='post-entry post-entry-type-page post-entry-4702'><div class='entry-content-wrapper clearfix'>\n<div  class='flex_column av-s1u9mm-0309ad66c5eb7cf77c778a826748bb5f av_one_fourth  avia-builder-el-12  el_after_av_section  el_before_av_two_fifth  avia-builder-el-first  first flex_column_div  '     ><style type=\"text\/css\" data-created_by=\"avia_inline_auto\" id=\"style-css-av-p85n7y-b3bf553d23460d1997c5c7e30196f879\">\n#top .avia-icon-list-container.av-p85n7y-b3bf553d23460d1997c5c7e30196f879 .iconlist_icon{\ncolor:#ffffff;\nbackground-color:#005c2a;\nborder:1px solid #000000;\n}\n#top .avia-icon-list-container.av-p85n7y-b3bf553d23460d1997c5c7e30196f879 .iconlist_icon svg:first-child{\nstroke:#ffffff;\nfill:#ffffff;\n}\n<\/style>\n<div  class='avia-icon-list-container av-p85n7y-b3bf553d23460d1997c5c7e30196f879  avia-builder-el-13  avia-builder-el-no-sibling '><ul class='avia-icon-list avia_animate_when_almost_visible avia-icon-list-left av-iconlist-big av-p85n7y-b3bf553d23460d1997c5c7e30196f879 avia-iconlist-animate'>\n<li><a href='http:\/\/www.libros.appcotecnova.es\/opac\/index.php' title='Consulta Bibliogr\u00e1fica'  target=\"_blank\"  rel=\"noopener noreferrer\" class='iconlist_icon av-2kqsj2-c25564956dffb422a7d364d28e093440 avia-font-entypo-fontello avia-iconfont avia-font-entypo-fontello'><span class='av-icon-char' data-av_icon='\ue858' data-av_iconfont='entypo-fontello' aria-hidden=\"true\"><\/span><\/a><article class=\"article-icon-entry av-iconlist-empty\"  itemscope=\"itemscope\" itemtype=\"https:\/\/schema.org\/CreativeWork\" ><div class=\"iconlist_content_wrap\"><header class=\"entry-content-header\" aria-label=\"Icon: &lt;a href=&#039;http:\/\/www.libros.appcotecnova.es\/opac\/index.php&#039; title=&#039;Consulta Bibliogr\u00e1fica&#039; target=&quot;_blank&quot;  rel=&quot;noopener noreferrer&quot;&gt;Consulta Bibliogr\u00e1fica&lt;\/a&gt;\"><h4 class='av_iconlist_title iconlist_title  '  itemprop=\"headline\" ><a href='http:\/\/www.libros.appcotecnova.es\/opac\/index.php' title='Consulta Bibliogr\u00e1fica' target=\"_blank\"  rel=\"noopener noreferrer\">Consulta Bibliogr\u00e1fica<\/a><\/h4><\/header><div class='iconlist_content '  itemprop=\"text\" ><\/div><\/div><footer class=\"entry-footer\"><\/footer><\/article><div class=\"iconlist-timeline\"><\/div><\/li>\n<li><a href='https:\/\/www.catalogodigital.appcotecnova.es\/' title='Cat\u00e1logo de Trabajos de Grado'  class='iconlist_icon av-av_iconlist_item-e69f6e820a1818a835788cdde83c7bfa avia-font-entypo-fontello avia-iconfont avia-font-entypo-fontello'><span class='av-icon-char' data-av_icon='\ue84f' data-av_iconfont='entypo-fontello' aria-hidden=\"true\"><\/span><\/a><article class=\"article-icon-entry av-iconlist-empty\"  itemscope=\"itemscope\" itemtype=\"https:\/\/schema.org\/CreativeWork\" ><div class=\"iconlist_content_wrap\"><header class=\"entry-content-header\" aria-label=\"Icon: &lt;a href=&#039;https:\/\/www.catalogodigital.appcotecnova.es\/&#039; title=&#039;Cat\u00e1logo de Trabajos de Grado&#039;&gt;Cat\u00e1logo de Trabajos de Grado&lt;\/a&gt;\"><h4 class='av_iconlist_title iconlist_title  '  itemprop=\"headline\" ><a href='https:\/\/www.catalogodigital.appcotecnova.es\/' title='Cat\u00e1logo de Trabajos de Grado'>Cat\u00e1logo de Trabajos de Grado<\/a><\/h4><\/header><div class='iconlist_content '  itemprop=\"text\" ><\/div><\/div><footer class=\"entry-footer\"><\/footer><\/article><div class=\"iconlist-timeline\"><\/div><\/li>\n<li><a href='https:\/\/cotecnova.edu.co\/index.php\/bibliotecas-virtuales\/' title='Bibliotecas Virtuales'  class='iconlist_icon av-iji8i6-32fe454746488ac5ff8cefc356a8fbf7 avia-font-entypo-fontello avia-iconfont avia-font-entypo-fontello'><span class='av-icon-char' data-av_icon='\ue851' data-av_iconfont='entypo-fontello' aria-hidden=\"true\"><\/span><\/a><article class=\"article-icon-entry av-iconlist-empty\"  itemscope=\"itemscope\" itemtype=\"https:\/\/schema.org\/CreativeWork\" ><div class=\"iconlist_content_wrap\"><header class=\"entry-content-header\" aria-label=\"Icon: &lt;a href=&#039;https:\/\/cotecnova.edu.co\/index.php\/bibliotecas-virtuales\/&#039; title=&#039;Bibliotecas Virtuales&#039;&gt;Bibliotecas Virtuales&lt;\/a&gt;\"><h4 class='av_iconlist_title iconlist_title  '  itemprop=\"headline\" ><a href='https:\/\/cotecnova.edu.co\/index.php\/bibliotecas-virtuales\/' title='Bibliotecas Virtuales'>Bibliotecas Virtuales<\/a><\/h4><\/header><div class='iconlist_content '  itemprop=\"text\" ><\/div><\/div><footer class=\"entry-footer\"><\/footer><\/article><div class=\"iconlist-timeline\"><\/div><\/li>\n<li><a href='https:\/\/cotecnova.edu.co\/index.php\/buscadores\/' title='Buscadores'  class='iconlist_icon av-hxnmlq-1b9108c2a9867042721c3b93f374b327 avia-font-fontello avia-iconfont avia-font-fontello'><span class='av-icon-char' data-av_icon='\uee2f' data-av_iconfont='fontello' aria-hidden=\"true\"><\/span><\/a><article class=\"article-icon-entry av-iconlist-empty\"  itemscope=\"itemscope\" itemtype=\"https:\/\/schema.org\/CreativeWork\" ><div class=\"iconlist_content_wrap\"><header class=\"entry-content-header\" aria-label=\"Icon: &lt;a href=&#039;https:\/\/cotecnova.edu.co\/index.php\/buscadores\/&#039; title=&#039;Buscadores&#039;&gt;Buscadores&lt;\/a&gt;\"><h4 class='av_iconlist_title iconlist_title  '  itemprop=\"headline\" ><a href='https:\/\/cotecnova.edu.co\/index.php\/buscadores\/' title='Buscadores'>Buscadores<\/a><\/h4><\/header><div class='iconlist_content '  itemprop=\"text\" ><\/div><\/div><footer class=\"entry-footer\"><\/footer><\/article><div class=\"iconlist-timeline\"><\/div><\/li>\n<\/ul><\/div><\/div>\n<style type=\"text\/css\" data-created_by=\"avia_inline_auto\" id=\"style-css-av-fx4tem-86b4d994b96ab5f8f4d02c4ad74cdd0e\">\n.flex_column.av-fx4tem-86b4d994b96ab5f8f4d02c4ad74cdd0e{\nborder-radius:0px 0px 0px 0px;\npadding:0px 0px 0px 0px;\n}\n<\/style>\n<div  class='flex_column av-fx4tem-86b4d994b96ab5f8f4d02c4ad74cdd0e av_two_fifth  avia-builder-el-14  el_after_av_one_fourth  el_before_av_one_fourth  flex_column_div av-zero-column-padding  '     ><p>\n<style type=\"text\/css\" data-created_by=\"avia_inline_auto\" id=\"style-css-av-dldk0u-21563b1e4657d1c272de7383b7f864fd\">\n#top .av-special-heading.av-dldk0u-21563b1e4657d1c272de7383b7f864fd{\npadding-bottom:10px;\n}\nbody .av-special-heading.av-dldk0u-21563b1e4657d1c272de7383b7f864fd .av-special-heading-tag .heading-char{\nfont-size:25px;\n}\n.av-special-heading.av-dldk0u-21563b1e4657d1c272de7383b7f864fd .av-subheading{\nfont-size:15px;\n}\n<\/style>\n<div  class='av-special-heading av-dldk0u-21563b1e4657d1c272de7383b7f864fd av-special-heading-h3 blockquote modern-quote  avia-builder-el-15  el_before_av_textblock  avia-builder-el-first '><h3 class='av-special-heading-tag '  itemprop=\"headline\"  >Biblioteca Digital<\/h3><div class=\"special-heading-border\"><div class=\"special-heading-inner-border\"><\/div><\/div><\/div><br \/>\n<section  class='av_textblock_section av-cz1dem-3d5006ffeda73b8099401e30cd4216bb '   itemscope=\"itemscope\" itemtype=\"https:\/\/schema.org\/CreativeWork\" ><div class='avia_textblock'  itemprop=\"text\" ><p style=\"text-align: justify;\">La biblioteca Digital de la Corporaci\u00f3n de Estudios Tecnol\u00f3gicos del Norte del Valle es un proyecto institucional Online que pretende poner a disposici\u00f3n de la comunidad estudiantil, de la ciudad y de la regi\u00f3n la recopilaci\u00f3n de material bibliogr\u00e1fico digital generado, recopilado\u00a0 y referenciado \u00a0por los docentes y estudiantes, adem\u00e1s de otros obtenidos de fuentes digitales a trav\u00e9s de Internet, el prop\u00f3sito de este es servir como medio de consulta y direccionamiento a contenidos relacionados con \u00e1reas de formaci\u00f3n , contribuyendo a enriquecer la formaci\u00f3n educativa de los estudiantes y de los diferentes centros educativos de la ciudad y la regi\u00f3n; sin desconocer la autor\u00eda y propiedad intelectual de dicho material.<\/p>\n<\/div><\/section><br \/>\n<section  class='av_textblock_section av-apu9xa-17564b4a168338c5d46194dfcce2bdea '   itemscope=\"itemscope\" itemtype=\"https:\/\/schema.org\/CreativeWork\" ><div class='avia_textblock'  itemprop=\"text\" ><h3 style=\"text-align: center;\"><strong>Horarios de Atenci\u00f3n<\/strong><\/h3>\n<p><strong>Lunes a viernes: \u00a0<\/strong>8:30 a.m a 12:00 a.m &#8211; 4.00 p.m a 8:30 p.m.<\/p>\n<p><strong>S\u00e1bados: \u00a0<\/strong>8:00 a.m a 12.00 a.m.<\/p>\n<\/div><\/section><br \/>\n\n<style type=\"text\/css\" data-created_by=\"avia_inline_auto\" id=\"style-css-av-9d3awu-04503d733f657845412ab73ccc6607ef\">\n.avia-image-container.av-9d3awu-04503d733f657845412ab73ccc6607ef img.avia_image{\nbox-shadow:none;\n}\n.avia-image-container.av-9d3awu-04503d733f657845412ab73ccc6607ef .av-image-caption-overlay-center{\ncolor:#ffffff;\n}\n<\/style>\n<div  class='avia-image-container av-9d3awu-04503d733f657845412ab73ccc6607ef av-styling- avia-align-center  avia-builder-el-18  el_after_av_textblock  avia-builder-el-last '   itemprop=\"image\" itemscope=\"itemscope\" itemtype=\"https:\/\/schema.org\/ImageObject\" ><div class=\"avia-image-container-inner\"><div class=\"avia-image-overlay-wrap\"><img fetchpriority=\"high\" class='wp-image-6559 avia-img-lazy-loading-not-6559 avia_image ' src='https:\/\/cotecnova.edu.co\/wp-content\/uploads\/2018\/05\/Bib_digt-300x300.png' alt='' title='Bib_digt'  height=\"300\" width=\"300\"  itemprop=\"thumbnailUrl\"  \/><\/div><\/div><\/div><\/p><\/div><\/p>\n\n<style type=\"text\/css\" data-created_by=\"avia_inline_auto\" id=\"style-css-av-7gxlku-b2c749b4f14ef8048dd46cc8d2e16c60\">\n.flex_column.av-7gxlku-b2c749b4f14ef8048dd46cc8d2e16c60{\nborder-radius:0px 0px 0px 0px;\npadding:0px 0px 0px 0px;\n}\n<\/style>\n<div  class='flex_column av-7gxlku-b2c749b4f14ef8048dd46cc8d2e16c60 av_one_fourth  avia-builder-el-19  el_after_av_two_fifth  avia-builder-el-last  flex_column_div av-zero-column-padding  '     ><style type=\"text\/css\" data-created_by=\"avia_inline_auto\" id=\"style-css-av-lb7da-64ea383abc93b582ee13f673bdc98441\">\n#top .avia-icon-list-container.av-lb7da-64ea383abc93b582ee13f673bdc98441 .iconlist_icon{\ncolor:#ffffff;\nbackground-color:#005c2a;\nborder:1px solid #000000;\n}\n#top .avia-icon-list-container.av-lb7da-64ea383abc93b582ee13f673bdc98441 .iconlist_icon svg:first-child{\nstroke:#ffffff;\nfill:#ffffff;\n}\n<\/style>\n<div  class='avia-icon-list-container av-lb7da-64ea383abc93b582ee13f673bdc98441  avia-builder-el-20  avia-builder-el-no-sibling '><ul class='avia-icon-list avia_animate_when_almost_visible avia-icon-list-left av-iconlist-big av-lb7da-64ea383abc93b582ee13f673bdc98441 avia-iconlist-animate'>\n<li><a href='https:\/\/cotecnova.edu.co\/index.php\/new-books\/' title='Libros Nuevos'  class='iconlist_icon av-3spfu6-9a41755dd3be4138ef878d85d59e4ddc avia-font-entypo-fontello avia-iconfont avia-font-entypo-fontello'><span class='av-icon-char' data-av_icon='\ue84f' data-av_iconfont='entypo-fontello' aria-hidden=\"true\"><\/span><\/a><article class=\"article-icon-entry av-iconlist-empty\"  itemscope=\"itemscope\" itemtype=\"https:\/\/schema.org\/CreativeWork\" ><div class=\"iconlist_content_wrap\"><header class=\"entry-content-header\" aria-label=\"Icon: &lt;a href=&#039;https:\/\/cotecnova.edu.co\/index.php\/new-books\/&#039; title=&#039;Libros Nuevos&#039;&gt;Libros Nuevos&lt;\/a&gt;\"><h4 class='av_iconlist_title iconlist_title  '  itemprop=\"headline\" ><a href='https:\/\/cotecnova.edu.co\/index.php\/new-books\/' title='Libros Nuevos'>Libros Nuevos<\/a><\/h4><\/header><div class='iconlist_content '  itemprop=\"text\" ><\/div><\/div><footer class=\"entry-footer\"><\/footer><\/article><div class=\"iconlist-timeline\"><\/div><\/li>\n<li><a href='https:\/\/cotecnova.edu.co\/wp-content\/uploads\/2023\/10\/Reglamento-de-Biblioteca.pdf' title='Reglamento'  target=\"_blank\"  rel=\"noopener noreferrer\" class='iconlist_icon av-36nrb2-162f6bb4c89747677a4fcb9c531d0078 avia-font-entypo-fontello avia-iconfont avia-font-entypo-fontello'><span class='av-icon-char' data-av_icon='\ue84d' data-av_iconfont='entypo-fontello' aria-hidden=\"true\"><\/span><\/a><article class=\"article-icon-entry av-iconlist-empty\"  itemscope=\"itemscope\" itemtype=\"https:\/\/schema.org\/CreativeWork\" ><div class=\"iconlist_content_wrap\"><header class=\"entry-content-header\" aria-label=\"Icon: &lt;a href=&#039;https:\/\/cotecnova.edu.co\/wp-content\/uploads\/2023\/10\/Reglamento-de-Biblioteca.pdf&#039; title=&#039;Reglamento&#039; target=&quot;_blank&quot;  rel=&quot;noopener noreferrer&quot;&gt;Reglamento&lt;\/a&gt;\"><h4 class='av_iconlist_title iconlist_title  '  itemprop=\"headline\" ><a href='https:\/\/cotecnova.edu.co\/wp-content\/uploads\/2023\/10\/Reglamento-de-Biblioteca.pdf' title='Reglamento' target=\"_blank\"  rel=\"noopener noreferrer\">Reglamento<\/a><\/h4><\/header><div class='iconlist_content '  itemprop=\"text\" ><\/div><\/div><footer class=\"entry-footer\"><\/footer><\/article><div class=\"iconlist-timeline\"><\/div><\/li>\n<\/ul><\/div><\/div>\n","protected":false},"excerpt":{"rendered":"","protected":false},"author":2,"featured_media":0,"parent":0,"menu_order":0,"comment_status":"closed","ping_status":"closed","template":"","meta":{"_joinchat":[],"footnotes":""},"class_list":["post-4702","page","type-page","status-publish","hentry"],"nelio_popups_active_popup":"","_links":{"self":[{"href":"https:\/\/cotecnova.edu.co\/index.php\/wp-json\/wp\/v2\/pages\/4702","targetHints":{"allow":["GET"]}}],"collection":[{"href":"https:\/\/cotecnova.edu.co\/index.php\/wp-json\/wp\/v2\/pages"}],"about":[{"href":"https:\/\/cotecnova.edu.co\/index.php\/wp-json\/wp\/v2\/types\/page"}],"author":[{"embeddable":true,"href":"https:\/\/cotecnova.edu.co\/index.php\/wp-json\/wp\/v2\/users\/2"}],"replies":[{"embeddable":true,"href":"https:\/\/cotecnova.edu.co\/index.php\/wp-json\/wp\/v2\/comments?post=4702"}],"version-history":[{"count":47,"href":"https:\/\/cotecnova.edu.co\/index.php\/wp-json\/wp\/v2\/pages\/4702\/revisions"}],"predecessor-version":[{"id":14600,"href":"https:\/\/cotecnova.edu.co\/index.php\/wp-json\/wp\/v2\/pages\/4702\/revisions\/14600"}],"wp:attachment":[{"href":"https:\/\/cotecnova.edu.co\/index.php\/wp-json\/wp\/v2\/media?parent=4702"}],"curies":[{"name":"wp","href":"https:\/\/api.w.org\/{rel}","templated":true}]}}