{"id":4910,"date":"2016-11-11T17:12:29","date_gmt":"2016-11-11T22:12:29","guid":{"rendered":"http:\/\/www.webcotecnova.site\/?page_id=4910"},"modified":"2020-08-28T09:13:18","modified_gmt":"2020-08-28T14:13:18","slug":"buscadores","status":"publish","type":"page","link":"https:\/\/cotecnova.edu.co\/index.php\/buscadores\/","title":{"rendered":"Buscadores"},"content":{"rendered":"<div id='full_slider_1'  class='avia-fullwidth-slider main_color avia-shadow   avia-builder-el-0  el_before_av_section  avia-builder-el-first   container_wrap fullsize'  ><div  class='avia-slideshow av-tctl4u-789f3e0110ee76ce32cc5090e73001f2 avia-slideshow-featured av_slideshow_full avia-slide-slider av-slideshow-ui av-control-default av-slideshow-manual av-loop-once av-loop-manual-endless av-default-height-applied   avia-slideshow-1' data-slideshow-options=\"{&quot;animation&quot;:&quot;slide&quot;,&quot;autoplay&quot;:false,&quot;loop_autoplay&quot;:&quot;once&quot;,&quot;interval&quot;:5,&quot;loop_manual&quot;:&quot;manual-endless&quot;,&quot;autoplay_stopper&quot;:false,&quot;noNavigation&quot;:false,&quot;bg_slider&quot;:false,&quot;keep_padding&quot;:false,&quot;hoverpause&quot;:false,&quot;show_slide_delay&quot;:0}\"  itemprop=\"image\" itemscope=\"itemscope\" itemtype=\"https:\/\/schema.org\/ImageObject\" ><ul class='avia-slideshow-inner ' style='padding-bottom: 25.232308791994%;'><li  class='avia-slideshow-slide av-tctl4u-789f3e0110ee76ce32cc5090e73001f2__0  av-single-slide slide-1 slide-odd'><div data-rel='slideshow-1' class='avia-slide-wrap '   ><img fetchpriority=\"high\" class=\"wp-image-9066 avia-img-lazy-loading-not-9066\"  src='https:\/\/cotecnova.edu.co\/wp-content\/uploads\/2020\/04\/biblioteca-robin-002.jpg' width='1399' height='353' title='biblioteca robin 002' alt=''  itemprop=\"thumbnailUrl\"   \/><\/div><\/li><\/ul><\/div><\/div>\n\n<style type=\"text\/css\" data-created_by=\"avia_inline_auto\" id=\"style-css-av-pz9q9q-06febac9d63811b403bcb4f9f68e88df\">\n.avia-section.av-pz9q9q-06febac9d63811b403bcb4f9f68e88df{\nbackground-color:#005c2a;\nbackground-image:unset;\n}\n.avia-section.av-pz9q9q-06febac9d63811b403bcb4f9f68e88df .av-extra-border-element .av-extra-border-inner{\nbackground-color:#005c2a;\n}\n<\/style>\n<div id='av_section_1'  class='avia-section av-pz9q9q-06febac9d63811b403bcb4f9f68e88df main_color avia-section-small avia-shadow  avia-builder-el-1  el_after_av_slideshow_full  el_before_av_one_full  avia-bg-style-scroll av-arrow-down-section av-minimum-height av-minimum-height-custom av-height-custom  container_wrap fullsize'   data-av_minimum_height_px='20'><div class='container av-section-cont-open' style='height:20px'><div class='template-page content  av-content-full alpha units'><div class='post-entry post-entry-type-page post-entry-4910'><div class='entry-content-wrapper clearfix'>\n<div  class='flex_column av-ocgj4u-67927b90db97c134ab83c6ff6073ba4a av_one_fifth  avia-builder-el-2  el_before_av_one_fifth  avia-builder-el-first  first flex_column_div  '     ><style type=\"text\/css\" data-created_by=\"avia_inline_auto\" id=\"style-css-av-mbhfim-0895f4fbe05d55dd26d0f53fce480a5d\">\n.av_font_icon.av-mbhfim-0895f4fbe05d55dd26d0f53fce480a5d{\ncolor:#ffffff;\nborder-color:#ffffff;\n}\n.avia-svg-icon.av-mbhfim-0895f4fbe05d55dd26d0f53fce480a5d svg:first-child{\nstroke:#ffffff;\nfill:#ffffff;\n}\n.av_font_icon.av-mbhfim-0895f4fbe05d55dd26d0f53fce480a5d .av-icon-char{\nfont-size:20px;\nline-height:20px;\nwidth:20px;\n}\n<\/style>\n<span  class='av_font_icon av-mbhfim-0895f4fbe05d55dd26d0f53fce480a5d avia_animate_when_visible av-icon-style-border avia-icon-pos-center avia-iconfont avia-font-entypo-fontello avia-icon-animate'><a href='https:\/\/cotecnova.edu.co\/index.php\/aspirante\/'   class='av-icon-char' data-av_icon='\ue84d' data-av_iconfont='entypo-fontello' aria-hidden=\"false\" data-avia-icon-tooltip=\"&lt;br \/&gt;\nAspirante&lt;br \/&gt;\n\"><\/a><span class='av_icon_caption av-special-font'>Aspirante<\/span><\/span><\/div><div  class='flex_column av-lg613i-bb66e300422871f34d75f7846934f646 av_one_fifth  avia-builder-el-4  el_after_av_one_fifth  el_before_av_one_fifth  flex_column_div  '     ><style type=\"text\/css\" data-created_by=\"avia_inline_auto\" id=\"style-css-av-jsy1jy-5a5367046df8d4ea0365352928dfdc74\">\n.av_font_icon.av-jsy1jy-5a5367046df8d4ea0365352928dfdc74{\ncolor:#ffffff;\nborder-color:#ffffff;\n}\n.avia-svg-icon.av-jsy1jy-5a5367046df8d4ea0365352928dfdc74 svg:first-child{\nstroke:#ffffff;\nfill:#ffffff;\n}\n.av_font_icon.av-jsy1jy-5a5367046df8d4ea0365352928dfdc74 .av-icon-char{\nfont-size:20px;\nline-height:20px;\nwidth:20px;\n}\n<\/style>\n<span  class='av_font_icon av-jsy1jy-5a5367046df8d4ea0365352928dfdc74 avia_animate_when_visible av-icon-style-border avia-icon-pos-center avia-iconfont avia-font-entypo-fontello avia-icon-animate'><a href='https:\/\/cotecnova.edu.co\/index.php\/estudiante\/'   class='av-icon-char' data-av_icon='\ue84f' data-av_iconfont='entypo-fontello' aria-hidden=\"false\" data-avia-icon-tooltip=\"&lt;br \/&gt;\nEstudiante&lt;br \/&gt;\n\"><\/a><span class='av_icon_caption av-special-font'>Estudiante<\/span><\/span><\/div><div  class='flex_column av-h7ykam-dc80007f6fc0d5064aa0ef5d2641c7dd av_one_fifth  avia-builder-el-6  el_after_av_one_fifth  el_before_av_one_fifth  flex_column_div  '     ><style type=\"text\/css\" data-created_by=\"avia_inline_auto\" id=\"style-css-av-g5sgpa-eccc7b549401d04d7c05575a4901f685\">\n.av_font_icon.av-g5sgpa-eccc7b549401d04d7c05575a4901f685{\ncolor:#ffffff;\nborder-color:#ffffff;\n}\n.avia-svg-icon.av-g5sgpa-eccc7b549401d04d7c05575a4901f685 svg:first-child{\nstroke:#ffffff;\nfill:#ffffff;\n}\n.av_font_icon.av-g5sgpa-eccc7b549401d04d7c05575a4901f685 .av-icon-char{\nfont-size:20px;\nline-height:20px;\nwidth:20px;\n}\n<\/style>\n<span  class='av_font_icon av-g5sgpa-eccc7b549401d04d7c05575a4901f685 avia_animate_when_visible av-icon-style-border avia-icon-pos-center avia-iconfont avia-font-entypo-fontello avia-icon-animate'><a href='https:\/\/cotecnova.edu.co\/index.php\/docente\/'   class='av-icon-char' data-av_icon='\ue80a' data-av_iconfont='entypo-fontello' aria-hidden=\"false\" data-avia-icon-tooltip=\"&lt;br \/&gt;\nDocente&lt;br \/&gt;\n\"><\/a><span class='av_icon_caption av-special-font'>Docente<\/span><\/span><\/div><div  class='flex_column av-dpst7i-0ee99ad094ffa9e041e78830065176de av_one_fifth  avia-builder-el-8  el_after_av_one_fifth  el_before_av_one_fifth  flex_column_div  '     ><style type=\"text\/css\" data-created_by=\"avia_inline_auto\" id=\"style-css-av-cu5u4e-f9e9a05efe458244933deb00fd033384\">\n.av_font_icon.av-cu5u4e-f9e9a05efe458244933deb00fd033384{\ncolor:#ffffff;\nborder-color:#ffffff;\n}\n.avia-svg-icon.av-cu5u4e-f9e9a05efe458244933deb00fd033384 svg:first-child{\nstroke:#ffffff;\nfill:#ffffff;\n}\n.av_font_icon.av-cu5u4e-f9e9a05efe458244933deb00fd033384 .av-icon-char{\nfont-size:20px;\nline-height:20px;\nwidth:20px;\n}\n<\/style>\n<span  class='av_font_icon av-cu5u4e-f9e9a05efe458244933deb00fd033384 avia_animate_when_visible av-icon-style-border avia-icon-pos-center avia-iconfont avia-font-entypo-fontello avia-icon-animate'><a href='https:\/\/cotecnova.edu.co\/index.php\/egresado\/'   class='av-icon-char' data-av_icon='\ue8c9' data-av_iconfont='entypo-fontello' aria-hidden=\"false\" data-avia-icon-tooltip=\"&lt;br \/&gt;\nEgresado&lt;br \/&gt;\n\"><\/a><span class='av_icon_caption av-special-font'>Egresado<\/span><\/span><\/div><div  class='flex_column av-bh4kqm-f600e45890a26d19a3e5645174739e77 av_one_fifth  avia-builder-el-10  el_after_av_one_fifth  avia-builder-el-last  flex_column_div  '     ><style type=\"text\/css\" data-created_by=\"avia_inline_auto\" id=\"style-css-av-8u17zy-07b61cb5fa91878bf6321e5c57dd28b5\">\n.av_font_icon.av-8u17zy-07b61cb5fa91878bf6321e5c57dd28b5{\ncolor:#ffffff;\nborder-color:#ffffff;\n}\n.avia-svg-icon.av-8u17zy-07b61cb5fa91878bf6321e5c57dd28b5 svg:first-child{\nstroke:#ffffff;\nfill:#ffffff;\n}\n.av_font_icon.av-8u17zy-07b61cb5fa91878bf6321e5c57dd28b5 .av-icon-char{\nfont-size:20px;\nline-height:20px;\nwidth:20px;\n}\n<\/style>\n<span  class='av_font_icon av-8u17zy-07b61cb5fa91878bf6321e5c57dd28b5 avia_animate_when_visible av-icon-style-border avia-icon-pos-center avia-iconfont avia-font-entypo-fontello avia-icon-animate'><a href='https:\/\/cotecnova.edu.co\/index.php\/acudiente\/'   class='av-icon-char' data-av_icon='\ue80b' data-av_iconfont='entypo-fontello' aria-hidden=\"false\" data-avia-icon-tooltip=\"&lt;br \/&gt;\nAcudiente&lt;br \/&gt;\n\"><\/a><span class='av_icon_caption av-special-font'>Acudiente<\/span><\/span><\/div>\n<\/div><\/div><\/div><!-- close content main div --><\/div><div class='av-extra-border-element border-extra-arrow-down'><div class='av-extra-border-outer'><div class='av-extra-border-inner'><\/div><\/div><\/div><\/div><div id='after_section_1'  class='main_color av_default_container_wrap container_wrap fullsize'  ><div class='container av-section-cont-open' ><div class='template-page content  av-content-full alpha units'><div class='post-entry post-entry-type-page post-entry-4910'><div class='entry-content-wrapper clearfix'>\n<div  class='flex_column av-7ko7f2-be2f0d9ab9d9a7e30cfcdc443fbc4dde av_one_full  avia-builder-el-12  el_after_av_section  el_before_av_one_full  avia-builder-el-first  first flex_column_div  '     ><style type=\"text\/css\" data-created_by=\"avia_inline_auto\" id=\"style-css-av-6h2vou-dec899c02dec2e9bff0ca1f2edbfbc22\">\n.av_font_icon.av-6h2vou-dec899c02dec2e9bff0ca1f2edbfbc22{\ncolor:#005c2a;\nborder-color:#005c2a;\n}\n.avia-svg-icon.av-6h2vou-dec899c02dec2e9bff0ca1f2edbfbc22 svg:first-child{\nstroke:#005c2a;\nfill:#005c2a;\n}\n.av_font_icon.av-6h2vou-dec899c02dec2e9bff0ca1f2edbfbc22 .av-icon-char{\nfont-size:40px;\nline-height:40px;\n}\n<\/style>\n<span  class='av_font_icon av-6h2vou-dec899c02dec2e9bff0ca1f2edbfbc22 avia_animate_when_visible av-icon-style- avia-icon-pos-center avia-iconfont avia-font-entypo-fontello avia-icon-animate'><a href='https:\/\/cotecnova.edu.co\/index.php\/library\/'   class='av-icon-char' data-av_icon='\ue831' data-av_iconfont='entypo-fontello' aria-hidden=\"false\" data-avia-icon-tooltip=\"&lt;br \/&gt;\nRegresar a Biblioteca&lt;br \/&gt;\n\"><\/a><\/span><\/div>\n<div  class='flex_column av-4jny9q-54c6fdc716925950afd902e29ddc19c6 av_one_full  avia-builder-el-14  el_after_av_one_full  avia-builder-el-last  first flex_column_div  column-top-margin'     ><section  class='av_textblock_section av-26ge66-b5ea82b1d8d5f573a63c282f2eeef1bb '   itemscope=\"itemscope\" itemtype=\"https:\/\/schema.org\/CreativeWork\" ><div class='avia_textblock'  itemprop=\"text\" ><h2 style=\"text-align: justify;\"><strong>Buscadores<\/strong><\/h2>\n<p style=\"text-align: justify;\">Utilice esta opci\u00f3n para buscar informaci\u00f3n en la Base de datos Proquest (realizar consulta en Ingl\u00e9s).<\/p>\n<p style=\"text-align: justify;\"><a href=\"http:\/\/scholar.google.com.co\/\"><img loading=\"lazy\" decoding=\"async\" src=\"http:\/\/www.webcotecnova.site\/wp-content\/uploads\/2016\/11\/googleacademico.png\" width=\"100\" height=\"100\" \/>Google Acad\u00e9mico<\/a> te permite buscar bibliograf\u00eda especializada de una manera sencilla. Desde un solo sitio podr\u00e1s realizar b\u00fasquedas en un gran n\u00famero disciplinas y fuentes como, por ejemplo, estudios revisados por especialistas, tesis, libros, res\u00famenes y art\u00edculos de fuentes como editoriales acad\u00e9micas, sociedades profesionales, dep\u00f3sitos de impresiones preliminares, universidades y otras organizaciones acad\u00e9micas.<\/p>\n<p style=\"text-align: justify;\"><a href=\"http:\/\/www.scirus.com\/\"><img loading=\"lazy\" decoding=\"async\" src=\"http:\/\/www.webcotecnova.site\/wp-content\/uploads\/2016\/11\/scirus.gif\" width=\"100\" height=\"100\" \/>Scirus<\/a> es un motor de b\u00fasqueda espec\u00edfico de contenido cient\u00edfico. Semejante a Citeseer y Google Scholar, est\u00e1 enfocado a la informaci\u00f3n cient\u00edfica.A diferencia de Citesser, Scirus no se centra s\u00f3lo en ciencias inform\u00e1ticas y no todo su contenido es de libre acceso (p.e. algunos resultados pueden estar en PubMed en cualquier revista de Elsevier, requieriendo suscripci\u00f3n para su acceso.<\/p>\n<p style=\"text-align: justify;\"><a href=\"http:\/\/citeseer.ist.psu.edu\/\"><img loading=\"lazy\" decoding=\"async\" src=\"http:\/\/www.webcotecnova.site\/wp-content\/uploads\/2016\/11\/citeseer.jpg\" width=\"100\" height=\"100\" \/>CiteSeer<\/a> es un motor de b\u00fasqueda p\u00fablico y biblioteca digital enfocado en publicaciones acad\u00e9micas y cient\u00edficas.<\/p>\n<p style=\"text-align: justify;\"><a href=\"http:\/\/www.altavista.com\/\"><img loading=\"lazy\" decoding=\"async\" src=\"http:\/\/www.webcotecnova.site\/wp-content\/uploads\/2016\/11\/altavista.jpg\" width=\"100\" height=\"100\" \/>Altavista<\/a> es un buscador en ingl\u00e9s y espa\u00f1ol, de la empresa Overture Services, Inc. comprada a su vez por Yahoo!. Su sede se encuentra en California .<\/p>\n<p style=\"text-align: justify;\"><a href=\"http:\/\/buscador.terra.es\/\"><img loading=\"lazy\" decoding=\"async\" src=\"http:\/\/www.webcotecnova.site\/wp-content\/uploads\/2016\/11\/terra.jpg\" width=\"100\" height=\"100\" \/>Terra-Buscador<\/a>\u00a0 : Es una Herramienta que nos ofrece un interfaz de botones y categor\u00edas, as\u00ed como una opci\u00f3n de b\u00fasqueda. Los usuarios pueden realizar altas y modificaciones.<\/p>\n<\/div><\/section><\/div>\n","protected":false},"excerpt":{"rendered":"","protected":false},"author":2,"featured_media":0,"parent":0,"menu_order":0,"comment_status":"closed","ping_status":"closed","template":"","meta":{"_joinchat":[],"footnotes":""},"class_list":["post-4910","page","type-page","status-publish","hentry"],"nelio_popups_active_popup":"","_links":{"self":[{"href":"https:\/\/cotecnova.edu.co\/index.php\/wp-json\/wp\/v2\/pages\/4910","targetHints":{"allow":["GET"]}}],"collection":[{"href":"https:\/\/cotecnova.edu.co\/index.php\/wp-json\/wp\/v2\/pages"}],"about":[{"href":"https:\/\/cotecnova.edu.co\/index.php\/wp-json\/wp\/v2\/types\/page"}],"author":[{"embeddable":true,"href":"https:\/\/cotecnova.edu.co\/index.php\/wp-json\/wp\/v2\/users\/2"}],"replies":[{"embeddable":true,"href":"https:\/\/cotecnova.edu.co\/index.php\/wp-json\/wp\/v2\/comments?post=4910"}],"version-history":[{"count":6,"href":"https:\/\/cotecnova.edu.co\/index.php\/wp-json\/wp\/v2\/pages\/4910\/revisions"}],"predecessor-version":[{"id":15112,"href":"https:\/\/cotecnova.edu.co\/index.php\/wp-json\/wp\/v2\/pages\/4910\/revisions\/15112"}],"wp:attachment":[{"href":"https:\/\/cotecnova.edu.co\/index.php\/wp-json\/wp\/v2\/media?parent=4910"}],"curies":[{"name":"wp","href":"https:\/\/api.w.org\/{rel}","templated":true}]}}