{"id":5233,"date":"2016-11-25T08:22:11","date_gmt":"2016-11-25T13:22:11","guid":{"rendered":"http:\/\/www.webcotecnova.site\/?page_id=5233"},"modified":"2022-12-15T15:20:03","modified_gmt":"2022-12-15T20:20:03","slug":"convocatorias-especiales-icetex","status":"publish","type":"page","link":"https:\/\/cotecnova.edu.co\/index.php\/convocatorias-especiales-icetex\/","title":{"rendered":"Convocatorias Especiales ICETEX"},"content":{"rendered":"<div id='full_slider_1'  class='avia-fullwidth-slider main_color avia-shadow   avia-builder-el-0  el_before_av_section  avia-builder-el-first   container_wrap fullsize'  ><div  class='avia-slideshow av-v6epdt-63117ad85f0269ab2bcdd191e7b467be avia-slideshow-no scaling av_slideshow_full avia-slide-slider av-slideshow-ui av-control-default av-slideshow-manual av-loop-once av-loop-manual-endless av-default-height-applied   avia-slideshow-1' data-slideshow-options=\"{&quot;animation&quot;:&quot;slide&quot;,&quot;autoplay&quot;:false,&quot;loop_autoplay&quot;:&quot;once&quot;,&quot;interval&quot;:5,&quot;loop_manual&quot;:&quot;manual-endless&quot;,&quot;autoplay_stopper&quot;:false,&quot;noNavigation&quot;:false,&quot;bg_slider&quot;:false,&quot;keep_padding&quot;:false,&quot;hoverpause&quot;:false,&quot;show_slide_delay&quot;:0}\"  itemprop=\"image\" itemscope=\"itemscope\" itemtype=\"https:\/\/schema.org\/ImageObject\" ><ul class='avia-slideshow-inner ' style='padding-bottom: 25.255562236921%;'><li  class='avia-slideshow-slide av-v6epdt-63117ad85f0269ab2bcdd191e7b467be__0  av-single-slide slide-1 slide-odd'><div data-rel='slideshow-1' class='avia-slide-wrap '   ><img fetchpriority=\"high\" class=\"wp-image-9265 avia-img-lazy-loading-not-9265\"  src='https:\/\/cotecnova.edu.co\/wp-content\/uploads\/2020\/07\/convocatorias-icetex-robin-1.jpg' width='1663' height='420' title='convocatorias icetex robin' alt=''  itemprop=\"thumbnailUrl\"   \/><\/div><\/li><\/ul><\/div><\/div>\n\n<style type=\"text\/css\" data-created_by=\"avia_inline_auto\" id=\"style-css-av-r9dbw1-9633a7c279bae5b33170858569c9a174\">\n.avia-section.av-r9dbw1-9633a7c279bae5b33170858569c9a174{\nbackground-color:#005c2a;\nbackground-image:unset;\n}\n.avia-section.av-r9dbw1-9633a7c279bae5b33170858569c9a174 .av-extra-border-element .av-extra-border-inner{\nbackground-color:#005c2a;\n}\n<\/style>\n<div id='av_section_1'  class='avia-section av-r9dbw1-9633a7c279bae5b33170858569c9a174 main_color avia-section-small avia-shadow  avia-builder-el-1  el_after_av_slideshow_full  el_before_av_two_third  avia-bg-style-scroll av-arrow-down-section av-minimum-height av-minimum-height-custom av-height-custom  container_wrap fullsize'   data-av_minimum_height_px='20'><div class='container av-section-cont-open' style='height:20px'><div class='template-page content  av-content-full alpha units'><div class='post-entry post-entry-type-page post-entry-5233'><div class='entry-content-wrapper clearfix'>\n<div  class='flex_column av-p8iild-8c28d9de17b4dd8e09c05a086fa9d468 av_one_fifth  avia-builder-el-2  el_before_av_one_fifth  avia-builder-el-first  first flex_column_div  '     ><style type=\"text\/css\" data-created_by=\"avia_inline_auto\" id=\"style-css-av-oaw629-34ffd37a4f9441ff12b32ffb0a72031b\">\n.av_font_icon.av-oaw629-34ffd37a4f9441ff12b32ffb0a72031b{\ncolor:#ffffff;\nborder-color:#ffffff;\n}\n.avia-svg-icon.av-oaw629-34ffd37a4f9441ff12b32ffb0a72031b svg:first-child{\nstroke:#ffffff;\nfill:#ffffff;\n}\n.av_font_icon.av-oaw629-34ffd37a4f9441ff12b32ffb0a72031b .av-icon-char{\nfont-size:20px;\nline-height:20px;\nwidth:20px;\n}\n<\/style>\n<span  class='av_font_icon av-oaw629-34ffd37a4f9441ff12b32ffb0a72031b avia_animate_when_visible av-icon-style-border avia-icon-pos-center avia-iconfont avia-font-entypo-fontello avia-icon-animate'><a href='https:\/\/cotecnova.edu.co\/index.php\/aspirante\/'   class='av-icon-char' data-av_icon='\ue84d' data-av_iconfont='entypo-fontello' aria-hidden=\"false\" data-avia-icon-tooltip=\"&lt;br \/&gt;\nAspirante&lt;br \/&gt;\n\"><\/a><span class='av_icon_caption av-special-font'>Aspirante<\/span><\/span><\/div><div  class='flex_column av-277mcx-b647b069319008fe923f0506d5a2aec2 av_one_fifth  avia-builder-el-4  el_after_av_one_fifth  el_before_av_one_fifth  flex_column_div  '     ><style type=\"text\/css\" data-created_by=\"avia_inline_auto\" id=\"style-css-av-kqlgwx-2ebff6525d7829eec8405d3773a526eb\">\n.av_font_icon.av-kqlgwx-2ebff6525d7829eec8405d3773a526eb{\ncolor:#ffffff;\nborder-color:#ffffff;\n}\n.avia-svg-icon.av-kqlgwx-2ebff6525d7829eec8405d3773a526eb svg:first-child{\nstroke:#ffffff;\nfill:#ffffff;\n}\n.av_font_icon.av-kqlgwx-2ebff6525d7829eec8405d3773a526eb .av-icon-char{\nfont-size:20px;\nline-height:20px;\nwidth:20px;\n}\n<\/style>\n<span  class='av_font_icon av-kqlgwx-2ebff6525d7829eec8405d3773a526eb avia_animate_when_visible av-icon-style-border avia-icon-pos-center avia-iconfont avia-font-entypo-fontello avia-icon-animate'><a href='https:\/\/cotecnova.edu.co\/index.php\/estudiante\/'   class='av-icon-char' data-av_icon='\ue84f' data-av_iconfont='entypo-fontello' aria-hidden=\"false\" data-avia-icon-tooltip=\"&lt;br \/&gt;\nEstudiante&lt;br \/&gt;\n\"><\/a><span class='av_icon_caption av-special-font'>Estudiante<\/span><\/span><\/div><div  class='flex_column av-itjtw1-331efe2a9e963e6b6e620e80b8ea3f93 av_one_fifth  avia-builder-el-6  el_after_av_one_fifth  el_before_av_one_fifth  flex_column_div  '     ><style type=\"text\/css\" data-created_by=\"avia_inline_auto\" id=\"style-css-av-h3i8xt-30f1adddff10f062a8542bdae236bddb\">\n.av_font_icon.av-h3i8xt-30f1adddff10f062a8542bdae236bddb{\ncolor:#ffffff;\nborder-color:#ffffff;\n}\n.avia-svg-icon.av-h3i8xt-30f1adddff10f062a8542bdae236bddb svg:first-child{\nstroke:#ffffff;\nfill:#ffffff;\n}\n.av_font_icon.av-h3i8xt-30f1adddff10f062a8542bdae236bddb .av-icon-char{\nfont-size:20px;\nline-height:20px;\nwidth:20px;\n}\n<\/style>\n<span  class='av_font_icon av-h3i8xt-30f1adddff10f062a8542bdae236bddb avia_animate_when_visible av-icon-style-border avia-icon-pos-center avia-iconfont avia-font-entypo-fontello avia-icon-animate'><a href='https:\/\/cotecnova.edu.co\/index.php\/docente\/'   class='av-icon-char' data-av_icon='\ue80a' data-av_iconfont='entypo-fontello' aria-hidden=\"false\" data-avia-icon-tooltip=\"&lt;br \/&gt;\nDocente&lt;br \/&gt;\n\"><\/a><span class='av_icon_caption av-special-font'>Docente<\/span><\/span><\/div><div  class='flex_column av-f2a58x-bb8ad7dfcb1c37c60b3f8f9ed3d77997 av_one_fifth  avia-builder-el-8  el_after_av_one_fifth  el_before_av_one_fifth  flex_column_div  '     ><style type=\"text\/css\" data-created_by=\"avia_inline_auto\" id=\"style-css-av-dwi5q9-f7b33917525d26be3b3ea5abda9f9cb9\">\n.av_font_icon.av-dwi5q9-f7b33917525d26be3b3ea5abda9f9cb9{\ncolor:#ffffff;\nborder-color:#ffffff;\n}\n.avia-svg-icon.av-dwi5q9-f7b33917525d26be3b3ea5abda9f9cb9 svg:first-child{\nstroke:#ffffff;\nfill:#ffffff;\n}\n.av_font_icon.av-dwi5q9-f7b33917525d26be3b3ea5abda9f9cb9 .av-icon-char{\nfont-size:20px;\nline-height:20px;\nwidth:20px;\n}\n<\/style>\n<span  class='av_font_icon av-dwi5q9-f7b33917525d26be3b3ea5abda9f9cb9 avia_animate_when_visible av-icon-style-border avia-icon-pos-center avia-iconfont avia-font-entypo-fontello avia-icon-animate'><a href='https:\/\/cotecnova.edu.co\/index.php\/egresado\/'   class='av-icon-char' data-av_icon='\ue8c9' data-av_iconfont='entypo-fontello' aria-hidden=\"false\" data-avia-icon-tooltip=\"&lt;br \/&gt;\nEgresado&lt;br \/&gt;\n\"><\/a><span class='av_icon_caption av-special-font'>Egresado<\/span><\/span><\/div><div  class='flex_column av-d1pelt-42b76064d2aaa2791ab0d26417417fba av_one_fifth  avia-builder-el-10  el_after_av_one_fifth  avia-builder-el-last  flex_column_div  '     ><style type=\"text\/css\" data-created_by=\"avia_inline_auto\" id=\"style-css-av-a8ukq9-07295411a7557131c720e65503877b93\">\n.av_font_icon.av-a8ukq9-07295411a7557131c720e65503877b93{\ncolor:#ffffff;\nborder-color:#ffffff;\n}\n.avia-svg-icon.av-a8ukq9-07295411a7557131c720e65503877b93 svg:first-child{\nstroke:#ffffff;\nfill:#ffffff;\n}\n.av_font_icon.av-a8ukq9-07295411a7557131c720e65503877b93 .av-icon-char{\nfont-size:20px;\nline-height:20px;\nwidth:20px;\n}\n<\/style>\n<span  class='av_font_icon av-a8ukq9-07295411a7557131c720e65503877b93 avia_animate_when_visible av-icon-style-border avia-icon-pos-center avia-iconfont avia-font-entypo-fontello avia-icon-animate'><a href='https:\/\/cotecnova.edu.co\/index.php\/acudiente\/'   class='av-icon-char' data-av_icon='\ue80b' data-av_iconfont='entypo-fontello' aria-hidden=\"false\" data-avia-icon-tooltip=\"&lt;br \/&gt;\nAcudiente&lt;br \/&gt;\n\"><\/a><span class='av_icon_caption av-special-font'>Acudiente<\/span><\/span><\/div>\n<\/div><\/div><\/div><!-- close content main div --><\/div><div class='av-extra-border-element border-extra-arrow-down'><div class='av-extra-border-outer'><div class='av-extra-border-inner'><\/div><\/div><\/div><\/div><div id='after_section_1'  class='main_color av_default_container_wrap container_wrap fullsize'  ><div class='container av-section-cont-open' ><div class='template-page content  av-content-full alpha units'><div class='post-entry post-entry-type-page post-entry-5233'><div class='entry-content-wrapper clearfix'>\n<div  class='flex_column av-8krxsh-0c2e00c7356d10ab63916086fa4c6486 av_two_third  avia-builder-el-12  el_after_av_section  el_before_av_one_third  avia-builder-el-first  first flex_column_div  '     ><section  class='av_textblock_section av-k350x17m-984ce107185773b64610f02a71d0dda5 '   itemscope=\"itemscope\" itemtype=\"https:\/\/schema.org\/CreativeWork\" ><div class='avia_textblock'  itemprop=\"text\" ><div class=\"titulo-info\">\n<h2>AS\u00cd PODR\u00c1S DILIGENCIAR EL FORMULARIO DE SOLICITUD DE CR\u00c9DITO EDUCATIVO CON ICETEX<\/h2>\n<\/div>\n<div class=\"texto-inicial\">\n<p>Te guiamos para que tomes las mejores decisiones que te llevar\u00e1n a gozar de tu pasi\u00f3n, tu futuro.<\/p>\n<p>Sigue el paso a paso, la informaci\u00f3n requerida en los siete m\u00f3dulos te ser\u00e1 \u00fatil en el momento de solicitar tu cr\u00e9dito con ICETEX.<\/p>\n<p style=\"text-align: center;\"><strong>REG\u00cdSTRATE COMO SOLICITANTE Y ACTIVA TU CUENTA<\/strong><\/p>\n<\/div>\n<\/div><\/section><br \/>\n<div  class='avia-video av-lbpix2eq-a7fd2eb407229e6c4c86cf4ffb524ef4 avia-video-16-9 av-no-preview-image avia-video-load-always av-lazyload-immediate av-lazyload-video-embed'  itemprop=\"video\" itemtype=\"https:\/\/schema.org\/VideoObject\"  data-original_url='https:\/\/www.youtube.com\/watch?v=6x1dHElwrlE'><script type='text\/html' class='av-video-tmpl'><div class='avia-iframe-wrap'><iframe loading=\"lazy\" title=\"[Preinscripci\u00f3n] \u00a1Esta es tu oportunidad, empieza hoy mismo!\" width=\"1500\" height=\"844\" src=\"https:\/\/www.youtube.com\/embed\/6x1dHElwrlE?feature=oembed&autoplay=0&loop=0&controls=1&mute=0\" frameborder=\"0\" allow=\"accelerometer; autoplay; clipboard-write; encrypted-media; gyroscope; picture-in-picture\" allowfullscreen><\/iframe><\/div><\/script><div class='av-click-to-play-overlay'><div class=\"avia_playpause_icon\"><\/div><\/div><\/div><br \/>\n<section  class='av_textblock_section av-k35100a9-c443c1ee2270bc889159b13e246c4960 '   itemscope=\"itemscope\" itemtype=\"https:\/\/schema.org\/CreativeWork\" ><div class='avia_textblock'  itemprop=\"text\" ><p>Ingresa tus datos personales, direcci\u00f3n, tel\u00e9fono y resultados de Prueba Saber 11.<\/p>\n<p>Para activar tu cuenta llegar\u00e1 al correo electr\u00f3nico registrado el usuario y la contrase\u00f1a. Act\u00edvala.<\/p>\n<\/div><\/section><br \/>\n<div  class='avia-button-wrap av-kpfl55km-13468e784a14f1be1198571f768aa6a9-wrap avia-button-center  avia-builder-el-16  el_after_av_textblock  avia-builder-el-last '>\n<style type=\"text\/css\" data-created_by=\"avia_inline_auto\" id=\"style-css-av-kpfl55km-13468e784a14f1be1198571f768aa6a9\">\n#top #wrap_all .avia-button.av-kpfl55km-13468e784a14f1be1198571f768aa6a9{\nbackground-color:#003480;\nborder-color:#003480;\ncolor:#ffffff;\ntransition:all 0.4s ease-in-out;\n}\n#top #wrap_all .avia-button.av-kpfl55km-13468e784a14f1be1198571f768aa6a9 .avia-svg-icon svg:first-child{\nfill:#ffffff;\nstroke:#ffffff;\n}\n<\/style>\n<a href='https:\/\/web.icetex.gov.co\/creditos\/preinscribete-y-recibe-asesoria'  class='avia-button av-kpfl55km-13468e784a14f1be1198571f768aa6a9 av-link-btn avia-icon_select-yes-left-icon avia-size-small avia-position-center av-icon-on-hover'  target=\"_blank\"  rel=\"noopener noreferrer\"  aria-label=\"Preinscr\u00edbete aqu\u00ed\"><span class='avia_button_icon avia_button_icon_left avia-iconfont avia-font-entypo-fontello' data-av_icon='\ue84b' data-av_iconfont='entypo-fontello' ><\/span><span class='avia_iconbox_title' >Preinscr\u00edbete aqu\u00ed<\/span><\/a><\/div><\/p><\/div><div  class='flex_column av-7pzm3l-561b4c0e4a964e8308f03fdce39b0eca av_one_third  avia-builder-el-17  el_after_av_two_third  avia-builder-el-last  flex_column_div  '     ><div  class='avia-icon-list-container av-5wxktt-c690d428137a3504ccde6c272b149fac  avia-builder-el-18  avia-builder-el-no-sibling '><ul class='avia-icon-list avia_animate_when_almost_visible avia-icon-list-left av-iconlist-big av-5wxktt-c690d428137a3504ccde6c272b149fac avia-iconlist-animate'>\n<li><div class='iconlist_icon av-3qpndd-13d3079ee6d342ad6b6bd416d21597bd avia-font-entypo-fontello avia-iconfont avia-font-entypo-fontello'><span class='av-icon-char' data-av_icon='\ue82b' data-av_iconfont='entypo-fontello' aria-hidden=\"true\"><\/span><\/div><article class=\"article-icon-entry av-iconlist-empty\"  itemscope=\"itemscope\" itemtype=\"https:\/\/schema.org\/CreativeWork\" ><div class=\"iconlist_content_wrap\"><header class=\"entry-content-header\" aria-label=\"Icon: &lt;a href=&#039;https:\/\/cotecnova.edu.co\/index.php\/paso-a-paso-icetex\/&#039; title=&#039;Paso a Paso ICETEX&#039;&gt;Paso a Paso ICETEX&lt;\/a&gt;\"><h4 class='av_iconlist_title iconlist_title  '  itemprop=\"headline\" ><a href='https:\/\/cotecnova.edu.co\/index.php\/paso-a-paso-icetex\/' title='Paso a Paso ICETEX'>Paso a Paso ICETEX<\/a><\/h4><\/header><div class='iconlist_content '  itemprop=\"text\" ><\/div><\/div><footer class=\"entry-footer\"><\/footer><\/article><div class=\"iconlist-timeline\"><\/div><\/li>\n<\/ul><\/div><\/div><\/p>\n","protected":false},"excerpt":{"rendered":"","protected":false},"author":2,"featured_media":0,"parent":0,"menu_order":0,"comment_status":"closed","ping_status":"closed","template":"","meta":{"_joinchat":[],"footnotes":""},"class_list":["post-5233","page","type-page","status-publish","hentry"],"nelio_popups_active_popup":"","_links":{"self":[{"href":"https:\/\/cotecnova.edu.co\/index.php\/wp-json\/wp\/v2\/pages\/5233","targetHints":{"allow":["GET"]}}],"collection":[{"href":"https:\/\/cotecnova.edu.co\/index.php\/wp-json\/wp\/v2\/pages"}],"about":[{"href":"https:\/\/cotecnova.edu.co\/index.php\/wp-json\/wp\/v2\/types\/page"}],"author":[{"embeddable":true,"href":"https:\/\/cotecnova.edu.co\/index.php\/wp-json\/wp\/v2\/users\/2"}],"replies":[{"embeddable":true,"href":"https:\/\/cotecnova.edu.co\/index.php\/wp-json\/wp\/v2\/comments?post=5233"}],"version-history":[{"count":17,"href":"https:\/\/cotecnova.edu.co\/index.php\/wp-json\/wp\/v2\/pages\/5233\/revisions"}],"predecessor-version":[{"id":12372,"href":"https:\/\/cotecnova.edu.co\/index.php\/wp-json\/wp\/v2\/pages\/5233\/revisions\/12372"}],"wp:attachment":[{"href":"https:\/\/cotecnova.edu.co\/index.php\/wp-json\/wp\/v2\/media?parent=5233"}],"curies":[{"name":"wp","href":"https:\/\/api.w.org\/{rel}","templated":true}]}}