{"id":5751,"date":"2017-09-04T18:31:35","date_gmt":"2017-09-04T23:31:35","guid":{"rendered":"http:\/\/www.webcotecnova.site\/?page_id=5751"},"modified":"2022-02-09T18:04:51","modified_gmt":"2022-02-09T23:04:51","slug":"convocatorias-especiales","status":"publish","type":"page","link":"https:\/\/cotecnova.edu.co\/index.php\/convocatorias-especiales\/","title":{"rendered":"Convocatorias Especiales"},"content":{"rendered":"\n<style type=\"text\/css\" data-created_by=\"avia_inline_auto\" id=\"style-css-av-jkvqqzqf-e9e662f671e2f7c06886cda11c12850b\">\n.avia-image-container.av-jkvqqzqf-e9e662f671e2f7c06886cda11c12850b img.avia_image{\nbox-shadow:none;\n}\n.avia-image-container.av-jkvqqzqf-e9e662f671e2f7c06886cda11c12850b .av-image-caption-overlay-center{\ncolor:#ffffff;\n}\n<\/style>\n<div  class='avia-image-container av-jkvqqzqf-e9e662f671e2f7c06886cda11c12850b av-styling- avia-align-center  avia-builder-el-0  el_before_av_two_third  avia-builder-el-first '   itemprop=\"image\" itemscope=\"itemscope\" itemtype=\"https:\/\/schema.org\/ImageObject\" ><div class=\"avia-image-container-inner\"><div class=\"avia-image-overlay-wrap\"><img fetchpriority=\"high\" class='wp-image-9312 avia-img-lazy-loading-not-9312 avia_image ' src='https:\/\/cotecnova.edu.co\/wp-content\/uploads\/2020\/07\/HOMOLOGACIONES-SENA-WEB-001.jpg' alt='' title='HOMOLOGACIONES SENA WEB 001'  height=\"470\" width=\"1663\"  itemprop=\"thumbnailUrl\"  \/><\/div><\/div><\/div>\n\n<style type=\"text\/css\" data-created_by=\"avia_inline_auto\" id=\"style-css-av-4auyvr-a87c7611626f71d768675992f0c22ce9\">\n.flex_column.av-4auyvr-a87c7611626f71d768675992f0c22ce9{\nborder-radius:0px 0px 0px 0px;\npadding:0px 0px 0px 0px;\n}\n<\/style>\n<div  class='flex_column av-4auyvr-a87c7611626f71d768675992f0c22ce9 av_two_third  avia-builder-el-1  el_after_av_image  el_before_av_one_third  first flex_column_div av-zero-column-padding  '     ><section  class='av_textblock_section av-kzg5dsrl-81770e4142c46392140cb809a2667ee3 '   itemscope=\"itemscope\" itemtype=\"https:\/\/schema.org\/CreativeWork\" ><div class='avia_textblock'  itemprop=\"text\" ><h2>::: <strong>Homologaci\u00f3n para estudiantes del SENA<\/strong> :::<\/h2>\n<h3><em><strong>Administraci\u00f3n de Empresas<\/strong><\/em><\/h3>\n<p>Si eres egresado del\u00a0<strong>SENA<\/strong>\u00a0en \u00a0programas como\u00a0<strong>GESTI\u00d3N EMPRESARIAL, GESTI\u00d3N DE NEGOCIOS, GESTI\u00d3N DE MERCADOS \u00f3 DIRECCI\u00d3N DE VENTAS, <\/strong>\u00a0puedes continuar con tu formaci\u00f3n hacia el ciclo Profesional*\u00a0<strong>en COTECNOVA.\u00a0<\/strong><\/p>\n<h3><em><strong>Contadur\u00eda P\u00fablica<\/strong><\/em><\/h3>\n<p>Si eres egresado del\u00a0<strong>SENA<\/strong>\u00a0en \u00a0programas como\u00a0<strong>GESTI\u00d3N FINANCIERA Y TESORER\u00cdA \u00f3 CONTABILIDAD Y FINANZAS, <\/strong>\u00a0puedes continuar con tu formaci\u00f3n hacia el ciclo Profesional* <strong>en COTECNOVA.\u00a0<\/strong>Aprovecha esta gran oportunidad en corto tiempo y con facilidades de pago.<\/p>\n<p>Hacerlo es muy f\u00e1cil, llama ya al 2112545 ext 101 &#8211; 3154338604\u00a0 y te contamos como.<\/p>\n<p><strong>\u00a0Los requisitos que debes traer son:<\/strong><\/p>\n<ul>\n<li>Fotocopia de los resultados de la Prueba Saber 11\u00a0 ICFES<\/li>\n<li>Fotocopia del diploma y\u00a0acta de grado de bachiller<\/li>\n<li>Fotocopia ampliada al 150\u00a0del documento de identidad<\/li>\n<li>Fotocopia ampliada al 150 de Libreta Militar (Opcional)<\/li>\n<li>Certificado m\u00e9dico general<\/li>\n<li>2 fotos tama\u00f1o documento fondo blanco<\/li>\n<li>Certificado de Notas SENA<\/li>\n<li>Sobre de manila tama\u00f1o oficio<\/li>\n<li>Recibo \u00a0pago de inscripci\u00f3n (Descargue\u00a0<a href=\"http:\/\/www.recibo.webcotecnova.site\/\" target=\"_blank\" rel=\"noopener\">aqu\u00ed<\/a>)<\/li>\n<\/ul>\n<p><strong>M\u00e1s informaci\u00f3n<\/strong><br \/>\nTel\u00e9fonos: (2) 211 2545 Ext 101\u00a0 \u00a0WhatsApp \u2013 315 433 8604<br \/>\nEmail:\u00a0<a href=\"mailto:info@webcotecnova.site\">info@webcotecnova.site<\/a><br \/>\nCartago Valle<\/p>\n<p><em>Instituci\u00f3n de Educaci\u00f3n Superior Sujeta a Inspecci\u00f3n y Vigilancia por el Ministerio de Educaci\u00f3n Nacional.<\/em><br \/>\n<strong>Personer\u00eda Jur\u00eddica:<\/strong>\u00a03712 de 1971<\/p>\n<\/div><\/section><\/div>\n\n<style type=\"text\/css\" data-created_by=\"avia_inline_auto\" id=\"style-css-av-2jel87-b2ec414f8c6d24d585cdd682f30ac9af\">\n.flex_column.av-2jel87-b2ec414f8c6d24d585cdd682f30ac9af{\nborder-radius:0px 0px 0px 0px;\npadding:0px 0px 0px 0px;\n}\n<\/style>\n<div  class='flex_column av-2jel87-b2ec414f8c6d24d585cdd682f30ac9af av_one_third  avia-builder-el-3  el_after_av_two_third  el_before_av_section  avia-builder-el-last  flex_column_div av-zero-column-padding  '     ><section  class='av_textblock_section av-kzg5orut-0b404661afc02aeeef2a4038799ef286 '   itemscope=\"itemscope\" itemtype=\"https:\/\/schema.org\/CreativeWork\" ><div class='avia_textblock'  itemprop=\"text\" ><h4>\u00a1Preinscr\u00edbete!<\/h4>\n<\/div><\/section><br \/>\n<br \/>\n<section  class='av_textblock_section av-kzg5qfm4-c42aa7342373d4a5704f5b8216929e58 '   itemscope=\"itemscope\" itemtype=\"https:\/\/schema.org\/CreativeWork\" ><div class='avia_textblock'  itemprop=\"text\" ><p><a href=\"https:\/\/www.webcotecnova.site\/index.php\/politica-de-privacidad\/\" target=\"_blank\" rel=\"noopener\">POL\u00cdTICA DE PRIVACIDAD<\/a>\u00a0de la Corporaci\u00f3n de Estudios Tecnol\u00f3gicos del Norte del Valle.<\/p>\n<\/div><\/section><\/p><\/div>\n<\/div><\/div><\/div><!-- close content main div --><\/div><\/div>\n<style type=\"text\/css\" data-created_by=\"avia_inline_auto\" id=\"style-css-av-wscu3b-1923cd569f58b8dfadbf3b0b3ddbae2f\">\n.avia-section.av-wscu3b-1923cd569f58b8dfadbf3b0b3ddbae2f{\nbackground-color:#005c2a;\nbackground-image:unset;\n}\n.avia-section.av-wscu3b-1923cd569f58b8dfadbf3b0b3ddbae2f .av-extra-border-element .av-extra-border-inner{\nbackground-color:#005c2a;\n}\n<\/style>\n<div id='av_section_1'  class='avia-section av-wscu3b-1923cd569f58b8dfadbf3b0b3ddbae2f main_color avia-section-small avia-shadow  avia-builder-el-7  el_after_av_one_third  avia-builder-el-last  avia-bg-style-scroll av-arrow-down-section av-minimum-height av-minimum-height-custom av-height-custom  container_wrap fullsize'   data-av_minimum_height_px='20'><div class='container av-section-cont-open' style='height:20px'><div class='template-page content  av-content-full alpha units'><div class='post-entry post-entry-type-page post-entry-5751'><div class='entry-content-wrapper clearfix'>\n<div  class='flex_column av-up5ko7-ac1382b641afd990fc5437aee46e96ad av_one_fifth  avia-builder-el-8  el_before_av_one_fifth  avia-builder-el-first  first flex_column_div  '     ><style type=\"text\/css\" data-created_by=\"avia_inline_auto\" id=\"style-css-av-sxserb-5b0bfe03d595000f46e7ea9d82bd2b49\">\n.av_font_icon.av-sxserb-5b0bfe03d595000f46e7ea9d82bd2b49{\ncolor:#ffffff;\nborder-color:#ffffff;\n}\n.avia-svg-icon.av-sxserb-5b0bfe03d595000f46e7ea9d82bd2b49 svg:first-child{\nstroke:#ffffff;\nfill:#ffffff;\n}\n.av_font_icon.av-sxserb-5b0bfe03d595000f46e7ea9d82bd2b49 .av-icon-char{\nfont-size:20px;\nline-height:20px;\nwidth:20px;\n}\n<\/style>\n<span  class='av_font_icon av-sxserb-5b0bfe03d595000f46e7ea9d82bd2b49 avia_animate_when_visible av-icon-style-border avia-icon-pos-center avia-iconfont avia-font-entypo-fontello avia-icon-animate'><a href='https:\/\/cotecnova.edu.co\/index.php\/aspirante\/'   class='av-icon-char' data-av_icon='\ue84d' data-av_iconfont='entypo-fontello' aria-hidden=\"false\" data-avia-icon-tooltip=\"&lt;br \/&gt;\nAspirante&lt;br \/&gt;\n\"><\/a><span class='av_icon_caption av-special-font'>Aspirante<\/span><\/span><\/div><div  class='flex_column av-qtlzwn-84bfd1c6dbb3abeaec2d384b7c6b62ff av_one_fifth  avia-builder-el-10  el_after_av_one_fifth  el_before_av_one_fifth  flex_column_div  '     ><style type=\"text\/css\" data-created_by=\"avia_inline_auto\" id=\"style-css-av-pl079j-e0e926c6f95958c6b8f25d209c6a5d60\">\n.av_font_icon.av-pl079j-e0e926c6f95958c6b8f25d209c6a5d60{\ncolor:#ffffff;\nborder-color:#ffffff;\n}\n.avia-svg-icon.av-pl079j-e0e926c6f95958c6b8f25d209c6a5d60 svg:first-child{\nstroke:#ffffff;\nfill:#ffffff;\n}\n.av_font_icon.av-pl079j-e0e926c6f95958c6b8f25d209c6a5d60 .av-icon-char{\nfont-size:20px;\nline-height:20px;\nwidth:20px;\n}\n<\/style>\n<span  class='av_font_icon av-pl079j-e0e926c6f95958c6b8f25d209c6a5d60 avia_animate_when_visible av-icon-style-border avia-icon-pos-center avia-iconfont avia-font-entypo-fontello avia-icon-animate'><a href='https:\/\/cotecnova.edu.co\/index.php\/estudiante\/'   class='av-icon-char' data-av_icon='\ue84f' data-av_iconfont='entypo-fontello' aria-hidden=\"false\" data-avia-icon-tooltip=\"&lt;br \/&gt;\nEstudiante&lt;br \/&gt;\n\"><\/a><span class='av_icon_caption av-special-font'>Estudiante<\/span><\/span><\/div><div  class='flex_column av-2eiu2f-20001b536a0057f925c83417e464db64 av_one_fifth  avia-builder-el-12  el_after_av_one_fifth  el_before_av_one_fifth  flex_column_div  '     ><style type=\"text\/css\" data-created_by=\"avia_inline_auto\" id=\"style-css-av-mzfxjr-1fd3b1a9977700ddcd3906ccb596ff74\">\n.av_font_icon.av-mzfxjr-1fd3b1a9977700ddcd3906ccb596ff74{\ncolor:#ffffff;\nborder-color:#ffffff;\n}\n.avia-svg-icon.av-mzfxjr-1fd3b1a9977700ddcd3906ccb596ff74 svg:first-child{\nstroke:#ffffff;\nfill:#ffffff;\n}\n.av_font_icon.av-mzfxjr-1fd3b1a9977700ddcd3906ccb596ff74 .av-icon-char{\nfont-size:20px;\nline-height:20px;\nwidth:20px;\n}\n<\/style>\n<span  class='av_font_icon av-mzfxjr-1fd3b1a9977700ddcd3906ccb596ff74 avia_animate_when_visible av-icon-style-border avia-icon-pos-center avia-iconfont avia-font-entypo-fontello avia-icon-animate'><a href='https:\/\/cotecnova.edu.co\/index.php\/docente\/'   class='av-icon-char' data-av_icon='\ue80a' data-av_iconfont='entypo-fontello' aria-hidden=\"false\" data-avia-icon-tooltip=\"&lt;br \/&gt;\nDocente&lt;br \/&gt;\n\"><\/a><span class='av_icon_caption av-special-font'>Docente<\/span><\/span><\/div><div  class='flex_column av-kbnpqv-c18b0a9ec008a8c1dd63dd40febbbad4 av_one_fifth  avia-builder-el-14  el_after_av_one_fifth  el_before_av_one_fifth  flex_column_div  '     ><style type=\"text\/css\" data-created_by=\"avia_inline_auto\" id=\"style-css-av-iqzodz-cb65a8dbe23b46a9ecb0cb3b3f80dcd3\">\n.av_font_icon.av-iqzodz-cb65a8dbe23b46a9ecb0cb3b3f80dcd3{\ncolor:#ffffff;\nborder-color:#ffffff;\n}\n.avia-svg-icon.av-iqzodz-cb65a8dbe23b46a9ecb0cb3b3f80dcd3 svg:first-child{\nstroke:#ffffff;\nfill:#ffffff;\n}\n.av_font_icon.av-iqzodz-cb65a8dbe23b46a9ecb0cb3b3f80dcd3 .av-icon-char{\nfont-size:20px;\nline-height:20px;\nwidth:20px;\n}\n<\/style>\n<span  class='av_font_icon av-iqzodz-cb65a8dbe23b46a9ecb0cb3b3f80dcd3 avia_animate_when_visible av-icon-style-border avia-icon-pos-center avia-iconfont avia-font-entypo-fontello avia-icon-animate'><a href='https:\/\/cotecnova.edu.co\/index.php\/egresado\/'   class='av-icon-char' data-av_icon='\ue8c9' data-av_iconfont='entypo-fontello' aria-hidden=\"false\" data-avia-icon-tooltip=\"&lt;br \/&gt;\nEgresado&lt;br \/&gt;\n\"><\/a><span class='av_icon_caption av-special-font'>Egresado<\/span><\/span><\/div><div  class='flex_column av-hybvbr-be9ad2910c8d811c26dde9ee445d0dd6 av_one_fifth  avia-builder-el-16  el_after_av_one_fifth  avia-builder-el-last  flex_column_div  '     ><style type=\"text\/css\" data-created_by=\"avia_inline_auto\" id=\"style-css-av-frx2yf-7ee47e4746304cc13b2979e263771721\">\n.av_font_icon.av-frx2yf-7ee47e4746304cc13b2979e263771721{\ncolor:#ffffff;\nborder-color:#ffffff;\n}\n.avia-svg-icon.av-frx2yf-7ee47e4746304cc13b2979e263771721 svg:first-child{\nstroke:#ffffff;\nfill:#ffffff;\n}\n.av_font_icon.av-frx2yf-7ee47e4746304cc13b2979e263771721 .av-icon-char{\nfont-size:20px;\nline-height:20px;\nwidth:20px;\n}\n<\/style>\n<span  class='av_font_icon av-frx2yf-7ee47e4746304cc13b2979e263771721 avia_animate_when_visible av-icon-style-border avia-icon-pos-center avia-iconfont avia-font-entypo-fontello avia-icon-animate'><a href='https:\/\/cotecnova.edu.co\/index.php\/acudiente\/'   class='av-icon-char' data-av_icon='\ue80b' data-av_iconfont='entypo-fontello' aria-hidden=\"false\" data-avia-icon-tooltip=\"&lt;br \/&gt;\nAcudiente&lt;br \/&gt;\n\"><\/a><span class='av_icon_caption av-special-font'>Acudiente<\/span><\/span><\/div>\n\n","protected":false},"excerpt":{"rendered":"","protected":false},"author":2,"featured_media":0,"parent":0,"menu_order":0,"comment_status":"closed","ping_status":"closed","template":"","meta":{"_joinchat":[],"footnotes":""},"class_list":["post-5751","page","type-page","status-publish","hentry"],"nelio_popups_active_popup":"","_links":{"self":[{"href":"https:\/\/cotecnova.edu.co\/index.php\/wp-json\/wp\/v2\/pages\/5751","targetHints":{"allow":["GET"]}}],"collection":[{"href":"https:\/\/cotecnova.edu.co\/index.php\/wp-json\/wp\/v2\/pages"}],"about":[{"href":"https:\/\/cotecnova.edu.co\/index.php\/wp-json\/wp\/v2\/types\/page"}],"author":[{"embeddable":true,"href":"https:\/\/cotecnova.edu.co\/index.php\/wp-json\/wp\/v2\/users\/2"}],"replies":[{"embeddable":true,"href":"https:\/\/cotecnova.edu.co\/index.php\/wp-json\/wp\/v2\/comments?post=5751"}],"version-history":[{"count":16,"href":"https:\/\/cotecnova.edu.co\/index.php\/wp-json\/wp\/v2\/pages\/5751\/revisions"}],"predecessor-version":[{"id":11483,"href":"https:\/\/cotecnova.edu.co\/index.php\/wp-json\/wp\/v2\/pages\/5751\/revisions\/11483"}],"wp:attachment":[{"href":"https:\/\/cotecnova.edu.co\/index.php\/wp-json\/wp\/v2\/media?parent=5751"}],"curies":[{"name":"wp","href":"https:\/\/api.w.org\/{rel}","templated":true}]}}