{"id":7322,"date":"2019-02-11T10:59:51","date_gmt":"2019-02-11T15:59:51","guid":{"rendered":"https:\/\/www.webcotecnova.site\/?page_id=7322"},"modified":"2022-12-15T15:32:43","modified_gmt":"2022-12-15T20:32:43","slug":"homologacion-sena","status":"publish","type":"page","link":"https:\/\/cotecnova.edu.co\/index.php\/homologacion-sena\/","title":{"rendered":"Homologaci\u00f3n SENA"},"content":{"rendered":"\n<style type=\"text\/css\" data-created_by=\"avia_inline_auto\" id=\"style-css-av-js0ilscp-3e5d39823c9d907dd2ee8e9dcf755226\">\n.avia-image-container.av-js0ilscp-3e5d39823c9d907dd2ee8e9dcf755226 img.avia_image{\nbox-shadow:none;\n}\n.avia-image-container.av-js0ilscp-3e5d39823c9d907dd2ee8e9dcf755226 .av-image-caption-overlay-center{\ncolor:#ffffff;\n}\n<\/style>\n<div  class='avia-image-container av-js0ilscp-3e5d39823c9d907dd2ee8e9dcf755226 av-styling- avia-align-center  avia-builder-el-0  el_before_av_three_fifth  avia-builder-el-first '   itemprop=\"image\" itemscope=\"itemscope\" itemtype=\"https:\/\/schema.org\/ImageObject\" ><div class=\"avia-image-container-inner\"><div class=\"avia-image-overlay-wrap\"><img fetchpriority=\"high\" class='wp-image-9312 avia-img-lazy-loading-not-9312 avia_image ' src='https:\/\/cotecnova.edu.co\/wp-content\/uploads\/2020\/07\/HOMOLOGACIONES-SENA-WEB-001.jpg' alt='' title='HOMOLOGACIONES SENA WEB 001'  height=\"470\" width=\"1663\"  itemprop=\"thumbnailUrl\"  \/><\/div><\/div><\/div>\n\n<style type=\"text\/css\" data-created_by=\"avia_inline_auto\" id=\"style-css-av-l7jiei-36feb9e070baf58c28e7c29bc9bd618d\">\n.flex_column.av-l7jiei-36feb9e070baf58c28e7c29bc9bd618d{\nborder-radius:0px 0px 0px 0px;\npadding:0px 0px 0px 0px;\n}\n<\/style>\n<div  class='flex_column av-l7jiei-36feb9e070baf58c28e7c29bc9bd618d av_three_fifth  avia-builder-el-1  el_after_av_image  el_before_av_two_fifth  first flex_column_div av-zero-column-padding  '     ><section  class='av_textblock_section av-js0jiajm-2b3295067d2f8894552c62ffc6eb84d9 '   itemscope=\"itemscope\" itemtype=\"https:\/\/schema.org\/CreativeWork\" ><div class='avia_textblock'  itemprop=\"text\" ><h2>::: <strong>Homologaci\u00f3n para estudiantes del SENA<\/strong> :::<\/h2>\n<h3><em><strong>Administraci\u00f3n de Empresas<\/strong><\/em><\/h3>\n<p>Si eres egresado del\u00a0<strong>SENA<\/strong>\u00a0en \u00a0programas como\u00a0<strong>GESTI\u00d3N EMPRESARIAL, GESTI\u00d3N DE NEGOCIOS, GESTI\u00d3N DE MERCADOS \u00f3 DIRECCI\u00d3N DE VENTAS, <\/strong>\u00a0puedes continuar con tu formaci\u00f3n hacia el ciclo Profesional*\u00a0<strong>en COTECNOVA.\u00a0<\/strong><\/p>\n<h3><em><strong>Contadur\u00eda P\u00fablica<\/strong><\/em><\/h3>\n<p>Si eres egresado del\u00a0<strong>SENA<\/strong>\u00a0en \u00a0programas como\u00a0<strong>GESTI\u00d3N FINANCIERA Y TESORER\u00cdA \u00f3 CONTABILIDAD Y FINANZAS, <\/strong>\u00a0puedes continuar con tu formaci\u00f3n hacia el ciclo Profesional* <strong>en COTECNOVA.\u00a0<\/strong><\/p>\n<h3><em><strong>Administraci\u00f3n Agropecuaria<\/strong><\/em><\/h3>\n<p>Si eres egresado del\u00a0<strong>SENA<\/strong>\u00a0en \u00a0programas como\u00a0<strong>Tecnolog\u00eda en PRODUCCI\u00d3N AGR\u00cdCOLA, <\/strong>\u00a0puedes continuar con tu formaci\u00f3n hacia el ciclo Profesional*\u00a0<strong>en COTECNOVA.\u00a0<\/strong><\/p>\n<p>Aprovecha esta gran oportunidad en corto tiempo y con facilidades de pago.<\/p>\n<p>Hacerlo es muy f\u00e1cil, llama ya al (602) 213 4421 o al (57) 315 433 8604\u00a0 y te contamos como.<\/p>\n<p><strong>\u00a0Los requisitos que debes traer son:<\/strong><\/p>\n<ul>\n<li>Fotocopia de los resultados de la Prueba Saber 11\u00a0 ICFES<\/li>\n<li>Fotocopia del diploma y\u00a0acta de grado de bachiller<\/li>\n<li>Fotocopia ampliada al 150\u00a0del documento de identidad<\/li>\n<li>Fotocopia ampliada al 150 de Libreta Militar (Opcional)<\/li>\n<li>Certificado m\u00e9dico general<\/li>\n<li>2 fotos tama\u00f1o documento fondo blanco<\/li>\n<li>Certificado de Notas SENA<\/li>\n<li>Sobre de manila tama\u00f1o oficio<\/li>\n<li>Recibo \u00a0pago de inscripci\u00f3n (Descargue\u00a0<a href=\"http:\/\/www.recibo.appcotecnova.es\/\" target=\"_blank\" rel=\"noopener\">aqu\u00ed<\/a>)<\/li>\n<\/ul>\n<p><strong>M\u00e1s informaci\u00f3n<\/strong><br \/>\nTel\u00e9fonos: (602) 213 4421 Ext. 101 | WhatsApp \u2013 <a href=\"http:\/\/wa.me\/573154338604\">315 433 8604<\/a><br \/>\nEmail: info@cotecnova.edu.co<\/p>\n<p><em>Instituci\u00f3n de Educaci\u00f3n Superior Sujeta a Inspecci\u00f3n y Vigilancia por el Ministerio de Educaci\u00f3n Nacional.<\/em><br \/>\n<strong>Personer\u00eda Jur\u00eddica:<\/strong>\u00a03712 de 1971<\/p>\n<\/div><\/section><\/div>\n<style type=\"text\/css\" data-created_by=\"avia_inline_auto\" id=\"style-css-av-jg1f0q-24ffdb44b5eebb67fbcf71a71e83024e\">\n.flex_column.av-jg1f0q-24ffdb44b5eebb67fbcf71a71e83024e{\nborder-radius:0px 0px 0px 0px;\npadding:0px 0px 0px 0px;\n}\n<\/style>\n<div  class='flex_column av-jg1f0q-24ffdb44b5eebb67fbcf71a71e83024e av_two_fifth  avia-builder-el-3  el_after_av_three_fifth  el_before_av_section  avia-builder-el-last  flex_column_div av-zero-column-padding  '     ><section  class='av_textblock_section av-js0jj1uq-eee57aa9ec2e395d38014485ca0282e8 '   itemscope=\"itemscope\" itemtype=\"https:\/\/schema.org\/CreativeWork\" ><div class='avia_textblock'  itemprop=\"text\" ><h4>\u00a1Preinscr\u00edbete!<\/h4>\n<\/div><\/section><br \/>\n<section  class='av_textblock_section av-kckq5isz-992a6498923956aa31238f289e57d349 '   itemscope=\"itemscope\" itemtype=\"https:\/\/schema.org\/CreativeWork\" ><div class='avia_textblock'  itemprop=\"text\" ><p><iframe loading=\"lazy\" src=\"https:\/\/cotecnova.us9.list-manage.com\/subscribe?u=6b1cfb43987f56cc2da1b3b91&amp;id=49be158425\" width=\"100%\" height=\"1650px\"><\/iframe><\/p>\n<\/div><\/section><br \/>\n<section  class='av_textblock_section av-kgmb9adt-9386719806f4eadb75eb7790fe22e126 '   itemscope=\"itemscope\" itemtype=\"https:\/\/schema.org\/CreativeWork\" ><div class='avia_textblock'  itemprop=\"text\" ><p><a href=\"https:\/\/www.webcotecnova.site\/index.php\/politica-de-privacidad\/\" target=\"_blank\" rel=\"noopener\">POL\u00cdTICA DE PRIVACIDAD<\/a>\u00a0de la Corporaci\u00f3n de Estudios Tecnol\u00f3gicos del Norte del Valle.<\/p>\n<\/div><\/section><\/p><\/div><\/p>\n<\/div><\/div><\/div><!-- close content main div --><\/div><\/div>\n<style type=\"text\/css\" data-created_by=\"avia_inline_auto\" id=\"style-css-av-ivltje-c76a42222282b143f21bade179c07801\">\n.avia-section.av-ivltje-c76a42222282b143f21bade179c07801{\nbackground-color:#005c2a;\nbackground-image:unset;\n}\n.avia-section.av-ivltje-c76a42222282b143f21bade179c07801 .av-extra-border-element .av-extra-border-inner{\nbackground-color:#005c2a;\n}\n<\/style>\n<div id='av_section_1'  class='avia-section av-ivltje-c76a42222282b143f21bade179c07801 main_color avia-section-small avia-shadow  avia-builder-el-7  el_after_av_two_fifth  avia-builder-el-last  avia-bg-style-scroll av-arrow-down-section av-minimum-height av-minimum-height-custom av-height-custom  container_wrap fullsize'   data-av_minimum_height_px='20'><div class='container av-section-cont-open' style='height:20px'><div class='template-page content  av-content-full alpha units'><div class='post-entry post-entry-type-page post-entry-7322'><div class='entry-content-wrapper clearfix'>\n<div  class='flex_column av-h9ok3e-bcf1d0245144526be05d719b237992c4 av_one_fifth  avia-builder-el-8  el_before_av_one_fifth  avia-builder-el-first  first flex_column_div  '     ><style type=\"text\/css\" data-created_by=\"avia_inline_auto\" id=\"style-css-av-g1doyy-ebfc3117ae1f997b54710701d8f62660\">\n.av_font_icon.av-g1doyy-ebfc3117ae1f997b54710701d8f62660{\ncolor:#ffffff;\nborder-color:#ffffff;\n}\n.avia-svg-icon.av-g1doyy-ebfc3117ae1f997b54710701d8f62660 svg:first-child{\nstroke:#ffffff;\nfill:#ffffff;\n}\n.av_font_icon.av-g1doyy-ebfc3117ae1f997b54710701d8f62660 .av-icon-char{\nfont-size:20px;\nline-height:20px;\nwidth:20px;\n}\n<\/style>\n<span  class='av_font_icon av-g1doyy-ebfc3117ae1f997b54710701d8f62660 avia_animate_when_visible av-icon-style-border avia-icon-pos-center avia-iconfont avia-font-entypo-fontello avia-icon-animate'><a href='https:\/\/cotecnova.edu.co\/index.php\/aspirante\/'   class='av-icon-char' data-av_icon='\ue84d' data-av_iconfont='entypo-fontello' aria-hidden=\"false\" data-avia-icon-tooltip=\"&lt;br \/&gt;\nAspirante&lt;br \/&gt;\n\"><\/a><span class='av_icon_caption av-special-font'>Aspirante<\/span><\/span><\/div><div  class='flex_column av-es9ogq-0bea92a6d99c0fbb65856bc9bafb3854 av_one_fifth  avia-builder-el-10  el_after_av_one_fifth  el_before_av_one_fifth  flex_column_div  '     ><style type=\"text\/css\" data-created_by=\"avia_inline_auto\" id=\"style-css-av-d2avtm-520aa2dd5250587042a0fdd41cf019c0\">\n.av_font_icon.av-d2avtm-520aa2dd5250587042a0fdd41cf019c0{\ncolor:#ffffff;\nborder-color:#ffffff;\n}\n.avia-svg-icon.av-d2avtm-520aa2dd5250587042a0fdd41cf019c0 svg:first-child{\nstroke:#ffffff;\nfill:#ffffff;\n}\n.av_font_icon.av-d2avtm-520aa2dd5250587042a0fdd41cf019c0 .av-icon-char{\nfont-size:20px;\nline-height:20px;\nwidth:20px;\n}\n<\/style>\n<span  class='av_font_icon av-d2avtm-520aa2dd5250587042a0fdd41cf019c0 avia_animate_when_visible av-icon-style-border avia-icon-pos-center avia-iconfont avia-font-entypo-fontello avia-icon-animate'><a href='https:\/\/cotecnova.edu.co\/index.php\/estudiante\/'   class='av-icon-char' data-av_icon='\ue84f' data-av_iconfont='entypo-fontello' aria-hidden=\"false\" data-avia-icon-tooltip=\"&lt;br \/&gt;\nEstudiante&lt;br \/&gt;\n\"><\/a><span class='av_icon_caption av-special-font'>Estudiante<\/span><\/span><\/div><div  class='flex_column av-avut5m-42f8eed6b9df961bf0969f547faac9eb av_one_fifth  avia-builder-el-12  el_after_av_one_fifth  el_before_av_one_fifth  flex_column_div  '     ><style type=\"text\/css\" data-created_by=\"avia_inline_auto\" id=\"style-css-av-9jezdm-861126e1cd54349438d9802b2273ecc6\">\n.av_font_icon.av-9jezdm-861126e1cd54349438d9802b2273ecc6{\ncolor:#ffffff;\nborder-color:#ffffff;\n}\n.avia-svg-icon.av-9jezdm-861126e1cd54349438d9802b2273ecc6 svg:first-child{\nstroke:#ffffff;\nfill:#ffffff;\n}\n.av_font_icon.av-9jezdm-861126e1cd54349438d9802b2273ecc6 .av-icon-char{\nfont-size:20px;\nline-height:20px;\nwidth:20px;\n}\n<\/style>\n<span  class='av_font_icon av-9jezdm-861126e1cd54349438d9802b2273ecc6 avia_animate_when_visible av-icon-style-border avia-icon-pos-center avia-iconfont avia-font-entypo-fontello avia-icon-animate'><a href='https:\/\/cotecnova.edu.co\/index.php\/docente\/'   class='av-icon-char' data-av_icon='\ue80a' data-av_iconfont='entypo-fontello' aria-hidden=\"false\" data-avia-icon-tooltip=\"&lt;br \/&gt;\nDocente&lt;br \/&gt;\n\"><\/a><span class='av_icon_caption av-special-font'>Docente<\/span><\/span><\/div><div  class='flex_column av-74ep16-09a1fb42e95e7f1258ed2e8b62bf5ec4 av_one_fifth  avia-builder-el-14  el_after_av_one_fifth  el_before_av_one_fifth  flex_column_div  '     ><style type=\"text\/css\" data-created_by=\"avia_inline_auto\" id=\"style-css-av-5ffh96-594f504baa6a987e29360a854556daaf\">\n.av_font_icon.av-5ffh96-594f504baa6a987e29360a854556daaf{\ncolor:#ffffff;\nborder-color:#ffffff;\n}\n.avia-svg-icon.av-5ffh96-594f504baa6a987e29360a854556daaf svg:first-child{\nstroke:#ffffff;\nfill:#ffffff;\n}\n.av_font_icon.av-5ffh96-594f504baa6a987e29360a854556daaf .av-icon-char{\nfont-size:20px;\nline-height:20px;\nwidth:20px;\n}\n<\/style>\n<span  class='av_font_icon av-5ffh96-594f504baa6a987e29360a854556daaf avia_animate_when_visible av-icon-style-border avia-icon-pos-center avia-iconfont avia-font-entypo-fontello avia-icon-animate'><a href='https:\/\/cotecnova.edu.co\/index.php\/egresado\/'   class='av-icon-char' data-av_icon='\ue8c9' data-av_iconfont='entypo-fontello' aria-hidden=\"false\" data-avia-icon-tooltip=\"&lt;br \/&gt;\nEgresado&lt;br \/&gt;\n\"><\/a><span class='av_icon_caption av-special-font'>Egresado<\/span><\/span><\/div><div  class='flex_column av-3lmfre-eabdc9f1367cf563f5babfc5c143acc4 av_one_fifth  avia-builder-el-16  el_after_av_one_fifth  avia-builder-el-last  flex_column_div  '     ><style type=\"text\/css\" data-created_by=\"avia_inline_auto\" id=\"style-css-av-2y7o96-cd59454a934e261236138acce3b1498f\">\n.av_font_icon.av-2y7o96-cd59454a934e261236138acce3b1498f{\ncolor:#ffffff;\nborder-color:#ffffff;\n}\n.avia-svg-icon.av-2y7o96-cd59454a934e261236138acce3b1498f svg:first-child{\nstroke:#ffffff;\nfill:#ffffff;\n}\n.av_font_icon.av-2y7o96-cd59454a934e261236138acce3b1498f .av-icon-char{\nfont-size:20px;\nline-height:20px;\nwidth:20px;\n}\n<\/style>\n<span  class='av_font_icon av-2y7o96-cd59454a934e261236138acce3b1498f avia_animate_when_visible av-icon-style-border avia-icon-pos-center avia-iconfont avia-font-entypo-fontello avia-icon-animate'><a href='https:\/\/cotecnova.edu.co\/index.php\/acudiente\/'   class='av-icon-char' data-av_icon='\ue80b' data-av_iconfont='entypo-fontello' aria-hidden=\"false\" data-avia-icon-tooltip=\"&lt;br \/&gt;\nAcudiente&lt;br \/&gt;\n\"><\/a><span class='av_icon_caption av-special-font'>Acudiente<\/span><\/span><\/div>\n\n","protected":false},"excerpt":{"rendered":"","protected":false},"author":2,"featured_media":0,"parent":0,"menu_order":0,"comment_status":"closed","ping_status":"closed","template":"","meta":{"_joinchat":[],"footnotes":""},"class_list":["post-7322","page","type-page","status-publish","hentry"],"nelio_popups_active_popup":"","_links":{"self":[{"href":"https:\/\/cotecnova.edu.co\/index.php\/wp-json\/wp\/v2\/pages\/7322","targetHints":{"allow":["GET"]}}],"collection":[{"href":"https:\/\/cotecnova.edu.co\/index.php\/wp-json\/wp\/v2\/pages"}],"about":[{"href":"https:\/\/cotecnova.edu.co\/index.php\/wp-json\/wp\/v2\/types\/page"}],"author":[{"embeddable":true,"href":"https:\/\/cotecnova.edu.co\/index.php\/wp-json\/wp\/v2\/users\/2"}],"replies":[{"embeddable":true,"href":"https:\/\/cotecnova.edu.co\/index.php\/wp-json\/wp\/v2\/comments?post=7322"}],"version-history":[{"count":26,"href":"https:\/\/cotecnova.edu.co\/index.php\/wp-json\/wp\/v2\/pages\/7322\/revisions"}],"predecessor-version":[{"id":12374,"href":"https:\/\/cotecnova.edu.co\/index.php\/wp-json\/wp\/v2\/pages\/7322\/revisions\/12374"}],"wp:attachment":[{"href":"https:\/\/cotecnova.edu.co\/index.php\/wp-json\/wp\/v2\/media?parent=7322"}],"curies":[{"name":"wp","href":"https:\/\/api.w.org\/{rel}","templated":true}]}}