{"id":8896,"date":"2020-03-19T09:43:17","date_gmt":"2020-03-19T14:43:17","guid":{"rendered":"https:\/\/www.webcotecnova.site\/index.php\/ingenieria-de-sistemas-por-ciclos-propedeuticos-copy\/"},"modified":"2023-01-19T14:51:53","modified_gmt":"2023-01-19T19:51:53","slug":"administracion-agroindustrial","status":"publish","type":"page","link":"https:\/\/cotecnova.edu.co\/index.php\/administracion-agroindustrial\/","title":{"rendered":"Administraci\u00f3n Agroindustrial"},"content":{"rendered":"<div  class='flex_column av-1602vib-9016d50e32447a4c8ee088a193d2dfeb av_three_fourth  avia-builder-el-0  el_before_av_one_fourth  avia-builder-el-first  first flex_column_div  '     ><section  class='av_textblock_section av-kv78jsid-8ca2596de53897b5a8c78425c386c577 '   itemscope=\"itemscope\" itemtype=\"https:\/\/schema.org\/CreativeWork\" ><div class='avia_textblock'  itemprop=\"text\" ><p>Programa no disponible.<\/p>\n<p>Consulta la oferta acad\u00e9mica ingresando al siguiente enlace:\u00a0<a href=\"https:\/\/www.webcotecnova.site\/index.php\/aspirante\/\">Programas Acad\u00e9micos<\/a><\/p>\n<p><img loading=\"lazy\" decoding=\"async\" class=\"alignnone size-full wp-image-12364\" src=\"http:\/\/cotecnova.edu.co\/wp-content\/uploads\/2022\/12\/Pieza-Grafica-Programas-2022-II-1200x975px-web-scaled.jpg\" alt=\"\" width=\"2560\" height=\"2081\" srcset=\"https:\/\/cotecnova.edu.co\/wp-content\/uploads\/2022\/12\/Pieza-Grafica-Programas-2022-II-1200x975px-web-scaled.jpg 2560w, https:\/\/cotecnova.edu.co\/wp-content\/uploads\/2022\/12\/Pieza-Grafica-Programas-2022-II-1200x975px-web-300x244.jpg 300w, https:\/\/cotecnova.edu.co\/wp-content\/uploads\/2022\/12\/Pieza-Grafica-Programas-2022-II-1200x975px-web-1030x837.jpg 1030w, https:\/\/cotecnova.edu.co\/wp-content\/uploads\/2022\/12\/Pieza-Grafica-Programas-2022-II-1200x975px-web-768x624.jpg 768w, https:\/\/cotecnova.edu.co\/wp-content\/uploads\/2022\/12\/Pieza-Grafica-Programas-2022-II-1200x975px-web-1536x1248.jpg 1536w, https:\/\/cotecnova.edu.co\/wp-content\/uploads\/2022\/12\/Pieza-Grafica-Programas-2022-II-1200x975px-web-2048x1665.jpg 2048w, https:\/\/cotecnova.edu.co\/wp-content\/uploads\/2022\/12\/Pieza-Grafica-Programas-2022-II-1200x975px-web-1500x1219.jpg 1500w, https:\/\/cotecnova.edu.co\/wp-content\/uploads\/2022\/12\/Pieza-Grafica-Programas-2022-II-1200x975px-web-705x573.jpg 705w, https:\/\/cotecnova.edu.co\/wp-content\/uploads\/2022\/12\/Pieza-Grafica-Programas-2022-II-1200x975px-web-450x366.jpg 450w\" sizes=\"auto, (max-width: 2560px) 100vw, 2560px\" \/><\/p>\n<\/div><\/section><\/div>\n\n<style type=\"text\/css\" data-created_by=\"avia_inline_auto\" id=\"style-css-av-r8s2oz-08e178be8a0219b2992d50edfc7ea272\">\n.flex_column.av-r8s2oz-08e178be8a0219b2992d50edfc7ea272{\nborder-radius:0px 0px 0px 0px;\npadding:0px 0px 0px 0px;\n}\n<\/style>\n<div  class='flex_column av-r8s2oz-08e178be8a0219b2992d50edfc7ea272 av_one_fourth  avia-builder-el-2  el_after_av_three_fourth  el_before_av_section  avia-builder-el-last  flex_column_div av-zero-column-padding  '     ><section  class='av_textblock_section av-q9t2mb-74e9ddf8d89e0bcc49d0221d0f31e12c '   itemscope=\"itemscope\" itemtype=\"https:\/\/schema.org\/CreativeWork\" ><div class='avia_textblock'  itemprop=\"text\" ><h3 style=\"text-align: left;\">Programas vigentes<\/h3>\n<\/div><\/section><br \/>\n\n<style type=\"text\/css\" data-created_by=\"avia_inline_auto\" id=\"style-css-av-omd5ng-7bc15f936eec8c32edbcf097e820d863\">\n#top .avia-icon-list-container.av-omd5ng-7bc15f936eec8c32edbcf097e820d863 .iconlist_icon{\ncolor:#ffffff;\nbackground-color:#005c2a;\nborder:1px solid #000000;\n}\n#top .avia-icon-list-container.av-omd5ng-7bc15f936eec8c32edbcf097e820d863 .iconlist_icon svg:first-child{\nstroke:#ffffff;\nfill:#ffffff;\n}\n<\/style>\n<div  class='avia-icon-list-container av-omd5ng-7bc15f936eec8c32edbcf097e820d863  avia-builder-el-4  el_after_av_textblock  avia-builder-el-last '><ul class='avia-icon-list avia_animate_when_almost_visible avia-icon-list-left av-iconlist-big av-omd5ng-7bc15f936eec8c32edbcf097e820d863 avia-iconlist-animate'>\n<li><a href='https:\/\/cotecnova.edu.co\/index.php\/ingenieria-de-sistemas-por-ciclos-propedeuticos\/' title='INGENIER\u00cdA DE SISTEMAS'  class='iconlist_icon av-av_iconlist_item-4c2158eb1966e7c4ecdf0b9be6695bed avia-font-entypo-fontello avia-iconfont avia-font-entypo-fontello'><span class='av-icon-char' data-av_icon='\ue828' data-av_iconfont='entypo-fontello' aria-hidden=\"true\"><\/span><\/a><article class=\"article-icon-entry av-iconlist-empty\"  itemscope=\"itemscope\" itemtype=\"https:\/\/schema.org\/CreativeWork\" ><div class=\"iconlist_content_wrap\"><header class=\"entry-content-header\" aria-label=\"Icon: &lt;a href=&#039;https:\/\/cotecnova.edu.co\/index.php\/ingenieria-de-sistemas-por-ciclos-propedeuticos\/&#039; title=&#039;INGENIER\u00cdA DE SISTEMAS&#039;&gt;INGENIER\u00cdA DE SISTEMAS&lt;\/a&gt;\"><h4 class='av_iconlist_title iconlist_title  '  itemprop=\"headline\" ><a href='https:\/\/cotecnova.edu.co\/index.php\/ingenieria-de-sistemas-por-ciclos-propedeuticos\/' title='INGENIER\u00cdA DE SISTEMAS'>INGENIER\u00cdA DE SISTEMAS<\/a><\/h4><\/header><div class='iconlist_content '  itemprop=\"text\" ><\/div><\/div><footer class=\"entry-footer\"><\/footer><\/article><div class=\"iconlist-timeline\"><\/div><\/li>\n<li><a href='https:\/\/cotecnova.edu.co\/index.php\/administracion-agropecuaria\/' title='ADMINISTRACI\u00d3N AGROPECUARIA'  class='iconlist_icon av-av_iconlist_item-1e4cf7cb2c08dca64934be31e00c3851 avia-font-entypo-fontello avia-iconfont avia-font-entypo-fontello'><span class='av-icon-char' data-av_icon='\ue829' data-av_iconfont='entypo-fontello' aria-hidden=\"true\"><\/span><\/a><article class=\"article-icon-entry av-iconlist-empty\"  itemscope=\"itemscope\" itemtype=\"https:\/\/schema.org\/CreativeWork\" ><div class=\"iconlist_content_wrap\"><header class=\"entry-content-header\" aria-label=\"Icon: &lt;a href=&#039;https:\/\/cotecnova.edu.co\/index.php\/administracion-agropecuaria\/&#039; title=&#039;ADMINISTRACI\u00d3N AGROPECUARIA&#039;&gt;ADMINISTRACI\u00d3N AGROPECUARIA&lt;\/a&gt;\"><h4 class='av_iconlist_title iconlist_title  '  itemprop=\"headline\" ><a href='https:\/\/cotecnova.edu.co\/index.php\/administracion-agropecuaria\/' title='ADMINISTRACI\u00d3N AGROPECUARIA'>ADMINISTRACI\u00d3N AGROPECUARIA<\/a><\/h4><\/header><div class='iconlist_content '  itemprop=\"text\" ><\/div><\/div><footer class=\"entry-footer\"><\/footer><\/article><div class=\"iconlist-timeline\"><\/div><\/li>\n<li><a href='https:\/\/cotecnova.edu.co\/index.php\/contaduria-publica\/' title='CONTADUR\u00cdA P\u00daBLICA'  class='iconlist_icon av-xyn58-89e0f45b8deeed4501ac20f6cbf4ef79 avia-font-entypo-fontello avia-iconfont avia-font-entypo-fontello'><span class='av-icon-char' data-av_icon='\ue84e' data-av_iconfont='entypo-fontello' aria-hidden=\"true\"><\/span><\/a><article class=\"article-icon-entry av-iconlist-empty\"  itemscope=\"itemscope\" itemtype=\"https:\/\/schema.org\/CreativeWork\" ><div class=\"iconlist_content_wrap\"><header class=\"entry-content-header\" aria-label=\"Icon: &lt;a href=&#039;https:\/\/cotecnova.edu.co\/index.php\/contaduria-publica\/&#039; title=&#039;CONTADUR\u00cdA P\u00daBLICA&#039;&gt;CONTADUR\u00cdA P\u00daBLICA&lt;\/a&gt;\"><h4 class='av_iconlist_title iconlist_title  '  itemprop=\"headline\" ><a href='https:\/\/cotecnova.edu.co\/index.php\/contaduria-publica\/' title='CONTADUR\u00cdA P\u00daBLICA'>CONTADUR\u00cdA P\u00daBLICA<\/a><\/h4><\/header><div class='iconlist_content '  itemprop=\"text\" ><\/div><\/div><footer class=\"entry-footer\"><\/footer><\/article><div class=\"iconlist-timeline\"><\/div><\/li>\n<li><a href='https:\/\/cotecnova.edu.co\/index.php\/administracion-de-empresas\/' title='ADMINISTRACI\u00d3N DE EMPRESAS'  class='iconlist_icon av-av_iconlist_item-d8e14affb3ad0f2c756440f90af2624a avia-font-entypo-fontello avia-iconfont avia-font-entypo-fontello'><span class='av-icon-char' data-av_icon='\ue8c6' data-av_iconfont='entypo-fontello' aria-hidden=\"true\"><\/span><\/a><article class=\"article-icon-entry av-iconlist-empty\"  itemscope=\"itemscope\" itemtype=\"https:\/\/schema.org\/CreativeWork\" ><div class=\"iconlist_content_wrap\"><header class=\"entry-content-header\" aria-label=\"Icon: &lt;a href=&#039;https:\/\/cotecnova.edu.co\/index.php\/administracion-de-empresas\/&#039; title=&#039;ADMINISTRACI\u00d3N DE EMPRESAS&#039;&gt;ADMINISTRACI\u00d3N DE EMPRESAS&lt;\/a&gt;\"><h4 class='av_iconlist_title iconlist_title  '  itemprop=\"headline\" ><a href='https:\/\/cotecnova.edu.co\/index.php\/administracion-de-empresas\/' title='ADMINISTRACI\u00d3N DE EMPRESAS'>ADMINISTRACI\u00d3N DE EMPRESAS<\/a><\/h4><\/header><div class='iconlist_content '  itemprop=\"text\" ><\/div><\/div><footer class=\"entry-footer\"><\/footer><\/article><div class=\"iconlist-timeline\"><\/div><\/li>\n<li><a href='https:\/\/cotecnova.edu.co\/index.php\/tecnico-profesional-en-programacion-de-aplicaciones-informaticas\/' title='T\u00c9CNICO PROFESIONAL EN PROGRAMACI\u00d3N DE APLICACIONES INFORM\u00c1TICAS'  class='iconlist_icon av-av_iconlist_item-a1830f0af7f6ce1330c4ac8473c81292 avia-font-entypo-fontello avia-iconfont avia-font-entypo-fontello'><span class='av-icon-char' data-av_icon='\ue834' data-av_iconfont='entypo-fontello' aria-hidden=\"true\"><\/span><\/a><article class=\"article-icon-entry av-iconlist-empty\"  itemscope=\"itemscope\" itemtype=\"https:\/\/schema.org\/CreativeWork\" ><div class=\"iconlist_content_wrap\"><header class=\"entry-content-header\" aria-label=\"Icon: &lt;a href=&#039;https:\/\/cotecnova.edu.co\/index.php\/tecnico-profesional-en-programacion-de-aplicaciones-informaticas\/&#039; title=&#039;T\u00c9CNICO PROFESIONAL EN PROGRAMACI\u00d3N DE APLICACIONES INFORM\u00c1TICAS&#039;&gt;T\u00c9CNICO PROFESIONAL EN PROGRAMACI\u00d3N DE APLICACIONES INFORM\u00c1TICAS&lt;\/a&gt;\"><h4 class='av_iconlist_title iconlist_title  '  itemprop=\"headline\" ><a href='https:\/\/cotecnova.edu.co\/index.php\/tecnico-profesional-en-programacion-de-aplicaciones-informaticas\/' title='T\u00c9CNICO PROFESIONAL EN PROGRAMACI\u00d3N DE APLICACIONES INFORM\u00c1TICAS'>T\u00c9CNICO PROFESIONAL EN PROGRAMACI\u00d3N DE APLICACIONES INFORM\u00c1TICAS<\/a><\/h4><\/header><div class='iconlist_content '  itemprop=\"text\" ><\/div><\/div><footer class=\"entry-footer\"><\/footer><\/article><div class=\"iconlist-timeline\"><\/div><\/li>\n<li><a href='https:\/\/cotecnova.edu.co\/index.php\/tecnologia-en-gestion-de-sistemas-de-informacion\/' title='TECNOLOG\u00cdA EN SISTEMAS DE INFORMACI\u00d3N'  class='iconlist_icon av-1x7pvg-ad30843316db4b956bb12a0249fbf5ab avia-font-entypo-fontello avia-iconfont avia-font-entypo-fontello'><span class='av-icon-char' data-av_icon='\ue844' data-av_iconfont='entypo-fontello' aria-hidden=\"true\"><\/span><\/a><article class=\"article-icon-entry av-iconlist-empty\"  itemscope=\"itemscope\" itemtype=\"https:\/\/schema.org\/CreativeWork\" ><div class=\"iconlist_content_wrap\"><header class=\"entry-content-header\" aria-label=\"Icon: &lt;a href=&#039;https:\/\/cotecnova.edu.co\/index.php\/tecnologia-en-gestion-de-sistemas-de-informacion\/&#039; title=&#039;TECNOLOG\u00cdA EN SISTEMAS DE INFORMACI\u00d3N&#039;&gt;TECNOLOG\u00cdA EN SISTEMAS DE INFORMACI\u00d3N&lt;\/a&gt;\"><h4 class='av_iconlist_title iconlist_title  '  itemprop=\"headline\" ><a href='https:\/\/cotecnova.edu.co\/index.php\/tecnologia-en-gestion-de-sistemas-de-informacion\/' title='TECNOLOG\u00cdA EN SISTEMAS DE INFORMACI\u00d3N'>TECNOLOG\u00cdA EN SISTEMAS DE INFORMACI\u00d3N<\/a><\/h4><\/header><div class='iconlist_content '  itemprop=\"text\" ><\/div><\/div><footer class=\"entry-footer\"><\/footer><\/article><div class=\"iconlist-timeline\"><\/div><\/li>\n<li><a href='https:\/\/cotecnova.edu.co\/index.php\/agropecuaria\/' title='TECNOLOG\u00cdA AGROPECUARIA'  class='iconlist_icon av-4csd8s-b8ef452e193a74a869ac88d7c3d2dd6a avia-font-entypo-fontello avia-iconfont avia-font-entypo-fontello'><span class='av-icon-char' data-av_icon='\ue866' data-av_iconfont='entypo-fontello' aria-hidden=\"true\"><\/span><\/a><article class=\"article-icon-entry av-iconlist-empty\"  itemscope=\"itemscope\" itemtype=\"https:\/\/schema.org\/CreativeWork\" ><div class=\"iconlist_content_wrap\"><header class=\"entry-content-header\" aria-label=\"Icon: &lt;a href=&#039;https:\/\/cotecnova.edu.co\/index.php\/agropecuaria\/&#039; title=&#039;TECNOLOG\u00cdA AGROPECUARIA&#039;&gt;TECNOLOG\u00cdA AGROPECUARIA&lt;\/a&gt;\"><h4 class='av_iconlist_title iconlist_title  '  itemprop=\"headline\" ><a href='https:\/\/cotecnova.edu.co\/index.php\/agropecuaria\/' title='TECNOLOG\u00cdA AGROPECUARIA'>TECNOLOG\u00cdA AGROPECUARIA<\/a><\/h4><\/header><div class='iconlist_content '  itemprop=\"text\" ><\/div><\/div><footer class=\"entry-footer\"><\/footer><\/article><div class=\"iconlist-timeline\"><\/div><\/li>\n<li><a href='https:\/\/cotecnova.edu.co\/index.php\/gestion_contable\/' title='TECNOLOG\u00cdA EN GESTI\u00d3N CONTABLE'  class='iconlist_icon av-5mlvyk-dcc906906003112da7c1152ec1ac7d82 avia-font-entypo-fontello avia-iconfont avia-font-entypo-fontello'><span class='av-icon-char' data-av_icon='\ue851' data-av_iconfont='entypo-fontello' aria-hidden=\"true\"><\/span><\/a><article class=\"article-icon-entry av-iconlist-empty\"  itemscope=\"itemscope\" itemtype=\"https:\/\/schema.org\/CreativeWork\" ><div class=\"iconlist_content_wrap\"><header class=\"entry-content-header\" aria-label=\"Icon: &lt;a href=&#039;https:\/\/cotecnova.edu.co\/index.php\/gestion_contable\/&#039; title=&#039;TECNOLOG\u00cdA EN GESTI\u00d3N CONTABLE&#039;&gt;TECNOLOG\u00cdA EN GESTI\u00d3N CONTABLE&lt;\/a&gt;\"><h4 class='av_iconlist_title iconlist_title  '  itemprop=\"headline\" ><a href='https:\/\/cotecnova.edu.co\/index.php\/gestion_contable\/' title='TECNOLOG\u00cdA EN GESTI\u00d3N CONTABLE'>TECNOLOG\u00cdA EN GESTI\u00d3N CONTABLE<\/a><\/h4><\/header><div class='iconlist_content '  itemprop=\"text\" ><\/div><\/div><footer class=\"entry-footer\"><\/footer><\/article><div class=\"iconlist-timeline\"><\/div><\/li>\n<li><a href='https:\/\/cotecnova.edu.co\/index.php\/gestion-empresarial\/' title='TECNOLOG\u00cdA EN GESTI\u00d3N EMPRESARIAL'  class='iconlist_icon av-av_iconlist_item-7e42f22a946ac27828985eb47a27c6fd avia-font-entypo-fontello avia-iconfont avia-font-entypo-fontello'><span class='av-icon-char' data-av_icon='\ue82a' data-av_iconfont='entypo-fontello' aria-hidden=\"true\"><\/span><\/a><article class=\"article-icon-entry av-iconlist-empty\"  itemscope=\"itemscope\" itemtype=\"https:\/\/schema.org\/CreativeWork\" ><div class=\"iconlist_content_wrap\"><header class=\"entry-content-header\" aria-label=\"Icon: &lt;a href=&#039;https:\/\/cotecnova.edu.co\/index.php\/gestion-empresarial\/&#039; title=&#039;TECNOLOG\u00cdA EN GESTI\u00d3N EMPRESARIAL&#039;&gt;TECNOLOG\u00cdA EN GESTI\u00d3N EMPRESARIAL&lt;\/a&gt;\"><h4 class='av_iconlist_title iconlist_title  '  itemprop=\"headline\" ><a href='https:\/\/cotecnova.edu.co\/index.php\/gestion-empresarial\/' title='TECNOLOG\u00cdA EN GESTI\u00d3N EMPRESARIAL'>TECNOLOG\u00cdA EN GESTI\u00d3N EMPRESARIAL<\/a><\/h4><\/header><div class='iconlist_content '  itemprop=\"text\" ><\/div><\/div><footer class=\"entry-footer\"><\/footer><\/article><div class=\"iconlist-timeline\"><\/div><\/li>\n<\/ul><\/div><\/p><\/div><\/div><\/div><\/div><!-- close content main div --><\/div><\/div>\n<style type=\"text\/css\" data-created_by=\"avia_inline_auto\" id=\"style-css-av-1vruir-98a46189ea16f560e887c9e1e8ae47f1\">\n.avia-section.av-1vruir-98a46189ea16f560e887c9e1e8ae47f1{\nbackground-color:#005c2a;\nbackground-image:unset;\n}\n.avia-section.av-1vruir-98a46189ea16f560e887c9e1e8ae47f1 .av-extra-border-element .av-extra-border-inner{\nbackground-color:#005c2a;\n}\n<\/style>\n<div id='av_section_1'  class='avia-section av-1vruir-98a46189ea16f560e887c9e1e8ae47f1 main_color avia-section-small avia-shadow  avia-builder-el-5  el_after_av_one_fourth  avia-builder-el-last  avia-bg-style-scroll av-arrow-down-section av-minimum-height av-minimum-height-custom av-height-custom  container_wrap fullsize'   data-av_minimum_height_px='20'><div class='container av-section-cont-open' style='height:20px'><div class='template-page content  av-content-full alpha units'><div class='post-entry post-entry-type-page post-entry-8896'><div class='entry-content-wrapper clearfix'>\n<div  class='flex_column av-h8myv7-013e9a792db66d0d99bfe6c5e0b0f0a5 av_one_fifth  avia-builder-el-6  el_before_av_one_fifth  avia-builder-el-first  first flex_column_div  '     ><style type=\"text\/css\" data-created_by=\"avia_inline_auto\" id=\"style-css-av-g9olxv-c50f8621242b75c52325e16c62de153b\">\n.av_font_icon.av-g9olxv-c50f8621242b75c52325e16c62de153b{\ncolor:#ffffff;\nborder-color:#ffffff;\n}\n.avia-svg-icon.av-g9olxv-c50f8621242b75c52325e16c62de153b svg:first-child{\nstroke:#ffffff;\nfill:#ffffff;\n}\n.av_font_icon.av-g9olxv-c50f8621242b75c52325e16c62de153b .av-icon-char{\nfont-size:20px;\nline-height:20px;\nwidth:20px;\n}\n<\/style>\n<span  class='av_font_icon av-g9olxv-c50f8621242b75c52325e16c62de153b avia_animate_when_visible av-icon-style-border avia-icon-pos-center avia-iconfont avia-font-entypo-fontello avia-icon-animate'><a href='https:\/\/cotecnova.edu.co\/index.php\/aspirante\/'   class='av-icon-char' data-av_icon='\ue84d' data-av_iconfont='entypo-fontello' aria-hidden=\"false\" data-avia-icon-tooltip=\"&lt;br \/&gt;\nAspirante&lt;br \/&gt;\n\"><\/a><span class='av_icon_caption av-special-font'>Aspirante<\/span><\/span><\/div><div  class='flex_column av-e0nxxv-4eab2bc749ab7ace36b87fda5ad683a8 av_one_fifth  avia-builder-el-8  el_after_av_one_fifth  el_before_av_one_fifth  flex_column_div  '     ><style type=\"text\/css\" data-created_by=\"avia_inline_auto\" id=\"style-css-av-d0e01v-1a16f1251e796c48a0d51fe64bf5677a\">\n.av_font_icon.av-d0e01v-1a16f1251e796c48a0d51fe64bf5677a{\ncolor:#ffffff;\nborder-color:#ffffff;\n}\n.avia-svg-icon.av-d0e01v-1a16f1251e796c48a0d51fe64bf5677a svg:first-child{\nstroke:#ffffff;\nfill:#ffffff;\n}\n.av_font_icon.av-d0e01v-1a16f1251e796c48a0d51fe64bf5677a .av-icon-char{\nfont-size:20px;\nline-height:20px;\nwidth:20px;\n}\n<\/style>\n<span  class='av_font_icon av-d0e01v-1a16f1251e796c48a0d51fe64bf5677a avia_animate_when_visible av-icon-style-border avia-icon-pos-center avia-iconfont avia-font-entypo-fontello avia-icon-animate'><a href='https:\/\/cotecnova.edu.co\/index.php\/estudiante\/'   class='av-icon-char' data-av_icon='\ue84f' data-av_iconfont='entypo-fontello' aria-hidden=\"false\" data-avia-icon-tooltip=\"&lt;br \/&gt;\nEstudiante&lt;br \/&gt;\n\"><\/a><span class='av_icon_caption av-special-font'>Estudiante<\/span><\/span><\/div><div  class='flex_column av-a6o3cj-11cb743b2757a604e8bc7bbfab7e1584 av_one_fifth  avia-builder-el-10  el_after_av_one_fifth  el_before_av_one_fifth  flex_column_div  '     ><style type=\"text\/css\" data-created_by=\"avia_inline_auto\" id=\"style-css-av-9uts4j-7db7419c7b67557c7d1e0ef9fab7acde\">\n.av_font_icon.av-9uts4j-7db7419c7b67557c7d1e0ef9fab7acde{\ncolor:#ffffff;\nborder-color:#ffffff;\n}\n.avia-svg-icon.av-9uts4j-7db7419c7b67557c7d1e0ef9fab7acde svg:first-child{\nstroke:#ffffff;\nfill:#ffffff;\n}\n.av_font_icon.av-9uts4j-7db7419c7b67557c7d1e0ef9fab7acde .av-icon-char{\nfont-size:20px;\nline-height:20px;\nwidth:20px;\n}\n<\/style>\n<span  class='av_font_icon av-9uts4j-7db7419c7b67557c7d1e0ef9fab7acde avia_animate_when_visible av-icon-style-border avia-icon-pos-center avia-iconfont avia-font-entypo-fontello avia-icon-animate'><a href='https:\/\/cotecnova.edu.co\/index.php\/docente\/'   class='av-icon-char' data-av_icon='\ue80a' data-av_iconfont='entypo-fontello' aria-hidden=\"false\" data-avia-icon-tooltip=\"&lt;br \/&gt;\nDocente&lt;br \/&gt;\n\"><\/a><span class='av_icon_caption av-special-font'>Docente<\/span><\/span><\/div><div  class='flex_column av-7yfi5f-23720a433e87f737bf3de6612b836e9b av_one_fifth  avia-builder-el-12  el_after_av_one_fifth  el_before_av_one_fifth  flex_column_div  '     ><style type=\"text\/css\" data-created_by=\"avia_inline_auto\" id=\"style-css-av-6ftu9f-c5e9951853a90685a5a21ef2188aa2d2\">\n.av_font_icon.av-6ftu9f-c5e9951853a90685a5a21ef2188aa2d2{\ncolor:#ffffff;\nborder-color:#ffffff;\n}\n.avia-svg-icon.av-6ftu9f-c5e9951853a90685a5a21ef2188aa2d2 svg:first-child{\nstroke:#ffffff;\nfill:#ffffff;\n}\n.av_font_icon.av-6ftu9f-c5e9951853a90685a5a21ef2188aa2d2 .av-icon-char{\nfont-size:20px;\nline-height:20px;\nwidth:20px;\n}\n<\/style>\n<span  class='av_font_icon av-6ftu9f-c5e9951853a90685a5a21ef2188aa2d2 avia_animate_when_visible av-icon-style-border avia-icon-pos-center avia-iconfont avia-font-entypo-fontello avia-icon-animate'><a href='https:\/\/cotecnova.edu.co\/index.php\/egresado\/'   class='av-icon-char' data-av_icon='\ue8c9' data-av_iconfont='entypo-fontello' aria-hidden=\"false\" data-avia-icon-tooltip=\"&lt;br \/&gt;\nEgresado&lt;br \/&gt;\n\"><\/a><span class='av_icon_caption av-special-font'>Egresado<\/span><\/span><\/div><div  class='flex_column av-4olltf-7fdbb7f0ea7a436428409d4822b7bbd9 av_one_fifth  avia-builder-el-14  el_after_av_one_fifth  avia-builder-el-last  flex_column_div  '     ><style type=\"text\/css\" data-created_by=\"avia_inline_auto\" id=\"style-css-av-2hdvs3-a2755aaa74e023b35903e95eb2e64983\">\n.av_font_icon.av-2hdvs3-a2755aaa74e023b35903e95eb2e64983{\ncolor:#ffffff;\nborder-color:#ffffff;\n}\n.avia-svg-icon.av-2hdvs3-a2755aaa74e023b35903e95eb2e64983 svg:first-child{\nstroke:#ffffff;\nfill:#ffffff;\n}\n.av_font_icon.av-2hdvs3-a2755aaa74e023b35903e95eb2e64983 .av-icon-char{\nfont-size:20px;\nline-height:20px;\nwidth:20px;\n}\n<\/style>\n<span  class='av_font_icon av-2hdvs3-a2755aaa74e023b35903e95eb2e64983 avia_animate_when_visible av-icon-style-border avia-icon-pos-center avia-iconfont avia-font-entypo-fontello avia-icon-animate'><a href='https:\/\/cotecnova.edu.co\/index.php\/acudiente\/'   class='av-icon-char' data-av_icon='\ue80b' data-av_iconfont='entypo-fontello' aria-hidden=\"false\" data-avia-icon-tooltip=\"&lt;br \/&gt;\nAcudiente&lt;br \/&gt;\n\"><\/a><span class='av_icon_caption av-special-font'>Acudiente<\/span><\/span><\/div>\n<\/p>\n","protected":false},"excerpt":{"rendered":"","protected":false},"author":2,"featured_media":0,"parent":0,"menu_order":0,"comment_status":"closed","ping_status":"closed","template":"","meta":{"_joinchat":[],"footnotes":""},"class_list":["post-8896","page","type-page","status-publish","hentry"],"nelio_popups_active_popup":"","_links":{"self":[{"href":"https:\/\/cotecnova.edu.co\/index.php\/wp-json\/wp\/v2\/pages\/8896","targetHints":{"allow":["GET"]}}],"collection":[{"href":"https:\/\/cotecnova.edu.co\/index.php\/wp-json\/wp\/v2\/pages"}],"about":[{"href":"https:\/\/cotecnova.edu.co\/index.php\/wp-json\/wp\/v2\/types\/page"}],"author":[{"embeddable":true,"href":"https:\/\/cotecnova.edu.co\/index.php\/wp-json\/wp\/v2\/users\/2"}],"replies":[{"embeddable":true,"href":"https:\/\/cotecnova.edu.co\/index.php\/wp-json\/wp\/v2\/comments?post=8896"}],"version-history":[{"count":18,"href":"https:\/\/cotecnova.edu.co\/index.php\/wp-json\/wp\/v2\/pages\/8896\/revisions"}],"predecessor-version":[{"id":12525,"href":"https:\/\/cotecnova.edu.co\/index.php\/wp-json\/wp\/v2\/pages\/8896\/revisions\/12525"}],"wp:attachment":[{"href":"https:\/\/cotecnova.edu.co\/index.php\/wp-json\/wp\/v2\/media?parent=8896"}],"curies":[{"name":"wp","href":"https:\/\/api.w.org\/{rel}","templated":true}]}}